{"id":739,"date":"2021-05-19T07:11:46","date_gmt":"2021-05-19T07:11:46","guid":{"rendered":"https:\/\/qhbake.com\/?post_type=product&#038;p=739"},"modified":"2024-05-23T14:31:38","modified_gmt":"2024-05-23T14:31:38","slug":"dough-feeder","status":"publish","type":"product","link":"https:\/\/www.qhbake.com\/sv\/produkt\/dough-feeder","title":{"rendered":"K\u00f6p degmatare till Hard Biscuit Cracker Biscuit Factory"},"content":{"rendered":"<div>\n<p>En degmatare anv\u00e4nds f\u00f6r att mata in degen i magasinet och f\u00f6rrulla degen eller degarken till l\u00e4mpliga degbitar, som sedan transporteras till 1\/2\/3 gauge rullarna f\u00f6r vidare rullning. Det \u00e4r en oumb\u00e4rlig maskin i alla typer av h\u00e5rda kex produktionslinjer.<\/p>\n<p>Vanligtvis kommer mataren att r\u00e4cka f\u00f6r bastypen av h\u00e5rda kex men om f\u00f6r soda kex kex f\u00f6resl\u00e5 replay till Laminator (som vi ocks\u00e5 har denna maskin)<\/p>\n<\/div>\n<p>&nbsp;<\/p>\n<h2><strong>F\u00f6rdelar med degmatare<\/strong><\/h2>\n<p>1. Frekvenskontroll av motorhastighet, med hj\u00e4lp av en f\u00f6rskjutningsgivare f\u00f6r att inspektera degens tjocklek<br \/>\n2. PLC-peksk\u00e4rmen justerar degtjockleken, vilket g\u00f6r den mer exakt<br \/>\n3. Diametern p\u00e5 legeringsvalsen starkare<br \/>\n4. Rullskyddet \u00e4r installerat p\u00e5 den \u00f6vre rullen f\u00f6r att minska risken att sk\u00e4ra av degarken<br \/>\n5. Den inre vita, livsmedelsgodk\u00e4nda giftfria nylonpackningen f\u00f6rhindrar att degarken matas<br \/>\n6. Gummivals inuti skyddar legeringsvalsen effektivt<br \/>\n7. Rostfritt st\u00e5l<br \/>\n8. Vattent\u00e4t sandbl\u00e4string f\u00f6r l\u00e4ngre anv\u00e4ndningstid<\/p>","protected":false},"excerpt":{"rendered":"<ul>\n<li>1,2-1,9 hastighet (m\/min)<\/li>\n<li>Justerbar pl\u00e5ttjocklek<\/li>\n<li>Justerbar sk\u00e4rhastighet<\/li>\n<li>Justerbar transport\u00f6rhastighet<\/li>\n<\/ul>","protected":false},"featured_media":3373,"comment_status":"closed","ping_status":"closed","template":"","meta":{"_et_pb_use_builder":"","_et_pb_old_content":"","_et_gb_content_width":"","_lmt_disableupdate":"","_lmt_disable":""},"product_brand":[],"product_cat":[133,90,135],"product_tag":[98,99,95,100,96,101,97],"class_list":{"0":"post-739","1":"product","2":"type-product","3":"status-publish","4":"has-post-thumbnail","6":"product_cat-dough-mixer","7":"product_cat-hard-biscuit-machine","8":"product_cat-laminator","9":"product_tag-adjustable","10":"product_tag-dough-feeder","11":"product_tag-food-grade","12":"product_tag-hard-biscuit","13":"product_tag-nontoxic","14":"product_tag-production-line","15":"product_tag-waterproof","17":"first","18":"instock","19":"shipping-taxable","20":"product-type-simple"},"_links":{"self":[{"href":"https:\/\/www.qhbake.com\/sv\/wp-json\/wp\/v2\/product\/739","targetHints":{"allow":["GET"]}}],"collection":[{"href":"https:\/\/www.qhbake.com\/sv\/wp-json\/wp\/v2\/product"}],"about":[{"href":"https:\/\/www.qhbake.com\/sv\/wp-json\/wp\/v2\/types\/product"}],"replies":[{"embeddable":true,"href":"https:\/\/www.qhbake.com\/sv\/wp-json\/wp\/v2\/comments?post=739"}],"wp:featuredmedia":[{"embeddable":true,"href":"https:\/\/www.qhbake.com\/sv\/wp-json\/wp\/v2\/media\/3373"}],"wp:attachment":[{"href":"https:\/\/www.qhbake.com\/sv\/wp-json\/wp\/v2\/media?parent=739"}],"wp:term":[{"taxonomy":"product_brand","embeddable":true,"href":"https:\/\/www.qhbake.com\/sv\/wp-json\/wp\/v2\/product_brand?post=739"},{"taxonomy":"product_cat","embeddable":true,"href":"https:\/\/www.qhbake.com\/sv\/wp-json\/wp\/v2\/product_cat?post=739"},{"taxonomy":"product_tag","embeddable":true,"href":"https:\/\/www.qhbake.com\/sv\/wp-json\/wp\/v2\/product_tag?post=739"}],"curies":[{"name":"wp","href":"https:\/\/api.w.org\/{rel}","templated":true}]}}