{"id":733,"date":"2021-05-19T07:09:08","date_gmt":"2021-05-19T07:09:08","guid":{"rendered":"https:\/\/qhbake.com\/?post_type=product&#038;p=733"},"modified":"2024-05-23T14:31:39","modified_gmt":"2024-05-23T14:31:39","slug":"laminator","status":"publish","type":"product","link":"https:\/\/www.qhbake.com\/sv\/produkt\/laminator","title":{"rendered":"Laminator f\u00f6r h\u00e5rd deg till salu \u2013 K\u00f6p Laminator Online"},"content":{"rendered":"<div>\n<ul>\n<li>400 mm Alloy vals diameter<\/li>\n<li>PU Transportband material<\/li>\n<li>5 \u00e5rs garanti<\/li>\n<li>5-12 Lamineringslager<\/li>\n<\/ul>\n<\/div>\n<p>Deglaminatorn arbetar tillsammans med den arkformningsmaskin som vanligtvis anv\u00e4nds f\u00f6r det h\u00e5rda kexet.<\/p>\n<p>F\u00e4rdiggjorda degark, laminering och sprinklerpulverbana direkt till kexets l\u00f6pbana s\u00e5 att det \u00e4r f\u00f6rdelaktigt f\u00f6r det sega kexet att f\u00f6rb\u00e4ttra kvalitet och kvalitet, vilket g\u00f6r det till en n\u00f6dv\u00e4ndig anordning f\u00f6r att producera fermenterad spricka.<\/p>\n<p>Det finns tv\u00e5 vanliga typer av laminatorer: skuren ark eller fram- och \u00e5terg\u00e5ende typ. beroende p\u00e5 olika typer av kex och maskinspecifika konfigurationer.<\/p>\n<p>\u00c4r designad f\u00f6r att ge produkten en skiktad struktur. Kvaliteten p\u00e5 den slutliga produkten, dess br\u00e4cklighet och krispiga\uff0cF\u00f6rgjorda degpl\u00e5tslaminering, och str\u00f6 pulver rinnande direkt till kexet s\u00e5 att det \u00e4r f\u00f6rdelaktigt f\u00f6r den sega kexen att f\u00f6rb\u00e4ttra kvalitet och kvalitet, vilket g\u00f6r den till en n\u00f6dv\u00e4ndig anordning f\u00f6r att producera fermenterad spricka.<\/p>\n<p><img loading=\"lazy\" decoding=\"async\" title=\"laminator for hard dough for sale - buy laminator online\" class=\"alignnone wp-image-3383 size-medium\" src=\"https:\/\/qhbake.com\/wp-content\/uploads\/2021\/05\/Laminator-1-300x300.jpg\" alt=\"laminator for hard dough for sale - buy laminator online\" width=\"300\" height=\"300\" srcset=\"https:\/\/www.qhbake.com\/wp-content\/uploads\/2021\/05\/Laminator-1-300x300.jpg 300w, https:\/\/www.qhbake.com\/wp-content\/uploads\/2021\/05\/Laminator-1-100x100.jpg 100w, https:\/\/www.qhbake.com\/wp-content\/uploads\/2021\/05\/Laminator-1-600x600.jpg 600w, https:\/\/www.qhbake.com\/wp-content\/uploads\/2021\/05\/Laminator-1-150x150.jpg 150w, https:\/\/www.qhbake.com\/wp-content\/uploads\/2021\/05\/Laminator-1-768x768.jpg 768w, https:\/\/www.qhbake.com\/wp-content\/uploads\/2021\/05\/Laminator-1-285x285.jpg 285w, https:\/\/www.qhbake.com\/wp-content\/uploads\/2021\/05\/Laminator-1-270x270.jpg 270w, https:\/\/www.qhbake.com\/wp-content\/uploads\/2021\/05\/Laminator-1-540x540.jpg 540w, https:\/\/www.qhbake.com\/wp-content\/uploads\/2021\/05\/Laminator-1-660x660.jpg 660w, https:\/\/www.qhbake.com\/wp-content\/uploads\/2021\/05\/Laminator-1.jpg 800w\" sizes=\"(max-width: 300px) 100vw, 300px\" \/>\u00a0 <img loading=\"lazy\" decoding=\"async\" title=\"laminator for hard dough for sale - buy laminator online\" class=\"alignnone wp-image-3385\" src=\"https:\/\/qhbake.com\/wp-content\/uploads\/2021\/05\/Laminator-3-300x300.jpg\" alt=\"laminator for hard dough for sale - buy laminator online\" width=\"297\" height=\"297\" srcset=\"https:\/\/www.qhbake.com\/wp-content\/uploads\/2021\/05\/Laminator-3-300x300.jpg 300w, https:\/\/www.qhbake.com\/wp-content\/uploads\/2021\/05\/Laminator-3-100x100.jpg 100w, https:\/\/www.qhbake.com\/wp-content\/uploads\/2021\/05\/Laminator-3-600x600.jpg 600w, https:\/\/www.qhbake.com\/wp-content\/uploads\/2021\/05\/Laminator-3-150x150.jpg 150w, https:\/\/www.qhbake.com\/wp-content\/uploads\/2021\/05\/Laminator-3-768x768.jpg 768w, https:\/\/www.qhbake.com\/wp-content\/uploads\/2021\/05\/Laminator-3-285x285.jpg 285w, https:\/\/www.qhbake.com\/wp-content\/uploads\/2021\/05\/Laminator-3-270x270.jpg 270w, https:\/\/www.qhbake.com\/wp-content\/uploads\/2021\/05\/Laminator-3-540x540.jpg 540w, https:\/\/www.qhbake.com\/wp-content\/uploads\/2021\/05\/Laminator-3-660x660.jpg 660w, https:\/\/www.qhbake.com\/wp-content\/uploads\/2021\/05\/Laminator-3.jpg 800w\" sizes=\"(max-width: 297px) 100vw, 297px\" \/><\/p>\n<p><strong>F\u00f6rdel:<\/strong><br \/>\n1. 3 rullar per ark och 4 rullar f\u00f6r att justera degtjockleken j\u00e4mnare<br \/>\n2. Elektrisk styrning, avancerad automation, enkel struktur, enkel drift<br \/>\n3. Antalet deglager \u00e4r justerbart fr\u00e5n 9-16 lager eller \u00e4nnu fler<br \/>\n4. Digital visning av degtjocklek, automatisk justering av degtjocklek<br \/>\n5. T9 typ skrapa f\u00f6r v\u00e4nster deg p\u00e5 rullen<br \/>\n6. Pneumatisk sp\u00e4nning, pneumatisk likriktningsanordning<br \/>\n7. PU-transportband, legeringsrulle<br \/>\n8. Vibrerande sparringsanordning dammar pulvret j\u00e4mnt<\/p>\n<p>&nbsp;<\/p>\n<div>\uff08Laminator f\u00f6r sk\u00e4rpl\u00e5t\uff09 (laminator av fram- och \u00e5terg\u00e5ende typ)<\/div>\n<div>\n<div class=\"editor_table_wrap\"><\/div>\n<\/div>\n<p>&nbsp;<\/p>\n<p>&nbsp;<\/p>","protected":false},"excerpt":{"rendered":"<p>Lamineringsmaskin f\u00f6r h\u00e5rda kex cracker kex soda kex<\/p>","protected":false},"featured_media":3384,"comment_status":"closed","ping_status":"closed","template":"","meta":{"_et_pb_use_builder":"","_et_pb_old_content":"","_et_gb_content_width":"","_lmt_disableupdate":"","_lmt_disable":""},"product_brand":[],"product_cat":[90,135],"product_tag":[],"class_list":{"0":"post-733","1":"product","2":"type-product","3":"status-publish","4":"has-post-thumbnail","6":"product_cat-hard-biscuit-machine","7":"product_cat-laminator","9":"first","10":"instock","11":"shipping-taxable","12":"product-type-simple"},"_links":{"self":[{"href":"https:\/\/www.qhbake.com\/sv\/wp-json\/wp\/v2\/product\/733","targetHints":{"allow":["GET"]}}],"collection":[{"href":"https:\/\/www.qhbake.com\/sv\/wp-json\/wp\/v2\/product"}],"about":[{"href":"https:\/\/www.qhbake.com\/sv\/wp-json\/wp\/v2\/types\/product"}],"replies":[{"embeddable":true,"href":"https:\/\/www.qhbake.com\/sv\/wp-json\/wp\/v2\/comments?post=733"}],"wp:featuredmedia":[{"embeddable":true,"href":"https:\/\/www.qhbake.com\/sv\/wp-json\/wp\/v2\/media\/3384"}],"wp:attachment":[{"href":"https:\/\/www.qhbake.com\/sv\/wp-json\/wp\/v2\/media?parent=733"}],"wp:term":[{"taxonomy":"product_brand","embeddable":true,"href":"https:\/\/www.qhbake.com\/sv\/wp-json\/wp\/v2\/product_brand?post=733"},{"taxonomy":"product_cat","embeddable":true,"href":"https:\/\/www.qhbake.com\/sv\/wp-json\/wp\/v2\/product_cat?post=733"},{"taxonomy":"product_tag","embeddable":true,"href":"https:\/\/www.qhbake.com\/sv\/wp-json\/wp\/v2\/product_tag?post=733"}],"curies":[{"name":"wp","href":"https:\/\/api.w.org\/{rel}","templated":true}]}}