{"id":724,"date":"2021-05-19T06:55:15","date_gmt":"2021-05-19T06:55:15","guid":{"rendered":"https:\/\/qhbake.com\/?post_type=product&#038;p=724"},"modified":"2024-05-23T14:31:17","modified_gmt":"2024-05-23T14:31:17","slug":"baking-oven","status":"publish","type":"product","link":"https:\/\/www.qhbake.com\/sv\/produkt\/baking-oven","title":{"rendered":"Industriell bakugn till salu \u2013 B\u00e4sta kommersiella elektriska bageriugnar"},"content":{"rendered":"<p>Automatisk baktunnelugn har vanligtvis tre huvudtyper:<br \/>\nGasugn\uff0cElektrisk ugn och varmluftsugn beror p\u00e5 naturresurserna i olika behov och l\u00e4nder.<\/p>\n<div>\n<h3><\/h3>\n<h3>ELEKTRISK UGNSL\u00c4NGD INFRAR\u00d6D V\u00c4RMNING<\/h3>\n<h3><strong><img loading=\"lazy\" decoding=\"async\" title=\"industrial baking oven for sale - best commercial electrical bakery ovens\" class=\"alignleft wp-image-3395 size-full\" src=\"https:\/\/qhbake.com\/wp-content\/uploads\/2021\/05\/electrical-oven-e1666170604106.png\" alt=\"industrial baking oven for sale - best commercial electrical bakery ovens\" width=\"777\" height=\"593\" srcset=\"https:\/\/www.qhbake.com\/wp-content\/uploads\/2021\/05\/electrical-oven-e1666170604106.png 777w, https:\/\/www.qhbake.com\/wp-content\/uploads\/2021\/05\/electrical-oven-e1666170604106-600x458.png 600w, https:\/\/www.qhbake.com\/wp-content\/uploads\/2021\/05\/electrical-oven-e1666170604106-300x229.png 300w, https:\/\/www.qhbake.com\/wp-content\/uploads\/2021\/05\/electrical-oven-e1666170604106-768x586.png 768w, https:\/\/www.qhbake.com\/wp-content\/uploads\/2021\/05\/electrical-oven-e1666170604106-285x218.png 285w, https:\/\/www.qhbake.com\/wp-content\/uploads\/2021\/05\/electrical-oven-e1666170604106-16x12.png 16w\" sizes=\"(max-width: 777px) 100vw, 777px\" \/><\/strong><\/h3>\n<p>Arbetsprincipen \u00e4r att genom det fj\u00e4rrinfrar\u00f6da v\u00e4rmeelementet deras arrangemang och kontroll g\u00f6r uppv\u00e4rmningen enhetlig, det finns ett avgassystem f\u00f6r att samla upp \u00e5nga och avgaser.<\/p>\n<\/div>\n<h2>GASUGN-DIREKT UGN<\/h2>\n<div>\n<p><img loading=\"lazy\" decoding=\"async\" title=\"industrial baking oven for sale - best commercial electrical bakery ovens\" class=\"alignleft wp-image-3396 size-full\" src=\"https:\/\/qhbake.com\/wp-content\/uploads\/2021\/05\/gas-oven-e1666170661915.png\" alt=\"industrial baking oven for sale - best commercial electrical bakery ovens\" width=\"800\" height=\"494\" srcset=\"https:\/\/www.qhbake.com\/wp-content\/uploads\/2021\/05\/gas-oven-e1666170661915.png 800w, https:\/\/www.qhbake.com\/wp-content\/uploads\/2021\/05\/gas-oven-e1666170661915-600x371.png 600w, https:\/\/www.qhbake.com\/wp-content\/uploads\/2021\/05\/gas-oven-e1666170661915-300x185.png 300w, https:\/\/www.qhbake.com\/wp-content\/uploads\/2021\/05\/gas-oven-e1666170661915-768x474.png 768w, https:\/\/www.qhbake.com\/wp-content\/uploads\/2021\/05\/gas-oven-e1666170661915-285x176.png 285w, https:\/\/www.qhbake.com\/wp-content\/uploads\/2021\/05\/gas-oven-e1666170661915-18x12.png 18w\" sizes=\"(max-width: 800px) 100vw, 800px\" \/><\/p>\n<p>Arbetsprincipen \u00e4r gasbandsbr\u00e4nnare som monteras direkt i bakkammaren. Olika br\u00e4nnartyper g\u00f6r det m\u00f6jligt att g\u00f6ra en unik bakprofil f\u00f6r varje produkt.<br \/>\nBr\u00e4nnarkontrollerna \u00e4r uppdelade i \u00f6ver- och underv\u00e4rme och i fler zoner.<\/p>\n<p>&nbsp;<\/p>\n<\/div>\n<div>\n<h3>LUFTCIRKULATION UGN-KOVEKTION(DIREKT) TYP<\/h3>\n<\/div>\n<div>\n<p>Arbetsprincipen \u00e4r indirekt luftp\u00e5verkan och optimering av den v\u00e4lk\u00e4nda konvektionsprincipen. V\u00e4rmen fr\u00e5n gasbr\u00e4nnaren v\u00e4xlas i v\u00e4rmev\u00e4xlaren ovanf\u00f6r bakkammaren. Bakluften blandas inte med f\u00f6rbr\u00e4nningsluften. Direct Impingement-ugnar finns ocks\u00e5, d\u00e4r f\u00f6rbr\u00e4nningsluften cirkuleras i bakkammaren.<\/p>\n<p>&nbsp;<\/p>\n<p><img loading=\"lazy\" decoding=\"async\" title=\"industrial baking oven for sale - best commercial electrical bakery ovens\" class=\"alignleft wp-image-3394 size-full\" src=\"https:\/\/qhbake.com\/wp-content\/uploads\/2021\/05\/oven.png\" alt=\"industrial baking oven for sale - best commercial electrical bakery ovens\" width=\"683\" height=\"566\" srcset=\"https:\/\/www.qhbake.com\/wp-content\/uploads\/2021\/05\/oven.png 683w, https:\/\/www.qhbake.com\/wp-content\/uploads\/2021\/05\/oven-600x497.png 600w, https:\/\/www.qhbake.com\/wp-content\/uploads\/2021\/05\/oven-300x249.png 300w, https:\/\/www.qhbake.com\/wp-content\/uploads\/2021\/05\/oven-285x236.png 285w, https:\/\/www.qhbake.com\/wp-content\/uploads\/2021\/05\/oven-660x547.png 660w, https:\/\/www.qhbake.com\/wp-content\/uploads\/2021\/05\/oven-150x124.png 150w\" sizes=\"(max-width: 683px) 100vw, 683px\" \/><\/p>\n<\/div>","protected":false},"excerpt":{"rendered":"<p>#1 Bakugnsgrossist \u2013 Hitta den perfekta bakugnen f\u00f6r ditt behov. Ingen mellanman \u2013 K\u00f6p bakugn fr\u00e5n Trusted Factory direkt. Branschgarantier f\u00f6r bakugn \u2013 24\/7 support \u2013 offert p\u00e5 5 min eller mindre. B\u00e4sta bakugnen till salu \u2013 Bakugnsfabrik -OEM\/ODM med l\u00e4gsta priser<\/p>\n<p>&nbsp;<\/p>","protected":false},"featured_media":3315,"comment_status":"closed","ping_status":"closed","template":"","meta":{"_et_pb_use_builder":"","_et_pb_old_content":"","_et_gb_content_width":"","_lmt_disableupdate":"","_lmt_disable":""},"product_brand":[],"product_cat":[93],"product_tag":[],"class_list":{"0":"post-724","1":"product","2":"type-product","3":"status-publish","4":"has-post-thumbnail","6":"product_cat-other-bakery-equipment","8":"first","9":"instock","10":"shipping-taxable","11":"product-type-simple"},"_links":{"self":[{"href":"https:\/\/www.qhbake.com\/sv\/wp-json\/wp\/v2\/product\/724","targetHints":{"allow":["GET"]}}],"collection":[{"href":"https:\/\/www.qhbake.com\/sv\/wp-json\/wp\/v2\/product"}],"about":[{"href":"https:\/\/www.qhbake.com\/sv\/wp-json\/wp\/v2\/types\/product"}],"replies":[{"embeddable":true,"href":"https:\/\/www.qhbake.com\/sv\/wp-json\/wp\/v2\/comments?post=724"}],"wp:featuredmedia":[{"embeddable":true,"href":"https:\/\/www.qhbake.com\/sv\/wp-json\/wp\/v2\/media\/3315"}],"wp:attachment":[{"href":"https:\/\/www.qhbake.com\/sv\/wp-json\/wp\/v2\/media?parent=724"}],"wp:term":[{"taxonomy":"product_brand","embeddable":true,"href":"https:\/\/www.qhbake.com\/sv\/wp-json\/wp\/v2\/product_brand?post=724"},{"taxonomy":"product_cat","embeddable":true,"href":"https:\/\/www.qhbake.com\/sv\/wp-json\/wp\/v2\/product_cat?post=724"},{"taxonomy":"product_tag","embeddable":true,"href":"https:\/\/www.qhbake.com\/sv\/wp-json\/wp\/v2\/product_tag?post=724"}],"curies":[{"name":"wp","href":"https:\/\/api.w.org\/{rel}","templated":true}]}}