{"id":704,"date":"2021-05-19T06:35:58","date_gmt":"2021-05-19T06:35:58","guid":{"rendered":"https:\/\/qhbake.com\/?post_type=product&#038;p=704"},"modified":"2024-05-23T14:31:44","modified_gmt":"2024-05-23T14:31:44","slug":"automatic-biscuit-production-line","status":"publish","type":"product","link":"https:\/\/www.qhbake.com\/sv\/produkt\/automatic-biscuit-production-line","title":{"rendered":"K\u00f6p automatisk kexproduktionslinje \u2013 industriell kexmaskin"},"content":{"rendered":"<div class=\"product-detail wrap-module\">\n<div class=\"wrap\">\n<div class=\"ueeshop_responsive_products_detail\">\n<div class=\"description\">\n<div class=\"contents\">\n<div id=\"global_editor_contents\">\n<div>\n<p><img loading=\"lazy\" decoding=\"async\" alt=\"k\u00f6p automatisk kexproduktionslinje - industriell kexmaskin\" title=\"k\u00f6p automatisk kexproduktionslinje - industriell kexmaskin\" class=\"\" src=\"https:\/\/ueeshop-cn.ly200-cdn.com\/u_file\/UPAQ\/UPAQ082\/2101\/photo\/99e704fe5c.png\" width=\"613\" height=\"109\" \/><\/p>\n<div>\n<h2><strong>F\u00f6rdelen med QHBake kex produktionslinje<\/strong><\/h2>\n<\/div>\n<ul>\n<li>Multifunktion f\u00f6r typ av kexproduktion<\/li>\n<li>Ugn: Stenull f\u00f6r isolering, GMP-standard<\/li>\n<li>\u00a0Alloy roller starkare<\/li>\n<li>Baktemperatur exakt, justerbar.<\/li>\n<li>Transport\u00f6rn\u00e4t i rostfritt st\u00e5l<\/li>\n<li>Automatisk processinspelningsfunktion<\/li>\n<li>Exteri\u00f6r utan skarpa vinklar<\/li>\n<li>Vattent\u00e4t sandbl\u00e4stringsyta<\/li>\n<li>Energibesparande, \u00e5rligt underh\u00e5ll<\/li>\n<\/ul>\n<p>QH-seriens kexproduktionslinje \u00e4r det prim\u00e4ra valet f\u00f6r produktion av typer av h\u00e5rda och mjuka kex. Utrustningen f\u00f6r kexanl\u00e4ggningen kan kombineras och visas enligt kundens lokala utrymme eller kextekniska krav.<\/p>\n<p>Genom att \u00e4ndra formarna och recepten kan denna planet producera olika typer av h\u00f6gkvalitativa kex. s\u00e5som gr\u00e4dde kex, sandwiching kex, l\u00e4sk kex kex, djur kex, vegetabiliska kex, etc. Det finns den diversifierade v\u00e4rmek\u00e4llan f\u00f6r din verksamhet (elektrisk, gas, eldningsolja)<\/p>\n<\/div>\n<div class=\"editor_table_wrap\"><\/div>\n<div>\n<div>\n<hr \/>\n<h2><strong><u>Bakugnar<\/u><\/strong><\/h2>\n<div><strong>Automatisk baktunnelugn har vanligtvis tre huvudtyper:<\/strong><\/div>\n<\/div>\n<div><strong>Gasugnar \uff0cElektriska ugnar och varmluftscirkulationsugnar \u00e4r beroende av naturresurserna i olika behov och l\u00e4nder.\u00a0<\/strong><\/div>\n<div><\/div>\n<h2><u><strong>Elektrisk ugn<\/strong><\/u><strong>-Fj\u00e4rr infrar\u00f6d uppv\u00e4rmning<\/strong><\/h2>\n<div>Arbetsprincipen \u00e4r att genom det fj\u00e4rrinfrar\u00f6da v\u00e4rmeelementet deras arrangemang och kontroll g\u00f6r uppv\u00e4rmningen enhetlig, det finns ett avgassystem f\u00f6r att samla upp \u00e5nga och avgaser.<\/div>\n<div><\/div>\n<h2><u><strong>Gasugn<\/strong><\/u><strong>- Direkteldad ugn<\/strong><\/h2>\n<div>Arbetsprincipen \u00e4r gasbandsbr\u00e4nnare som monteras direkt i bakkammaren. Olika br\u00e4nnartyper g\u00f6r det m\u00f6jligt att g\u00f6ra en unik bakprofil f\u00f6r varje produkt.<br \/>\nBr\u00e4nnarkontrollerna \u00e4r uppdelade i \u00f6ver- och underv\u00e4rme och i fler zoner.<\/div>\n<div><\/div>\n<h2><u><strong>Varmluftscirkulationsugn<\/strong><\/u><strong>\u2013 Konvektion (indirekt) typ<\/strong><\/h2>\n<div>Arbetsprincipen \u00e4r indirekt luftp\u00e5verkan och optimering av den v\u00e4lk\u00e4nda konvektionsprincipen. V\u00e4rmen fr\u00e5n gasbr\u00e4nnaren v\u00e4xlas i v\u00e4rmev\u00e4xlaren ovanf\u00f6r bakkammaren. Bakluften blandas inte med f\u00f6rbr\u00e4nningsluften. Direct Impingement-ugnar finns ocks\u00e5, d\u00e4r f\u00f6rbr\u00e4nningsluften cirkuleras i bakkammaren.<\/div>\n<div><\/div>\n<h2><strong>B\u00e4sts\u00e4ljande kex p\u00e5 marknaden<\/strong><\/h2>\n<div><\/div>\n<div><strong>\u00a0 \u00a0<\/strong><strong>\u00a0 \u00a0 \u00a0 \u00a0 \u00a0 \u00a0 \u00a0 \u00a0H\u00e5rt kex Mjukt kex Soda kex<\/strong><br \/>\n<img decoding=\"async\" alt=\"k\u00f6p automatisk kexproduktionslinje - industriell kexmaskin\" title=\"k\u00f6p automatisk kexproduktionslinje - industriell kexmaskin\" src=\"https:\/\/ueeshop-cn.ly200-cdn.com\/u_file\/UPAQ\/UPAQ082\/2101\/photo\/4591733b29.png\" \/><br \/>\n<strong>\u00a0 \u00a0 \u00a0 \u00a0 \u00a0 \u00a0 \u00a0<\/strong><strong>\u00a0\u00a0 Sm\u00f6rg\u00e5skex Choklad\u00f6verdragskex Valn\u00f6tskaka\u00a0<\/strong><br \/>\n<img decoding=\"async\" alt=\"k\u00f6p automatisk kexproduktionslinje - industriell kexmaskin\" title=\"k\u00f6p automatisk kexproduktionslinje - industriell kexmaskin\" src=\"https:\/\/ueeshop-cn.ly200-cdn.com\/u_file\/UPAQ\/UPAQ082\/2101\/photo\/ac84990450.png\" \/><br \/>\n<strong>\u00a0 \u00a0 \u00a0 \u00a0 \u00a0 \u00a0 \u00a0 \u00a0 \u00a0 \u00a0Syltfyllningskex Fingerkex Pilotkex<\/strong><br \/>\n<img decoding=\"async\" alt=\"k\u00f6p automatisk kexproduktionslinje - industriell kexmaskin\" title=\"k\u00f6p automatisk kexproduktionslinje - industriell kexmaskin\" src=\"https:\/\/ueeshop-cn.ly200-cdn.com\/u_file\/UPAQ\/UPAQ082\/2101\/photo\/e842b7bfd7.png\" \/><\/div>\n<\/div>\n<\/div>\n<\/div>\n<div class=\"clear\"><\/div>\n<\/div>\n<\/div>\n<\/div>\n<\/div>\n<div id=\"footer\">\n<div class=\"f_list cont\">\n<div class=\"f_left fl\">\n<div class=\"f_logo\"><\/div>\n<div class=\"f_share\">\n<div class=\"share foot_share foot_share_type_0\"><\/div>\n<\/div>\n<\/div>\n<div class=\"f_item fl\">\n<div class=\"list\"><\/div>\n<\/div>\n<div class=\"f_item fl\">\n<div class=\"index_feedback\"><\/div>\n<\/div>\n<\/div>\n<\/div>","protected":false},"excerpt":{"rendered":"<p>K\u00f6p automatisk kexproduktionslinje f\u00f6r h\u00e5rda och mjuka kex. Stor effekt kan n\u00e5 1500 kg\/h. Kexformningsstabil, exakt bakningstemperatur, all process kontrollerad av PLC f\u00f6r enkel anv\u00e4ndning.<\/p>","protected":false},"featured_media":3420,"comment_status":"closed","ping_status":"closed","template":"","meta":{"_et_pb_use_builder":"","_et_pb_old_content":"","_et_gb_content_width":"","_lmt_disableupdate":"","_lmt_disable":""},"product_brand":[],"product_cat":[90,91],"product_tag":[192,189,190,191,187,188,97],"class_list":{"0":"post-704","1":"product","2":"type-product","3":"status-publish","4":"has-post-thumbnail","6":"product_cat-hard-biscuit-machine","7":"product_cat-soft-biscuit-machine","8":"product_tag-automatic","9":"product_tag-baking-ovens","10":"product_tag-biscuit-machine","11":"product_tag-biscuit-production-line","12":"product_tag-electrical-oven","13":"product_tag-gas-oven","14":"product_tag-waterproof","16":"first","17":"instock","18":"shipping-taxable","19":"product-type-simple"},"_links":{"self":[{"href":"https:\/\/www.qhbake.com\/sv\/wp-json\/wp\/v2\/product\/704","targetHints":{"allow":["GET"]}}],"collection":[{"href":"https:\/\/www.qhbake.com\/sv\/wp-json\/wp\/v2\/product"}],"about":[{"href":"https:\/\/www.qhbake.com\/sv\/wp-json\/wp\/v2\/types\/product"}],"replies":[{"embeddable":true,"href":"https:\/\/www.qhbake.com\/sv\/wp-json\/wp\/v2\/comments?post=704"}],"wp:featuredmedia":[{"embeddable":true,"href":"https:\/\/www.qhbake.com\/sv\/wp-json\/wp\/v2\/media\/3420"}],"wp:attachment":[{"href":"https:\/\/www.qhbake.com\/sv\/wp-json\/wp\/v2\/media?parent=704"}],"wp:term":[{"taxonomy":"product_brand","embeddable":true,"href":"https:\/\/www.qhbake.com\/sv\/wp-json\/wp\/v2\/product_brand?post=704"},{"taxonomy":"product_cat","embeddable":true,"href":"https:\/\/www.qhbake.com\/sv\/wp-json\/wp\/v2\/product_cat?post=704"},{"taxonomy":"product_tag","embeddable":true,"href":"https:\/\/www.qhbake.com\/sv\/wp-json\/wp\/v2\/product_tag?post=704"}],"curies":[{"name":"wp","href":"https:\/\/api.w.org\/{rel}","templated":true}]}}