{"id":693,"date":"2021-05-17T09:47:37","date_gmt":"2021-05-17T09:47:37","guid":{"rendered":"https:\/\/qhbake.com\/?post_type=product&#038;p=693"},"modified":"2024-05-23T14:31:46","modified_gmt":"2024-05-23T14:31:46","slug":"rotary-molder","status":"publish","type":"product","link":"https:\/\/www.qhbake.com\/sv\/produkt\/rotary-molder","title":{"rendered":"Rotary Moulder Till Salu \u2013 Bageri Rotary Moulder Cookie Machines"},"content":{"rendered":"<div class=\"title\">#1 Rotary Former Grossist \u2013 Hitta den perfekta Rotary Molder f\u00f6r ditt behov. Ingen mellanman \u2013 K\u00f6p roterande formverktyg fr\u00e5n Trusted Factory direkt. Branschgarantier f\u00f6r roterande formverktyg \u2013 24\/7 support \u2013 offert p\u00e5 5 min eller mindre. B\u00e4sta roterande formverktyget till salu \u2013 roterande formverktygsfabrik -OEM\/ODM med l\u00e4gsta priser<\/div>\n<div class=\"contents\">\n<div id=\"global_editor_contents\">\n<div>\n<ul>\n<li>100-1500 Produktionskapacitet<\/li>\n<li>\u00a05+ \u00e5rs garanti<\/li>\n<li>3+ Kundanpassat designteam<\/li>\n<li>PU Transportband material<\/li>\n<\/ul>\n<\/div>\n<h2><strong>Roterande formgjutningsfunktion<\/strong><\/h2>\n<p>Denna maskin \u00e4r mycket enkel att anv\u00e4nda, f\u00f6r att l\u00e4gga den omr\u00f6rda mj\u00f6ldegen i maskinmagasinet. Det formas p\u00e5 en g\u00e5ng till vilken form du vill ha.<\/p>\n<p>Formningshastigheten kan vara justerbar och liten i storlek f\u00f6r att spara utrymme.<\/p>\n<p>Kostymnyheter som vill starta kexproduktion p\u00e5 en l\u00e5g budget och liten fabrik<\/p>\n<h2><strong>Rotary Molder Advantage<\/strong><\/h2>\n<p>Elektrisk styrning, h\u00f6ggradig automation, enkel struktur, enkel drift<br \/>\nDigital visning av degtjocklek, justerar automatiskt degtjockleken<br \/>\nT9 typ skrapa, vass och h\u00e5llbar<br \/>\nPneumatisk sp\u00e4nning, pneumatisk likriktaranordning<br \/>\nPU-transportband, mycket starkare legeringsrulle<br \/>\nR-formar b\u00f6js f\u00f6r att f\u00f6rhindra arbetsskador<br \/>\nVattent\u00e4t sandbl\u00e4string f\u00f6r l\u00e5ng livsl\u00e4ngd<\/p>\n<\/div>\n<\/div>","protected":false},"excerpt":{"rendered":"<p>Roterande formare f\u00f6r mjuk kextillverkning<\/p>","protected":false},"featured_media":3417,"comment_status":"closed","ping_status":"closed","template":"","meta":{"_et_pb_use_builder":"","_et_pb_old_content":"","_et_gb_content_width":"","_lmt_disableupdate":"","_lmt_disable":""},"product_brand":[],"product_cat":[91],"product_tag":[],"class_list":{"0":"post-693","1":"product","2":"type-product","3":"status-publish","4":"has-post-thumbnail","6":"product_cat-soft-biscuit-machine","8":"first","9":"instock","10":"shipping-taxable","11":"product-type-simple"},"_links":{"self":[{"href":"https:\/\/www.qhbake.com\/sv\/wp-json\/wp\/v2\/product\/693","targetHints":{"allow":["GET"]}}],"collection":[{"href":"https:\/\/www.qhbake.com\/sv\/wp-json\/wp\/v2\/product"}],"about":[{"href":"https:\/\/www.qhbake.com\/sv\/wp-json\/wp\/v2\/types\/product"}],"replies":[{"embeddable":true,"href":"https:\/\/www.qhbake.com\/sv\/wp-json\/wp\/v2\/comments?post=693"}],"wp:featuredmedia":[{"embeddable":true,"href":"https:\/\/www.qhbake.com\/sv\/wp-json\/wp\/v2\/media\/3417"}],"wp:attachment":[{"href":"https:\/\/www.qhbake.com\/sv\/wp-json\/wp\/v2\/media?parent=693"}],"wp:term":[{"taxonomy":"product_brand","embeddable":true,"href":"https:\/\/www.qhbake.com\/sv\/wp-json\/wp\/v2\/product_brand?post=693"},{"taxonomy":"product_cat","embeddable":true,"href":"https:\/\/www.qhbake.com\/sv\/wp-json\/wp\/v2\/product_cat?post=693"},{"taxonomy":"product_tag","embeddable":true,"href":"https:\/\/www.qhbake.com\/sv\/wp-json\/wp\/v2\/product_tag?post=693"}],"curies":[{"name":"wp","href":"https:\/\/api.w.org\/{rel}","templated":true}]}}