{"id":690,"date":"2021-05-17T09:39:33","date_gmt":"2021-05-17T09:39:33","guid":{"rendered":"https:\/\/qhbake.com\/?post_type=product&#038;p=690"},"modified":"2024-05-23T14:31:40","modified_gmt":"2024-05-23T14:31:40","slug":"double-blades-dough-mixer-vertical","status":"publish","type":"product","link":"https:\/\/www.qhbake.com\/sv\/produkt\/double-blades-dough-mixer-vertical","title":{"rendered":"Dubbla blad degblandare (vertikal) Till salu \u2013 Fabrik och leverant\u00f6r"},"content":{"rendered":"<p>Grossist f\u00f6r #1 degblandare med dubbla blad \u2013 hitta den perfekta degblandaren med dubbla blad f\u00f6r ditt behov. No Middle Man \u2013 K\u00f6p dubbla blad degblandare fr\u00e5n Trusted Factory direkt. Branschgarantier f\u00f6r dubbla blad degblandare \u2013 24\/7 support \u2013 offert p\u00e5 5 min eller mindre. B\u00e4sta dubbla blad degblandare till salu \u2013 dubbla blad deg mixer Factory -OEM\/ODM med l\u00e4gsta priser<\/p>\n<div class=\"contents\">\n<div id=\"global_editor_contents\">\n<div>\n<p>&nbsp;<\/p>\n<ul>\n<li>25 rpm visphastighet<\/li>\n<li>SUS304 Maskinmaterial<\/li>\n<li>\u00a0 5+ \u00e5rs garanti<\/li>\n<li>PLC Control By<\/li>\n<\/ul>\n<\/div>\n<h2><strong>Dubbla blad degblandare Funktion<\/strong><\/h2>\n<p>Denna mixer har dubbla vertikala spindelblad f\u00f6r noggrann h\u00f6g blandning.<\/p>\n<p>Den h\u00f6ga men skonsamma blandningsverkan r\u00f6r om ingredienserna v\u00e4l utan h\u00f6g energitillf\u00f6rsel p\u00e5 glutenproteinstadiet.<\/p>\n<p>Hjulf\u00f6rsedda blandningsbaljor laddas med ingredienser, antingen f\u00f6r hand eller med ett halvautomatiskt karfyllningssystem, det kan spara tid under v\u00e4xlingen mellan j\u00e4sningsperioden och olika typer av deg.<\/p>\n<h2><strong>Dubbla blad degblandare F\u00f6rdelar<\/strong><\/h2>\n<p>1. Kexj\u00e4sningstid 4-8H<br \/>\n2, Batchstorlek: 300\/500\/800 kg<br \/>\n3. Visparhastighet: 25 rpm<br \/>\n4. Enkel och s\u00e4ker drift<br \/>\n5. Timer f\u00f6r optimal kontroll efter den slutliga blandningen av dubbla vertikala spindelblad i rostfritt st\u00e5l<br \/>\n6. Blandningsbaljor p\u00e5 hjul f\u00f6r reparation och tidsbesparing<br \/>\n7. Hygienisk och l\u00e4tt att underh\u00e5lla<\/p>\n<\/div>\n<\/div>","protected":false},"excerpt":{"rendered":"<p>Grossist f\u00f6r #1 degblandare med dubbla blad \u2013 hitta den perfekta degblandaren med dubbla blad f\u00f6r ditt behov. No Middle Man \u2013 K\u00f6p dubbla blad degblandare fr\u00e5n Trusted Factory direkt. Branschgarantier f\u00f6r dubbla blad degblandare \u2013 24\/7 support \u2013 offert p\u00e5 5 min eller mindre. B\u00e4sta dubbla blad degblandare till salu \u2013 dubbla blad deg mixer Factory -OEM\/ODM med l\u00e4gsta priser<\/p>","protected":false},"featured_media":3415,"comment_status":"closed","ping_status":"closed","template":"","meta":{"_et_pb_use_builder":"","_et_pb_old_content":"","_et_gb_content_width":"","_lmt_disableupdate":"","_lmt_disable":""},"product_brand":[],"product_cat":[133],"product_tag":[],"class_list":{"0":"post-690","1":"product","2":"type-product","3":"status-publish","4":"has-post-thumbnail","6":"product_cat-dough-mixer","8":"first","9":"instock","10":"shipping-taxable","11":"product-type-simple"},"_links":{"self":[{"href":"https:\/\/www.qhbake.com\/sv\/wp-json\/wp\/v2\/product\/690","targetHints":{"allow":["GET"]}}],"collection":[{"href":"https:\/\/www.qhbake.com\/sv\/wp-json\/wp\/v2\/product"}],"about":[{"href":"https:\/\/www.qhbake.com\/sv\/wp-json\/wp\/v2\/types\/product"}],"replies":[{"embeddable":true,"href":"https:\/\/www.qhbake.com\/sv\/wp-json\/wp\/v2\/comments?post=690"}],"wp:featuredmedia":[{"embeddable":true,"href":"https:\/\/www.qhbake.com\/sv\/wp-json\/wp\/v2\/media\/3415"}],"wp:attachment":[{"href":"https:\/\/www.qhbake.com\/sv\/wp-json\/wp\/v2\/media?parent=690"}],"wp:term":[{"taxonomy":"product_brand","embeddable":true,"href":"https:\/\/www.qhbake.com\/sv\/wp-json\/wp\/v2\/product_brand?post=690"},{"taxonomy":"product_cat","embeddable":true,"href":"https:\/\/www.qhbake.com\/sv\/wp-json\/wp\/v2\/product_cat?post=690"},{"taxonomy":"product_tag","embeddable":true,"href":"https:\/\/www.qhbake.com\/sv\/wp-json\/wp\/v2\/product_tag?post=690"}],"curies":[{"name":"wp","href":"https:\/\/api.w.org\/{rel}","templated":true}]}}