{"id":686,"date":"2021-05-17T09:33:49","date_gmt":"2021-05-17T09:33:49","guid":{"rendered":"https:\/\/qhbake.com\/?post_type=product&#038;p=686"},"modified":"2024-05-23T14:39:05","modified_gmt":"2024-05-23T14:39:05","slug":"planetary-mixer","status":"publish","type":"product","link":"https:\/\/www.qhbake.com\/sv\/produkt\/planetary-mixer","title":{"rendered":"Planetblandare"},"content":{"rendered":"<div class=\"title\"><strong style=\"color: #333333;font-size: 22px\">Planetarisk mixer<\/strong><\/div>\n<div class=\"contents\">\n<div id=\"global_editor_contents\">\n<div>\n<ul>\n<li>40+<br \/>\nProduktionserfarenhet<\/li>\n<li>SUS<br \/>\nMaterialanv\u00e4ndning<\/li>\n<li>3 dagar<br \/>\nLeveranstid<\/li>\n<li>137-475 r\/m<br \/>\nBlandningshastighetsomr\u00e5de<\/li>\n<\/ul>\n<\/div>\n<p><strong>Funktion:<\/strong><br \/>\nPlanetmixer har m\u00e5nga funktioner, som att blanda, kn\u00e5da f\u00f6r att blanda mj\u00f6lken, \u00e4gg och s\u00e5 vidare. Maskinerna \u00e4r kompletta med 3 typer av omr\u00f6rare och har 3 hastighetsgrader f\u00f6r olika blandnings\u00e4ndam\u00e5l som mj\u00f6lblandning, stuffmixning, \u00e4ggv\u00e4rmning etc. Alla delar som kommer i kontakt med mat \u00e4r gjorda av rostfritt st\u00e5l.<\/p>\n<p><strong>Val av agitator och hastighet<\/strong><br \/>\nDegarm:<br \/>\nL\u00e4mplig f\u00f6r tung br\u00f6ddeg eller andra h\u00f6gvisk\u00f6sa livsmedelsmaterial.<br \/>\n\u2013 St\u00e4ll in maskinen p\u00e5 L\u00c5G HASTIGHET.<\/p>\n<p>Visp:<br \/>\nL\u00e4mplig f\u00f6r tunna badare, kakor, potatismos och krossad, pulveriserad, degig mat som fyllning.<br \/>\n\u2013 St\u00e4ll in maskinen p\u00e5 MEDELHASTIGHET<\/p>\n<p>Tr\u00e5dpiska:<br \/>\nL\u00e4mplig f\u00f6r att blanda flytande mat, vispa gr\u00e4dde och vispa \u00e4gg.<br \/>\n\u2013 St\u00e4ll in maskinen p\u00e5 HIGH SPEED<br \/>\n<img decoding=\"async\" alt=\"planetary mixer\" title=\"planetary mixer\" src=\"https:\/\/ueeshop-cn.ly200-cdn.com\/u_file\/UPAQ\/UPAQ082\/2102\/photo\/0c826b800a.jpg\" \/><\/p>\n<div class=\"editor_table_wrap\"><\/div>\n<p><strong>\u00a0F\u00f6rdelar:<\/strong><br \/>\n1. Matsk\u00e5l i rostfritt st\u00e5l<br \/>\n2. Motor \u00f6verbelastningsskydd<br \/>\n3. S\u00e4kerhetssk\u00e5ll\u00e5s<br \/>\n4. Den rena kopparmotorn med l\u00e5gt ljud<br \/>\n5. Planetarisk r\u00f6relse blandas helt<br \/>\n6. M\u00e5ngfacetterad v\u00e4rmeavledning<br \/>\n7. Justerbar hastighet i snabb, medel och l\u00e5ngsam hastighet<\/p>\n<\/div>\n<\/div>","protected":false},"excerpt":{"rendered":"<p>Planetmixer har m\u00e5nga funktioner, som att blanda, kn\u00e5da f\u00f6r att blanda mj\u00f6lken, \u00e4gg och s\u00e5 vidare.<\/p>","protected":false},"featured_media":5627,"comment_status":"closed","ping_status":"closed","template":"","meta":{"_et_pb_use_builder":"","_et_pb_old_content":"","_et_gb_content_width":"","_lmt_disableupdate":"","_lmt_disable":""},"product_brand":[],"product_cat":[93],"product_tag":[],"class_list":{"0":"post-686","1":"product","2":"type-product","3":"status-publish","4":"has-post-thumbnail","6":"product_cat-other-bakery-equipment","8":"first","9":"instock","10":"shipping-taxable","11":"product-type-simple"},"_links":{"self":[{"href":"https:\/\/www.qhbake.com\/sv\/wp-json\/wp\/v2\/product\/686","targetHints":{"allow":["GET"]}}],"collection":[{"href":"https:\/\/www.qhbake.com\/sv\/wp-json\/wp\/v2\/product"}],"about":[{"href":"https:\/\/www.qhbake.com\/sv\/wp-json\/wp\/v2\/types\/product"}],"replies":[{"embeddable":true,"href":"https:\/\/www.qhbake.com\/sv\/wp-json\/wp\/v2\/comments?post=686"}],"wp:featuredmedia":[{"embeddable":true,"href":"https:\/\/www.qhbake.com\/sv\/wp-json\/wp\/v2\/media\/5627"}],"wp:attachment":[{"href":"https:\/\/www.qhbake.com\/sv\/wp-json\/wp\/v2\/media?parent=686"}],"wp:term":[{"taxonomy":"product_brand","embeddable":true,"href":"https:\/\/www.qhbake.com\/sv\/wp-json\/wp\/v2\/product_brand?post=686"},{"taxonomy":"product_cat","embeddable":true,"href":"https:\/\/www.qhbake.com\/sv\/wp-json\/wp\/v2\/product_cat?post=686"},{"taxonomy":"product_tag","embeddable":true,"href":"https:\/\/www.qhbake.com\/sv\/wp-json\/wp\/v2\/product_tag?post=686"}],"curies":[{"name":"wp","href":"https:\/\/api.w.org\/{rel}","templated":true}]}}