{"id":630,"date":"2021-04-27T06:53:23","date_gmt":"2021-04-27T06:53:23","guid":{"rendered":"https:\/\/qhbake.com\/?post_type=product&#038;p=630"},"modified":"2024-05-23T14:31:44","modified_gmt":"2024-05-23T14:31:44","slug":"hard-biscuit-machine","status":"publish","type":"product","link":"https:\/\/www.qhbake.com\/sv\/produkt\/hard-biscuit-machine","title":{"rendered":"H\u00e5rd kex Rotary Cutter | Maskiner f\u00f6r h\u00e5rda kex till salu"},"content":{"rendered":"<div class=\"title\"><strong style=\"color: #333333;font-size: 22px\">Rotary Cutter f\u00f6r h\u00e5rda kex<\/strong><\/div>\n<div class=\"contents\">\n<div id=\"global_editor_contents\">\n<div>\n<ul>\n<li>40+<br \/>\nProduktionserfarenhet<\/li>\n<li>PU<br \/>\nL\u00f6pande band<\/li>\n<li>5+<br \/>\nDesignteam<\/li>\n<\/ul>\n<\/div>\n<p><strong>Funktion:<\/strong><\/p>\n<p>Formen har ett degblock av specificerad storlek, form och m\u00f6nster f\u00f6r att s\u00e4kerst\u00e4lla finbearbetning av degen, bibeh\u00e5llande av dess struktur och kontinuerlig framst\u00e4llning av degremsor.<br \/>\nExtruderingsrullarna, beroende p\u00e5 vilken deg som anv\u00e4nds, kan vara sl\u00e4t eller korrugerad.<br \/>\nSnabbt byte av formningsrotorn vid byte av tillverkad produkt.<br \/>\nValsarnas hastighet styrs av en frekvensomvandlare och regleras inom vida gr\u00e4nser.<br \/>\nDesignen ger enkel integration i befintliga linjer.<br \/>\nStabila storlekar och arbetsstyckeskvalitet tack vare anv\u00e4ndningen av pneumatisk fastsp\u00e4nning av rotorn och degbandet.<br \/>\nTransportbandet best\u00e5r av kolst\u00e5lram. Rostfria glidytor och draggummirulle. Inlopp och utlopp \u00e4r f\u00f6rsedda med nos med reducerad diameter som m\u00f6jligg\u00f6r b\u00e4ttre passage av degarket. Automatisk styrning av transport\u00f6rens hastighet genom elektrisk panel p\u00e5 lamineringslinjen.<\/p>\n<div class=\"editor_table_wrap\"><\/div>\n<p><strong>F\u00f6rdel:<\/strong><\/p>\n<ul>\n<li>Formens centrumavst\u00e5ndsinriktningsanordning;<\/li>\n<li>Individuell digital display f\u00f6r tv\u00e5 roterande rullar;<\/li>\n<li>Den bildande tryckstrukturen drivs av motorn som kan justeras efter \u00f6nskem\u00e5l. Enkel anv\u00e4ndning och p\u00e5litlig urtagning;<\/li>\n<li>Den anv\u00e4nder en spiralformad v\u00e4xelreducerare som kraft- och synkronrems\u00f6verf\u00f6ring. Stabil transmission, sm\u00e5 vibrationer och l\u00e5gt ljud;<\/li>\n<li>Den h\u00f6ga graden av automatisering genom elektrisk styrning;<\/li>\n<li>Transportbandet sp\u00e4nns och justeras automatiskt;<\/li>\n<li>\u00c5tervinningsanordning f\u00f6r \u00e5terst\u00e5ende material;<\/li>\n<\/ul>\n<\/div>\n<\/div>\n<p>&nbsp;<\/p>","protected":false},"excerpt":{"rendered":"<p>Roterande formare f\u00f6r formning av h\u00e5rda kex, designad f\u00f6r att sk\u00e4ra degen till form och m\u00f6nster av h\u00e5rda kex.<\/p>","protected":false},"featured_media":3420,"comment_status":"closed","ping_status":"closed","template":"","meta":{"_et_pb_use_builder":"","_et_pb_old_content":"","_et_gb_content_width":"","_lmt_disableupdate":"","_lmt_disable":""},"product_brand":[],"product_cat":[90],"product_tag":[],"class_list":{"0":"post-630","1":"product","2":"type-product","3":"status-publish","4":"has-post-thumbnail","6":"product_cat-hard-biscuit-machine","8":"first","9":"instock","10":"shipping-taxable","11":"product-type-simple"},"_links":{"self":[{"href":"https:\/\/www.qhbake.com\/sv\/wp-json\/wp\/v2\/product\/630","targetHints":{"allow":["GET"]}}],"collection":[{"href":"https:\/\/www.qhbake.com\/sv\/wp-json\/wp\/v2\/product"}],"about":[{"href":"https:\/\/www.qhbake.com\/sv\/wp-json\/wp\/v2\/types\/product"}],"replies":[{"embeddable":true,"href":"https:\/\/www.qhbake.com\/sv\/wp-json\/wp\/v2\/comments?post=630"}],"wp:featuredmedia":[{"embeddable":true,"href":"https:\/\/www.qhbake.com\/sv\/wp-json\/wp\/v2\/media\/3420"}],"wp:attachment":[{"href":"https:\/\/www.qhbake.com\/sv\/wp-json\/wp\/v2\/media?parent=630"}],"wp:term":[{"taxonomy":"product_brand","embeddable":true,"href":"https:\/\/www.qhbake.com\/sv\/wp-json\/wp\/v2\/product_brand?post=630"},{"taxonomy":"product_cat","embeddable":true,"href":"https:\/\/www.qhbake.com\/sv\/wp-json\/wp\/v2\/product_cat?post=630"},{"taxonomy":"product_tag","embeddable":true,"href":"https:\/\/www.qhbake.com\/sv\/wp-json\/wp\/v2\/product_tag?post=630"}],"curies":[{"name":"wp","href":"https:\/\/api.w.org\/{rel}","templated":true}]}}