{"id":3244,"date":"2021-06-07T03:03:14","date_gmt":"2021-06-07T03:03:14","guid":{"rendered":"https:\/\/qhbake.com\/?post_type=product&#038;p=3244"},"modified":"2024-05-23T14:31:27","modified_gmt":"2024-05-23T14:31:27","slug":"super-mini-auto-biscuit-production-line","status":"publish","type":"product","link":"https:\/\/www.qhbake.com\/sv\/produkt\/super-mini-auto-biscuit-production-line","title":{"rendered":"Super Mini Automatic Biscuit Production Line \u2013 Kexmaskinfabrik"},"content":{"rendered":"<p>QH280 automatisk kexproduktionslinje, med originaldesign, kompakt struktur och h\u00f6g automatik, \u00e4r utvecklad p\u00e5 basen av absorberande tysk teknik.<\/p>\n<p>Alla arbetsprocedurer fr\u00e5n degmatning, arkning, formning, avfalls\u00e5tervinning, bakning till kylning kan utf\u00f6ras automatiskt p\u00e5 en rad.<\/p>\n<p>Hundratals formar och dussintals teknikrecept g\u00f6r det m\u00f6jligt att producera alla typer av popul\u00e4ra kex, som gr\u00e4dde kex, lager kex, soda cracker, kalcium kex, multi-vitamin kex, gr\u00f6nsakskex, etc.<\/p>\n<h2><strong>Layout av automatisk kexproduktionslinje<\/strong><\/h2>\n<p><img loading=\"lazy\" decoding=\"async\" title=\"super mini automatic biscuit production line - biscuit machine factory\" class=\"alignnone wp-image-3434\" src=\"https:\/\/qhbake.com\/wp-content\/uploads\/2021\/06\/word-image.jpeg\" alt=\"super mini automatic biscuit production line - biscuit machine factory\" width=\"1232\" height=\"501\" srcset=\"https:\/\/www.qhbake.com\/wp-content\/uploads\/2021\/06\/word-image.jpeg 1232w, https:\/\/www.qhbake.com\/wp-content\/uploads\/2021\/06\/word-image-600x244.jpeg 600w, https:\/\/www.qhbake.com\/wp-content\/uploads\/2021\/06\/word-image-300x122.jpeg 300w, https:\/\/www.qhbake.com\/wp-content\/uploads\/2021\/06\/word-image-1024x416.jpeg 1024w, https:\/\/www.qhbake.com\/wp-content\/uploads\/2021\/06\/word-image-768x312.jpeg 768w, https:\/\/www.qhbake.com\/wp-content\/uploads\/2021\/06\/word-image-285x116.jpeg 285w, https:\/\/www.qhbake.com\/wp-content\/uploads\/2021\/06\/word-image-660x268.jpeg 660w, https:\/\/www.qhbake.com\/wp-content\/uploads\/2021\/06\/word-image-150x61.jpeg 150w\" sizes=\"(max-width: 1232px) 100vw, 1232px\" \/><\/p>\n<h2><strong>F\u00f6rdelen med QH-280 Automatic Biscuit Production Line<\/strong><\/h2>\n<ul>\n<li>All maskin tillverkad av SUS304, elektrisk med UL-certifikat<\/li>\n<li>Kompakt maskinstruktur, h\u00f6g prestanda.<\/li>\n<li>Alla delar och maskinhandtag Tyskland standard sanbl\u00e4string ytbel\u00e4ggning.<\/li>\n<li>Med funktionen f\u00f6r deg\u00e5tervinning<\/li>\n<li>Ugnen antar ett v\u00e4lk\u00e4nt m\u00e4rkes v\u00e4rmer\u00f6r, energisparande.<\/li>\n<li>Ugnen har ett speciellt temperaturkontrollsystem och s\u00e4kerhetsdetekteringsfunktion.<\/li>\n<li>Isoleringsmaterialet \u00e4r stenull, som utvinns ur asbest. Den \u00e4r fri fr\u00e5n f\u00f6roreningar och uppfyller internationella standarder.<\/li>\n<li>Br\u00e4nsleinsprutningsmaskin kan vara automatisk oljeinsprutning och \u00e5tervinning, motor utanf\u00f6r i linje med h\u00e4lsostandarder<\/li>\n<\/ul>\n<h2><strong>Processen f\u00f6r QH-280 kex linje<\/strong><\/h2>\n<h2>Degblandning<\/h2>\n<p><img loading=\"lazy\" decoding=\"async\" title=\"super mini automatic biscuit production line - biscuit machine factory\" class=\"alignnone wp-image-3435 size-full\" src=\"https:\/\/qhbake.com\/wp-content\/uploads\/2021\/06\/application20data-tencent-users-1033154961-.jpeg\" alt=\"super mini automatic biscuit production line - biscuit machine factory\" width=\"554\" height=\"557\" srcset=\"https:\/\/www.qhbake.com\/wp-content\/uploads\/2021\/06\/application20data-tencent-users-1033154961-.jpeg 554w, https:\/\/www.qhbake.com\/wp-content\/uploads\/2021\/06\/application20data-tencent-users-1033154961--100x100.jpeg 100w, https:\/\/www.qhbake.com\/wp-content\/uploads\/2021\/06\/application20data-tencent-users-1033154961--298x300.jpeg 298w, https:\/\/www.qhbake.com\/wp-content\/uploads\/2021\/06\/application20data-tencent-users-1033154961--150x150.jpeg 150w, https:\/\/www.qhbake.com\/wp-content\/uploads\/2021\/06\/application20data-tencent-users-1033154961--285x287.jpeg 285w, https:\/\/www.qhbake.com\/wp-content\/uploads\/2021\/06\/application20data-tencent-users-1033154961--270x270.jpeg 270w\" sizes=\"(max-width: 554px) 100vw, 554px\" \/><\/p>\n<p>Den huvudsakliga r\u00e5varan f\u00f6r kex \u00e4r vetemj\u00f6l, och kompletterande material som socker, olja, \u00e4gg och mejeriprodukter tills\u00e4tts. Enligt olika recept och produktionsprocesser beh\u00f6ver varje sats blandas i 30 minuter<\/p>\n<h2>degmatare<\/h2>\n<p><img loading=\"lazy\" decoding=\"async\" title=\"super mini automatic biscuit production line - biscuit machine factory\" class=\"alignnone wp-image-3436 size-full\" src=\"https:\/\/qhbake.com\/wp-content\/uploads\/2021\/06\/16233172121.png\" alt=\"super mini automatic biscuit production line - biscuit machine factory\" width=\"471\" height=\"263\" srcset=\"https:\/\/www.qhbake.com\/wp-content\/uploads\/2021\/06\/16233172121.png 471w, https:\/\/www.qhbake.com\/wp-content\/uploads\/2021\/06\/16233172121-300x168.png 300w, https:\/\/www.qhbake.com\/wp-content\/uploads\/2021\/06\/16233172121-285x159.png 285w, https:\/\/www.qhbake.com\/wp-content\/uploads\/2021\/06\/16233172121-150x84.png 150w\" sizes=\"(max-width: 471px) 100vw, 471px\" \/><\/p>\n<p>Efter att degen \u00e4r f\u00e4rdig h\u00e4lls den i matarmagasinet, rullen g\u00f6r att degen blir platt och regelbunden.<\/p>\n<p>&nbsp;<\/p>\n<h2>Dubbel rullduk<\/h2>\n<p><img loading=\"lazy\" decoding=\"async\" title=\"super mini automatic biscuit production line - biscuit machine factory\" class=\"alignnone wp-image-3437 size-full\" src=\"https:\/\/qhbake.com\/wp-content\/uploads\/2021\/06\/544c69f0703cb904bd41624ef74a17e.jpeg\" alt=\"super mini automatic biscuit production line - biscuit machine factory\" width=\"1440\" height=\"1080\" srcset=\"https:\/\/www.qhbake.com\/wp-content\/uploads\/2021\/06\/544c69f0703cb904bd41624ef74a17e.jpeg 1440w, https:\/\/www.qhbake.com\/wp-content\/uploads\/2021\/06\/544c69f0703cb904bd41624ef74a17e-600x450.jpeg 600w, https:\/\/www.qhbake.com\/wp-content\/uploads\/2021\/06\/544c69f0703cb904bd41624ef74a17e-300x225.jpeg 300w, https:\/\/www.qhbake.com\/wp-content\/uploads\/2021\/06\/544c69f0703cb904bd41624ef74a17e-1024x768.jpeg 1024w, https:\/\/www.qhbake.com\/wp-content\/uploads\/2021\/06\/544c69f0703cb904bd41624ef74a17e-768x576.jpeg 768w, https:\/\/www.qhbake.com\/wp-content\/uploads\/2021\/06\/544c69f0703cb904bd41624ef74a17e-285x214.jpeg 285w, https:\/\/www.qhbake.com\/wp-content\/uploads\/2021\/06\/544c69f0703cb904bd41624ef74a17e-800x600.jpeg 800w, https:\/\/www.qhbake.com\/wp-content\/uploads\/2021\/06\/544c69f0703cb904bd41624ef74a17e-660x495.jpeg 660w, https:\/\/www.qhbake.com\/wp-content\/uploads\/2021\/06\/544c69f0703cb904bd41624ef74a17e-150x113.jpeg 150w\" sizes=\"(max-width: 1440px) 100vw, 1440px\" \/><\/p>\n<p>Antar dubbel gummirullsk\u00e4rning, enkel att anv\u00e4nda. Dessutom kan sk\u00e4rning av en rulle, sk\u00e4rning av dubbla rullar, kan producera alla typer av h\u00e5rda kex och sodakex, tjockleken p\u00e5 degen justeras med turbinlyft, justeringen blir exakt och enkel.<\/p>\n<h2>Avslappnande degmaskin<\/h2>\n<p><img loading=\"lazy\" decoding=\"async\" title=\"super mini automatic biscuit production line - biscuit machine factory\" class=\"alignnone wp-image-3438 size-full\" src=\"https:\/\/qhbake.com\/wp-content\/uploads\/2021\/06\/d9729dea6c16c1c1c8a48fb91d65c87.jpeg\" alt=\"super mini automatic biscuit production line - biscuit machine factory\" width=\"1440\" height=\"1080\" srcset=\"https:\/\/www.qhbake.com\/wp-content\/uploads\/2021\/06\/d9729dea6c16c1c1c8a48fb91d65c87.jpeg 1440w, https:\/\/www.qhbake.com\/wp-content\/uploads\/2021\/06\/d9729dea6c16c1c1c8a48fb91d65c87-600x450.jpeg 600w, https:\/\/www.qhbake.com\/wp-content\/uploads\/2021\/06\/d9729dea6c16c1c1c8a48fb91d65c87-300x225.jpeg 300w, https:\/\/www.qhbake.com\/wp-content\/uploads\/2021\/06\/d9729dea6c16c1c1c8a48fb91d65c87-1024x768.jpeg 1024w, https:\/\/www.qhbake.com\/wp-content\/uploads\/2021\/06\/d9729dea6c16c1c1c8a48fb91d65c87-768x576.jpeg 768w, https:\/\/www.qhbake.com\/wp-content\/uploads\/2021\/06\/d9729dea6c16c1c1c8a48fb91d65c87-285x214.jpeg 285w, https:\/\/www.qhbake.com\/wp-content\/uploads\/2021\/06\/d9729dea6c16c1c1c8a48fb91d65c87-800x600.jpeg 800w, https:\/\/www.qhbake.com\/wp-content\/uploads\/2021\/06\/d9729dea6c16c1c1c8a48fb91d65c87-660x495.jpeg 660w, https:\/\/www.qhbake.com\/wp-content\/uploads\/2021\/06\/d9729dea6c16c1c1c8a48fb91d65c87-150x113.jpeg 150w\" sizes=\"(max-width: 1440px) 100vw, 1440px\" \/><\/p>\n<p>Degen lite sp\u00e4nning efter rullning, den avkopplande maskinen g\u00f6r den tunna degen avslappnande<\/p>\n<h2>Deg roterande sk\u00e4rare<\/h2>\n<p><img loading=\"lazy\" decoding=\"async\" title=\"super mini automatic biscuit production line - biscuit machine factory\" class=\"alignnone wp-image-3439 size-full\" src=\"https:\/\/qhbake.com\/wp-content\/uploads\/2021\/06\/2cf659c8308f0ee9815b3c5577abeaf.jpeg\" alt=\"super mini automatic biscuit production line - biscuit machine factory\" width=\"540\" height=\"405\" srcset=\"https:\/\/www.qhbake.com\/wp-content\/uploads\/2021\/06\/2cf659c8308f0ee9815b3c5577abeaf.jpeg 540w, https:\/\/www.qhbake.com\/wp-content\/uploads\/2021\/06\/2cf659c8308f0ee9815b3c5577abeaf-300x225.jpeg 300w, https:\/\/www.qhbake.com\/wp-content\/uploads\/2021\/06\/2cf659c8308f0ee9815b3c5577abeaf-285x214.jpeg 285w, https:\/\/www.qhbake.com\/wp-content\/uploads\/2021\/06\/2cf659c8308f0ee9815b3c5577abeaf-150x113.jpeg 150w\" sizes=\"(max-width: 540px) 100vw, 540px\" \/><\/p>\n<p>Popul\u00e4ra har 2 typer, en \u00e4r f\u00f6r tryckform, en annan sk\u00e4r degen, varje form kan g\u00f6ras, som rund, fyrkantig etc, b\u00e5da kan anpassas<\/p>\n<h2>Separera deg och \u00e5tervinn maskin<\/h2>\n<p><img loading=\"lazy\" decoding=\"async\" title=\"super mini automatic biscuit production line - biscuit machine factory\" class=\"alignnone wp-image-3440 size-large\" src=\"https:\/\/qhbake.com\/wp-content\/uploads\/2021\/06\/word-image-1024x740.png\" alt=\"super mini automatic biscuit production line - biscuit machine factory\" width=\"1024\" height=\"740\" srcset=\"https:\/\/www.qhbake.com\/wp-content\/uploads\/2021\/06\/word-image-1024x740.png 1024w, https:\/\/www.qhbake.com\/wp-content\/uploads\/2021\/06\/word-image-600x434.png 600w, https:\/\/www.qhbake.com\/wp-content\/uploads\/2021\/06\/word-image-300x217.png 300w, https:\/\/www.qhbake.com\/wp-content\/uploads\/2021\/06\/word-image-768x555.png 768w, https:\/\/www.qhbake.com\/wp-content\/uploads\/2021\/06\/word-image-285x206.png 285w, https:\/\/www.qhbake.com\/wp-content\/uploads\/2021\/06\/word-image-660x477.png 660w, https:\/\/www.qhbake.com\/wp-content\/uploads\/2021\/06\/word-image-150x108.png 150w, https:\/\/www.qhbake.com\/wp-content\/uploads\/2021\/06\/word-image.png 1417w\" sizes=\"(max-width: 1024px) 100vw, 1024px\" \/><\/p>\n<p>Efter att kexen har formats kommer resten av degen tillbaka till matningsmaskinen, som ocks\u00e5 anv\u00e4nds f\u00f6r matning av kexdeg.<\/p>\n<h2>Kexugn<\/h2>\n<p><img loading=\"lazy\" decoding=\"async\" title=\"super mini automatic biscuit production line - biscuit machine factory\" class=\"alignnone wp-image-3444 size-full\" src=\"https:\/\/qhbake.com\/wp-content\/uploads\/2021\/06\/img_1937.jpeg\" alt=\"super mini automatic biscuit production line - biscuit machine factory\" width=\"951\" height=\"634\" srcset=\"https:\/\/www.qhbake.com\/wp-content\/uploads\/2021\/06\/img_1937.jpeg 951w, https:\/\/www.qhbake.com\/wp-content\/uploads\/2021\/06\/img_1937-600x400.jpeg 600w, https:\/\/www.qhbake.com\/wp-content\/uploads\/2021\/06\/img_1937-300x200.jpeg 300w, https:\/\/www.qhbake.com\/wp-content\/uploads\/2021\/06\/img_1937-768x512.jpeg 768w, https:\/\/www.qhbake.com\/wp-content\/uploads\/2021\/06\/img_1937-285x190.jpeg 285w, https:\/\/www.qhbake.com\/wp-content\/uploads\/2021\/06\/img_1937-660x440.jpeg 660w, https:\/\/www.qhbake.com\/wp-content\/uploads\/2021\/06\/img_1937-150x100.jpeg 150w\" sizes=\"(max-width: 951px) 100vw, 951px\" \/><\/p>\n<p>Kex beh\u00f6ver passera 4 steg, puffande bakugn inkluderar 3 sorter, gas\/elektrisk\/diesel, standardugn inkluderar 3-5 zoner, enligt kextyp, som str\u00f6m \u00e4r billig kan du v\u00e4lja elektrisk,<\/p>\n<h2>Oljesprutmaskin<\/h2>\n<p><img loading=\"lazy\" decoding=\"async\" title=\"super mini automatic biscuit production line - biscuit machine factory\" class=\"alignnone wp-image-3445 size-full\" src=\"https:\/\/qhbake.com\/wp-content\/uploads\/2021\/06\/img_1932.jpeg\" alt=\"super mini automatic biscuit production line - biscuit machine factory\" width=\"757\" height=\"505\" srcset=\"https:\/\/www.qhbake.com\/wp-content\/uploads\/2021\/06\/img_1932.jpeg 757w, https:\/\/www.qhbake.com\/wp-content\/uploads\/2021\/06\/img_1932-600x400.jpeg 600w, https:\/\/www.qhbake.com\/wp-content\/uploads\/2021\/06\/img_1932-300x200.jpeg 300w, https:\/\/www.qhbake.com\/wp-content\/uploads\/2021\/06\/img_1932-285x190.jpeg 285w, https:\/\/www.qhbake.com\/wp-content\/uploads\/2021\/06\/img_1932-660x440.jpeg 660w, https:\/\/www.qhbake.com\/wp-content\/uploads\/2021\/06\/img_1932-150x100.jpeg 150w\" sizes=\"(max-width: 757px) 100vw, 757px\" \/><\/p>\n<p>Detta \u00e4r en tillvalsmaskin, om du vill f\u00e5 kexet att se vackert ut och smaka fantastiskt, kommer sprayolja att g\u00f6ra kexet av h\u00f6g kvalitet<\/p>\n<h2>Kyltunnel<\/h2>\n<p><img loading=\"lazy\" decoding=\"async\" title=\"super mini automatic biscuit production line - biscuit machine factory\" class=\"alignnone wp-image-3446 size-full\" src=\"https:\/\/qhbake.com\/wp-content\/uploads\/2021\/06\/mmexport1469580546588.jpeg\" alt=\"super mini automatic biscuit production line - biscuit machine factory\" width=\"549\" height=\"732\" srcset=\"https:\/\/www.qhbake.com\/wp-content\/uploads\/2021\/06\/mmexport1469580546588.jpeg 549w, https:\/\/www.qhbake.com\/wp-content\/uploads\/2021\/06\/mmexport1469580546588-225x300.jpeg 225w, https:\/\/www.qhbake.com\/wp-content\/uploads\/2021\/06\/mmexport1469580546588-285x380.jpeg 285w, https:\/\/www.qhbake.com\/wp-content\/uploads\/2021\/06\/mmexport1469580546588-495x660.jpeg 495w, https:\/\/www.qhbake.com\/wp-content\/uploads\/2021\/06\/mmexport1469580546588-113x150.jpeg 113w\" sizes=\"(max-width: 549px) 100vw, 549px\" \/><\/p>\n<p>Efter kexbakning kommer det att ha 10m kyltunnel f\u00f6r kexkylning naturlig<\/p>\n<h2>Stj\u00e4rnstapling<\/h2>\n<p><img loading=\"lazy\" decoding=\"async\" title=\"super mini automatic biscuit production line - biscuit machine factory\" class=\"alignnone wp-image-3448 size-full\" src=\"https:\/\/qhbake.com\/wp-content\/uploads\/2021\/06\/1000.jpeg\" alt=\"super mini automatic biscuit production line - biscuit machine factory\" width=\"618\" height=\"849\" srcset=\"https:\/\/www.qhbake.com\/wp-content\/uploads\/2021\/06\/1000.jpeg 618w, https:\/\/www.qhbake.com\/wp-content\/uploads\/2021\/06\/1000-600x824.jpeg 600w, https:\/\/www.qhbake.com\/wp-content\/uploads\/2021\/06\/1000-218x300.jpeg 218w, https:\/\/www.qhbake.com\/wp-content\/uploads\/2021\/06\/1000-285x392.jpeg 285w, https:\/\/www.qhbake.com\/wp-content\/uploads\/2021\/06\/1000-480x660.jpeg 480w, https:\/\/www.qhbake.com\/wp-content\/uploads\/2021\/06\/1000-109x150.jpeg 109w\" sizes=\"(max-width: 618px) 100vw, 618px\" \/><\/p>\n<p>Innan packning eller sm\u00f6rg\u00e5s kex beh\u00f6ver samla kexen fr\u00e5n kylbordet<\/p>\n<h2>packbord<\/h2>\n<p><img loading=\"lazy\" decoding=\"async\" title=\"super mini automatic biscuit production line - biscuit machine factory\" class=\"alignnone wp-image-3450 size-full\" src=\"https:\/\/qhbake.com\/wp-content\/uploads\/2021\/06\/16140483151.png\" alt=\"super mini automatic biscuit production line - biscuit machine factory\" width=\"365\" height=\"364\" srcset=\"https:\/\/www.qhbake.com\/wp-content\/uploads\/2021\/06\/16140483151.png 365w, https:\/\/www.qhbake.com\/wp-content\/uploads\/2021\/06\/16140483151-300x300.png 300w, https:\/\/www.qhbake.com\/wp-content\/uploads\/2021\/06\/16140483151-100x100.png 100w, https:\/\/www.qhbake.com\/wp-content\/uploads\/2021\/06\/16140483151-150x150.png 150w, https:\/\/www.qhbake.com\/wp-content\/uploads\/2021\/06\/16140483151-285x284.png 285w, https:\/\/www.qhbake.com\/wp-content\/uploads\/2021\/06\/16140483151-270x270.png 270w\" sizes=\"(max-width: 365px) 100vw, 365px\" \/><\/p>\n<p>Popul\u00e4rt paket \u00e4r kudde, eller packning utan brickor, enligt olika krav g\u00f6r det annorlunda.<\/p>\n<h2><strong>Mer RFQ om Automatic Biscuit-maskinen<\/strong><\/h2>\n<p>Hur m\u00e5nga typer av kex kan du g\u00f6ra?<\/p>\n<p>Vilken kapacitet kan du g\u00f6ra p\u00e5 en timme?<\/p>\n<p>Vilken \u00e4r kexformen och storleken du vill ha?<\/p>\n<p>Niv\u00e5 av automatisering som antingen kan vara halvautomatisk eller helautomatisk maskin?<\/p>\n<p>Vilket bakningss\u00e4tt? Elv\u00e4rme eller gasuppv\u00e4rmning?<\/p>\n<p>Vad \u00e4r din fabrikslayout<\/p>\n<h2><strong>Varf\u00f6r k\u00f6pa maskin fr\u00e5n oss \u2013 tillverkare<\/strong><\/h2>\n<ol>\n<li><strong>Verklig fabrik inte handelsf\u00f6retag<\/strong><\/li>\n<li><strong>Professionell<\/strong><\/li>\n<\/ol>\n<p>V\u00e5r fabrik har mer \u00e4n 40 \u00e5rs erfarenhet av maskintillverkning, det finns 12 ritdesigner och 20 professionella ingenj\u00f6rer som kan erbjuda ditt st\u00f6d n\u00e4r som helst och var som helst.<\/p>\n<ol>\n<li><strong>P\u00e5litlighet<\/strong><\/li>\n<\/ol>\n<p>Modern fabrik har mer \u00e4n 200 arbetare. Strikt kvalitetskontrollsystem .advance Tysklands standardbearbetning CNC-center tillhandah\u00e5ller exakt teknikprocess f\u00f6r att hantera varje detalj i varje maskin. professionella ingenj\u00f6rsteam erbjuder dig den b\u00e4sta planen enligt dina krav.<\/p>\n<ol>\n<li><strong>Maskiner av h\u00f6g kvalitet<\/strong><\/li>\n<\/ol>\n<p>Alla maskiner tillverkade i GMP standard fabrik<\/p>\n<p>Vi har CNC-centret f\u00f6r att h\u00e5lla maskinen dyrbar<\/p>\n<p>Alla maskiner anv\u00e4nder SUS304 och sanbl\u00e4string av ytbel\u00e4ggning<\/p>\n<h2><strong>V\u00e5ra maskinkvalitetsstandarder och certifieringar<\/strong><\/h2>\n<p>Aktuella goda tillverkningssed (GMP) kvalitetsstandarder och certifieringar<\/p>\n<p>International Standards Organization (ISO) kvalitetsstandarder och certifieringar<\/p>\n<p>Food and Drug Administration (FDA) kvalitetsstandarder och certifieringar<\/p>\n<p>Vi har inte bara CE elektriska kvalitetsstandarder och certifieringar, utan ocks\u00e5 UL-certifiering (US)<\/p>\n<p>&nbsp;<\/p>\n<p><img loading=\"lazy\" decoding=\"async\" title=\"super mini automatic biscuit production line - biscuit machine factory\" class=\"alignnone wp-image-3530 size-medium\" src=\"https:\/\/qhbake.com\/wp-content\/uploads\/2021\/06\/\u56fe\u72478-1-300x75.png\" alt=\"super mini automatic biscuit production line - biscuit machine factory\" width=\"300\" height=\"75\" srcset=\"https:\/\/www.qhbake.com\/wp-content\/uploads\/2021\/06\/\u56fe\u72478-1-300x75.png 300w, https:\/\/www.qhbake.com\/wp-content\/uploads\/2021\/06\/\u56fe\u72478-1-285x71.png 285w, https:\/\/www.qhbake.com\/wp-content\/uploads\/2021\/06\/\u56fe\u72478-1-150x37.png 150w, https:\/\/www.qhbake.com\/wp-content\/uploads\/2021\/06\/\u56fe\u72478-1.png 577w\" sizes=\"(max-width: 300px) 100vw, 300px\" \/><\/p>\n<p><img loading=\"lazy\" decoding=\"async\" title=\"super mini automatic biscuit production line - biscuit machine factory\" class=\"alignnone wp-image-3531 size-medium\" src=\"https:\/\/qhbake.com\/wp-content\/uploads\/2021\/06\/\u56fe\u72479-1-300x85.png\" alt=\"super mini automatic biscuit production line - biscuit machine factory\" width=\"300\" height=\"85\" srcset=\"https:\/\/www.qhbake.com\/wp-content\/uploads\/2021\/06\/\u56fe\u72479-1-300x85.png 300w, https:\/\/www.qhbake.com\/wp-content\/uploads\/2021\/06\/\u56fe\u72479-1-285x80.png 285w, https:\/\/www.qhbake.com\/wp-content\/uploads\/2021\/06\/\u56fe\u72479-1-150x42.png 150w, https:\/\/www.qhbake.com\/wp-content\/uploads\/2021\/06\/\u56fe\u72479-1.png 511w\" sizes=\"(max-width: 300px) 100vw, 300px\" \/><\/p>\n<h2><strong>\u00c4r du redo att l\u00e4gga till en kexmaskin till din verksamhet? L\u00e5t oss hj\u00e4lpa till<\/strong><\/h2>\n<p>Att maximera avkastningen p\u00e5 investeringen inneb\u00e4r att v\u00e4lja r\u00e4tt maskin som matchar din anl\u00e4ggnings storlek, arbetsomfattning och f\u00f6rv\u00e4ntade tillv\u00e4xt. Du vill inte ha en enhet f\u00f6r stor eller f\u00f6r liten f\u00f6r nuvarande och framtida verksamhet. I de flesta fall \u00e4r det alltid b\u00e4ttre att k\u00f6pa en med potential att skala din produktion f\u00f6r att m\u00f6ta alla niv\u00e5er av kundefterfr\u00e5gan.<\/p>\n<p>F\u00f6r att hj\u00e4lpa tillverkare att tillhandah\u00e5lla h\u00f6gsta m\u00f6jliga produktkvalitet erbjuder Shanghai QHBake Machine Group ett brett utbud av utrustningsalternativ f\u00f6r att passa din anl\u00e4ggnings behov och ditt f\u00f6retags verksamhet. Om du vill l\u00e4gga till kexproduktion till ditt utbud, byta ut din befintliga utrustning eller vill diskutera n\u00e5got annat relaterat till kexmaskiner, kontakta oss n\u00e4r som helst.<\/p>","protected":false},"excerpt":{"rendered":"<p>QH280 automatic biscuit production line, with original design, compact structure and high automatic, is developed on the base of absorbing German technology. All working procedures from dough feeding, sheeting, molding, waste recycling, baking to cooling can be completed automatically in one line. Hundreds of moulds and dozens of technology recipes make it possible to produce [&hellip;]<\/p>\n","protected":false},"featured_media":3352,"comment_status":"closed","ping_status":"closed","template":"","meta":{"_et_pb_use_builder":"","_et_pb_old_content":"","_et_gb_content_width":"","_lmt_disableupdate":"","_lmt_disable":""},"product_brand":[],"product_cat":[159],"product_tag":[218,194],"class_list":{"0":"post-3244","1":"product","2":"type-product","3":"status-publish","4":"has-post-thumbnail","6":"product_cat-biscuit-machine","7":"product_tag-biscuit-making-machine","8":"product_tag-commercial-biscuit-machine","10":"first","11":"instock","12":"shipping-taxable","13":"product-type-simple"},"_links":{"self":[{"href":"https:\/\/www.qhbake.com\/sv\/wp-json\/wp\/v2\/product\/3244","targetHints":{"allow":["GET"]}}],"collection":[{"href":"https:\/\/www.qhbake.com\/sv\/wp-json\/wp\/v2\/product"}],"about":[{"href":"https:\/\/www.qhbake.com\/sv\/wp-json\/wp\/v2\/types\/product"}],"replies":[{"embeddable":true,"href":"https:\/\/www.qhbake.com\/sv\/wp-json\/wp\/v2\/comments?post=3244"}],"wp:featuredmedia":[{"embeddable":true,"href":"https:\/\/www.qhbake.com\/sv\/wp-json\/wp\/v2\/media\/3352"}],"wp:attachment":[{"href":"https:\/\/www.qhbake.com\/sv\/wp-json\/wp\/v2\/media?parent=3244"}],"wp:term":[{"taxonomy":"product_brand","embeddable":true,"href":"https:\/\/www.qhbake.com\/sv\/wp-json\/wp\/v2\/product_brand?post=3244"},{"taxonomy":"product_cat","embeddable":true,"href":"https:\/\/www.qhbake.com\/sv\/wp-json\/wp\/v2\/product_cat?post=3244"},{"taxonomy":"product_tag","embeddable":true,"href":"https:\/\/www.qhbake.com\/sv\/wp-json\/wp\/v2\/product_tag?post=3244"}],"curies":[{"name":"wp","href":"https:\/\/api.w.org\/{rel}","templated":true}]}}