{"id":739,"date":"2021-05-19T07:11:46","date_gmt":"2021-05-19T07:11:46","guid":{"rendered":"https:\/\/qhbake.com\/?post_type=product&#038;p=739"},"modified":"2024-05-23T14:31:38","modified_gmt":"2024-05-23T14:31:38","slug":"dough-feeder","status":"publish","type":"product","link":"https:\/\/www.qhbake.com\/pt\/produto\/dough-feeder","title":{"rendered":"Compre Alimentador de Massa para F\u00e1brica de Biscoito de Biscoito Duro"},"content":{"rendered":"<div>\n<p>Um alimentador de massa \u00e9 usado para alimentar a massa na tremonha e pr\u00e9-enrolar a massa ou as folhas de massa em peda\u00e7os de massa adequados, que s\u00e3o ent\u00e3o transportados para os rolos de calibre 1\/2\/3 para rolagem adicional. tipos de linhas de produ\u00e7\u00e3o de biscoito duro.<\/p>\n<p>Normalmente, o alimentador ser\u00e1 suficiente para o tipo base de biscoito duro, mas se para biscoito de refrigerante sugerimos repetir para Laminador (que tamb\u00e9m temos esta m\u00e1quina)<\/p>\n<\/div>\n<p>&nbsp;<\/p>\n<h2><strong>Vantagens do alimentador de massa<\/strong><\/h2>\n<p>1. Controle de frequ\u00eancia da velocidade do motor, usando um transdutor de deslocamento para inspecionar a espessura da massa<br \/>\n2. A tela sens\u00edvel ao toque do PLC ajusta a espessura da massa, tornando-a mais precisa<br \/>\n3. O di\u00e2metro do rolo de liga mais forte<br \/>\n4. A prote\u00e7\u00e3o do rolo \u00e9 instalada no rolo superior para reduzir a chance de cortar as folhas de massa<br \/>\n5. A junta interna de nylon n\u00e3o t\u00f3xico de grau aliment\u00edcio branco impede que as folhas de massa sejam alimentadas<br \/>\n6. O rolo de borracha dentro protege o rolo de liga eficaz<br \/>\n7. A\u00e7o inoxid\u00e1vel<br \/>\n8. Revestimento de jateamento \u00e0 prova d&#039;\u00e1gua para maior tempo de uso<\/p>","protected":false},"excerpt":{"rendered":"<ul>\n<li>1,2-1,9 Velocidade (m\/min)<\/li>\n<li>Espessura de chapa ajust\u00e1vel<\/li>\n<li>Velocidade de corte ajust\u00e1vel<\/li>\n<li>Velocidade ajust\u00e1vel do transportador<\/li>\n<\/ul>","protected":false},"featured_media":3373,"comment_status":"closed","ping_status":"closed","template":"","meta":{"_et_pb_use_builder":"","_et_pb_old_content":"","_et_gb_content_width":"","_lmt_disableupdate":"","_lmt_disable":""},"product_brand":[],"product_cat":[133,90,135],"product_tag":[98,99,95,100,96,101,97],"class_list":{"0":"post-739","1":"product","2":"type-product","3":"status-publish","4":"has-post-thumbnail","6":"product_cat-dough-mixer","7":"product_cat-hard-biscuit-machine","8":"product_cat-laminator","9":"product_tag-adjustable","10":"product_tag-dough-feeder","11":"product_tag-food-grade","12":"product_tag-hard-biscuit","13":"product_tag-nontoxic","14":"product_tag-production-line","15":"product_tag-waterproof","17":"first","18":"instock","19":"shipping-taxable","20":"product-type-simple"},"_links":{"self":[{"href":"https:\/\/www.qhbake.com\/pt\/wp-json\/wp\/v2\/product\/739","targetHints":{"allow":["GET"]}}],"collection":[{"href":"https:\/\/www.qhbake.com\/pt\/wp-json\/wp\/v2\/product"}],"about":[{"href":"https:\/\/www.qhbake.com\/pt\/wp-json\/wp\/v2\/types\/product"}],"replies":[{"embeddable":true,"href":"https:\/\/www.qhbake.com\/pt\/wp-json\/wp\/v2\/comments?post=739"}],"wp:featuredmedia":[{"embeddable":true,"href":"https:\/\/www.qhbake.com\/pt\/wp-json\/wp\/v2\/media\/3373"}],"wp:attachment":[{"href":"https:\/\/www.qhbake.com\/pt\/wp-json\/wp\/v2\/media?parent=739"}],"wp:term":[{"taxonomy":"product_brand","embeddable":true,"href":"https:\/\/www.qhbake.com\/pt\/wp-json\/wp\/v2\/product_brand?post=739"},{"taxonomy":"product_cat","embeddable":true,"href":"https:\/\/www.qhbake.com\/pt\/wp-json\/wp\/v2\/product_cat?post=739"},{"taxonomy":"product_tag","embeddable":true,"href":"https:\/\/www.qhbake.com\/pt\/wp-json\/wp\/v2\/product_tag?post=739"}],"curies":[{"name":"wp","href":"https:\/\/api.w.org\/{rel}","templated":true}]}}