{"id":725,"date":"2021-05-19T07:01:42","date_gmt":"2021-05-19T07:01:42","guid":{"rendered":"https:\/\/qhbake.com\/?post_type=product&#038;p=725"},"modified":"2024-05-23T14:31:41","modified_gmt":"2024-05-23T14:31:41","slug":"dough-mixer","status":"publish","type":"product","link":"https:\/\/www.qhbake.com\/pt\/produto\/dough-mixer","title":{"rendered":"Misturador de massa tipo horizontal para venda - f\u00e1brica e fabricante"},"content":{"rendered":"<div>\n<p>Atacadista de Misturador de Massa #1 - Encontre o misturador de massa perfeito para sua necessidade. Sem intermedi\u00e1rio - Compre o misturador de massa diretamente da f\u00e1brica confi\u00e1vel. Garantias do setor para o misturador de massa \u2013 Suporte 24 horas por dia, 7 dias por semana \u2013 Cota\u00e7\u00e3o em 5 minutos ou menos. Melhor misturador de massa para venda - F\u00e1brica de misturador de massa -OEM\/ODM com pre\u00e7os mais baixos<\/p>\n<p><img loading=\"lazy\" decoding=\"async\" title=\"misturador de massa tipo horizontal para venda - f\u00e1brica e fabricante\" class=\"aligncenter wp-image-456 size-large\" src=\"https:\/\/qhbake.com\/wp-content\/uploads\/2021\/04\/\u56fe\u72471-4-1024x689.png\" alt=\"misturador de massa tipo horizontal para venda - f\u00e1brica e fabricante\" width=\"1024\" height=\"689\" srcset=\"https:\/\/www.qhbake.com\/wp-content\/uploads\/2021\/04\/\u56fe\u72471-4-1024x689.png 1024w, https:\/\/www.qhbake.com\/wp-content\/uploads\/2021\/04\/\u56fe\u72471-4-600x404.png 600w, https:\/\/www.qhbake.com\/wp-content\/uploads\/2021\/04\/\u56fe\u72471-4-300x202.png 300w, https:\/\/www.qhbake.com\/wp-content\/uploads\/2021\/04\/\u56fe\u72471-4-768x517.png 768w, https:\/\/www.qhbake.com\/wp-content\/uploads\/2021\/04\/\u56fe\u72471-4-1080x727.png 1080w, https:\/\/www.qhbake.com\/wp-content\/uploads\/2021\/04\/\u56fe\u72471-4-980x659.png 980w, https:\/\/www.qhbake.com\/wp-content\/uploads\/2021\/04\/\u56fe\u72471-4-480x323.png 480w, https:\/\/www.qhbake.com\/wp-content\/uploads\/2021\/04\/\u56fe\u72471-4.png 1171w\" sizes=\"(max-width: 1024px) 100vw, 1024px\" \/><\/p>\n<\/div>\n<div>\n<ul>\n<li>50-1500 Capacidade<\/li>\n<li>3 equipe de design personalizada<\/li>\n<li>\u00a0 40+ experi\u00eancia em produ\u00e7\u00e3o<\/li>\n<li>25+ anos de manuten\u00e7\u00e3o<\/li>\n<\/ul>\n<\/div>\n<p><img loading=\"lazy\" decoding=\"async\" title=\"misturador de massa tipo horizontal para venda - f\u00e1brica e fabricante\" class=\"alignnone wp-image-3397 size-full\" src=\"https:\/\/qhbake.com\/wp-content\/uploads\/2021\/05\/mixer.png\" alt=\"misturador de massa tipo horizontal para venda - f\u00e1brica e fabricante\" width=\"637\" height=\"322\" srcset=\"https:\/\/www.qhbake.com\/wp-content\/uploads\/2021\/05\/mixer.png 637w, https:\/\/www.qhbake.com\/wp-content\/uploads\/2021\/05\/mixer-600x303.png 600w, https:\/\/www.qhbake.com\/wp-content\/uploads\/2021\/05\/mixer-300x152.png 300w, https:\/\/www.qhbake.com\/wp-content\/uploads\/2021\/05\/mixer-585x295.png 585w, https:\/\/www.qhbake.com\/wp-content\/uploads\/2021\/05\/mixer-285x144.png 285w, https:\/\/www.qhbake.com\/wp-content\/uploads\/2021\/05\/mixer-150x76.png 150w\" sizes=\"(max-width: 637px) 100vw, 637px\" \/><\/p>\n<p>Este misturador possui uma l\u00e2mina de mistura de design exclusivo &#039;$&#039; que garante boa dispers\u00e3o dos ingredientes e r\u00e1pido desenvolvimento da massa, \u00e9 fundamental para desenvolver a massa extens\u00edvel e macia.<\/p>\n<p>Esta a\u00e7\u00e3o de mistura que amassa rolando e dobrando na massa sem muito rasgar e extrudar \u00e9 ideal.<\/p>\n<p>O tempo de mistura em um misturador de baixa velocidade ser\u00e1 de 20 a 25 minutos.<\/p>\n<p>O tempo de mistura em alta velocidade para a massa de amido especial ser\u00e1 de 10 a 12 minutos.<\/p>\n<p>&nbsp;<\/p>\n<h2><strong>Vantagens da batedeira<\/strong><\/h2>\n<p>1. 50-500 kg\/lote para produ\u00e7\u00e3o pequena e mufti<\/p>\n<ul>\n<li>Fun\u00e7\u00e3o Mun ti para massas duras e macias<\/li>\n<li>Economia de espa\u00e7o<\/li>\n<li>Um vendaval se ajustando<\/li>\n<li>Encaminhar e reencaminhar: 90-120<sup>o<\/sup><\/li>\n<li>L\u00e2mina tipo a\u00e7o inoxid\u00e1vel $<\/li>\n<li>Conectado diretamente com o sistema de silo para obter o efeito de mixagem online<\/li>\n<\/ul>\n<h2><strong>500-1500 kg\/lote para produ\u00e7\u00e3o grande ou cont\u00ednua<\/strong><\/h2>\n<ul>\n<li>Sistema de controle PLC e grito de toque<\/li>\n<li>Motor SEW<\/li>\n<li>Conecte-se com cortador de massa e transportador autom\u00e1tico<\/li>\n<li>Cinto de PU antiaderente<\/li>\n<\/ul>\n<ul>\n<li>L\u00e2mina de a\u00e7o inoxid\u00e1vel e tipo<\/li>\n<li>\u00a0Inverta a unidade para obter faixas de velocidade m\u00e1ximas, partida suave e uso m\u00ednimo de energia.<\/li>\n<\/ul>","protected":false},"excerpt":{"rendered":"<p>Misturador de massa multifuncional para biscoito duro e biscoito macio<\/p>","protected":false},"featured_media":3389,"comment_status":"closed","ping_status":"closed","template":"","meta":{"_et_pb_use_builder":"","_et_pb_old_content":"","_et_gb_content_width":"","_lmt_disableupdate":"","_lmt_disable":""},"product_brand":[],"product_cat":[133,91],"product_tag":[],"class_list":{"0":"post-725","1":"product","2":"type-product","3":"status-publish","4":"has-post-thumbnail","6":"product_cat-dough-mixer","7":"product_cat-soft-biscuit-machine","9":"first","10":"instock","11":"shipping-taxable","12":"product-type-simple"},"_links":{"self":[{"href":"https:\/\/www.qhbake.com\/pt\/wp-json\/wp\/v2\/product\/725","targetHints":{"allow":["GET"]}}],"collection":[{"href":"https:\/\/www.qhbake.com\/pt\/wp-json\/wp\/v2\/product"}],"about":[{"href":"https:\/\/www.qhbake.com\/pt\/wp-json\/wp\/v2\/types\/product"}],"replies":[{"embeddable":true,"href":"https:\/\/www.qhbake.com\/pt\/wp-json\/wp\/v2\/comments?post=725"}],"wp:featuredmedia":[{"embeddable":true,"href":"https:\/\/www.qhbake.com\/pt\/wp-json\/wp\/v2\/media\/3389"}],"wp:attachment":[{"href":"https:\/\/www.qhbake.com\/pt\/wp-json\/wp\/v2\/media?parent=725"}],"wp:term":[{"taxonomy":"product_brand","embeddable":true,"href":"https:\/\/www.qhbake.com\/pt\/wp-json\/wp\/v2\/product_brand?post=725"},{"taxonomy":"product_cat","embeddable":true,"href":"https:\/\/www.qhbake.com\/pt\/wp-json\/wp\/v2\/product_cat?post=725"},{"taxonomy":"product_tag","embeddable":true,"href":"https:\/\/www.qhbake.com\/pt\/wp-json\/wp\/v2\/product_tag?post=725"}],"curies":[{"name":"wp","href":"https:\/\/api.w.org\/{rel}","templated":true}]}}