{"id":724,"date":"2021-05-19T06:55:15","date_gmt":"2021-05-19T06:55:15","guid":{"rendered":"https:\/\/qhbake.com\/?post_type=product&#038;p=724"},"modified":"2024-05-23T14:31:17","modified_gmt":"2024-05-23T14:31:17","slug":"baking-oven","status":"publish","type":"product","link":"https:\/\/www.qhbake.com\/pt\/produto\/baking-oven","title":{"rendered":"Forno de panifica\u00e7\u00e3o industrial \u00e0 venda - Melhores fornos de padaria EL\u00c9TRICOS comerciais"},"content":{"rendered":"<p>Forno de t\u00fanel de cozimento autom\u00e1tico geralmente tem tr\u00eas tipos principais:<br \/>\nForno a g\u00e1s\uff0cForno el\u00e9trico e forno de circula\u00e7\u00e3o de ar quente depende dos recursos naturais de diferentes necessidades e pa\u00edses.<\/p>\n<div>\n<h3><\/h3>\n<h3>FORNO EL\u00c9TRICO - AQUECIMENTO INFRAVERMELHO DISTANTE<\/h3>\n<h3><strong><img loading=\"lazy\" decoding=\"async\" title=\"forno de panifica\u00e7\u00e3o industrial \u00e0 venda - melhores fornos de panifica\u00e7\u00e3o el\u00e9tricos comerciais\" class=\"alignleft wp-image-3395 size-full\" src=\"https:\/\/qhbake.com\/wp-content\/uploads\/2021\/05\/electrical-oven-e1666170604106.png\" alt=\"forno de panifica\u00e7\u00e3o industrial \u00e0 venda - melhores fornos de panifica\u00e7\u00e3o el\u00e9tricos comerciais\" width=\"777\" height=\"593\" srcset=\"https:\/\/www.qhbake.com\/wp-content\/uploads\/2021\/05\/electrical-oven-e1666170604106.png 777w, https:\/\/www.qhbake.com\/wp-content\/uploads\/2021\/05\/electrical-oven-e1666170604106-600x458.png 600w, https:\/\/www.qhbake.com\/wp-content\/uploads\/2021\/05\/electrical-oven-e1666170604106-300x229.png 300w, https:\/\/www.qhbake.com\/wp-content\/uploads\/2021\/05\/electrical-oven-e1666170604106-768x586.png 768w, https:\/\/www.qhbake.com\/wp-content\/uploads\/2021\/05\/electrical-oven-e1666170604106-285x218.png 285w, https:\/\/www.qhbake.com\/wp-content\/uploads\/2021\/05\/electrical-oven-e1666170604106-16x12.png 16w\" sizes=\"(max-width: 777px) 100vw, 777px\" \/><\/strong><\/h3>\n<p>O princ\u00edpio de funcionamento \u00e9 pelo elemento de aquecimento infravermelho distante, seu arranjo e controle tornam o aquecimento uniforme, h\u00e1 um sistema de exaust\u00e3o para coletar o vapor e exaust\u00e3o.<\/p>\n<\/div>\n<h2>FORNO A G\u00c1S-FORNO DIRETO<\/h2>\n<div>\n<p><img loading=\"lazy\" decoding=\"async\" title=\"forno de panifica\u00e7\u00e3o industrial \u00e0 venda - melhores fornos de panifica\u00e7\u00e3o el\u00e9tricos comerciais\" class=\"alignleft wp-image-3396 size-full\" src=\"https:\/\/qhbake.com\/wp-content\/uploads\/2021\/05\/gas-oven-e1666170661915.png\" alt=\"forno de panifica\u00e7\u00e3o industrial \u00e0 venda - melhores fornos de panifica\u00e7\u00e3o el\u00e9tricos comerciais\" width=\"800\" height=\"494\" srcset=\"https:\/\/www.qhbake.com\/wp-content\/uploads\/2021\/05\/gas-oven-e1666170661915.png 800w, https:\/\/www.qhbake.com\/wp-content\/uploads\/2021\/05\/gas-oven-e1666170661915-600x371.png 600w, https:\/\/www.qhbake.com\/wp-content\/uploads\/2021\/05\/gas-oven-e1666170661915-300x185.png 300w, https:\/\/www.qhbake.com\/wp-content\/uploads\/2021\/05\/gas-oven-e1666170661915-768x474.png 768w, https:\/\/www.qhbake.com\/wp-content\/uploads\/2021\/05\/gas-oven-e1666170661915-285x176.png 285w, https:\/\/www.qhbake.com\/wp-content\/uploads\/2021\/05\/gas-oven-e1666170661915-18x12.png 18w\" sizes=\"(max-width: 800px) 100vw, 800px\" \/><\/p>\n<p>O princ\u00edpio de funcionamento s\u00e3o queimadores de fita a g\u00e1s montados diretamente na c\u00e2mara de cozimento. V\u00e1rios tipos de queimadores permitem fazer um perfil de cozimento \u00fanico para cada produto.<br \/>\nOs controles do queimador s\u00e3o divididos em aquecimento superior e inferior e em mais zonas.<\/p>\n<p>&nbsp;<\/p>\n<\/div>\n<div>\n<h3>FORNO DE CIRCULA\u00c7\u00c3O DE AR TIPO CONVEC\u00c7\u00c3O (DIRETA)<\/h3>\n<\/div>\n<div>\n<p>O princ\u00edpio de funcionamento \u00e9 o impacto indireto do ar e a otimiza\u00e7\u00e3o do conhecido princ\u00edpio de convec\u00e7\u00e3o. O calor do queimador a g\u00e1s \u00e9 trocado na troca de calor acima da c\u00e2mara de cozimento. O ar de cozedura n\u00e3o se mistura com o ar de combust\u00e3o. Fornos de impacto direto tamb\u00e9m est\u00e3o dispon\u00edveis, onde o ar de combust\u00e3o \u00e9 circulado na c\u00e2mara de cozimento.<\/p>\n<p>&nbsp;<\/p>\n<p><img loading=\"lazy\" decoding=\"async\" title=\"forno de panifica\u00e7\u00e3o industrial \u00e0 venda - melhores fornos de panifica\u00e7\u00e3o el\u00e9tricos comerciais\" class=\"alignleft wp-image-3394 size-full\" src=\"https:\/\/qhbake.com\/wp-content\/uploads\/2021\/05\/oven.png\" alt=\"forno de panifica\u00e7\u00e3o industrial \u00e0 venda - melhores fornos de panifica\u00e7\u00e3o el\u00e9tricos comerciais\" width=\"683\" height=\"566\" srcset=\"https:\/\/www.qhbake.com\/wp-content\/uploads\/2021\/05\/oven.png 683w, https:\/\/www.qhbake.com\/wp-content\/uploads\/2021\/05\/oven-600x497.png 600w, https:\/\/www.qhbake.com\/wp-content\/uploads\/2021\/05\/oven-300x249.png 300w, https:\/\/www.qhbake.com\/wp-content\/uploads\/2021\/05\/oven-285x236.png 285w, https:\/\/www.qhbake.com\/wp-content\/uploads\/2021\/05\/oven-660x547.png 660w, https:\/\/www.qhbake.com\/wp-content\/uploads\/2021\/05\/oven-150x124.png 150w\" sizes=\"(max-width: 683px) 100vw, 683px\" \/><\/p>\n<\/div>","protected":false},"excerpt":{"rendered":"<p>Atacadista de forno de cozimento #1 - Encontre o forno de cozimento perfeito para sua necessidade. No Middle Man - Compre Forno de Assar Diretamente de F\u00e1brica Confi\u00e1vel. Garantias da ind\u00fastria para forno de assar \u2013 Suporte 24 horas por dia, 7 dias por semana \u2013 Cota\u00e7\u00e3o em 5 minutos ou menos. Melhor Forno de Assar \u00e0 Venda - F\u00e1brica de Forno de Assar -OEM\/ODM com pre\u00e7os mais baixos<\/p>\n<p>&nbsp;<\/p>","protected":false},"featured_media":3315,"comment_status":"closed","ping_status":"closed","template":"","meta":{"_et_pb_use_builder":"","_et_pb_old_content":"","_et_gb_content_width":"","_lmt_disableupdate":"","_lmt_disable":""},"product_brand":[],"product_cat":[93],"product_tag":[],"class_list":{"0":"post-724","1":"product","2":"type-product","3":"status-publish","4":"has-post-thumbnail","6":"product_cat-other-bakery-equipment","8":"first","9":"instock","10":"shipping-taxable","11":"product-type-simple"},"_links":{"self":[{"href":"https:\/\/www.qhbake.com\/pt\/wp-json\/wp\/v2\/product\/724","targetHints":{"allow":["GET"]}}],"collection":[{"href":"https:\/\/www.qhbake.com\/pt\/wp-json\/wp\/v2\/product"}],"about":[{"href":"https:\/\/www.qhbake.com\/pt\/wp-json\/wp\/v2\/types\/product"}],"replies":[{"embeddable":true,"href":"https:\/\/www.qhbake.com\/pt\/wp-json\/wp\/v2\/comments?post=724"}],"wp:featuredmedia":[{"embeddable":true,"href":"https:\/\/www.qhbake.com\/pt\/wp-json\/wp\/v2\/media\/3315"}],"wp:attachment":[{"href":"https:\/\/www.qhbake.com\/pt\/wp-json\/wp\/v2\/media?parent=724"}],"wp:term":[{"taxonomy":"product_brand","embeddable":true,"href":"https:\/\/www.qhbake.com\/pt\/wp-json\/wp\/v2\/product_brand?post=724"},{"taxonomy":"product_cat","embeddable":true,"href":"https:\/\/www.qhbake.com\/pt\/wp-json\/wp\/v2\/product_cat?post=724"},{"taxonomy":"product_tag","embeddable":true,"href":"https:\/\/www.qhbake.com\/pt\/wp-json\/wp\/v2\/product_tag?post=724"}],"curies":[{"name":"wp","href":"https:\/\/api.w.org\/{rel}","templated":true}]}}