{"id":719,"date":"2021-05-19T06:51:02","date_gmt":"2021-05-19T06:51:02","guid":{"rendered":"https:\/\/qhbake.com\/?post_type=product&#038;p=719"},"modified":"2024-05-23T14:31:11","modified_gmt":"2024-05-23T14:31:11","slug":"automatic-konjac-pearl-making-machine","status":"publish","type":"product","link":"https:\/\/www.qhbake.com\/pt\/produto\/automatic-konjac-pearl-making-machine","title":{"rendered":"M\u00e1quina autom\u00e1tica de fabrica\u00e7\u00e3o de p\u00e9rolas Konjac para vendas - fornecedor e fabrica\u00e7\u00e3o"},"content":{"rendered":"<div>\n<ul>\n<li>200-1200 Capacidade (kg)<\/li>\n<li>\u00a0 \u00a05-12 di\u00e2metro Konjac (mm)<\/li>\n<li>40+ experi\u00eancia de produ\u00e7\u00e3o (ano)<\/li>\n<li>\u00a0 3 equipe de design cuatomerizado<\/li>\n<\/ul>\n<div><strong>C<\/strong><strong>chap\u00e9u \u00e9 p\u00e9rola konjac? <\/strong><\/div>\n<div>\u00c9 um novo produto popular em vez de tapioca \u00e9 mais saud\u00e1vel e saboroso\uff0c e a principal mat\u00e9ria-prima \u00e9 Konjac\/agar\u2026<\/div>\n<div>Pode ser mastigado ou crocante para ter n\u00edveis mais divertidos e ricos de sabor e pode ser usado em bebidas quentes ou geladas<\/div>\n<div><\/div>\n<div><strong>Maquin\u00e1rio de p\u00e9rolas konjac<\/strong><\/div>\n<div>Este produto \u00e9 extrudado formando materiais por press\u00e3o atrav\u00e9s dos tubos e cabe\u00e7a extrudada sob a \u00e1gua, e haver\u00e1 uma l\u00e2mina rotativa cortando-os em formas ap\u00f3s algumas vezes esfriar e a rela\u00e7\u00e3o ter\u00e1 um sabor melhor.<\/div>\n<\/div>\n<p><strong>Vantagem:<\/strong><br \/>\nA\u00e7o inoxid\u00e1vel<br \/>\nLimpeza CIP<br \/>\nTamanho ajust\u00e1vel<br \/>\nResfriamento autom\u00e1tico<\/p>\n<p><img loading=\"lazy\" decoding=\"async\" title=\"m\u00e1quina autom\u00e1tica de fabrica\u00e7\u00e3o de p\u00e9rolas konjac para vendas - fornecedor e fabricante\" class=\"alignnone wp-image-3405 size-full\" src=\"https:\/\/qhbake.com\/wp-content\/uploads\/2021\/05\/konjac-pear-machine-6-1.jpg\" alt=\"m\u00e1quina autom\u00e1tica de fabrica\u00e7\u00e3o de p\u00e9rolas konjac para vendas - fornecedor e fabricante\" width=\"800\" height=\"800\" srcset=\"https:\/\/www.qhbake.com\/wp-content\/uploads\/2021\/05\/konjac-pear-machine-6-1.jpg 800w, https:\/\/www.qhbake.com\/wp-content\/uploads\/2021\/05\/konjac-pear-machine-6-1-300x300.jpg 300w, https:\/\/www.qhbake.com\/wp-content\/uploads\/2021\/05\/konjac-pear-machine-6-1-100x100.jpg 100w, https:\/\/www.qhbake.com\/wp-content\/uploads\/2021\/05\/konjac-pear-machine-6-1-600x600.jpg 600w, https:\/\/www.qhbake.com\/wp-content\/uploads\/2021\/05\/konjac-pear-machine-6-1-150x150.jpg 150w, https:\/\/www.qhbake.com\/wp-content\/uploads\/2021\/05\/konjac-pear-machine-6-1-768x768.jpg 768w, https:\/\/www.qhbake.com\/wp-content\/uploads\/2021\/05\/konjac-pear-machine-6-1-285x285.jpg 285w, https:\/\/www.qhbake.com\/wp-content\/uploads\/2021\/05\/konjac-pear-machine-6-1-270x270.jpg 270w, https:\/\/www.qhbake.com\/wp-content\/uploads\/2021\/05\/konjac-pear-machine-6-1-540x540.jpg 540w, https:\/\/www.qhbake.com\/wp-content\/uploads\/2021\/05\/konjac-pear-machine-6-1-660x660.jpg 660w\" sizes=\"(max-width: 800px) 100vw, 800px\" \/> <img loading=\"lazy\" decoding=\"async\" title=\"m\u00e1quina autom\u00e1tica de fabrica\u00e7\u00e3o de p\u00e9rolas konjac para vendas - fornecedor e fabricante\" class=\"alignnone wp-image-3406 size-full\" src=\"https:\/\/qhbake.com\/wp-content\/uploads\/2021\/05\/konjac-pear-machine-7-1.jpg\" alt=\"m\u00e1quina autom\u00e1tica de fabrica\u00e7\u00e3o de p\u00e9rolas konjac para vendas - fornecedor e fabricante\" width=\"800\" height=\"800\" srcset=\"https:\/\/www.qhbake.com\/wp-content\/uploads\/2021\/05\/konjac-pear-machine-7-1.jpg 800w, https:\/\/www.qhbake.com\/wp-content\/uploads\/2021\/05\/konjac-pear-machine-7-1-300x300.jpg 300w, https:\/\/www.qhbake.com\/wp-content\/uploads\/2021\/05\/konjac-pear-machine-7-1-100x100.jpg 100w, https:\/\/www.qhbake.com\/wp-content\/uploads\/2021\/05\/konjac-pear-machine-7-1-600x600.jpg 600w, https:\/\/www.qhbake.com\/wp-content\/uploads\/2021\/05\/konjac-pear-machine-7-1-150x150.jpg 150w, https:\/\/www.qhbake.com\/wp-content\/uploads\/2021\/05\/konjac-pear-machine-7-1-768x768.jpg 768w, https:\/\/www.qhbake.com\/wp-content\/uploads\/2021\/05\/konjac-pear-machine-7-1-285x285.jpg 285w, https:\/\/www.qhbake.com\/wp-content\/uploads\/2021\/05\/konjac-pear-machine-7-1-270x270.jpg 270w, https:\/\/www.qhbake.com\/wp-content\/uploads\/2021\/05\/konjac-pear-machine-7-1-540x540.jpg 540w, https:\/\/www.qhbake.com\/wp-content\/uploads\/2021\/05\/konjac-pear-machine-7-1-660x660.jpg 660w\" sizes=\"(max-width: 800px) 100vw, 800px\" \/> <img loading=\"lazy\" decoding=\"async\" title=\"m\u00e1quina autom\u00e1tica de fabrica\u00e7\u00e3o de p\u00e9rolas konjac para vendas - fornecedor e fabricante\" class=\"alignnone wp-image-3407 size-full\" src=\"https:\/\/qhbake.com\/wp-content\/uploads\/2021\/05\/konjac-pear-machine-8-1.jpg\" alt=\"m\u00e1quina autom\u00e1tica de fabrica\u00e7\u00e3o de p\u00e9rolas konjac para vendas - fornecedor e fabricante\" width=\"800\" height=\"800\" srcset=\"https:\/\/www.qhbake.com\/wp-content\/uploads\/2021\/05\/konjac-pear-machine-8-1.jpg 800w, https:\/\/www.qhbake.com\/wp-content\/uploads\/2021\/05\/konjac-pear-machine-8-1-300x300.jpg 300w, https:\/\/www.qhbake.com\/wp-content\/uploads\/2021\/05\/konjac-pear-machine-8-1-100x100.jpg 100w, https:\/\/www.qhbake.com\/wp-content\/uploads\/2021\/05\/konjac-pear-machine-8-1-600x600.jpg 600w, https:\/\/www.qhbake.com\/wp-content\/uploads\/2021\/05\/konjac-pear-machine-8-1-150x150.jpg 150w, https:\/\/www.qhbake.com\/wp-content\/uploads\/2021\/05\/konjac-pear-machine-8-1-768x768.jpg 768w, https:\/\/www.qhbake.com\/wp-content\/uploads\/2021\/05\/konjac-pear-machine-8-1-285x285.jpg 285w, https:\/\/www.qhbake.com\/wp-content\/uploads\/2021\/05\/konjac-pear-machine-8-1-270x270.jpg 270w, https:\/\/www.qhbake.com\/wp-content\/uploads\/2021\/05\/konjac-pear-machine-8-1-540x540.jpg 540w, https:\/\/www.qhbake.com\/wp-content\/uploads\/2021\/05\/konjac-pear-machine-8-1-660x660.jpg 660w\" sizes=\"(max-width: 800px) 100vw, 800px\" \/><\/p>","protected":false},"excerpt":{"rendered":"<p>#1 Atacadista Konjac Pearl Making Machine - Encontre a m\u00e1quina perfeita para fazer p\u00e9rolas Konjac para sua necessidade. No Middle Man - Compre a m\u00e1quina de fabrica\u00e7\u00e3o de p\u00e9rolas Konjac diretamente da f\u00e1brica confi\u00e1vel. Garantias do setor para a m\u00e1quina de fabrica\u00e7\u00e3o de p\u00e9rolas Konjac \u2013 suporte 24 horas por dia, 7 dias por semana \u2013 cota\u00e7\u00e3o em 5 minutos ou menos. Melhor m\u00e1quina de fabrica\u00e7\u00e3o de p\u00e9rolas Konjac para venda - f\u00e1brica de m\u00e1quinas de fabrica\u00e7\u00e3o de p\u00e9rolas Konjac - OEM \/ ODM com pre\u00e7os mais baixos<\/p>","protected":false},"featured_media":3283,"comment_status":"closed","ping_status":"closed","template":"","meta":{"_et_pb_use_builder":"","_et_pb_old_content":"","_et_gb_content_width":"","_lmt_disableupdate":"","_lmt_disable":""},"product_brand":[],"product_cat":[22],"product_tag":[],"class_list":{"0":"post-719","1":"product","2":"type-product","3":"status-publish","4":"has-post-thumbnail","6":"product_cat-candy-making-machine","8":"first","9":"instock","10":"shipping-taxable","11":"product-type-simple"},"_links":{"self":[{"href":"https:\/\/www.qhbake.com\/pt\/wp-json\/wp\/v2\/product\/719","targetHints":{"allow":["GET"]}}],"collection":[{"href":"https:\/\/www.qhbake.com\/pt\/wp-json\/wp\/v2\/product"}],"about":[{"href":"https:\/\/www.qhbake.com\/pt\/wp-json\/wp\/v2\/types\/product"}],"replies":[{"embeddable":true,"href":"https:\/\/www.qhbake.com\/pt\/wp-json\/wp\/v2\/comments?post=719"}],"wp:featuredmedia":[{"embeddable":true,"href":"https:\/\/www.qhbake.com\/pt\/wp-json\/wp\/v2\/media\/3283"}],"wp:attachment":[{"href":"https:\/\/www.qhbake.com\/pt\/wp-json\/wp\/v2\/media?parent=719"}],"wp:term":[{"taxonomy":"product_brand","embeddable":true,"href":"https:\/\/www.qhbake.com\/pt\/wp-json\/wp\/v2\/product_brand?post=719"},{"taxonomy":"product_cat","embeddable":true,"href":"https:\/\/www.qhbake.com\/pt\/wp-json\/wp\/v2\/product_cat?post=719"},{"taxonomy":"product_tag","embeddable":true,"href":"https:\/\/www.qhbake.com\/pt\/wp-json\/wp\/v2\/product_tag?post=719"}],"curies":[{"name":"wp","href":"https:\/\/api.w.org\/{rel}","templated":true}]}}