{"id":710,"date":"2021-05-19T06:42:46","date_gmt":"2021-05-19T06:42:46","guid":{"rendered":"https:\/\/qhbake.com\/?post_type=product&#038;p=710"},"modified":"2024-05-23T14:38:09","modified_gmt":"2024-05-23T14:38:09","slug":"mini-candy-depositing-machine","status":"publish","type":"product","link":"https:\/\/www.qhbake.com\/pt\/produto\/mini-candy-depositing-machine","title":{"rendered":"Mini m\u00e1quina de dep\u00f3sito de doces QH-20s 8000-12000 p\u00e7s\/h"},"content":{"rendered":"<div>#1 Mini m\u00e1quina de dep\u00f3sito de doces Atacadista - Encontre a Mini m\u00e1quina de dep\u00f3sito de doces perfeita para sua necessidade. No Middle Man - Compre a Mini M\u00e1quina de Dep\u00f3sito de Doces Diretamente da F\u00e1brica Confi\u00e1vel. Garantias da ind\u00fastria para mini m\u00e1quina de dep\u00f3sito de doces \u2013 suporte 24 horas por dia, 7 dias por semana \u2013 cota\u00e7\u00e3o em 5 minutos ou menos. Melhor Mini M\u00e1quina de Dep\u00f3sito de Doces para Venda - F\u00e1brica de Mini M\u00e1quina de Dep\u00f3sito de Doces - OEM\/ODM com pre\u00e7os mais baixos<\/div>\n<div><\/div>\n<h2 class=\"title\"><strong>Depositante de Mini Candy<\/strong><\/h2>\n<div class=\"contents\">\n<div id=\"global_editor_contents\">\n<div>\n<ul>\n<li>46 Experi\u00eancia de Produ\u00e7\u00e3o<\/li>\n<li>9000 pe\u00e7as por hora<\/li>\n<li>5 <span style=\"color: #666666;\">Garantia de anos<\/span><\/li>\n<li>2600+ Manuten\u00e7\u00e3o de M\u00e1quinas<\/li>\n<\/ul>\n<\/div>\n<h2><strong>Vantagem<\/strong><strong>s<\/strong><\/h2>\n<ul>\n<li>Adequado para a maioria dos doces<\/li>\n<li>Painel de p\u00e9 ou tela de toque para sele\u00e7\u00e3o<\/li>\n<li>F\u00e1cil de limpar e descarregar<\/li>\n<li>M\u00e1ximo de 24 unidades por tiro<\/li>\n<li>Cor \u00fanica ou dupla ou recheios<\/li>\n<li>Estrutura compacta, desempenho est\u00e1vel, f\u00e1cil controle<\/li>\n<li>ser\u00e1 a melhor escolha para pequenas f\u00e1bricas ou teste de amostra.<\/li>\n<\/ul>\n<div>Este mini depositante pode produzir todos os tipos de doces. Quer se trate de doces macios ou doces duros, pirulito,<\/div>\n<div>qualquer que seja uma cor ou v\u00e1rias cores, qualquer doce 2D ou 3D. Todos os requisitos podem ser atendidos.<br \/>\nTamanho pequeno, opera\u00e7\u00e3o simples<\/div>\n<h2><strong>Venda mais alta do mercado<\/strong><\/h2>\n<div>Doce de goma \/ gelatina<\/div>\n<div>\n<p><img loading=\"lazy\" decoding=\"async\" title=\"mini m\u00e1quina de dep\u00f3sito de doces qh-20s 8000-12000 pe\u00e7as\/h\" class=\"alignnone wp-image-5018 size-large\" src=\"https:\/\/qhbake.com\/wp-content\/uploads\/2021\/11\/gummy-bears-1-1024x682.jpg\" alt=\"mini m\u00e1quina de dep\u00f3sito de doces qh-20s 8000-12000 pe\u00e7as\/h\" width=\"1024\" height=\"682\" srcset=\"https:\/\/www.qhbake.com\/wp-content\/uploads\/2021\/11\/gummy-bears-1-1024x682.jpg 1024w, https:\/\/www.qhbake.com\/wp-content\/uploads\/2021\/11\/gummy-bears-1-600x400.jpg 600w, https:\/\/www.qhbake.com\/wp-content\/uploads\/2021\/11\/gummy-bears-1-300x200.jpg 300w, https:\/\/www.qhbake.com\/wp-content\/uploads\/2021\/11\/gummy-bears-1-768x512.jpg 768w, https:\/\/www.qhbake.com\/wp-content\/uploads\/2021\/11\/gummy-bears-1-1536x1024.jpg 1536w, https:\/\/www.qhbake.com\/wp-content\/uploads\/2021\/11\/gummy-bears-1-18x12.jpg 18w, https:\/\/www.qhbake.com\/wp-content\/uploads\/2021\/11\/gummy-bears-1-285x190.jpg 285w, https:\/\/www.qhbake.com\/wp-content\/uploads\/2021\/11\/gummy-bears-1-1600x1066.jpg 1600w, https:\/\/www.qhbake.com\/wp-content\/uploads\/2021\/11\/gummy-bears-1-660x440.jpg 660w, https:\/\/www.qhbake.com\/wp-content\/uploads\/2021\/11\/gummy-bears-1-150x100.jpg 150w, https:\/\/www.qhbake.com\/wp-content\/uploads\/2021\/11\/gummy-bears-1.jpg 2000w\" sizes=\"(max-width: 1024px) 100vw, 1024px\" \/><\/p>\n<p>Doce duro<\/p>\n<\/div>\n<div>\n<p><img loading=\"lazy\" decoding=\"async\" title=\"mini m\u00e1quina de dep\u00f3sito de doces qh-20s 8000-12000 pe\u00e7as\/h\" class=\"alignnone wp-image-5186 size-full\" src=\"https:\/\/qhbake.com\/wp-content\/uploads\/2021\/12\/Gummy-making-machine-6.png\" alt=\"mini m\u00e1quina de dep\u00f3sito de doces qh-20s 8000-12000 pe\u00e7as\/h\" width=\"860\" height=\"228\" srcset=\"https:\/\/www.qhbake.com\/wp-content\/uploads\/2021\/12\/Gummy-making-machine-6.png 860w, https:\/\/www.qhbake.com\/wp-content\/uploads\/2021\/12\/Gummy-making-machine-6-600x159.png 600w, https:\/\/www.qhbake.com\/wp-content\/uploads\/2021\/12\/Gummy-making-machine-6-300x80.png 300w, https:\/\/www.qhbake.com\/wp-content\/uploads\/2021\/12\/Gummy-making-machine-6-768x204.png 768w, https:\/\/www.qhbake.com\/wp-content\/uploads\/2021\/12\/Gummy-making-machine-6-18x5.png 18w, https:\/\/www.qhbake.com\/wp-content\/uploads\/2021\/12\/Gummy-making-machine-6-285x76.png 285w, https:\/\/www.qhbake.com\/wp-content\/uploads\/2021\/12\/Gummy-making-machine-6-660x175.png 660w, https:\/\/www.qhbake.com\/wp-content\/uploads\/2021\/12\/Gummy-making-machine-6-150x40.png 150w\" sizes=\"(max-width: 860px) 100vw, 860px\" \/><\/p>\n<p>Pirulito<\/p>\n<\/div>\n<div>\n<p><img loading=\"lazy\" decoding=\"async\" title=\"mini m\u00e1quina de dep\u00f3sito de doces qh-20s 8000-12000 pe\u00e7as\/h\" class=\"alignnone wp-image-4972 size-large\" src=\"https:\/\/qhbake.com\/wp-content\/uploads\/2021\/11\/closeup-of-different-flavored-lollipop-1024x621.jpg\" alt=\"mini m\u00e1quina de dep\u00f3sito de doces qh-20s 8000-12000 pe\u00e7as\/h\" width=\"1024\" height=\"621\" srcset=\"https:\/\/www.qhbake.com\/wp-content\/uploads\/2021\/11\/closeup-of-different-flavored-lollipop-1024x621.jpg 1024w, https:\/\/www.qhbake.com\/wp-content\/uploads\/2021\/11\/closeup-of-different-flavored-lollipop-600x364.jpg 600w, https:\/\/www.qhbake.com\/wp-content\/uploads\/2021\/11\/closeup-of-different-flavored-lollipop-300x182.jpg 300w, https:\/\/www.qhbake.com\/wp-content\/uploads\/2021\/11\/closeup-of-different-flavored-lollipop-768x466.jpg 768w, https:\/\/www.qhbake.com\/wp-content\/uploads\/2021\/11\/closeup-of-different-flavored-lollipop-1536x932.jpg 1536w, https:\/\/www.qhbake.com\/wp-content\/uploads\/2021\/11\/closeup-of-different-flavored-lollipop-18x12.jpg 18w, https:\/\/www.qhbake.com\/wp-content\/uploads\/2021\/11\/closeup-of-different-flavored-lollipop-285x173.jpg 285w, https:\/\/www.qhbake.com\/wp-content\/uploads\/2021\/11\/closeup-of-different-flavored-lollipop-1600x970.jpg 1600w, https:\/\/www.qhbake.com\/wp-content\/uploads\/2021\/11\/closeup-of-different-flavored-lollipop-660x400.jpg 660w, https:\/\/www.qhbake.com\/wp-content\/uploads\/2021\/11\/closeup-of-different-flavored-lollipop-150x91.jpg 150w, https:\/\/www.qhbake.com\/wp-content\/uploads\/2021\/11\/closeup-of-different-flavored-lollipop.jpg 2000w\" sizes=\"(max-width: 1024px) 100vw, 1024px\" \/><\/p>\n<\/div>\n<div>\n<p>Toffee e caramelo<\/p>\n<p><img loading=\"lazy\" decoding=\"async\" title=\"mini m\u00e1quina de dep\u00f3sito de doces qh-20s 8000-12000 pe\u00e7as\/h\" class=\"alignnone wp-image-5187 size-full\" src=\"https:\/\/qhbake.com\/wp-content\/uploads\/2021\/12\/Gummy-making-machine-7.png\" alt=\"mini m\u00e1quina de dep\u00f3sito de doces qh-20s 8000-12000 pe\u00e7as\/h\" width=\"850\" height=\"185\" srcset=\"https:\/\/www.qhbake.com\/wp-content\/uploads\/2021\/12\/Gummy-making-machine-7.png 850w, https:\/\/www.qhbake.com\/wp-content\/uploads\/2021\/12\/Gummy-making-machine-7-600x131.png 600w, https:\/\/www.qhbake.com\/wp-content\/uploads\/2021\/12\/Gummy-making-machine-7-300x65.png 300w, https:\/\/www.qhbake.com\/wp-content\/uploads\/2021\/12\/Gummy-making-machine-7-768x167.png 768w, https:\/\/www.qhbake.com\/wp-content\/uploads\/2021\/12\/Gummy-making-machine-7-18x4.png 18w, https:\/\/www.qhbake.com\/wp-content\/uploads\/2021\/12\/Gummy-making-machine-7-285x62.png 285w, https:\/\/www.qhbake.com\/wp-content\/uploads\/2021\/12\/Gummy-making-machine-7-660x144.png 660w, https:\/\/www.qhbake.com\/wp-content\/uploads\/2021\/12\/Gummy-making-machine-7-150x33.png 150w\" sizes=\"(max-width: 850px) 100vw, 850px\" \/><\/p>\n<\/div>\n<\/div>\n<\/div>","protected":false},"excerpt":{"rendered":"<p>#1 Mini m\u00e1quina de dep\u00f3sito de doces Atacadista - Encontre a Mini m\u00e1quina de dep\u00f3sito de doces perfeita para sua necessidade. No Middle Man - Compre a Mini M\u00e1quina de Dep\u00f3sito de Doces Diretamente da F\u00e1brica Confi\u00e1vel. Garantias da ind\u00fastria para mini m\u00e1quina de dep\u00f3sito de doces \u2013 suporte 24 horas por dia, 7 dias por semana \u2013 cota\u00e7\u00e3o em 5 minutos ou menos. Melhor Mini M\u00e1quina de Dep\u00f3sito de Doces para Venda - F\u00e1brica de Mini M\u00e1quina de Dep\u00f3sito de Doces - OEM\/ODM com pre\u00e7os mais baixos<\/p>\n<p>Mini depositador de balas para balas de goma \/ balas de geleia \/ balas duras \/ balas macias \/ balas de pirulito<\/p>","protected":false},"featured_media":5159,"comment_status":"closed","ping_status":"closed","template":"","meta":{"_et_pb_use_builder":"","_et_pb_old_content":"","_et_gb_content_width":"","_lmt_disableupdate":"","_lmt_disable":""},"product_brand":[],"product_cat":[92,94],"product_tag":[172],"class_list":{"0":"post-710","1":"product","2":"type-product","3":"status-publish","4":"has-post-thumbnail","6":"product_cat-candy-depositing-machine","7":"product_cat-small-making-machine","8":"product_tag-gummy-making-machine-topic","10":"first","11":"instock","12":"shipping-taxable","13":"product-type-simple"},"_links":{"self":[{"href":"https:\/\/www.qhbake.com\/pt\/wp-json\/wp\/v2\/product\/710","targetHints":{"allow":["GET"]}}],"collection":[{"href":"https:\/\/www.qhbake.com\/pt\/wp-json\/wp\/v2\/product"}],"about":[{"href":"https:\/\/www.qhbake.com\/pt\/wp-json\/wp\/v2\/types\/product"}],"replies":[{"embeddable":true,"href":"https:\/\/www.qhbake.com\/pt\/wp-json\/wp\/v2\/comments?post=710"}],"wp:featuredmedia":[{"embeddable":true,"href":"https:\/\/www.qhbake.com\/pt\/wp-json\/wp\/v2\/media\/5159"}],"wp:attachment":[{"href":"https:\/\/www.qhbake.com\/pt\/wp-json\/wp\/v2\/media?parent=710"}],"wp:term":[{"taxonomy":"product_brand","embeddable":true,"href":"https:\/\/www.qhbake.com\/pt\/wp-json\/wp\/v2\/product_brand?post=710"},{"taxonomy":"product_cat","embeddable":true,"href":"https:\/\/www.qhbake.com\/pt\/wp-json\/wp\/v2\/product_cat?post=710"},{"taxonomy":"product_tag","embeddable":true,"href":"https:\/\/www.qhbake.com\/pt\/wp-json\/wp\/v2\/product_tag?post=710"}],"curies":[{"name":"wp","href":"https:\/\/api.w.org\/{rel}","templated":true}]}}