{"id":704,"date":"2021-05-19T06:35:58","date_gmt":"2021-05-19T06:35:58","guid":{"rendered":"https:\/\/qhbake.com\/?post_type=product&#038;p=704"},"modified":"2024-05-23T14:31:44","modified_gmt":"2024-05-23T14:31:44","slug":"automatic-biscuit-production-line","status":"publish","type":"product","link":"https:\/\/www.qhbake.com\/pt\/produto\/automatic-biscuit-production-line","title":{"rendered":"Compre Linha de Produ\u00e7\u00e3o Autom\u00e1tica de Biscoitos - M\u00e1quina Industrial de Biscoitos"},"content":{"rendered":"<div class=\"product-detail wrap-module\">\n<div class=\"wrap\">\n<div class=\"ueeshop_responsive_products_detail\">\n<div class=\"description\">\n<div class=\"contents\">\n<div id=\"global_editor_contents\">\n<div>\n<p><img loading=\"lazy\" decoding=\"async\" alt=\"comprar linha de produ\u00e7\u00e3o autom\u00e1tica de biscoitos - m\u00e1quina industrial de biscoitos\" title=\"comprar linha de produ\u00e7\u00e3o autom\u00e1tica de biscoitos - m\u00e1quina industrial de biscoitos\" class=\"\" src=\"https:\/\/ueeshop-cn.ly200-cdn.com\/u_file\/UPAQ\/UPAQ082\/2101\/photo\/99e704fe5c.png\" width=\"613\" height=\"109\" \/><\/p>\n<div>\n<h2><strong>Vantagem da linha de produ\u00e7\u00e3o de biscoitos QHBake<\/strong><\/h2>\n<\/div>\n<ul>\n<li>Multi-fun\u00e7\u00e3o para o tipo de produ\u00e7\u00e3o de biscoitos<\/li>\n<li>Forno: L\u00e3 de rocha para isolamento, padr\u00e3o GMP<\/li>\n<li>\u00a0Rolo de liga mais forte<\/li>\n<li>Temperatura de cozimento com precis\u00e3o, ajust\u00e1vel.<\/li>\n<li>Malha transportadora de a\u00e7o inoxid\u00e1vel<\/li>\n<li>Fun\u00e7\u00e3o de grava\u00e7\u00e3o autom\u00e1tica do processo<\/li>\n<li>Exterior sem \u00e2ngulos agudos<\/li>\n<li>Superf\u00edcie de revestimento de jateamento \u00e0 prova d&#039;\u00e1gua<\/li>\n<li>Economia de energia, manuten\u00e7\u00e3o anual<\/li>\n<\/ul>\n<p>A linha de produ\u00e7\u00e3o de biscoitos da s\u00e9rie QH \u00e9 a principal escolha para a produ\u00e7\u00e3o de tipos de biscoitos duros e macios. O equipamento da f\u00e1brica de biscoitos pode ser combinado e exibido de acordo com o espa\u00e7o local do cliente ou requisitos t\u00e9cnicos de biscoitos.<\/p>\n<p>Alterando os moldes e receitas, este planeta \u00e9 capaz de produzir v\u00e1rios tipos de biscoitos de alta qualidade. como biscoito de creme, biscoito de sandu\u00edche, biscoito de refrigerante, biscoito animal, biscoito vegetal, etc. Existem diversas fontes de aquecimento para sua opera\u00e7\u00e3o (el\u00e9trico, g\u00e1s, \u00f3leo combust\u00edvel)<\/p>\n<\/div>\n<div class=\"editor_table_wrap\"><\/div>\n<div>\n<div>\n<hr \/>\n<h2><strong><u>Fornos de cozimento<\/u><\/strong><\/h2>\n<div><strong>O forno de t\u00fanel de cozimento autom\u00e1tico geralmente tem tr\u00eas tipos principais:<\/strong><\/div>\n<\/div>\n<div><strong>Fornos a g\u00e1s \uff0cFornos el\u00e9tricos e fornos de circula\u00e7\u00e3o de ar quente dependem dos recursos naturais de diferentes necessidades e pa\u00edses.\u00a0<\/strong><\/div>\n<div><\/div>\n<h2><u><strong>Forno el\u00e9trico<\/strong><\/u><strong>- Aquecimento infravermelho distante<\/strong><\/h2>\n<div>O princ\u00edpio de funcionamento \u00e9 pelo elemento de aquecimento infravermelho distante, seu arranjo e controle tornam o aquecimento uniforme, h\u00e1 um sistema de exaust\u00e3o para coletar o vapor e exaust\u00e3o.<\/div>\n<div><\/div>\n<h2><u><strong>Forno a gas<\/strong><\/u><strong>-Forno direto<\/strong><\/h2>\n<div>O princ\u00edpio de funcionamento s\u00e3o queimadores de fita a g\u00e1s montados diretamente na c\u00e2mara de cozimento. V\u00e1rios tipos de queimadores permitem fazer um perfil de cozimento \u00fanico para cada produto.<br \/>\nOs controles do queimador s\u00e3o divididos em aquecimento superior e inferior e em mais zonas.<\/div>\n<div><\/div>\n<h2><u><strong>Forno de circula\u00e7\u00e3o de ar quente<\/strong><\/u><strong>\u2013 Tipo de convec\u00e7\u00e3o (indireta)<\/strong><\/h2>\n<div>O princ\u00edpio de funcionamento \u00e9 o impacto indireto do ar e a otimiza\u00e7\u00e3o do conhecido princ\u00edpio de convec\u00e7\u00e3o. O calor do queimador a g\u00e1s \u00e9 trocado na troca de calor acima da c\u00e2mara de cozimento. O ar de cozedura n\u00e3o se mistura com o ar de combust\u00e3o. Fornos de impacto direto tamb\u00e9m est\u00e3o dispon\u00edveis, onde o ar de combust\u00e3o \u00e9 circulado na c\u00e2mara de cozimento.<\/div>\n<div><\/div>\n<h2><strong>Biscoito mais vendido do mercado<\/strong><\/h2>\n<div><\/div>\n<div><strong>\u00a0 \u00a0<\/strong><strong>\u00a0 \u00a0 \u00a0 \u00a0 \u00a0 \u00a0 \u00a0 \u00a0Biscoito duro Biscoito macio Biscoito de refrigerante<\/strong><br \/>\n<img decoding=\"async\" alt=\"comprar linha de produ\u00e7\u00e3o autom\u00e1tica de biscoitos - m\u00e1quina industrial de biscoitos\" title=\"comprar linha de produ\u00e7\u00e3o autom\u00e1tica de biscoitos - m\u00e1quina industrial de biscoitos\" src=\"https:\/\/ueeshop-cn.ly200-cdn.com\/u_file\/UPAQ\/UPAQ082\/2101\/photo\/4591733b29.png\" \/><br \/>\n<strong>\u00a0 \u00a0 \u00a0 \u00a0 \u00a0 \u00a0 \u00a0<\/strong><strong>\u00a0\u00a0 Biscoito de sandu\u00edche Biscoito de cobertura de chocolate Biscoito de bolo de nozes\u00a0<\/strong><br \/>\n<img decoding=\"async\" alt=\"comprar linha de produ\u00e7\u00e3o autom\u00e1tica de biscoitos - m\u00e1quina industrial de biscoitos\" title=\"comprar linha de produ\u00e7\u00e3o autom\u00e1tica de biscoitos - m\u00e1quina industrial de biscoitos\" src=\"https:\/\/ueeshop-cn.ly200-cdn.com\/u_file\/UPAQ\/UPAQ082\/2101\/photo\/ac84990450.png\" \/><br \/>\n<strong>\u00a0 \u00a0 \u00a0 \u00a0 \u00a0 \u00a0 \u00a0 \u00a0 \u00a0 \u00a0Biscoito de recheio de gel\u00e9ia Biscoito de dedo Biscoito piloto<\/strong><br \/>\n<img decoding=\"async\" alt=\"comprar linha de produ\u00e7\u00e3o autom\u00e1tica de biscoitos - m\u00e1quina industrial de biscoitos\" title=\"comprar linha de produ\u00e7\u00e3o autom\u00e1tica de biscoitos - m\u00e1quina industrial de biscoitos\" src=\"https:\/\/ueeshop-cn.ly200-cdn.com\/u_file\/UPAQ\/UPAQ082\/2101\/photo\/e842b7bfd7.png\" \/><\/div>\n<\/div>\n<\/div>\n<\/div>\n<div class=\"clear\"><\/div>\n<\/div>\n<\/div>\n<\/div>\n<\/div>\n<div id=\"footer\">\n<div class=\"f_list cont\">\n<div class=\"f_left fl\">\n<div class=\"f_logo\"><\/div>\n<div class=\"f_share\">\n<div class=\"share foot_share foot_share_type_0\"><\/div>\n<\/div>\n<\/div>\n<div class=\"f_item fl\">\n<div class=\"list\"><\/div>\n<\/div>\n<div class=\"f_item fl\">\n<div class=\"index_feedback\"><\/div>\n<\/div>\n<\/div>\n<\/div>","protected":false},"excerpt":{"rendered":"<p>Compre a linha de produ\u00e7\u00e3o autom\u00e1tica de biscoitos para biscoitos duros e macios. A grande produ\u00e7\u00e3o pode chegar a 1500kg \/ h. Biscoito formando temperatura de cozimento precisa e est\u00e1vel, todo o processo controlado por PLC para f\u00e1cil opera\u00e7\u00e3o.<\/p>","protected":false},"featured_media":3420,"comment_status":"closed","ping_status":"closed","template":"","meta":{"_et_pb_use_builder":"","_et_pb_old_content":"","_et_gb_content_width":"","_lmt_disableupdate":"","_lmt_disable":""},"product_brand":[],"product_cat":[90,91],"product_tag":[192,189,190,191,187,188,97],"class_list":{"0":"post-704","1":"product","2":"type-product","3":"status-publish","4":"has-post-thumbnail","6":"product_cat-hard-biscuit-machine","7":"product_cat-soft-biscuit-machine","8":"product_tag-automatic","9":"product_tag-baking-ovens","10":"product_tag-biscuit-machine","11":"product_tag-biscuit-production-line","12":"product_tag-electrical-oven","13":"product_tag-gas-oven","14":"product_tag-waterproof","16":"first","17":"instock","18":"shipping-taxable","19":"product-type-simple"},"_links":{"self":[{"href":"https:\/\/www.qhbake.com\/pt\/wp-json\/wp\/v2\/product\/704","targetHints":{"allow":["GET"]}}],"collection":[{"href":"https:\/\/www.qhbake.com\/pt\/wp-json\/wp\/v2\/product"}],"about":[{"href":"https:\/\/www.qhbake.com\/pt\/wp-json\/wp\/v2\/types\/product"}],"replies":[{"embeddable":true,"href":"https:\/\/www.qhbake.com\/pt\/wp-json\/wp\/v2\/comments?post=704"}],"wp:featuredmedia":[{"embeddable":true,"href":"https:\/\/www.qhbake.com\/pt\/wp-json\/wp\/v2\/media\/3420"}],"wp:attachment":[{"href":"https:\/\/www.qhbake.com\/pt\/wp-json\/wp\/v2\/media?parent=704"}],"wp:term":[{"taxonomy":"product_brand","embeddable":true,"href":"https:\/\/www.qhbake.com\/pt\/wp-json\/wp\/v2\/product_brand?post=704"},{"taxonomy":"product_cat","embeddable":true,"href":"https:\/\/www.qhbake.com\/pt\/wp-json\/wp\/v2\/product_cat?post=704"},{"taxonomy":"product_tag","embeddable":true,"href":"https:\/\/www.qhbake.com\/pt\/wp-json\/wp\/v2\/product_tag?post=704"}],"curies":[{"name":"wp","href":"https:\/\/api.w.org\/{rel}","templated":true}]}}