{"id":693,"date":"2021-05-17T09:47:37","date_gmt":"2021-05-17T09:47:37","guid":{"rendered":"https:\/\/qhbake.com\/?post_type=product&#038;p=693"},"modified":"2024-05-23T14:31:46","modified_gmt":"2024-05-23T14:31:46","slug":"rotary-molder","status":"publish","type":"product","link":"https:\/\/www.qhbake.com\/pt\/produto\/rotary-molder","title":{"rendered":"Moldador rotativo para venda - M\u00e1quinas de biscoito de moldagem rotativa para padaria"},"content":{"rendered":"<div class=\"title\">Atacadista de Moldador Rotativo #1 \u2013 Encontre o Moldador Rotativo Perfeito para Sua Necessidade. Sem intermedi\u00e1rios - compre o moldador rotativo diretamente da f\u00e1brica confi\u00e1vel. Garantias do setor para o Moldador Rotativo \u2013 Suporte 24 horas por dia, 7 dias por semana \u2013 Cota\u00e7\u00e3o em 5 minutos ou menos. Melhor Moldador Rotativo \u00e0 Venda - F\u00e1brica de Moldadores Rotativos -OEM\/ODM com Pre\u00e7os Mais Baixos<\/div>\n<div class=\"contents\">\n<div id=\"global_editor_contents\">\n<div>\n<ul>\n<li>100-1500 Capacidade de Produ\u00e7\u00e3o<\/li>\n<li>\u00a05+ anos de garantia<\/li>\n<li>3+ Equipe de design personalizada<\/li>\n<li>Material do transportador de PU<\/li>\n<\/ul>\n<\/div>\n<h2><strong>Recurso Moldador Rotativo<\/strong><\/h2>\n<p>Esta m\u00e1quina \u00e9 muito f\u00e1cil de operar, para colocar a massa de farinha mexida no funil da m\u00e1quina. \u00c9 formado de uma s\u00f3 vez em qualquer biscoito de forma que voc\u00ea deseja.<\/p>\n<p>A velocidade de forma\u00e7\u00e3o pode ser ajust\u00e1vel e pequena em tamanho para economizar espa\u00e7o.<\/p>\n<p>Adequado para quem deseja iniciar a produ\u00e7\u00e3o de biscoitos com baixo or\u00e7amento e pequena f\u00e1brica<\/p>\n<h2><strong>Vantagem do Moldador Rotativo<\/strong><\/h2>\n<p>Controle el\u00e9trico, automa\u00e7\u00e3o de alto grau, estrutura simples, opera\u00e7\u00e3o f\u00e1cil<br \/>\nVisor digital da espessura da massa, ajusta automaticamente a espessura da massa<br \/>\nRaspador tipo T9, afiado e dur\u00e1vel<br \/>\nTens\u00e3o pneum\u00e1tica, dispositivo retificador pneum\u00e1tico<br \/>\nCorreia transportadora de PU, rolo de liga muito mais forte<br \/>\nFlex\u00e3o em forma de R para evitar les\u00f5es no trabalho<br \/>\nRevestimento de jateamento \u00e0 prova d&#039;\u00e1gua para longa vida \u00fatil<\/p>\n<\/div>\n<\/div>","protected":false},"excerpt":{"rendered":"<p>Moldador rotativo para fazer biscoitos macios<\/p>","protected":false},"featured_media":3417,"comment_status":"closed","ping_status":"closed","template":"","meta":{"_et_pb_use_builder":"","_et_pb_old_content":"","_et_gb_content_width":"","_lmt_disableupdate":"","_lmt_disable":""},"product_brand":[],"product_cat":[91],"product_tag":[],"class_list":{"0":"post-693","1":"product","2":"type-product","3":"status-publish","4":"has-post-thumbnail","6":"product_cat-soft-biscuit-machine","8":"first","9":"instock","10":"shipping-taxable","11":"product-type-simple"},"_links":{"self":[{"href":"https:\/\/www.qhbake.com\/pt\/wp-json\/wp\/v2\/product\/693","targetHints":{"allow":["GET"]}}],"collection":[{"href":"https:\/\/www.qhbake.com\/pt\/wp-json\/wp\/v2\/product"}],"about":[{"href":"https:\/\/www.qhbake.com\/pt\/wp-json\/wp\/v2\/types\/product"}],"replies":[{"embeddable":true,"href":"https:\/\/www.qhbake.com\/pt\/wp-json\/wp\/v2\/comments?post=693"}],"wp:featuredmedia":[{"embeddable":true,"href":"https:\/\/www.qhbake.com\/pt\/wp-json\/wp\/v2\/media\/3417"}],"wp:attachment":[{"href":"https:\/\/www.qhbake.com\/pt\/wp-json\/wp\/v2\/media?parent=693"}],"wp:term":[{"taxonomy":"product_brand","embeddable":true,"href":"https:\/\/www.qhbake.com\/pt\/wp-json\/wp\/v2\/product_brand?post=693"},{"taxonomy":"product_cat","embeddable":true,"href":"https:\/\/www.qhbake.com\/pt\/wp-json\/wp\/v2\/product_cat?post=693"},{"taxonomy":"product_tag","embeddable":true,"href":"https:\/\/www.qhbake.com\/pt\/wp-json\/wp\/v2\/product_tag?post=693"}],"curies":[{"name":"wp","href":"https:\/\/api.w.org\/{rel}","templated":true}]}}