{"id":690,"date":"2021-05-17T09:39:33","date_gmt":"2021-05-17T09:39:33","guid":{"rendered":"https:\/\/qhbake.com\/?post_type=product&#038;p=690"},"modified":"2024-05-23T14:31:40","modified_gmt":"2024-05-23T14:31:40","slug":"double-blades-dough-mixer-vertical","status":"publish","type":"product","link":"https:\/\/www.qhbake.com\/pt\/produto\/double-blades-dough-mixer-vertical","title":{"rendered":"Misturador de massa de l\u00e2minas duplas (vertical) para venda - f\u00e1brica e fornecedor"},"content":{"rendered":"<p>#1 Atacadista do misturador de massa de l\u00e2minas duplas \u2013 Encontre o misturador de massa de l\u00e2minas duplas perfeito para sua necessidade. Sem intermedi\u00e1rios - Compre o misturador de massa de l\u00e2minas duplas diretamente da f\u00e1brica confi\u00e1vel. Garantias da ind\u00fastria para misturador de massa de l\u00e2minas duplas \u2013 suporte 24 horas por dia, 7 dias por semana \u2013 cota\u00e7\u00e3o em 5 minutos ou menos. Melhor misturador de massa de l\u00e2minas duplas para venda - F\u00e1brica de misturador de massa de l\u00e2minas duplas -OEM\/ODM com pre\u00e7os mais baixos<\/p>\n<div class=\"contents\">\n<div id=\"global_editor_contents\">\n<div>\n<p>&nbsp;<\/p>\n<ul>\n<li>Velocidade do Batedor 25rpm<\/li>\n<li>Material da m\u00e1quina SUS304<\/li>\n<li>\u00a0 5+ anos de garantia<\/li>\n<li>Controle PLC por<\/li>\n<\/ul>\n<\/div>\n<h2><strong>Recurso misturador de massa de l\u00e2minas duplas<\/strong><\/h2>\n<p>Este misturador tem l\u00e2minas de eixo vertical duplas para uma mistura totalmente alta.<\/p>\n<p>A a\u00e7\u00e3o de mistura alta, mas suave, mexe bem os ingredientes sem alta entrada de energia no est\u00e1gio de prote\u00ednas do gl\u00faten.<\/p>\n<p>As cubas de mistura com rodas s\u00e3o carregadas com ingredientes, manualmente ou por um sistema de enchimento de cubas semiautom\u00e1tico, economizando tempo durante a transi\u00e7\u00e3o entre o per\u00edodo de fermenta\u00e7\u00e3o e diferentes tipos de massa.<\/p>\n<h2><strong>Misturador de massa de l\u00e2minas duplas Vantagens<\/strong><\/h2>\n<p>1. Tempo de fermenta\u00e7\u00e3o do biscoito 4-8H<br \/>\n2, tamanho do lote: 300\/500\/800kg<br \/>\n3. Velocidade do batedor: 25 rpm<br \/>\n4. Opera\u00e7\u00e3o simples e segura<br \/>\n5. Temporizador para controle ideal ap\u00f3s a mistura final das l\u00e2minas verticais duplas de a\u00e7o inoxid\u00e1vel<br \/>\n6. Cubas de mistura com rodas para reparo e economia de tempo<br \/>\n7. Higi\u00eanico e de f\u00e1cil manuten\u00e7\u00e3o<\/p>\n<\/div>\n<\/div>","protected":false},"excerpt":{"rendered":"<p>#1 Atacadista do misturador de massa de l\u00e2minas duplas \u2013 Encontre o misturador de massa de l\u00e2minas duplas perfeito para sua necessidade. Sem intermedi\u00e1rios - Compre o misturador de massa de l\u00e2minas duplas diretamente da f\u00e1brica confi\u00e1vel. Garantias da ind\u00fastria para misturador de massa de l\u00e2minas duplas \u2013 suporte 24 horas por dia, 7 dias por semana \u2013 cota\u00e7\u00e3o em 5 minutos ou menos. Melhor misturador de massa de l\u00e2minas duplas para venda - F\u00e1brica de misturador de massa de l\u00e2minas duplas -OEM\/ODM com pre\u00e7os mais baixos<\/p>","protected":false},"featured_media":3415,"comment_status":"closed","ping_status":"closed","template":"","meta":{"_et_pb_use_builder":"","_et_pb_old_content":"","_et_gb_content_width":"","_lmt_disableupdate":"","_lmt_disable":""},"product_brand":[],"product_cat":[133],"product_tag":[],"class_list":{"0":"post-690","1":"product","2":"type-product","3":"status-publish","4":"has-post-thumbnail","6":"product_cat-dough-mixer","8":"first","9":"instock","10":"shipping-taxable","11":"product-type-simple"},"_links":{"self":[{"href":"https:\/\/www.qhbake.com\/pt\/wp-json\/wp\/v2\/product\/690","targetHints":{"allow":["GET"]}}],"collection":[{"href":"https:\/\/www.qhbake.com\/pt\/wp-json\/wp\/v2\/product"}],"about":[{"href":"https:\/\/www.qhbake.com\/pt\/wp-json\/wp\/v2\/types\/product"}],"replies":[{"embeddable":true,"href":"https:\/\/www.qhbake.com\/pt\/wp-json\/wp\/v2\/comments?post=690"}],"wp:featuredmedia":[{"embeddable":true,"href":"https:\/\/www.qhbake.com\/pt\/wp-json\/wp\/v2\/media\/3415"}],"wp:attachment":[{"href":"https:\/\/www.qhbake.com\/pt\/wp-json\/wp\/v2\/media?parent=690"}],"wp:term":[{"taxonomy":"product_brand","embeddable":true,"href":"https:\/\/www.qhbake.com\/pt\/wp-json\/wp\/v2\/product_brand?post=690"},{"taxonomy":"product_cat","embeddable":true,"href":"https:\/\/www.qhbake.com\/pt\/wp-json\/wp\/v2\/product_cat?post=690"},{"taxonomy":"product_tag","embeddable":true,"href":"https:\/\/www.qhbake.com\/pt\/wp-json\/wp\/v2\/product_tag?post=690"}],"curies":[{"name":"wp","href":"https:\/\/api.w.org\/{rel}","templated":true}]}}