{"id":686,"date":"2021-05-17T09:33:49","date_gmt":"2021-05-17T09:33:49","guid":{"rendered":"https:\/\/qhbake.com\/?post_type=product&#038;p=686"},"modified":"2024-05-23T14:39:05","modified_gmt":"2024-05-23T14:39:05","slug":"planetary-mixer","status":"publish","type":"product","link":"https:\/\/www.qhbake.com\/pt\/produto\/planetary-mixer","title":{"rendered":"Misturador planet\u00e1rio"},"content":{"rendered":"<div class=\"title\"><strong style=\"color: #333333;font-size: 22px\">Misturador Planet\u00e1rio<\/strong><\/div>\n<div class=\"contents\">\n<div id=\"global_editor_contents\">\n<div>\n<ul>\n<li>40+<br \/>\nExperi\u00eancia de Produ\u00e7\u00e3o<\/li>\n<li>SUS<br \/>\nUso de materiais<\/li>\n<li>3 dias<br \/>\nTempo de entrega<\/li>\n<li>137-475r\/m<br \/>\nFaixa de velocidade de mistura<\/li>\n<\/ul>\n<\/div>\n<p><strong>Caracter\u00edstica:<\/strong><br \/>\nA batedeira planet\u00e1ria tem muitas fun\u00e7\u00f5es, como misturar, amassar para misturar o leite, ovos e assim por diante. As m\u00e1quinas s\u00e3o completas com 3 tipos de agitador e possuem 3 graus de velocidade para diferentes finalidades de mistura como mistura de farinhas, mistura de recheios, aquecimento de ovos e etc. Todas as partes em contato com os alimentos s\u00e3o feitas de a\u00e7o inoxid\u00e1vel.<\/p>\n<p><strong>Sele\u00e7\u00e3o de agitador e velocidade<\/strong><br \/>\nbra\u00e7o de massa:<br \/>\nAdequado para massa de p\u00e3o pesada ou outros materiais aliment\u00edcios de alta viscosidade.<br \/>\n\u2013 Coloque a m\u00e1quina em LOW SPEED.<\/p>\n<p>Batedor:<br \/>\nAdequado para banhistas finos, bolos, pur\u00ea de batatas e alimentos triturados, em p\u00f3 e pastosos como recheio.<br \/>\n\u2013 Coloque a m\u00e1quina em VELOCIDADE M\u00c9DIA<\/p>\n<p>Chicote de arame:<br \/>\nAdequado para misturar alimentos l\u00edquidos, bater natas e bater ovos.<br \/>\n\u2013 Coloque a m\u00e1quina em ALTA VELOCIDADE<br \/>\n<img decoding=\"async\" alt=\"misturador planet\u00e1rio\" title=\"misturador planet\u00e1rio\" src=\"https:\/\/ueeshop-cn.ly200-cdn.com\/u_file\/UPAQ\/UPAQ082\/2102\/photo\/0c826b800a.jpg\" \/><\/p>\n<div class=\"editor_table_wrap\"><\/div>\n<p><strong>\u00a0Vantagens:<\/strong><br \/>\n1. Tigela de a\u00e7o inoxid\u00e1vel de qualidade alimentar<br \/>\n2. Prote\u00e7\u00e3o contra sobrecarga do motor<br \/>\n3. Bloqueio da tigela de seguran\u00e7a<br \/>\n4. O motor de cobre puro com baixo ru\u00eddo<br \/>\n5. Movimento planet\u00e1rio misturando totalmente<br \/>\n6. Dissipa\u00e7\u00e3o de calor multifacetada<br \/>\n7. Velocidade ajust\u00e1vel em velocidade r\u00e1pida, m\u00e9dia e lenta<\/p>\n<\/div>\n<\/div>","protected":false},"excerpt":{"rendered":"<p>O misturador planet\u00e1rio tem muitas fun\u00e7\u00f5es, como misturar, amassar para misturar o leite, ovos e assim por diante.<\/p>","protected":false},"featured_media":5627,"comment_status":"closed","ping_status":"closed","template":"","meta":{"_et_pb_use_builder":"","_et_pb_old_content":"","_et_gb_content_width":"","_lmt_disableupdate":"","_lmt_disable":""},"product_brand":[],"product_cat":[93],"product_tag":[],"class_list":{"0":"post-686","1":"product","2":"type-product","3":"status-publish","4":"has-post-thumbnail","6":"product_cat-other-bakery-equipment","8":"first","9":"instock","10":"shipping-taxable","11":"product-type-simple"},"_links":{"self":[{"href":"https:\/\/www.qhbake.com\/pt\/wp-json\/wp\/v2\/product\/686","targetHints":{"allow":["GET"]}}],"collection":[{"href":"https:\/\/www.qhbake.com\/pt\/wp-json\/wp\/v2\/product"}],"about":[{"href":"https:\/\/www.qhbake.com\/pt\/wp-json\/wp\/v2\/types\/product"}],"replies":[{"embeddable":true,"href":"https:\/\/www.qhbake.com\/pt\/wp-json\/wp\/v2\/comments?post=686"}],"wp:featuredmedia":[{"embeddable":true,"href":"https:\/\/www.qhbake.com\/pt\/wp-json\/wp\/v2\/media\/5627"}],"wp:attachment":[{"href":"https:\/\/www.qhbake.com\/pt\/wp-json\/wp\/v2\/media?parent=686"}],"wp:term":[{"taxonomy":"product_brand","embeddable":true,"href":"https:\/\/www.qhbake.com\/pt\/wp-json\/wp\/v2\/product_brand?post=686"},{"taxonomy":"product_cat","embeddable":true,"href":"https:\/\/www.qhbake.com\/pt\/wp-json\/wp\/v2\/product_cat?post=686"},{"taxonomy":"product_tag","embeddable":true,"href":"https:\/\/www.qhbake.com\/pt\/wp-json\/wp\/v2\/product_tag?post=686"}],"curies":[{"name":"wp","href":"https:\/\/api.w.org\/{rel}","templated":true}]}}