{"id":630,"date":"2021-04-27T06:53:23","date_gmt":"2021-04-27T06:53:23","guid":{"rendered":"https:\/\/qhbake.com\/?post_type=product&#038;p=630"},"modified":"2024-05-23T14:31:44","modified_gmt":"2024-05-23T14:31:44","slug":"hard-biscuit-machine","status":"publish","type":"product","link":"https:\/\/www.qhbake.com\/pt\/produto\/hard-biscuit-machine","title":{"rendered":"Cortador rotativo de biscoito duro | M\u00e1quinas para biscoitos duros para venda"},"content":{"rendered":"<div class=\"title\"><strong style=\"color: #333333;font-size: 22px\">Cortador girat\u00f3rio de biscoito duro<\/strong><\/div>\n<div class=\"contents\">\n<div id=\"global_editor_contents\">\n<div>\n<ul>\n<li>40+<br \/>\nExperi\u00eancia de Produ\u00e7\u00e3o<\/li>\n<li>PU<br \/>\nCorreia transportadora<\/li>\n<li>5+<br \/>\nEquipe de projeto<\/li>\n<\/ul>\n<\/div>\n<p><strong>Caracter\u00edstica:<\/strong><\/p>\n<p>O molde possui um bloco de massa de tamanho, forma e padr\u00e3o especificados para garantir o processamento fino da massa, a reten\u00e7\u00e3o de sua estrutura e a produ\u00e7\u00e3o cont\u00ednua de tiras de massa.<br \/>\nOs rolos de extrus\u00e3o, dependendo da massa utilizada, podem ser lisos ou ondulados.<br \/>\nTroca r\u00e1pida do rotor de forma\u00e7\u00e3o ao trocar o produto fabricado.<br \/>\nA velocidade dos rolos \u00e9 controlada por um conversor de frequ\u00eancia e \u00e9 regulada dentro de amplos limites.<br \/>\nO design oferece f\u00e1cil integra\u00e7\u00e3o em linhas existentes.<br \/>\nTamanhos est\u00e1veis e qualidade da pe\u00e7a de trabalho devido ao uso de fixa\u00e7\u00e3o pneum\u00e1tica do rotor e da fita de massa.<br \/>\nA correia transportadora consiste em estrutura de a\u00e7o carbono. Superf\u00edcies deslizantes de a\u00e7o inoxid\u00e1vel e rolo de borracha de reboque. A entrada e a sa\u00edda s\u00e3o equipadas com nariz de di\u00e2metro reduzido que permitem uma melhor passagem da folha de massa. Controle autom\u00e1tico da velocidade do transportador atrav\u00e9s do painel el\u00e9trico da linha de lamina\u00e7\u00e3o.<\/p>\n<div class=\"editor_table_wrap\"><\/div>\n<p><strong>Vantagem:<\/strong><\/p>\n<ul>\n<li>Dispositivo de alinhamento da dist\u00e2ncia do centro do molde;<\/li>\n<li>Display digital individual para dois rolos rotativos;<\/li>\n<li>A estrutura de press\u00e3o de forma\u00e7\u00e3o \u00e9 acionada pelo motor que pode ser ajustado \u00e0 vontade. F\u00e1cil opera\u00e7\u00e3o e desmoldagem confi\u00e1vel;<\/li>\n<li>Adota um redutor de engrenagem helicoidal como pot\u00eancia e transmiss\u00e3o de correia s\u00edncrona. Transmiss\u00e3o est\u00e1vel, pequena vibra\u00e7\u00e3o e baixo ru\u00eddo;<\/li>\n<li>O alto grau de automa\u00e7\u00e3o por controle el\u00e9trico;<\/li>\n<li>A correia transportadora automaticamente tensionada e ajustada;<\/li>\n<li>Dispositivo de recupera\u00e7\u00e3o de material restante;<\/li>\n<\/ul>\n<\/div>\n<\/div>\n<p>&nbsp;<\/p>","protected":false},"excerpt":{"rendered":"<p>Moldador rotativo para a forma\u00e7\u00e3o de biscoitos duros, projetado para cortar a massa para formar o formato e os padr\u00f5es de biscoitos duros.<\/p>","protected":false},"featured_media":3420,"comment_status":"closed","ping_status":"closed","template":"","meta":{"_et_pb_use_builder":"","_et_pb_old_content":"","_et_gb_content_width":"","_lmt_disableupdate":"","_lmt_disable":""},"product_brand":[],"product_cat":[90],"product_tag":[],"class_list":{"0":"post-630","1":"product","2":"type-product","3":"status-publish","4":"has-post-thumbnail","6":"product_cat-hard-biscuit-machine","8":"first","9":"instock","10":"shipping-taxable","11":"product-type-simple"},"_links":{"self":[{"href":"https:\/\/www.qhbake.com\/pt\/wp-json\/wp\/v2\/product\/630","targetHints":{"allow":["GET"]}}],"collection":[{"href":"https:\/\/www.qhbake.com\/pt\/wp-json\/wp\/v2\/product"}],"about":[{"href":"https:\/\/www.qhbake.com\/pt\/wp-json\/wp\/v2\/types\/product"}],"replies":[{"embeddable":true,"href":"https:\/\/www.qhbake.com\/pt\/wp-json\/wp\/v2\/comments?post=630"}],"wp:featuredmedia":[{"embeddable":true,"href":"https:\/\/www.qhbake.com\/pt\/wp-json\/wp\/v2\/media\/3420"}],"wp:attachment":[{"href":"https:\/\/www.qhbake.com\/pt\/wp-json\/wp\/v2\/media?parent=630"}],"wp:term":[{"taxonomy":"product_brand","embeddable":true,"href":"https:\/\/www.qhbake.com\/pt\/wp-json\/wp\/v2\/product_brand?post=630"},{"taxonomy":"product_cat","embeddable":true,"href":"https:\/\/www.qhbake.com\/pt\/wp-json\/wp\/v2\/product_cat?post=630"},{"taxonomy":"product_tag","embeddable":true,"href":"https:\/\/www.qhbake.com\/pt\/wp-json\/wp\/v2\/product_tag?post=630"}],"curies":[{"name":"wp","href":"https:\/\/api.w.org\/{rel}","templated":true}]}}