{"id":5969,"date":"2022-12-02T05:53:57","date_gmt":"2022-12-02T05:53:57","guid":{"rendered":"https:\/\/qhbake.com\/?post_type=product&#038;p=5969"},"modified":"2024-05-23T14:40:13","modified_gmt":"2024-05-23T14:40:13","slug":"oil-drum","status":"publish","type":"product","link":"https:\/\/www.qhbake.com\/pt\/produto\/oil-drum","title":{"rendered":"Revestimento de tambor de \u00f3leo"},"content":{"rendered":"<p><strong><b>Vantagem:<\/b><\/strong><\/p>\n<p>Toda a estrutura \u00e9 SUS304 com soldagem total<\/p>\n<p>Higiene e saneamento<\/p>\n<p>Revestimento ideal<\/p>\n<p>Uso econ\u00f4mico de a\u00e7\u00facar<\/p>\n<p>Manuten\u00e7\u00e3o simples<\/p>\n<p>Dimens\u00e3o: 1900x1500x1600mm<\/p>\n<p>Peso: 380kg<\/p>\n<p>Pot\u00eancia: 1,5kw<\/p>\n<div id=\"attachment_5973\" style=\"width: 950px\" class=\"wp-caption alignnone\"><img loading=\"lazy\" decoding=\"async\" aria-describedby=\"caption-attachment-5973\" title=\"revestidor de tambor de \u00f3leo\" class=\"size-large wp-image-5973\" src=\"https:\/\/qhbake.com\/wp-content\/uploads\/2022\/12\/1669957685166-1024x768.jpg\" alt=\"revestidor de tambor de \u00f3leo\" width=\"940\" height=\"705\" srcset=\"https:\/\/www.qhbake.com\/wp-content\/uploads\/2022\/12\/1669957685166-1024x768.jpg 1024w, https:\/\/www.qhbake.com\/wp-content\/uploads\/2022\/12\/1669957685166-scaled-600x450.jpg 600w, https:\/\/www.qhbake.com\/wp-content\/uploads\/2022\/12\/1669957685166-300x225.jpg 300w, https:\/\/www.qhbake.com\/wp-content\/uploads\/2022\/12\/1669957685166-768x576.jpg 768w, https:\/\/www.qhbake.com\/wp-content\/uploads\/2022\/12\/1669957685166-1536x1152.jpg 1536w, https:\/\/www.qhbake.com\/wp-content\/uploads\/2022\/12\/1669957685166-2048x1536.jpg 2048w, https:\/\/www.qhbake.com\/wp-content\/uploads\/2022\/12\/1669957685166-16x12.jpg 16w, https:\/\/www.qhbake.com\/wp-content\/uploads\/2022\/12\/1669957685166-285x214.jpg 285w, https:\/\/www.qhbake.com\/wp-content\/uploads\/2022\/12\/1669957685166-1600x1200.jpg 1600w, https:\/\/www.qhbake.com\/wp-content\/uploads\/2022\/12\/1669957685166-800x600.jpg 800w, https:\/\/www.qhbake.com\/wp-content\/uploads\/2022\/12\/1669957685166-scaled.jpg 1920w\" sizes=\"(max-width: 940px) 100vw, 940px\" \/><p id=\"caption-attachment-5973\" class=\"wp-caption-text\">tambor de \u00f3leo<\/p><\/div>\n<p><strong><b>Recursos: <\/b><\/strong><\/p>\n<p>A m\u00e1quina \u00e9 projetada e fabricada de acordo com a tecnologia especial de processamento de balas de goma. \u00c9 usado para revestir o \u00f3leo\/xarope\/cera do lado de fora do doce de goma antes de ir para a sala seca,<\/p>\n<p>Cubra o \u00f3leo para evitar que grudem nas bandejas secas.<\/p>\n<p>Tornou a apar\u00eancia gomosa mais brilhante e leve.<\/p>\n<div id=\"attachment_5970\" style=\"width: 946px\" class=\"wp-caption alignnone\"><img loading=\"lazy\" decoding=\"async\" aria-describedby=\"caption-attachment-5970\" title=\"revestidor de tambor de \u00f3leo\" class=\"wp-image-5970\" src=\"https:\/\/qhbake.com\/wp-content\/uploads\/2022\/12\/16699593801.png\" alt=\"revestidor de tambor de \u00f3leo\" width=\"936\" height=\"393\" srcset=\"https:\/\/www.qhbake.com\/wp-content\/uploads\/2022\/12\/16699593801.png 993w, https:\/\/www.qhbake.com\/wp-content\/uploads\/2022\/12\/16699593801-600x252.png 600w, https:\/\/www.qhbake.com\/wp-content\/uploads\/2022\/12\/16699593801-300x126.png 300w, https:\/\/www.qhbake.com\/wp-content\/uploads\/2022\/12\/16699593801-768x323.png 768w, https:\/\/www.qhbake.com\/wp-content\/uploads\/2022\/12\/16699593801-18x8.png 18w, https:\/\/www.qhbake.com\/wp-content\/uploads\/2022\/12\/16699593801-285x120.png 285w\" sizes=\"(max-width: 936px) 100vw, 936px\" \/><p id=\"caption-attachment-5970\" class=\"wp-caption-text\">m\u00e1quina de revestimento de \u00f3leo<\/p><\/div>\n<p><strong><b>Lista de equipamento:<\/b><\/strong><\/p>\n<p>m\u00e1quina de revestimento de \u00f3leo<\/p>\n<p>Dispositivo de inje\u00e7\u00e3o de \u00f3leo<\/p>\n<p><img loading=\"lazy\" decoding=\"async\" title=\"revestidor de tambor de \u00f3leo\" class=\"alignnone wp-image-5972\" src=\"https:\/\/qhbake.com\/wp-content\/uploads\/2022\/12\/16699597101.png\" alt=\"revestidor de tambor de \u00f3leo\" width=\"934\" height=\"699\" srcset=\"https:\/\/www.qhbake.com\/wp-content\/uploads\/2022\/12\/16699597101.png 1000w, https:\/\/www.qhbake.com\/wp-content\/uploads\/2022\/12\/16699597101-600x449.png 600w, https:\/\/www.qhbake.com\/wp-content\/uploads\/2022\/12\/16699597101-300x225.png 300w, https:\/\/www.qhbake.com\/wp-content\/uploads\/2022\/12\/16699597101-768x575.png 768w, https:\/\/www.qhbake.com\/wp-content\/uploads\/2022\/12\/16699597101-16x12.png 16w, https:\/\/www.qhbake.com\/wp-content\/uploads\/2022\/12\/16699597101-285x213.png 285w, https:\/\/www.qhbake.com\/wp-content\/uploads\/2022\/12\/16699597101-800x600.png 800w\" sizes=\"(max-width: 934px) 100vw, 934px\" \/><\/p>","protected":false},"excerpt":{"rendered":"<p>Advantage\uff1a Whole structure are SUS304 with fully welding Hygiene and sanitation Optimum coating Economical sugar usage Simple maintenance Dimension\uff1a1900x1500x1600mm Weight\uff1a380kg Power\uff1a1.5kw Features: The machine is designed and made out according to the special gummy candy processing\u00a0technology. It is used for coating the oil \/syrup\/wax out side of the gummy candy\u00a0before into dry room, Cover oil [&hellip;]<\/p>\n","protected":false},"featured_media":5974,"comment_status":"open","ping_status":"closed","template":"","meta":{"_et_pb_use_builder":"","_et_pb_old_content":"","_et_gb_content_width":"","_lmt_disableupdate":"","_lmt_disable":""},"product_brand":[],"product_cat":[114],"product_tag":[240],"class_list":{"0":"post-5969","1":"product","2":"type-product","3":"status-publish","4":"has-post-thumbnail","6":"product_cat-gummy-candy-production-line","7":"product_tag-oil-drum","9":"first","10":"instock","11":"shipping-taxable","12":"product-type-simple"},"_links":{"self":[{"href":"https:\/\/www.qhbake.com\/pt\/wp-json\/wp\/v2\/product\/5969","targetHints":{"allow":["GET"]}}],"collection":[{"href":"https:\/\/www.qhbake.com\/pt\/wp-json\/wp\/v2\/product"}],"about":[{"href":"https:\/\/www.qhbake.com\/pt\/wp-json\/wp\/v2\/types\/product"}],"replies":[{"embeddable":true,"href":"https:\/\/www.qhbake.com\/pt\/wp-json\/wp\/v2\/comments?post=5969"}],"wp:featuredmedia":[{"embeddable":true,"href":"https:\/\/www.qhbake.com\/pt\/wp-json\/wp\/v2\/media\/5974"}],"wp:attachment":[{"href":"https:\/\/www.qhbake.com\/pt\/wp-json\/wp\/v2\/media?parent=5969"}],"wp:term":[{"taxonomy":"product_brand","embeddable":true,"href":"https:\/\/www.qhbake.com\/pt\/wp-json\/wp\/v2\/product_brand?post=5969"},{"taxonomy":"product_cat","embeddable":true,"href":"https:\/\/www.qhbake.com\/pt\/wp-json\/wp\/v2\/product_cat?post=5969"},{"taxonomy":"product_tag","embeddable":true,"href":"https:\/\/www.qhbake.com\/pt\/wp-json\/wp\/v2\/product_tag?post=5969"}],"curies":[{"name":"wp","href":"https:\/\/api.w.org\/{rel}","templated":true}]}}