{"id":5953,"date":"2022-12-02T04:22:54","date_gmt":"2022-12-02T04:22:54","guid":{"rendered":"https:\/\/qhbake.com\/?post_type=product&#038;p=5953"},"modified":"2024-05-23T14:40:11","modified_gmt":"2024-05-23T14:40:11","slug":"sugar-tumbler","status":"publish","type":"product","link":"https:\/\/www.qhbake.com\/pt\/produto\/sugar-tumbler","title":{"rendered":"copo de a\u00e7\u00facar"},"content":{"rendered":"<p><strong><b>M\u00e1quina de revestimento de a\u00e7\u00facar\/lixamento<\/b><\/strong><\/p>\n<div id=\"attachment_5958\" style=\"width: 899px\" class=\"wp-caption alignnone\"><img loading=\"lazy\" decoding=\"async\" aria-describedby=\"caption-attachment-5958\" title=\"copo de a\u00e7\u00facar\" class=\"wp-image-5958\" src=\"https:\/\/qhbake.com\/wp-content\/uploads\/2022\/12\/16699545841.png\" alt=\"copo de a\u00e7\u00facar\" width=\"889\" height=\"600\" srcset=\"https:\/\/www.qhbake.com\/wp-content\/uploads\/2022\/12\/16699545841.png 823w, https:\/\/www.qhbake.com\/wp-content\/uploads\/2022\/12\/16699545841-600x405.png 600w, https:\/\/www.qhbake.com\/wp-content\/uploads\/2022\/12\/16699545841-300x203.png 300w, https:\/\/www.qhbake.com\/wp-content\/uploads\/2022\/12\/16699545841-768x519.png 768w, https:\/\/www.qhbake.com\/wp-content\/uploads\/2022\/12\/16699545841-18x12.png 18w, https:\/\/www.qhbake.com\/wp-content\/uploads\/2022\/12\/16699545841-285x193.png 285w\" sizes=\"(max-width: 889px) 100vw, 889px\" \/><p id=\"caption-attachment-5958\" class=\"wp-caption-text\">Copo para cobertura de a\u00e7\u00facar<\/p><\/div>\n<p><strong><b>Vantagem:<\/b><\/strong><\/p>\n<p>Toda a estrutura \u00e9 SUS304 com soldagem total<\/p>\n<p>Higiene e saneamento<\/p>\n<p>Revestimento ideal<\/p>\n<p>VDF controla a velocidade do revestimento<\/p>\n<p>Poderoso tamb\u00e9m menos ru\u00eddo<\/p>\n<p>Uso econ\u00f4mico de a\u00e7\u00facar\/reciclagem tamb\u00e9m<\/p>\n<p>Manuten\u00e7\u00e3o simples<\/p>\n<p>Dimens\u00e3o: 2300x1600x1800mm<\/p>\n<p>Peso: 380kg<\/p>\n<p>Pot\u00eancia: revestimento de 1,5kw \/ transfer\u00eancia de 1,1kw \/ aquecimento de 6kw<\/p>\n<p><img loading=\"lazy\" decoding=\"async\" title=\"copo de a\u00e7\u00facar\" class=\"alignnone  wp-image-5964\" src=\"https:\/\/qhbake.com\/wp-content\/uploads\/2022\/12\/16699568451.png\" alt=\"copo de a\u00e7\u00facar\" width=\"895\" height=\"439\" srcset=\"https:\/\/www.qhbake.com\/wp-content\/uploads\/2022\/12\/16699568451.png 997w, https:\/\/www.qhbake.com\/wp-content\/uploads\/2022\/12\/16699568451-600x294.png 600w, https:\/\/www.qhbake.com\/wp-content\/uploads\/2022\/12\/16699568451-300x147.png 300w, https:\/\/www.qhbake.com\/wp-content\/uploads\/2022\/12\/16699568451-768x377.png 768w, https:\/\/www.qhbake.com\/wp-content\/uploads\/2022\/12\/16699568451-18x9.png 18w, https:\/\/www.qhbake.com\/wp-content\/uploads\/2022\/12\/16699568451-285x140.png 285w\" sizes=\"(max-width: 895px) 100vw, 895px\" \/><\/p>\n<div id=\"attachment_5965\" style=\"width: 902px\" class=\"wp-caption alignnone\"><img loading=\"lazy\" decoding=\"async\" aria-describedby=\"caption-attachment-5965\" title=\"copo de a\u00e7\u00facar\" class=\"wp-image-5965\" src=\"https:\/\/qhbake.com\/wp-content\/uploads\/2022\/12\/16699569431.png\" alt=\"copo de a\u00e7\u00facar\" width=\"892\" height=\"441\" srcset=\"https:\/\/www.qhbake.com\/wp-content\/uploads\/2022\/12\/16699569431.png 918w, https:\/\/www.qhbake.com\/wp-content\/uploads\/2022\/12\/16699569431-600x297.png 600w, https:\/\/www.qhbake.com\/wp-content\/uploads\/2022\/12\/16699569431-300x148.png 300w, https:\/\/www.qhbake.com\/wp-content\/uploads\/2022\/12\/16699569431-768x380.png 768w, https:\/\/www.qhbake.com\/wp-content\/uploads\/2022\/12\/16699569431-18x9.png 18w, https:\/\/www.qhbake.com\/wp-content\/uploads\/2022\/12\/16699569431-285x141.png 285w\" sizes=\"(max-width: 892px) 100vw, 892px\" \/><p id=\"caption-attachment-5965\" class=\"wp-caption-text\">Maquina de goma<\/p><\/div>\n<p>A m\u00e1quina \u00e9 projetada de acordo com a tecnologia especial de processamento de balas de goma que, ap\u00f3s a desmoldagem, faz com que as gomas cubram uma camada de a\u00e7\u00facar ou outro poder para promover o sabor e a apar\u00eancia.<\/p>\n<p>Existem dois m\u00e9todos de revestimento de acordo com o tamanho do gr\u00e2nulo de a\u00e7\u00facar e os requisitos de detalhes do cliente.<\/p>\n<p><b><\/b><strong><b>poder de a\u00e7\u00facar<\/b><\/strong>\uff1agoma antes de secar para cobrir o poder do a\u00e7\u00facar pode absorver um pouco de umidade, por meio de rota\u00e7\u00e3o do trabalho na m\u00e1quina de revestimento e depois na sala seca.<\/p>\n<div id=\"attachment_5966\" style=\"width: 884px\" class=\"wp-caption alignnone\"><img loading=\"lazy\" decoding=\"async\" aria-describedby=\"caption-attachment-5966\" title=\"copo de a\u00e7\u00facar\" class=\"wp-image-5966\" src=\"https:\/\/qhbake.com\/wp-content\/uploads\/2022\/12\/16699570311-1024x377.png\" alt=\"copo de a\u00e7\u00facar\" width=\"874\" height=\"322\" srcset=\"https:\/\/www.qhbake.com\/wp-content\/uploads\/2022\/12\/16699570311-1024x377.png 1024w, https:\/\/www.qhbake.com\/wp-content\/uploads\/2022\/12\/16699570311-600x221.png 600w, https:\/\/www.qhbake.com\/wp-content\/uploads\/2022\/12\/16699570311-300x110.png 300w, https:\/\/www.qhbake.com\/wp-content\/uploads\/2022\/12\/16699570311-768x283.png 768w, https:\/\/www.qhbake.com\/wp-content\/uploads\/2022\/12\/16699570311-18x7.png 18w, https:\/\/www.qhbake.com\/wp-content\/uploads\/2022\/12\/16699570311-285x105.png 285w, https:\/\/www.qhbake.com\/wp-content\/uploads\/2022\/12\/16699570311.png 1181w\" sizes=\"(max-width: 874px) 100vw, 874px\" \/><p id=\"caption-attachment-5966\" class=\"wp-caption-text\">A\u00e7ucareiro<\/p><\/div>\n<p><b><\/b><strong><b>gr\u00e2nulo de a\u00e7\u00facar<\/b><\/strong>\uff1agoma normalmente revestida depois de seca, mas a goma ap\u00f3s a superf\u00edcie seca \u00e9 mais lisa, ent\u00e3o a gera\u00e7\u00e3o de vapor ser\u00e1 necess\u00e1ria para molhar a superf\u00edcie gomosa, ent\u00e3o o gr\u00e2nulo de a\u00e7\u00facar pode grudar na superf\u00edcie gomosa.<\/p>\n<p><img loading=\"lazy\" decoding=\"async\" title=\"copo de a\u00e7\u00facar\" class=\"alignnone size-full wp-image-5962\" src=\"https:\/\/qhbake.com\/wp-content\/uploads\/2022\/12\/16699567331.png\" alt=\"copo de a\u00e7\u00facar\" width=\"868\" height=\"434\" srcset=\"https:\/\/www.qhbake.com\/wp-content\/uploads\/2022\/12\/16699567331.png 868w, https:\/\/www.qhbake.com\/wp-content\/uploads\/2022\/12\/16699567331-600x300.png 600w, https:\/\/www.qhbake.com\/wp-content\/uploads\/2022\/12\/16699567331-300x150.png 300w, https:\/\/www.qhbake.com\/wp-content\/uploads\/2022\/12\/16699567331-768x384.png 768w, https:\/\/www.qhbake.com\/wp-content\/uploads\/2022\/12\/16699567331-18x9.png 18w, https:\/\/www.qhbake.com\/wp-content\/uploads\/2022\/12\/16699567331-285x143.png 285w\" sizes=\"(max-width: 868px) 100vw, 868px\" \/><\/p>\n<div id=\"attachment_5963\" style=\"width: 872px\" class=\"wp-caption alignnone\"><img loading=\"lazy\" decoding=\"async\" aria-describedby=\"caption-attachment-5963\" title=\"copo de a\u00e7\u00facar\" class=\"size-full wp-image-5963\" src=\"https:\/\/qhbake.com\/wp-content\/uploads\/2022\/12\/16699567691.png\" alt=\"copo de a\u00e7\u00facar\" width=\"862\" height=\"479\" srcset=\"https:\/\/www.qhbake.com\/wp-content\/uploads\/2022\/12\/16699567691.png 862w, https:\/\/www.qhbake.com\/wp-content\/uploads\/2022\/12\/16699567691-600x333.png 600w, https:\/\/www.qhbake.com\/wp-content\/uploads\/2022\/12\/16699567691-300x167.png 300w, https:\/\/www.qhbake.com\/wp-content\/uploads\/2022\/12\/16699567691-768x427.png 768w, https:\/\/www.qhbake.com\/wp-content\/uploads\/2022\/12\/16699567691-18x10.png 18w, https:\/\/www.qhbake.com\/wp-content\/uploads\/2022\/12\/16699567691-285x158.png 285w\" sizes=\"(max-width: 862px) 100vw, 862px\" \/><p id=\"caption-attachment-5963\" class=\"wp-caption-text\">copo de a\u00e7\u00facar<\/p><\/div>\n<p><strong><b>Sistema de levantamento de parafuso de a\u00e7\u00facar \/ energia:<\/b><\/strong>A dosagem para transferir o a\u00e7\u00facar\/energia do tanque de coleta redondo para a m\u00e1quina de revestimento para continuar o fornecedor de tapioca garante a alta efici\u00eancia. Capacidade de 1T\/h.<\/p>\n<p><img loading=\"lazy\" decoding=\"async\" title=\"copo de a\u00e7\u00facar\" class=\"alignnone  wp-image-5957\" src=\"https:\/\/qhbake.com\/wp-content\/uploads\/2022\/12\/16699544231-1024x601.png\" alt=\"copo de a\u00e7\u00facar\" width=\"860\" height=\"505\" srcset=\"https:\/\/www.qhbake.com\/wp-content\/uploads\/2022\/12\/16699544231-1024x601.png 1024w, https:\/\/www.qhbake.com\/wp-content\/uploads\/2022\/12\/16699544231-600x352.png 600w, https:\/\/www.qhbake.com\/wp-content\/uploads\/2022\/12\/16699544231-300x176.png 300w, https:\/\/www.qhbake.com\/wp-content\/uploads\/2022\/12\/16699544231-768x451.png 768w, https:\/\/www.qhbake.com\/wp-content\/uploads\/2022\/12\/16699544231-18x12.png 18w, https:\/\/www.qhbake.com\/wp-content\/uploads\/2022\/12\/16699544231-285x167.png 285w, https:\/\/www.qhbake.com\/wp-content\/uploads\/2022\/12\/16699544231.png 1079w\" sizes=\"(max-width: 860px) 100vw, 860px\" \/><\/p>\n<p><strong><b>Lista de equipamento:<\/b><\/strong><\/p>\n<p>M\u00e1quina de revestimento de a\u00e7\u00facar\/lixamento<\/p>\n<p><strong><b>Opcional<\/b><\/strong><\/p>\n<p>Gera\u00e7\u00e3o fumegante<\/p>\n<p>Tubula\u00e7\u00e3o de transfer\u00eancia de vapor SUS<\/p>\n<p>Quadro + correia transportadora<\/p>\n<p>Cobertura de concha para coleta de vapor<\/p>\n<p>&nbsp;<\/p>\n<p>&nbsp;<\/p>","protected":false},"excerpt":{"rendered":"<p>Sugar \/ sanding coating machine Advantage\uff1a Whole structure are SUS304 with fully welding Hygiene and sanitation Optimum coating VDF control the coating speed Powerful also less noise Economical sugar usage\/also recycle Simple maintenance Dimension\uff1a2300x1600x1800mm Weight\uff1a380kg Power\uff1a1.5kw coating \/ 1.1kw transfer \/ 6kw heating The machine is designed according to the special gummy\u00a0candy processing technology\u00a0that after [&hellip;]<\/p>\n","protected":false},"featured_media":5960,"comment_status":"open","ping_status":"closed","template":"","meta":{"_et_pb_use_builder":"","_et_pb_old_content":"","_et_gb_content_width":"","_lmt_disableupdate":"","_lmt_disable":""},"product_brand":[],"product_cat":[114],"product_tag":[],"class_list":{"0":"post-5953","1":"product","2":"type-product","3":"status-publish","4":"has-post-thumbnail","6":"product_cat-gummy-candy-production-line","8":"first","9":"instock","10":"shipping-taxable","11":"product-type-simple"},"_links":{"self":[{"href":"https:\/\/www.qhbake.com\/pt\/wp-json\/wp\/v2\/product\/5953","targetHints":{"allow":["GET"]}}],"collection":[{"href":"https:\/\/www.qhbake.com\/pt\/wp-json\/wp\/v2\/product"}],"about":[{"href":"https:\/\/www.qhbake.com\/pt\/wp-json\/wp\/v2\/types\/product"}],"replies":[{"embeddable":true,"href":"https:\/\/www.qhbake.com\/pt\/wp-json\/wp\/v2\/comments?post=5953"}],"wp:featuredmedia":[{"embeddable":true,"href":"https:\/\/www.qhbake.com\/pt\/wp-json\/wp\/v2\/media\/5960"}],"wp:attachment":[{"href":"https:\/\/www.qhbake.com\/pt\/wp-json\/wp\/v2\/media?parent=5953"}],"wp:term":[{"taxonomy":"product_brand","embeddable":true,"href":"https:\/\/www.qhbake.com\/pt\/wp-json\/wp\/v2\/product_brand?post=5953"},{"taxonomy":"product_cat","embeddable":true,"href":"https:\/\/www.qhbake.com\/pt\/wp-json\/wp\/v2\/product_cat?post=5953"},{"taxonomy":"product_tag","embeddable":true,"href":"https:\/\/www.qhbake.com\/pt\/wp-json\/wp\/v2\/product_tag?post=5953"}],"curies":[{"name":"wp","href":"https:\/\/api.w.org\/{rel}","templated":true}]}}