{"id":3244,"date":"2021-06-07T03:03:14","date_gmt":"2021-06-07T03:03:14","guid":{"rendered":"https:\/\/qhbake.com\/?post_type=product&#038;p=3244"},"modified":"2024-05-23T14:31:27","modified_gmt":"2024-05-23T14:31:27","slug":"super-mini-auto-biscuit-production-line","status":"publish","type":"product","link":"https:\/\/www.qhbake.com\/pt\/produto\/super-mini-auto-biscuit-production-line","title":{"rendered":"Linha de Produ\u00e7\u00e3o Autom\u00e1tica de Biscoitos Super Mini - F\u00e1brica de M\u00e1quinas de Biscoitos"},"content":{"rendered":"<p>A linha de produ\u00e7\u00e3o autom\u00e1tica de biscoitos QH280, com design original, estrutura compacta e alta autom\u00e1tica, \u00e9 desenvolvida com base na tecnologia alem\u00e3 absorvente.<\/p>\n<p>Todos os procedimentos de trabalho, desde alimenta\u00e7\u00e3o de massa, cobertura, moldagem, reciclagem de res\u00edduos, cozimento at\u00e9 resfriamento, podem ser conclu\u00eddos automaticamente em uma linha.<\/p>\n<p>Centenas de moldes e dezenas de receitas tecnol\u00f3gicas possibilitam a produ\u00e7\u00e3o de todos os tipos de biscoitos populares, como biscoito de nata, biscoito de camada, biscoito de soda, biscoito de c\u00e1lcio, biscoito multivitam\u00ednico, biscoito de legumes, etc.<\/p>\n<h2><strong>Layout da Linha de Produ\u00e7\u00e3o Autom\u00e1tica de Biscoitos<\/strong><\/h2>\n<p><img loading=\"lazy\" decoding=\"async\" title=\"super mini linha de produ\u00e7\u00e3o autom\u00e1tica de biscoitos - f\u00e1brica de m\u00e1quinas para biscoitos\" class=\"alignnone wp-image-3434\" src=\"https:\/\/qhbake.com\/wp-content\/uploads\/2021\/06\/word-image.jpeg\" alt=\"super mini linha de produ\u00e7\u00e3o autom\u00e1tica de biscoitos - f\u00e1brica de m\u00e1quinas para biscoitos\" width=\"1232\" height=\"501\" srcset=\"https:\/\/www.qhbake.com\/wp-content\/uploads\/2021\/06\/word-image.jpeg 1232w, https:\/\/www.qhbake.com\/wp-content\/uploads\/2021\/06\/word-image-600x244.jpeg 600w, https:\/\/www.qhbake.com\/wp-content\/uploads\/2021\/06\/word-image-300x122.jpeg 300w, https:\/\/www.qhbake.com\/wp-content\/uploads\/2021\/06\/word-image-1024x416.jpeg 1024w, https:\/\/www.qhbake.com\/wp-content\/uploads\/2021\/06\/word-image-768x312.jpeg 768w, https:\/\/www.qhbake.com\/wp-content\/uploads\/2021\/06\/word-image-285x116.jpeg 285w, https:\/\/www.qhbake.com\/wp-content\/uploads\/2021\/06\/word-image-660x268.jpeg 660w, https:\/\/www.qhbake.com\/wp-content\/uploads\/2021\/06\/word-image-150x61.jpeg 150w\" sizes=\"(max-width: 1232px) 100vw, 1232px\" \/><\/p>\n<h2><strong>A vantagem da linha de produ\u00e7\u00e3o autom\u00e1tica de biscoitos QH-280<\/strong><\/h2>\n<ul>\n<li>Todas as m\u00e1quinas feitas de SUS304, el\u00e9trica com certificado UL<\/li>\n<li>Estrutura compacta da m\u00e1quina, alto desempenho.<\/li>\n<li>Todas as pe\u00e7as e m\u00e1quinas lidam com revestimento de superf\u00edcie de jateamento padr\u00e3o da Alemanha.<\/li>\n<li>Com a fun\u00e7\u00e3o de reciclagem de massa<\/li>\n<li>O forno adota tubo de aquecimento de marca bem conhecida, economia de energia.<\/li>\n<li>O forno possui sistema especial de controle de temperatura e fun\u00e7\u00e3o de detec\u00e7\u00e3o de seguran\u00e7a.<\/li>\n<li>O material de isolamento \u00e9 a l\u00e3 de rocha, extra\u00edda do amianto. \u00c9 livre de polui\u00e7\u00e3o e atende aos padr\u00f5es internacionais.<\/li>\n<li>A m\u00e1quina de inje\u00e7\u00e3o de combust\u00edvel pode ser inje\u00e7\u00e3o e recupera\u00e7\u00e3o autom\u00e1tica de \u00f3leo, motor externo de acordo com os padr\u00f5es de sa\u00fade<\/li>\n<\/ul>\n<h2><strong>O processo da linha de biscoitos QH-280<\/strong><\/h2>\n<h2>Mistura de massa<\/h2>\n<p><img loading=\"lazy\" decoding=\"async\" title=\"super mini linha de produ\u00e7\u00e3o autom\u00e1tica de biscoitos - f\u00e1brica de m\u00e1quinas para biscoitos\" class=\"alignnone wp-image-3435 size-full\" src=\"https:\/\/qhbake.com\/wp-content\/uploads\/2021\/06\/application20data-tencent-users-1033154961-.jpeg\" alt=\"super mini linha de produ\u00e7\u00e3o autom\u00e1tica de biscoitos - f\u00e1brica de m\u00e1quinas para biscoitos\" width=\"554\" height=\"557\" srcset=\"https:\/\/www.qhbake.com\/wp-content\/uploads\/2021\/06\/application20data-tencent-users-1033154961-.jpeg 554w, https:\/\/www.qhbake.com\/wp-content\/uploads\/2021\/06\/application20data-tencent-users-1033154961--100x100.jpeg 100w, https:\/\/www.qhbake.com\/wp-content\/uploads\/2021\/06\/application20data-tencent-users-1033154961--298x300.jpeg 298w, https:\/\/www.qhbake.com\/wp-content\/uploads\/2021\/06\/application20data-tencent-users-1033154961--150x150.jpeg 150w, https:\/\/www.qhbake.com\/wp-content\/uploads\/2021\/06\/application20data-tencent-users-1033154961--285x287.jpeg 285w, https:\/\/www.qhbake.com\/wp-content\/uploads\/2021\/06\/application20data-tencent-users-1033154961--270x270.jpeg 270w\" sizes=\"(max-width: 554px) 100vw, 554px\" \/><\/p>\n<p>A principal mat\u00e9ria-prima dos biscoitos \u00e9 a farinha de trigo, sendo adicionados materiais complementares como a\u00e7\u00facar, \u00f3leo, ovos e latic\u00ednios. De acordo com diferentes receitas e processos de produ\u00e7\u00e3o, cada lote precisa misturar 30 minutos<\/p>\n<h2>Alimentador de massa<\/h2>\n<p><img loading=\"lazy\" decoding=\"async\" title=\"super mini linha de produ\u00e7\u00e3o autom\u00e1tica de biscoitos - f\u00e1brica de m\u00e1quinas para biscoitos\" class=\"alignnone wp-image-3436 size-full\" src=\"https:\/\/qhbake.com\/wp-content\/uploads\/2021\/06\/16233172121.png\" alt=\"super mini linha de produ\u00e7\u00e3o autom\u00e1tica de biscoitos - f\u00e1brica de m\u00e1quinas para biscoitos\" width=\"471\" height=\"263\" srcset=\"https:\/\/www.qhbake.com\/wp-content\/uploads\/2021\/06\/16233172121.png 471w, https:\/\/www.qhbake.com\/wp-content\/uploads\/2021\/06\/16233172121-300x168.png 300w, https:\/\/www.qhbake.com\/wp-content\/uploads\/2021\/06\/16233172121-285x159.png 285w, https:\/\/www.qhbake.com\/wp-content\/uploads\/2021\/06\/16233172121-150x84.png 150w\" sizes=\"(max-width: 471px) 100vw, 471px\" \/><\/p>\n<p>Depois que o acabamento da massa for despejado no alimentador, o rolo far\u00e1 com que a massa fique plana e regular.<\/p>\n<p>&nbsp;<\/p>\n<h2>Folhas de enrolamento duplo<\/h2>\n<p><img loading=\"lazy\" decoding=\"async\" title=\"super mini linha de produ\u00e7\u00e3o autom\u00e1tica de biscoitos - f\u00e1brica de m\u00e1quinas para biscoitos\" class=\"alignnone wp-image-3437 size-full\" src=\"https:\/\/qhbake.com\/wp-content\/uploads\/2021\/06\/544c69f0703cb904bd41624ef74a17e.jpeg\" alt=\"super mini linha de produ\u00e7\u00e3o autom\u00e1tica de biscoitos - f\u00e1brica de m\u00e1quinas para biscoitos\" width=\"1440\" height=\"1080\" srcset=\"https:\/\/www.qhbake.com\/wp-content\/uploads\/2021\/06\/544c69f0703cb904bd41624ef74a17e.jpeg 1440w, https:\/\/www.qhbake.com\/wp-content\/uploads\/2021\/06\/544c69f0703cb904bd41624ef74a17e-600x450.jpeg 600w, https:\/\/www.qhbake.com\/wp-content\/uploads\/2021\/06\/544c69f0703cb904bd41624ef74a17e-300x225.jpeg 300w, https:\/\/www.qhbake.com\/wp-content\/uploads\/2021\/06\/544c69f0703cb904bd41624ef74a17e-1024x768.jpeg 1024w, https:\/\/www.qhbake.com\/wp-content\/uploads\/2021\/06\/544c69f0703cb904bd41624ef74a17e-768x576.jpeg 768w, https:\/\/www.qhbake.com\/wp-content\/uploads\/2021\/06\/544c69f0703cb904bd41624ef74a17e-285x214.jpeg 285w, https:\/\/www.qhbake.com\/wp-content\/uploads\/2021\/06\/544c69f0703cb904bd41624ef74a17e-800x600.jpeg 800w, https:\/\/www.qhbake.com\/wp-content\/uploads\/2021\/06\/544c69f0703cb904bd41624ef74a17e-660x495.jpeg 660w, https:\/\/www.qhbake.com\/wp-content\/uploads\/2021\/06\/544c69f0703cb904bd41624ef74a17e-150x113.jpeg 150w\" sizes=\"(max-width: 1440px) 100vw, 1440px\" \/><\/p>\n<p>Adota corte de rolo duplo de rolo de borracha duplo, f\u00e1cil de operar. Al\u00e9m disso, pode ser corte de rolo \u00fanico, pode ser corte de rolo duplo, pode produzir todos os tipos de biscoitos duros e biscoitos de refrigerante, a espessura da massa \u00e9 ajustada pelo elevador da turbina, o ajuste ser\u00e1 preciso e f\u00e1cil.<\/p>\n<h2>M\u00e1quina relaxante de massa<\/h2>\n<p><img loading=\"lazy\" decoding=\"async\" title=\"super mini linha de produ\u00e7\u00e3o autom\u00e1tica de biscoitos - f\u00e1brica de m\u00e1quinas para biscoitos\" class=\"alignnone wp-image-3438 size-full\" src=\"https:\/\/qhbake.com\/wp-content\/uploads\/2021\/06\/d9729dea6c16c1c1c8a48fb91d65c87.jpeg\" alt=\"super mini linha de produ\u00e7\u00e3o autom\u00e1tica de biscoitos - f\u00e1brica de m\u00e1quinas para biscoitos\" width=\"1440\" height=\"1080\" srcset=\"https:\/\/www.qhbake.com\/wp-content\/uploads\/2021\/06\/d9729dea6c16c1c1c8a48fb91d65c87.jpeg 1440w, https:\/\/www.qhbake.com\/wp-content\/uploads\/2021\/06\/d9729dea6c16c1c1c8a48fb91d65c87-600x450.jpeg 600w, https:\/\/www.qhbake.com\/wp-content\/uploads\/2021\/06\/d9729dea6c16c1c1c8a48fb91d65c87-300x225.jpeg 300w, https:\/\/www.qhbake.com\/wp-content\/uploads\/2021\/06\/d9729dea6c16c1c1c8a48fb91d65c87-1024x768.jpeg 1024w, https:\/\/www.qhbake.com\/wp-content\/uploads\/2021\/06\/d9729dea6c16c1c1c8a48fb91d65c87-768x576.jpeg 768w, https:\/\/www.qhbake.com\/wp-content\/uploads\/2021\/06\/d9729dea6c16c1c1c8a48fb91d65c87-285x214.jpeg 285w, https:\/\/www.qhbake.com\/wp-content\/uploads\/2021\/06\/d9729dea6c16c1c1c8a48fb91d65c87-800x600.jpeg 800w, https:\/\/www.qhbake.com\/wp-content\/uploads\/2021\/06\/d9729dea6c16c1c1c8a48fb91d65c87-660x495.jpeg 660w, https:\/\/www.qhbake.com\/wp-content\/uploads\/2021\/06\/d9729dea6c16c1c1c8a48fb91d65c87-150x113.jpeg 150w\" sizes=\"(max-width: 1440px) 100vw, 1440px\" \/><\/p>\n<p>A massa um pouco de tens\u00e3o ap\u00f3s o rolo, a m\u00e1quina relaxante torna a massa fina relaxante<\/p>\n<h2>Cortador rotativo de massa<\/h2>\n<p><img loading=\"lazy\" decoding=\"async\" title=\"super mini linha de produ\u00e7\u00e3o autom\u00e1tica de biscoitos - f\u00e1brica de m\u00e1quinas para biscoitos\" class=\"alignnone wp-image-3439 size-full\" src=\"https:\/\/qhbake.com\/wp-content\/uploads\/2021\/06\/2cf659c8308f0ee9815b3c5577abeaf.jpeg\" alt=\"super mini linha de produ\u00e7\u00e3o autom\u00e1tica de biscoitos - f\u00e1brica de m\u00e1quinas para biscoitos\" width=\"540\" height=\"405\" srcset=\"https:\/\/www.qhbake.com\/wp-content\/uploads\/2021\/06\/2cf659c8308f0ee9815b3c5577abeaf.jpeg 540w, https:\/\/www.qhbake.com\/wp-content\/uploads\/2021\/06\/2cf659c8308f0ee9815b3c5577abeaf-300x225.jpeg 300w, https:\/\/www.qhbake.com\/wp-content\/uploads\/2021\/06\/2cf659c8308f0ee9815b3c5577abeaf-285x214.jpeg 285w, https:\/\/www.qhbake.com\/wp-content\/uploads\/2021\/06\/2cf659c8308f0ee9815b3c5577abeaf-150x113.jpeg 150w\" sizes=\"(max-width: 540px) 100vw, 540px\" \/><\/p>\n<p>Populares t\u00eam 2 tipos, um \u00e9 para formato de impress\u00e3o, outro \u00e9 cortado a massa, cada forma ambos podem fazer, como redondo, quadrado etc, ambos podem ser personalizados<\/p>\n<h2>M\u00e1quina de separar e reciclar a massa<\/h2>\n<p><img loading=\"lazy\" decoding=\"async\" title=\"super mini linha de produ\u00e7\u00e3o autom\u00e1tica de biscoitos - f\u00e1brica de m\u00e1quinas para biscoitos\" class=\"alignnone wp-image-3440 size-large\" src=\"https:\/\/qhbake.com\/wp-content\/uploads\/2021\/06\/word-image-1024x740.png\" alt=\"super mini linha de produ\u00e7\u00e3o autom\u00e1tica de biscoitos - f\u00e1brica de m\u00e1quinas para biscoitos\" width=\"1024\" height=\"740\" srcset=\"https:\/\/www.qhbake.com\/wp-content\/uploads\/2021\/06\/word-image-1024x740.png 1024w, https:\/\/www.qhbake.com\/wp-content\/uploads\/2021\/06\/word-image-600x434.png 600w, https:\/\/www.qhbake.com\/wp-content\/uploads\/2021\/06\/word-image-300x217.png 300w, https:\/\/www.qhbake.com\/wp-content\/uploads\/2021\/06\/word-image-768x555.png 768w, https:\/\/www.qhbake.com\/wp-content\/uploads\/2021\/06\/word-image-285x206.png 285w, https:\/\/www.qhbake.com\/wp-content\/uploads\/2021\/06\/word-image-660x477.png 660w, https:\/\/www.qhbake.com\/wp-content\/uploads\/2021\/06\/word-image-150x108.png 150w, https:\/\/www.qhbake.com\/wp-content\/uploads\/2021\/06\/word-image.png 1417w\" sizes=\"(max-width: 1024px) 100vw, 1024px\" \/><\/p>\n<p>Ap\u00f3s a forma\u00e7\u00e3o dos biscoitos, a massa restante volta para a m\u00e1quina alimentadora, tamb\u00e9m utilizada para alimenta\u00e7\u00e3o da massa de biscoito.<\/p>\n<h2>Forno de biscoito<\/h2>\n<p><img loading=\"lazy\" decoding=\"async\" title=\"super mini linha de produ\u00e7\u00e3o autom\u00e1tica de biscoitos - f\u00e1brica de m\u00e1quinas para biscoitos\" class=\"alignnone wp-image-3444 size-full\" src=\"https:\/\/qhbake.com\/wp-content\/uploads\/2021\/06\/img_1937.jpeg\" alt=\"super mini linha de produ\u00e7\u00e3o autom\u00e1tica de biscoitos - f\u00e1brica de m\u00e1quinas para biscoitos\" width=\"951\" height=\"634\" srcset=\"https:\/\/www.qhbake.com\/wp-content\/uploads\/2021\/06\/img_1937.jpeg 951w, https:\/\/www.qhbake.com\/wp-content\/uploads\/2021\/06\/img_1937-600x400.jpeg 600w, https:\/\/www.qhbake.com\/wp-content\/uploads\/2021\/06\/img_1937-300x200.jpeg 300w, https:\/\/www.qhbake.com\/wp-content\/uploads\/2021\/06\/img_1937-768x512.jpeg 768w, https:\/\/www.qhbake.com\/wp-content\/uploads\/2021\/06\/img_1937-285x190.jpeg 285w, https:\/\/www.qhbake.com\/wp-content\/uploads\/2021\/06\/img_1937-660x440.jpeg 660w, https:\/\/www.qhbake.com\/wp-content\/uploads\/2021\/06\/img_1937-150x100.jpeg 150w\" sizes=\"(max-width: 951px) 100vw, 951px\" \/><\/p>\n<p>Biscoito precisa passar 4 est\u00e1gios, forno de assar inclui 3 tipos, g\u00e1s\/el\u00e9trico\/diesel, forno padr\u00e3o inclui 3-5 zonas, de acordo com o tipo de biscoito, como a energia \u00e9 barata, voc\u00ea pode escolher el\u00e9trico,<\/p>\n<h2>M\u00e1quina de pulveriza\u00e7\u00e3o de \u00f3leo<\/h2>\n<p><img loading=\"lazy\" decoding=\"async\" title=\"super mini linha de produ\u00e7\u00e3o autom\u00e1tica de biscoitos - f\u00e1brica de m\u00e1quinas para biscoitos\" class=\"alignnone wp-image-3445 size-full\" src=\"https:\/\/qhbake.com\/wp-content\/uploads\/2021\/06\/img_1932.jpeg\" alt=\"super mini linha de produ\u00e7\u00e3o autom\u00e1tica de biscoitos - f\u00e1brica de m\u00e1quinas para biscoitos\" width=\"757\" height=\"505\" srcset=\"https:\/\/www.qhbake.com\/wp-content\/uploads\/2021\/06\/img_1932.jpeg 757w, https:\/\/www.qhbake.com\/wp-content\/uploads\/2021\/06\/img_1932-600x400.jpeg 600w, https:\/\/www.qhbake.com\/wp-content\/uploads\/2021\/06\/img_1932-300x200.jpeg 300w, https:\/\/www.qhbake.com\/wp-content\/uploads\/2021\/06\/img_1932-285x190.jpeg 285w, https:\/\/www.qhbake.com\/wp-content\/uploads\/2021\/06\/img_1932-660x440.jpeg 660w, https:\/\/www.qhbake.com\/wp-content\/uploads\/2021\/06\/img_1932-150x100.jpeg 150w\" sizes=\"(max-width: 757px) 100vw, 757px\" \/><\/p>\n<p>Esta \u00e9 uma m\u00e1quina opcional, se quiser fazer biscoitos bonitos e com um sabor fant\u00e1stico, o \u00f3leo em spray far\u00e1 com que o biscoito seja de alta qualidade<\/p>\n<h2>T\u00fanel de resfriamento<\/h2>\n<p><img loading=\"lazy\" decoding=\"async\" title=\"super mini linha de produ\u00e7\u00e3o autom\u00e1tica de biscoitos - f\u00e1brica de m\u00e1quinas para biscoitos\" class=\"alignnone wp-image-3446 size-full\" src=\"https:\/\/qhbake.com\/wp-content\/uploads\/2021\/06\/mmexport1469580546588.jpeg\" alt=\"super mini linha de produ\u00e7\u00e3o autom\u00e1tica de biscoitos - f\u00e1brica de m\u00e1quinas para biscoitos\" width=\"549\" height=\"732\" srcset=\"https:\/\/www.qhbake.com\/wp-content\/uploads\/2021\/06\/mmexport1469580546588.jpeg 549w, https:\/\/www.qhbake.com\/wp-content\/uploads\/2021\/06\/mmexport1469580546588-225x300.jpeg 225w, https:\/\/www.qhbake.com\/wp-content\/uploads\/2021\/06\/mmexport1469580546588-285x380.jpeg 285w, https:\/\/www.qhbake.com\/wp-content\/uploads\/2021\/06\/mmexport1469580546588-495x660.jpeg 495w, https:\/\/www.qhbake.com\/wp-content\/uploads\/2021\/06\/mmexport1469580546588-113x150.jpeg 113w\" sizes=\"(max-width: 549px) 100vw, 549px\" \/><\/p>\n<p>Ap\u00f3s o cozimento do biscoito, haver\u00e1 um t\u00fanel de resfriamento de 10 m para resfriamento natural do biscoito<\/p>\n<h2>Empilhamento de estrelas<\/h2>\n<p><img loading=\"lazy\" decoding=\"async\" title=\"super mini linha de produ\u00e7\u00e3o autom\u00e1tica de biscoitos - f\u00e1brica de m\u00e1quinas para biscoitos\" class=\"alignnone wp-image-3448 size-full\" src=\"https:\/\/qhbake.com\/wp-content\/uploads\/2021\/06\/1000.jpeg\" alt=\"super mini linha de produ\u00e7\u00e3o autom\u00e1tica de biscoitos - f\u00e1brica de m\u00e1quinas para biscoitos\" width=\"618\" height=\"849\" srcset=\"https:\/\/www.qhbake.com\/wp-content\/uploads\/2021\/06\/1000.jpeg 618w, https:\/\/www.qhbake.com\/wp-content\/uploads\/2021\/06\/1000-600x824.jpeg 600w, https:\/\/www.qhbake.com\/wp-content\/uploads\/2021\/06\/1000-218x300.jpeg 218w, https:\/\/www.qhbake.com\/wp-content\/uploads\/2021\/06\/1000-285x392.jpeg 285w, https:\/\/www.qhbake.com\/wp-content\/uploads\/2021\/06\/1000-480x660.jpeg 480w, https:\/\/www.qhbake.com\/wp-content\/uploads\/2021\/06\/1000-109x150.jpeg 109w\" sizes=\"(max-width: 618px) 100vw, 618px\" \/><\/p>\n<p>Antes de embalar ou biscoito de sandu\u00edche precisa coletar o biscoito da mesa de resfriamento<\/p>\n<h2>mesa de embalagem<\/h2>\n<p><img loading=\"lazy\" decoding=\"async\" title=\"super mini linha de produ\u00e7\u00e3o autom\u00e1tica de biscoitos - f\u00e1brica de m\u00e1quinas para biscoitos\" class=\"alignnone wp-image-3450 size-full\" src=\"https:\/\/qhbake.com\/wp-content\/uploads\/2021\/06\/16140483151.png\" alt=\"super mini linha de produ\u00e7\u00e3o autom\u00e1tica de biscoitos - f\u00e1brica de m\u00e1quinas para biscoitos\" width=\"365\" height=\"364\" srcset=\"https:\/\/www.qhbake.com\/wp-content\/uploads\/2021\/06\/16140483151.png 365w, https:\/\/www.qhbake.com\/wp-content\/uploads\/2021\/06\/16140483151-300x300.png 300w, https:\/\/www.qhbake.com\/wp-content\/uploads\/2021\/06\/16140483151-100x100.png 100w, https:\/\/www.qhbake.com\/wp-content\/uploads\/2021\/06\/16140483151-150x150.png 150w, https:\/\/www.qhbake.com\/wp-content\/uploads\/2021\/06\/16140483151-285x284.png 285w, https:\/\/www.qhbake.com\/wp-content\/uploads\/2021\/06\/16140483151-270x270.png 270w\" sizes=\"(max-width: 365px) 100vw, 365px\" \/><\/p>\n<p>O pacote popular \u00e9 travesseiro ou embalagem sem bandeja, de acordo com diferentes demandas.<\/p>\n<h2><strong>Mais RFQ sobre a m\u00e1quina autom\u00e1tica de biscoitos<\/strong><\/h2>\n<p>Quantos tipos de biscoito voc\u00ea pode fazer?<\/p>\n<p>Qual capacidade voc\u00ea pode fazer em uma hora?<\/p>\n<p>Qual \u00e9 o formato e o tamanho do biscoito que voc\u00ea deseja?<\/p>\n<p>N\u00edvel de automa\u00e7\u00e3o, que pode ser semiautom\u00e1tico ou totalmente autom\u00e1tico?<\/p>\n<p>Qual forma de cozimento? Aquecimento el\u00e9trico ou aquecimento a g\u00e1s?<\/p>\n<p>Qual \u00e9 o seu layout de f\u00e1brica<\/p>\n<h2><strong>Por que comprar a m\u00e1quina conosco - fabricante<\/strong><\/h2>\n<ol>\n<li><strong>F\u00e1brica real, n\u00e3o empresa comercial<\/strong><\/li>\n<li><strong>Profissional<\/strong><\/li>\n<\/ol>\n<p>Nossa f\u00e1brica tem mais de 40 anos de experi\u00eancia em fabrica\u00e7\u00e3o de m\u00e1quinas, h\u00e1 12 desenhistas e 20 engenheiros profissionais que podem oferecer seu suporte a qualquer hora e em qualquer lugar.<\/p>\n<ol>\n<li><strong>Confiabilidade<\/strong><\/li>\n<\/ol>\n<p>A f\u00e1brica moderna tem mais de 200 trabalhadores. Sistema de controle de qualidade rigoroso. Centro de usinagem padr\u00e3o alem\u00e3o avan\u00e7ado. Centro de usinagem CNC fornece processo de tecnologia precisa para lidar com cada detalhe de cada m\u00e1quina. A equipe de engenheiros profissionais oferece o melhor plano de acordo com sua necessidade.<\/p>\n<ol>\n<li><strong>M\u00e1quinas de alta qualidade<\/strong><\/li>\n<\/ol>\n<p>Todas as m\u00e1quinas feitas na f\u00e1brica padr\u00e3o GMP<\/p>\n<p>Temos o centro CNC para manter a preciosidade da m\u00e1quina<\/p>\n<p>Todas as m\u00e1quinas usam SUS304 e manuseio de revestimento de superf\u00edcie de jateamento<\/p>\n<h2><strong>Nossos padr\u00f5es e certifica\u00e7\u00f5es de qualidade de m\u00e1quinas<\/strong><\/h2>\n<p>Padr\u00f5es e certifica\u00e7\u00f5es de qualidade atuais de boas pr\u00e1ticas de fabrica\u00e7\u00e3o (GMP)<\/p>\n<p>Padr\u00f5es de qualidade e certifica\u00e7\u00f5es da International Standards Organization (ISO)<\/p>\n<p>Padr\u00f5es e certifica\u00e7\u00f5es de qualidade da Food and Drug Administration (FDA)<\/p>\n<p>N\u00e3o temos apenas padr\u00f5es e certifica\u00e7\u00f5es de qualidade el\u00e9trica CE, mas tamb\u00e9m Certifica\u00e7\u00e3o UL (EUA)<\/p>\n<p>&nbsp;<\/p>\n<p><img loading=\"lazy\" decoding=\"async\" title=\"super mini linha de produ\u00e7\u00e3o autom\u00e1tica de biscoitos - f\u00e1brica de m\u00e1quinas para biscoitos\" class=\"alignnone wp-image-3530 size-medium\" src=\"https:\/\/qhbake.com\/wp-content\/uploads\/2021\/06\/\u56fe\u72478-1-300x75.png\" alt=\"super mini linha de produ\u00e7\u00e3o autom\u00e1tica de biscoitos - f\u00e1brica de m\u00e1quinas para biscoitos\" width=\"300\" height=\"75\" srcset=\"https:\/\/www.qhbake.com\/wp-content\/uploads\/2021\/06\/\u56fe\u72478-1-300x75.png 300w, https:\/\/www.qhbake.com\/wp-content\/uploads\/2021\/06\/\u56fe\u72478-1-285x71.png 285w, https:\/\/www.qhbake.com\/wp-content\/uploads\/2021\/06\/\u56fe\u72478-1-150x37.png 150w, https:\/\/www.qhbake.com\/wp-content\/uploads\/2021\/06\/\u56fe\u72478-1.png 577w\" sizes=\"(max-width: 300px) 100vw, 300px\" \/><\/p>\n<p><img loading=\"lazy\" decoding=\"async\" title=\"super mini linha de produ\u00e7\u00e3o autom\u00e1tica de biscoitos - f\u00e1brica de m\u00e1quinas para biscoitos\" class=\"alignnone wp-image-3531 size-medium\" src=\"https:\/\/qhbake.com\/wp-content\/uploads\/2021\/06\/\u56fe\u72479-1-300x85.png\" alt=\"super mini linha de produ\u00e7\u00e3o autom\u00e1tica de biscoitos - f\u00e1brica de m\u00e1quinas para biscoitos\" width=\"300\" height=\"85\" srcset=\"https:\/\/www.qhbake.com\/wp-content\/uploads\/2021\/06\/\u56fe\u72479-1-300x85.png 300w, https:\/\/www.qhbake.com\/wp-content\/uploads\/2021\/06\/\u56fe\u72479-1-285x80.png 285w, https:\/\/www.qhbake.com\/wp-content\/uploads\/2021\/06\/\u56fe\u72479-1-150x42.png 150w, https:\/\/www.qhbake.com\/wp-content\/uploads\/2021\/06\/\u56fe\u72479-1.png 511w\" sizes=\"(max-width: 300px) 100vw, 300px\" \/><\/p>\n<h2><strong>Pronto para adicionar uma m\u00e1quina de biscoitos \u00e0s suas opera\u00e7\u00f5es? Deixe-nos ajudar<\/strong><\/h2>\n<p>Maximizar o retorno sobre o investimento significa selecionar a m\u00e1quina certa que ir\u00e1 corresponder ao tamanho da sua instala\u00e7\u00e3o, escopo de trabalho e crescimento projetado. Voc\u00ea n\u00e3o quer uma unidade muito grande ou muito pequena para opera\u00e7\u00f5es atuais e futuras. Na maioria dos casos, \u00e9 sempre melhor comprar um com potencial para dimensionar sua produ\u00e7\u00e3o para atender a todos os n\u00edveis de demanda do cliente.<\/p>\n<p>Para ajudar os fabricantes a fornecer a mais alta qualidade de produto poss\u00edvel, o Shanghai QHBake Machine Group oferece uma ampla variedade de op\u00e7\u00f5es de equipamentos para atender \u00e0s necessidades de suas instala\u00e7\u00f5es e \u00e0s opera\u00e7\u00f5es de sua empresa. Se voc\u00ea deseja adicionar a produ\u00e7\u00e3o de biscoitos \u00e0s suas ofertas, substituir seus equipamentos existentes ou deseja discutir qualquer outra coisa relacionada \u00e0s m\u00e1quinas de biscoitos, entre em contato conosco a qualquer momento.<\/p>","protected":false},"excerpt":{"rendered":"<p>QH280 automatic biscuit production line, with original design, compact structure and high automatic, is developed on the base of absorbing German technology. All working procedures from dough feeding, sheeting, molding, waste recycling, baking to cooling can be completed automatically in one line. Hundreds of moulds and dozens of technology recipes make it possible to produce [&hellip;]<\/p>\n","protected":false},"featured_media":3352,"comment_status":"closed","ping_status":"closed","template":"","meta":{"_et_pb_use_builder":"","_et_pb_old_content":"","_et_gb_content_width":"","_lmt_disableupdate":"","_lmt_disable":""},"product_brand":[],"product_cat":[159],"product_tag":[218,194],"class_list":{"0":"post-3244","1":"product","2":"type-product","3":"status-publish","4":"has-post-thumbnail","6":"product_cat-biscuit-machine","7":"product_tag-biscuit-making-machine","8":"product_tag-commercial-biscuit-machine","10":"first","11":"instock","12":"shipping-taxable","13":"product-type-simple"},"_links":{"self":[{"href":"https:\/\/www.qhbake.com\/pt\/wp-json\/wp\/v2\/product\/3244","targetHints":{"allow":["GET"]}}],"collection":[{"href":"https:\/\/www.qhbake.com\/pt\/wp-json\/wp\/v2\/product"}],"about":[{"href":"https:\/\/www.qhbake.com\/pt\/wp-json\/wp\/v2\/types\/product"}],"replies":[{"embeddable":true,"href":"https:\/\/www.qhbake.com\/pt\/wp-json\/wp\/v2\/comments?post=3244"}],"wp:featuredmedia":[{"embeddable":true,"href":"https:\/\/www.qhbake.com\/pt\/wp-json\/wp\/v2\/media\/3352"}],"wp:attachment":[{"href":"https:\/\/www.qhbake.com\/pt\/wp-json\/wp\/v2\/media?parent=3244"}],"wp:term":[{"taxonomy":"product_brand","embeddable":true,"href":"https:\/\/www.qhbake.com\/pt\/wp-json\/wp\/v2\/product_brand?post=3244"},{"taxonomy":"product_cat","embeddable":true,"href":"https:\/\/www.qhbake.com\/pt\/wp-json\/wp\/v2\/product_cat?post=3244"},{"taxonomy":"product_tag","embeddable":true,"href":"https:\/\/www.qhbake.com\/pt\/wp-json\/wp\/v2\/product_tag?post=3244"}],"curies":[{"name":"wp","href":"https:\/\/api.w.org\/{rel}","templated":true}]}}