{"id":719,"date":"2021-05-19T06:51:02","date_gmt":"2021-05-19T06:51:02","guid":{"rendered":"https:\/\/qhbake.com\/?post_type=product&#038;p=719"},"modified":"2024-05-23T14:31:11","modified_gmt":"2024-05-23T14:31:11","slug":"automatic-konjac-pearl-making-machine","status":"publish","type":"product","link":"https:\/\/www.qhbake.com\/it\/prodotto\/automatic-konjac-pearl-making-machine","title":{"rendered":"Macchina automatica per la produzione di perle Konjac per la vendita - Fornitore e produzione"},"content":{"rendered":"<div>\n<ul>\n<li>Capacit\u00e0 200-1200 (kg)<\/li>\n<li>\u00a0 \u00a05-12 diametro Konjac (mm)<\/li>\n<li>40+ Esperienza di produzione (anno)<\/li>\n<li>\u00a0 3 Team di progettazione personalizzato<\/li>\n<\/ul>\n<div><strong>W<\/strong><strong>cos&#039;\u00e8 la perla konjac? <\/strong><\/div>\n<div>\u00c8 un nuovo prodotto popolare al posto della tapioca, \u00e8 pi\u00f9 salutare e gustoso, e la principale materia prima \u00e8 Konjac\/agar...<\/div>\n<div>Pu\u00f2 essere masticato o croccante per avere livelli di gusto pi\u00f9 divertenti e ricchi e pu\u00f2 essere utilizzato sia su bevande calde che ghiacciate<\/div>\n<div><\/div>\n<div><strong>Macchine per perle Konjac<\/strong><\/div>\n<div>Questo prodotto viene estruso formando materiali mediante pressione attraverso i tubi e la testa estrusa sott&#039;acqua, e ci sar\u00e0 una lama rotante che li taglier\u00e0 in forme dopo alcune volte di raffreddamento e la relazione avr\u00e0 un sapore migliore.<\/div>\n<\/div>\n<p><strong>Vantaggio:<\/strong><br \/>\nAcciaio inossidabile<br \/>\nPulizia CIP<br \/>\nTaglia regolabile<br \/>\nRaffreddamento automatico<\/p>\n<p><img loading=\"lazy\" decoding=\"async\" title=\"macchina automatica per la produzione di perle konjac in vendita - fornitore e produttore\" class=\"alignnone wp-image-3405 size-full\" src=\"https:\/\/qhbake.com\/wp-content\/uploads\/2021\/05\/konjac-pear-machine-6-1.jpg\" alt=\"macchina automatica per la produzione di perle konjac in vendita - fornitore e produttore\" width=\"800\" height=\"800\" srcset=\"https:\/\/www.qhbake.com\/wp-content\/uploads\/2021\/05\/konjac-pear-machine-6-1.jpg 800w, https:\/\/www.qhbake.com\/wp-content\/uploads\/2021\/05\/konjac-pear-machine-6-1-300x300.jpg 300w, https:\/\/www.qhbake.com\/wp-content\/uploads\/2021\/05\/konjac-pear-machine-6-1-100x100.jpg 100w, https:\/\/www.qhbake.com\/wp-content\/uploads\/2021\/05\/konjac-pear-machine-6-1-600x600.jpg 600w, https:\/\/www.qhbake.com\/wp-content\/uploads\/2021\/05\/konjac-pear-machine-6-1-150x150.jpg 150w, https:\/\/www.qhbake.com\/wp-content\/uploads\/2021\/05\/konjac-pear-machine-6-1-768x768.jpg 768w, https:\/\/www.qhbake.com\/wp-content\/uploads\/2021\/05\/konjac-pear-machine-6-1-285x285.jpg 285w, https:\/\/www.qhbake.com\/wp-content\/uploads\/2021\/05\/konjac-pear-machine-6-1-270x270.jpg 270w, https:\/\/www.qhbake.com\/wp-content\/uploads\/2021\/05\/konjac-pear-machine-6-1-540x540.jpg 540w, https:\/\/www.qhbake.com\/wp-content\/uploads\/2021\/05\/konjac-pear-machine-6-1-660x660.jpg 660w\" sizes=\"(max-width: 800px) 100vw, 800px\" \/> <img loading=\"lazy\" decoding=\"async\" title=\"macchina automatica per la produzione di perle konjac in vendita - fornitore e produttore\" class=\"alignnone wp-image-3406 size-full\" src=\"https:\/\/qhbake.com\/wp-content\/uploads\/2021\/05\/konjac-pear-machine-7-1.jpg\" alt=\"macchina automatica per la produzione di perle konjac in vendita - fornitore e produttore\" width=\"800\" height=\"800\" srcset=\"https:\/\/www.qhbake.com\/wp-content\/uploads\/2021\/05\/konjac-pear-machine-7-1.jpg 800w, https:\/\/www.qhbake.com\/wp-content\/uploads\/2021\/05\/konjac-pear-machine-7-1-300x300.jpg 300w, https:\/\/www.qhbake.com\/wp-content\/uploads\/2021\/05\/konjac-pear-machine-7-1-100x100.jpg 100w, https:\/\/www.qhbake.com\/wp-content\/uploads\/2021\/05\/konjac-pear-machine-7-1-600x600.jpg 600w, https:\/\/www.qhbake.com\/wp-content\/uploads\/2021\/05\/konjac-pear-machine-7-1-150x150.jpg 150w, https:\/\/www.qhbake.com\/wp-content\/uploads\/2021\/05\/konjac-pear-machine-7-1-768x768.jpg 768w, https:\/\/www.qhbake.com\/wp-content\/uploads\/2021\/05\/konjac-pear-machine-7-1-285x285.jpg 285w, https:\/\/www.qhbake.com\/wp-content\/uploads\/2021\/05\/konjac-pear-machine-7-1-270x270.jpg 270w, https:\/\/www.qhbake.com\/wp-content\/uploads\/2021\/05\/konjac-pear-machine-7-1-540x540.jpg 540w, https:\/\/www.qhbake.com\/wp-content\/uploads\/2021\/05\/konjac-pear-machine-7-1-660x660.jpg 660w\" sizes=\"(max-width: 800px) 100vw, 800px\" \/> <img loading=\"lazy\" decoding=\"async\" title=\"macchina automatica per la produzione di perle konjac in vendita - fornitore e produttore\" class=\"alignnone wp-image-3407 size-full\" src=\"https:\/\/qhbake.com\/wp-content\/uploads\/2021\/05\/konjac-pear-machine-8-1.jpg\" alt=\"macchina automatica per la produzione di perle konjac in vendita - fornitore e produttore\" width=\"800\" height=\"800\" srcset=\"https:\/\/www.qhbake.com\/wp-content\/uploads\/2021\/05\/konjac-pear-machine-8-1.jpg 800w, https:\/\/www.qhbake.com\/wp-content\/uploads\/2021\/05\/konjac-pear-machine-8-1-300x300.jpg 300w, https:\/\/www.qhbake.com\/wp-content\/uploads\/2021\/05\/konjac-pear-machine-8-1-100x100.jpg 100w, https:\/\/www.qhbake.com\/wp-content\/uploads\/2021\/05\/konjac-pear-machine-8-1-600x600.jpg 600w, https:\/\/www.qhbake.com\/wp-content\/uploads\/2021\/05\/konjac-pear-machine-8-1-150x150.jpg 150w, https:\/\/www.qhbake.com\/wp-content\/uploads\/2021\/05\/konjac-pear-machine-8-1-768x768.jpg 768w, https:\/\/www.qhbake.com\/wp-content\/uploads\/2021\/05\/konjac-pear-machine-8-1-285x285.jpg 285w, https:\/\/www.qhbake.com\/wp-content\/uploads\/2021\/05\/konjac-pear-machine-8-1-270x270.jpg 270w, https:\/\/www.qhbake.com\/wp-content\/uploads\/2021\/05\/konjac-pear-machine-8-1-540x540.jpg 540w, https:\/\/www.qhbake.com\/wp-content\/uploads\/2021\/05\/konjac-pear-machine-8-1-660x660.jpg 660w\" sizes=\"(max-width: 800px) 100vw, 800px\" \/><\/p>","protected":false},"excerpt":{"rendered":"<p>#1 Grossista di macchine per la produzione di perle Konjac: trova la macchina per la produzione di perle Konjac perfetta per le tue esigenze. Nessun intermediario: acquista direttamente la macchina per la produzione di perle Konjac da una fabbrica affidabile. Garanzie del settore per la macchina per la produzione di perle Konjac - Supporto 24 ore su 24, 7 giorni su 7 - Preventivo in 5 minuti o meno. La migliore macchina per la produzione di perle Konjac in vendita - Fabbrica di macchine per la produzione di perle Konjac -OEM \/ ODM con i prezzi pi\u00f9 bassi<\/p>","protected":false},"featured_media":3283,"comment_status":"closed","ping_status":"closed","template":"","meta":{"_et_pb_use_builder":"","_et_pb_old_content":"","_et_gb_content_width":"","_lmt_disableupdate":"","_lmt_disable":""},"product_brand":[],"product_cat":[22],"product_tag":[],"class_list":{"0":"post-719","1":"product","2":"type-product","3":"status-publish","4":"has-post-thumbnail","6":"product_cat-candy-making-machine","8":"first","9":"instock","10":"shipping-taxable","11":"product-type-simple"},"_links":{"self":[{"href":"https:\/\/www.qhbake.com\/it\/wp-json\/wp\/v2\/product\/719","targetHints":{"allow":["GET"]}}],"collection":[{"href":"https:\/\/www.qhbake.com\/it\/wp-json\/wp\/v2\/product"}],"about":[{"href":"https:\/\/www.qhbake.com\/it\/wp-json\/wp\/v2\/types\/product"}],"replies":[{"embeddable":true,"href":"https:\/\/www.qhbake.com\/it\/wp-json\/wp\/v2\/comments?post=719"}],"wp:featuredmedia":[{"embeddable":true,"href":"https:\/\/www.qhbake.com\/it\/wp-json\/wp\/v2\/media\/3283"}],"wp:attachment":[{"href":"https:\/\/www.qhbake.com\/it\/wp-json\/wp\/v2\/media?parent=719"}],"wp:term":[{"taxonomy":"product_brand","embeddable":true,"href":"https:\/\/www.qhbake.com\/it\/wp-json\/wp\/v2\/product_brand?post=719"},{"taxonomy":"product_cat","embeddable":true,"href":"https:\/\/www.qhbake.com\/it\/wp-json\/wp\/v2\/product_cat?post=719"},{"taxonomy":"product_tag","embeddable":true,"href":"https:\/\/www.qhbake.com\/it\/wp-json\/wp\/v2\/product_tag?post=719"}],"curies":[{"name":"wp","href":"https:\/\/api.w.org\/{rel}","templated":true}]}}