{"id":630,"date":"2021-04-27T06:53:23","date_gmt":"2021-04-27T06:53:23","guid":{"rendered":"https:\/\/qhbake.com\/?post_type=product&#038;p=630"},"modified":"2024-05-23T14:31:44","modified_gmt":"2024-05-23T14:31:44","slug":"hard-biscuit-machine","status":"publish","type":"product","link":"https:\/\/www.qhbake.com\/it\/prodotto\/hard-biscuit-machine","title":{"rendered":"Taglierina rotativa per biscotti duri | Macchine per biscotti duri in vendita"},"content":{"rendered":"<div class=\"title\"><strong style=\"color: #333333;font-size: 22px\">Taglierina rotante per biscotti duri<\/strong><\/div>\n<div class=\"contents\">\n<div id=\"global_editor_contents\">\n<div>\n<ul>\n<li>40+<br \/>\nEsperienza di produzione<\/li>\n<li>PU<br \/>\nNastro trasportatore<\/li>\n<li>5+<br \/>\nTeam di design<\/li>\n<\/ul>\n<\/div>\n<p><strong>Caratteristica:<\/strong><\/p>\n<p>Lo stampo ha un blocco di pasta di dimensioni, forma e modello specificati al fine di garantire la lavorazione fine dell&#039;impasto, il mantenimento della sua struttura e la produzione continua di strisce di pasta.<br \/>\nI rotoli di estrusione, a seconda dell&#039;impasto utilizzato, possono essere lisci o ondulati.<br \/>\nCambio rapido del rotore di formatura quando si cambia il prodotto fabbricato.<br \/>\nLa velocit\u00e0 dei rulli \u00e8 controllata da un convertitore di frequenza ed \u00e8 regolata entro ampi limiti.<br \/>\nIl design consente una facile integrazione nelle linee esistenti.<br \/>\nDimensioni stabili e qualit\u00e0 del pezzo da lavorare grazie all&#039;uso del bloccaggio pneumatico del rotore e del nastro di pasta.<br \/>\nIl nastro trasportatore \u00e8 costituito da un telaio in acciaio al carbonio. Piani di scorrimento in acciaio inox e rullo di traino in gomma. Ingresso e uscita sono dotati di naso di diametro ridotto che consentono un migliore passaggio della sfoglia. Controllo automatico della velocit\u00e0 del trasportatore tramite quadro elettrico della linea di laminazione.<\/p>\n<div class=\"editor_table_wrap\"><\/div>\n<p><strong>Vantaggio:<\/strong><\/p>\n<ul>\n<li>Dispositivo di allineamento dell&#039;interasse dello stampo;<\/li>\n<li>Display digitale individuale per due rulli rotanti;<\/li>\n<li>La struttura della pressione di formatura \u00e8 azionata dal motore che pu\u00f2 essere regolato a piacimento. Facilit\u00e0 d&#039;uso e sformatura affidabile;<\/li>\n<li>Adotta un riduttore elicoidale come trasmissione di potenza e cinghia sincrona. Trasmissione stabile, piccole vibrazioni e bassa rumorosit\u00e0;<\/li>\n<li>L&#039;alto grado di automazione tramite controllo elettrico;<\/li>\n<li>Il nastro trasportatore, tensionato e regolato automaticamente;<\/li>\n<li>Dispositivo di recupero del materiale residuo;<\/li>\n<\/ul>\n<\/div>\n<\/div>\n<p>&nbsp;<\/p>","protected":false},"excerpt":{"rendered":"<p>Formatrice rotativa per la formatura di biscotti duri, Progettato per tagliare l&#039;impasto per formare la forma e i motivi del biscotto duro.<\/p>","protected":false},"featured_media":3420,"comment_status":"closed","ping_status":"closed","template":"","meta":{"_et_pb_use_builder":"","_et_pb_old_content":"","_et_gb_content_width":"","_lmt_disableupdate":"","_lmt_disable":""},"product_brand":[],"product_cat":[90],"product_tag":[],"class_list":{"0":"post-630","1":"product","2":"type-product","3":"status-publish","4":"has-post-thumbnail","6":"product_cat-hard-biscuit-machine","8":"first","9":"instock","10":"shipping-taxable","11":"product-type-simple"},"_links":{"self":[{"href":"https:\/\/www.qhbake.com\/it\/wp-json\/wp\/v2\/product\/630","targetHints":{"allow":["GET"]}}],"collection":[{"href":"https:\/\/www.qhbake.com\/it\/wp-json\/wp\/v2\/product"}],"about":[{"href":"https:\/\/www.qhbake.com\/it\/wp-json\/wp\/v2\/types\/product"}],"replies":[{"embeddable":true,"href":"https:\/\/www.qhbake.com\/it\/wp-json\/wp\/v2\/comments?post=630"}],"wp:featuredmedia":[{"embeddable":true,"href":"https:\/\/www.qhbake.com\/it\/wp-json\/wp\/v2\/media\/3420"}],"wp:attachment":[{"href":"https:\/\/www.qhbake.com\/it\/wp-json\/wp\/v2\/media?parent=630"}],"wp:term":[{"taxonomy":"product_brand","embeddable":true,"href":"https:\/\/www.qhbake.com\/it\/wp-json\/wp\/v2\/product_brand?post=630"},{"taxonomy":"product_cat","embeddable":true,"href":"https:\/\/www.qhbake.com\/it\/wp-json\/wp\/v2\/product_cat?post=630"},{"taxonomy":"product_tag","embeddable":true,"href":"https:\/\/www.qhbake.com\/it\/wp-json\/wp\/v2\/product_tag?post=630"}],"curies":[{"name":"wp","href":"https:\/\/api.w.org\/{rel}","templated":true}]}}