{"id":3210,"date":"2021-06-04T01:55:16","date_gmt":"2021-06-04T01:55:16","guid":{"rendered":"https:\/\/qhbake.com\/?post_type=product&#038;p=3210"},"modified":"2024-05-23T14:38:54","modified_gmt":"2024-05-23T14:38:54","slug":"automactic-gummy-making-machine","status":"publish","type":"product","link":"https:\/\/www.qhbake.com\/it\/prodotto\/automactic-gummy-making-machine","title":{"rendered":"Macchina per caramelle gommose al CBD e acquisto di attrezzature per la produzione di caramelle industriali commerciali"},"content":{"rendered":"<p>Grossista di macchine gommose al CBD #1: trova la macchina gommosa al CBD perfetta per le tue esigenze. Nessun intermediario: acquista direttamente la macchina per caramelle gommose al CBD da Trusted Factory. Garanzie del settore per macchine per caramelle gommose al CBD \u2013 Supporto 24 ore su 24, 7 giorni su 7 \u2013 Preventivo in 5 minuti o meno. La migliore macchina gommosa al CBD in vendita - Fabbrica di macchine gommose al CBD -OEM \/ ODM con i prezzi pi\u00f9 bassi.<\/p>\n<p>Se stai cercando una macchina per la produzione di caramelle gommose in vendita, contattaci ora, disponiamo anche di attrezzature per la produzione di caramelle gommose su piccola scala!<\/p>\n<h2><strong>Introduzione alla macchina industriale per la produzione di caramelle gommose al CBD<\/strong><\/h2>\n<p>Con lo sviluppo del mercato delle gomme, sempre pi\u00f9 persone sono pronte ad entrare in questo settore.<\/p>\n<p>Questa macchina gommosa supermini automatica (QH-80s) \u00e8 l&#039;ultima attrezzatura sviluppata da noi, non \u00e8 solo di dimensioni strutturali, ma anche di grandi dimensioni. \u00c8 la scelta migliore per gli investitori con un budget ridotto.<\/p>\n<p>Principalmente per il laboratorio per grandi farmaceutici, nutraceutici e per la produzione per i clienti di dispensari di cannabis e CBD.<\/p>\n<p><img loading=\"lazy\" decoding=\"async\" title=\"macchina per caramelle gommose al CBD e acquista attrezzature per la produzione di caramelle industriali commerciali\" class=\"alignnone wp-image-5577 size-full\" src=\"https:\/\/qhbake.com\/wp-content\/uploads\/2021\/06\/80-gummy-line...jpg\" alt=\"macchina per caramelle gommose al CBD e acquista attrezzature per la produzione di caramelle industriali commerciali\" width=\"794\" height=\"794\" srcset=\"https:\/\/www.qhbake.com\/wp-content\/uploads\/2021\/06\/80-gummy-line...jpg 794w, https:\/\/www.qhbake.com\/wp-content\/uploads\/2021\/06\/80-gummy-line..-300x300.jpg 300w, https:\/\/www.qhbake.com\/wp-content\/uploads\/2021\/06\/80-gummy-line..-100x100.jpg 100w, https:\/\/www.qhbake.com\/wp-content\/uploads\/2021\/06\/80-gummy-line..-600x600.jpg 600w, https:\/\/www.qhbake.com\/wp-content\/uploads\/2021\/06\/80-gummy-line..-150x150.jpg 150w, https:\/\/www.qhbake.com\/wp-content\/uploads\/2021\/06\/80-gummy-line..-768x768.jpg 768w, https:\/\/www.qhbake.com\/wp-content\/uploads\/2021\/06\/80-gummy-line..-12x12.jpg 12w, https:\/\/www.qhbake.com\/wp-content\/uploads\/2021\/06\/80-gummy-line..-285x285.jpg 285w, https:\/\/www.qhbake.com\/wp-content\/uploads\/2021\/06\/80-gummy-line..-270x270.jpg 270w, https:\/\/www.qhbake.com\/wp-content\/uploads\/2021\/06\/80-gummy-line..-540x540.jpg 540w, https:\/\/www.qhbake.com\/wp-content\/uploads\/2021\/06\/80-gummy-line..-660x660.jpg 660w\" sizes=\"(max-width: 794px) 100vw, 794px\" \/><\/p>\n<p>Tutte le nostre macchine gommose commerciali sono realizzate in SUS304, elettriche con certificato UL, standard GMP.<\/p>\n<p>&nbsp;<\/p>\n<h2><strong>Qual \u00e8 il vantaggio della nostra macchina per la produzione di caramelle gommose al CBD commerciale?<\/strong><\/h2>\n<ul>\n<li>Pu\u00f2 rendere gommoso singolo\/doppio colore, anche il riempimento centrale.<\/li>\n<li>Sapore di colore unico e sistema di aggiunta di acido per l&#039;aggiunta di: vitamina CBD, THC, ecc ...<\/li>\n<li>Il deposito servo rende pi\u00f9 accurato<\/li>\n<li>controllato da un sistema di programmazione PLC per diversi linguaggi.<\/li>\n<li>Il tunnel di raffreddamento si integra con il raffreddatore ad aria<\/li>\n<li>piegatura delle forme e rivestimento di sabbiatura impermeabile per una maggiore durata d&#039;uso<\/li>\n<li>Funzione di pulizia e tubi di scarico per un facile utilizzo<\/li>\n<li>Risparmia spazio di laboratorio su tutta la linea di soli 4 m di lunghezza<\/li>\n<\/ul>\n<h2><strong>Il processo della linea di macchine per la produzione gommosa QH-80s<\/strong><\/h2>\n<h3>Cottura con sciroppo\uff1a Per bollire e raffreddare lo sciroppo<\/h3>\n<p><img loading=\"lazy\" decoding=\"async\" title=\"macchina per caramelle gommose al CBD e acquista attrezzature per la produzione di caramelle industriali commerciali\" class=\"alignnone wp-image-5583 size-full\" src=\"https:\/\/qhbake.com\/wp-content\/uploads\/2021\/06\/Gummy-making-machine-5.png\" alt=\"macchina per caramelle gommose al CBD e acquista attrezzature per la produzione di caramelle industriali commerciali\" width=\"635\" height=\"473\" srcset=\"https:\/\/www.qhbake.com\/wp-content\/uploads\/2021\/06\/Gummy-making-machine-5.png 635w, https:\/\/www.qhbake.com\/wp-content\/uploads\/2021\/06\/Gummy-making-machine-5-600x447.png 600w, https:\/\/www.qhbake.com\/wp-content\/uploads\/2021\/06\/Gummy-making-machine-5-300x223.png 300w, https:\/\/www.qhbake.com\/wp-content\/uploads\/2021\/06\/Gummy-making-machine-5-16x12.png 16w, https:\/\/www.qhbake.com\/wp-content\/uploads\/2021\/06\/Gummy-making-machine-5-285x212.png 285w, https:\/\/www.qhbake.com\/wp-content\/uploads\/2021\/06\/Gummy-making-machine-5-150x112.png 150w\" sizes=\"(max-width: 635px) 100vw, 635px\" \/><\/p>\n<h3>Conservazione dello sciroppo: per la conservazione dello sciroppo<\/h3>\n<p><img loading=\"lazy\" decoding=\"async\" title=\"macchina per caramelle gommose al CBD e acquista attrezzature per la produzione di caramelle industriali commerciali\" class=\"alignnone wp-image-5582 size-full\" src=\"https:\/\/qhbake.com\/wp-content\/uploads\/2021\/06\/Gummy-making-machine-4.png\" alt=\"macchina per caramelle gommose al CBD e acquista attrezzature per la produzione di caramelle industriali commerciali\" width=\"651\" height=\"482\" srcset=\"https:\/\/www.qhbake.com\/wp-content\/uploads\/2021\/06\/Gummy-making-machine-4.png 651w, https:\/\/www.qhbake.com\/wp-content\/uploads\/2021\/06\/Gummy-making-machine-4-600x444.png 600w, https:\/\/www.qhbake.com\/wp-content\/uploads\/2021\/06\/Gummy-making-machine-4-300x222.png 300w, https:\/\/www.qhbake.com\/wp-content\/uploads\/2021\/06\/Gummy-making-machine-4-16x12.png 16w, https:\/\/www.qhbake.com\/wp-content\/uploads\/2021\/06\/Gummy-making-machine-4-285x211.png 285w, https:\/\/www.qhbake.com\/wp-content\/uploads\/2021\/06\/Gummy-making-machine-4-150x111.png 150w\" sizes=\"(max-width: 651px) 100vw, 651px\" \/><\/p>\n<h3>Trasferimento sciroppo: trasferire lo sciroppo all&#039;attrezzatura successiva<\/h3>\n<p><img loading=\"lazy\" decoding=\"async\" title=\"macchina per caramelle gommose al CBD e acquista attrezzature per la produzione di caramelle industriali commerciali\" class=\"alignnone wp-image-5585 size-full\" src=\"https:\/\/qhbake.com\/wp-content\/uploads\/2021\/06\/Gummy-machine-4.png\" alt=\"macchina per caramelle gommose al CBD e acquista attrezzature per la produzione di caramelle industriali commerciali\" width=\"534\" height=\"383\" srcset=\"https:\/\/www.qhbake.com\/wp-content\/uploads\/2021\/06\/Gummy-machine-4.png 534w, https:\/\/www.qhbake.com\/wp-content\/uploads\/2021\/06\/Gummy-machine-4-300x215.png 300w, https:\/\/www.qhbake.com\/wp-content\/uploads\/2021\/06\/Gummy-machine-4-18x12.png 18w, https:\/\/www.qhbake.com\/wp-content\/uploads\/2021\/06\/Gummy-machine-4-285x204.png 285w, https:\/\/www.qhbake.com\/wp-content\/uploads\/2021\/06\/Gummy-machine-4-150x108.png 150w\" sizes=\"(max-width: 534px) 100vw, 534px\" \/><\/p>\n<h3>Deposito gommoso<\/h3>\n<p><img loading=\"lazy\" decoding=\"async\" title=\"macchina per caramelle gommose al CBD e acquista attrezzature per la produzione di caramelle industriali commerciali\" class=\"alignnone wp-image-5579 size-full\" src=\"https:\/\/qhbake.com\/wp-content\/uploads\/2021\/06\/Gummy-making-machine-1.png\" alt=\"macchina per caramelle gommose al CBD e acquista attrezzature per la produzione di caramelle industriali commerciali\" width=\"644\" height=\"480\" srcset=\"https:\/\/www.qhbake.com\/wp-content\/uploads\/2021\/06\/Gummy-making-machine-1.png 644w, https:\/\/www.qhbake.com\/wp-content\/uploads\/2021\/06\/Gummy-making-machine-1-600x447.png 600w, https:\/\/www.qhbake.com\/wp-content\/uploads\/2021\/06\/Gummy-making-machine-1-300x224.png 300w, https:\/\/www.qhbake.com\/wp-content\/uploads\/2021\/06\/Gummy-making-machine-1-16x12.png 16w, https:\/\/www.qhbake.com\/wp-content\/uploads\/2021\/06\/Gummy-making-machine-1-285x212.png 285w, https:\/\/www.qhbake.com\/wp-content\/uploads\/2021\/06\/Gummy-making-machine-1-150x112.png 150w\" sizes=\"(max-width: 644px) 100vw, 644px\" \/><\/p>\n<h3>Raffreddamento<\/h3>\n<p><img loading=\"lazy\" decoding=\"async\" title=\"macchina per caramelle gommose al CBD e acquista attrezzature per la produzione di caramelle industriali commerciali\" class=\"alignnone wp-image-5580 size-full\" src=\"https:\/\/qhbake.com\/wp-content\/uploads\/2021\/06\/Gummy-making-machine-2.png\" alt=\"macchina per caramelle gommose al CBD e acquista attrezzature per la produzione di caramelle industriali commerciali\" width=\"664\" height=\"497\" srcset=\"https:\/\/www.qhbake.com\/wp-content\/uploads\/2021\/06\/Gummy-making-machine-2.png 664w, https:\/\/www.qhbake.com\/wp-content\/uploads\/2021\/06\/Gummy-making-machine-2-600x449.png 600w, https:\/\/www.qhbake.com\/wp-content\/uploads\/2021\/06\/Gummy-making-machine-2-300x225.png 300w, https:\/\/www.qhbake.com\/wp-content\/uploads\/2021\/06\/Gummy-making-machine-2-16x12.png 16w, https:\/\/www.qhbake.com\/wp-content\/uploads\/2021\/06\/Gummy-making-machine-2-285x213.png 285w, https:\/\/www.qhbake.com\/wp-content\/uploads\/2021\/06\/Gummy-making-machine-2-660x494.png 660w, https:\/\/www.qhbake.com\/wp-content\/uploads\/2021\/06\/Gummy-making-machine-2-150x112.png 150w\" sizes=\"(max-width: 664px) 100vw, 664px\" \/><\/p>\n<h3>sformato<\/h3>\n<p><img loading=\"lazy\" decoding=\"async\" title=\"macchina per caramelle gommose al CBD e acquista attrezzature per la produzione di caramelle industriali commerciali\" class=\"alignnone wp-image-5581 size-full\" src=\"https:\/\/qhbake.com\/wp-content\/uploads\/2021\/06\/Gummy-making-machine-3.png\" alt=\"macchina per caramelle gommose al CBD e acquista attrezzature per la produzione di caramelle industriali commerciali\" width=\"648\" height=\"483\" srcset=\"https:\/\/www.qhbake.com\/wp-content\/uploads\/2021\/06\/Gummy-making-machine-3.png 648w, https:\/\/www.qhbake.com\/wp-content\/uploads\/2021\/06\/Gummy-making-machine-3-600x447.png 600w, https:\/\/www.qhbake.com\/wp-content\/uploads\/2021\/06\/Gummy-making-machine-3-300x224.png 300w, https:\/\/www.qhbake.com\/wp-content\/uploads\/2021\/06\/Gummy-making-machine-3-16x12.png 16w, https:\/\/www.qhbake.com\/wp-content\/uploads\/2021\/06\/Gummy-making-machine-3-285x212.png 285w, https:\/\/www.qhbake.com\/wp-content\/uploads\/2021\/06\/Gummy-making-machine-3-150x112.png 150w\" sizes=\"(max-width: 648px) 100vw, 648px\" \/><\/p>\n<h3>Trasporto: il trasportatore sotto la piastra di sformatura trasferir\u00e0 i vassoi finiti a asciutti<\/h3>\n<p><img loading=\"lazy\" decoding=\"async\" title=\"macchina per caramelle gommose al CBD e acquista attrezzature per la produzione di caramelle industriali commerciali\" class=\"alignnone wp-image-5584 size-full\" src=\"https:\/\/qhbake.com\/wp-content\/uploads\/2021\/06\/Gummy-production-line.png\" alt=\"macchina per caramelle gommose al CBD e acquista attrezzature per la produzione di caramelle industriali commerciali\" width=\"683\" height=\"506\" srcset=\"https:\/\/www.qhbake.com\/wp-content\/uploads\/2021\/06\/Gummy-production-line.png 683w, https:\/\/www.qhbake.com\/wp-content\/uploads\/2021\/06\/Gummy-production-line-600x445.png 600w, https:\/\/www.qhbake.com\/wp-content\/uploads\/2021\/06\/Gummy-production-line-300x222.png 300w, https:\/\/www.qhbake.com\/wp-content\/uploads\/2021\/06\/Gummy-production-line-16x12.png 16w, https:\/\/www.qhbake.com\/wp-content\/uploads\/2021\/06\/Gummy-production-line-285x211.png 285w, https:\/\/www.qhbake.com\/wp-content\/uploads\/2021\/06\/Gummy-production-line-660x489.png 660w, https:\/\/www.qhbake.com\/wp-content\/uploads\/2021\/06\/Gummy-production-line-150x111.png 150w\" sizes=\"(max-width: 683px) 100vw, 683px\" \/><\/p>\n<h4>Asciutto: la pectina gommosa si asciugher\u00e0 in una stanza a temperatura costante, pressione costante e umidit\u00e0. quindi imballare dopo questo processo.<\/h4>\n<p>&nbsp;<\/p>\n<h2><strong>I nostri standard e certificazioni di qualit\u00e0 delle macchine<\/strong><\/h2>\n<ul>\n<li>Attuali standard di qualit\u00e0 e certificazioni per le buone pratiche di fabbricazione (GMP)<\/li>\n<li>Standard e certificazioni di qualit\u00e0 dell&#039;International Standards Organization (ISO)<\/li>\n<li>Standard e certificazioni di qualit\u00e0 della Food and Drug Administration (FDA)<\/li>\n<li>Non solo abbiamo standard e certificazioni di qualit\u00e0 elettrica CE, ma anche certificazione UL (USA)<\/li>\n<\/ul>\n<p><img loading=\"lazy\" decoding=\"async\" title=\"macchina per caramelle gommose al CBD e acquista attrezzature per la produzione di caramelle industriali commerciali\" class=\"alignnone wp-image-3529 size-large\" src=\"https:\/\/qhbake.com\/wp-content\/uploads\/2021\/06\/gummy-machine-3-1024x137.png\" alt=\"macchina per caramelle gommose al CBD e acquista attrezzature per la produzione di caramelle industriali commerciali\" width=\"1024\" height=\"137\" srcset=\"https:\/\/www.qhbake.com\/wp-content\/uploads\/2021\/06\/gummy-machine-3-1024x137.png 1024w, https:\/\/www.qhbake.com\/wp-content\/uploads\/2021\/06\/gummy-machine-3-600x80.png 600w, https:\/\/www.qhbake.com\/wp-content\/uploads\/2021\/06\/gummy-machine-3-300x40.png 300w, https:\/\/www.qhbake.com\/wp-content\/uploads\/2021\/06\/gummy-machine-3-768x102.png 768w, https:\/\/www.qhbake.com\/wp-content\/uploads\/2021\/06\/gummy-machine-3-285x38.png 285w, https:\/\/www.qhbake.com\/wp-content\/uploads\/2021\/06\/gummy-machine-3-660x88.png 660w, https:\/\/www.qhbake.com\/wp-content\/uploads\/2021\/06\/gummy-machine-3-150x20.png 150w, https:\/\/www.qhbake.com\/wp-content\/uploads\/2021\/06\/gummy-machine-3.png 1079w\" sizes=\"(max-width: 1024px) 100vw, 1024px\" \/><\/p>\n<h2>Ottieni un preventivo gratuito per la nostra macchina gommosa<\/h2>\n\n<div class=\"wpcf7 no-js\" id=\"wpcf7-f3152-o1\" lang=\"en-US\" dir=\"ltr\" data-wpcf7-id=\"3152\">\n<div class=\"screen-reader-response\"><p role=\"status\" aria-live=\"polite\" aria-atomic=\"true\"><\/p> <ul><\/ul><\/div>\n<form action=\"\/it\/wp-json\/wp\/v2\/product\/3210#wpcf7-f3152-o1\" method=\"post\" class=\"wpcf7-form init\" aria-label=\"Contact form\" novalidate=\"novalidate\" data-status=\"init\" data-trp-original-action=\"\/it\/wp-json\/wp\/v2\/product\/3210#wpcf7-f3152-o1\">\n<fieldset class=\"hidden-fields-container\"><input type=\"hidden\" name=\"_wpcf7\" value=\"3152\" \/><input type=\"hidden\" name=\"_wpcf7_version\" value=\"6.1.5\" \/><input type=\"hidden\" name=\"_wpcf7_locale\" value=\"en_US\" \/><input type=\"hidden\" name=\"_wpcf7_unit_tag\" value=\"wpcf7-f3152-o1\" \/><input type=\"hidden\" name=\"_wpcf7_container_post\" value=\"0\" \/><input type=\"hidden\" name=\"_wpcf7_posted_data_hash\" value=\"\" \/>\n<\/fieldset>\n<p><label> Il tuo nome (richiesto)<br \/>\n<span class=\"wpcf7-form-control-wrap\" data-name=\"your-name\"><input size=\"40\" maxlength=\"400\" class=\"wpcf7-form-control wpcf7-text wpcf7-validates-as-required\" aria-required=\"true\" aria-invalid=\"false\" value=\"\" type=\"text\" name=\"your-name\" \/><\/span> <\/label>\n<\/p>\n<p><label> La tua email (richiesto)<br \/>\n<span class=\"wpcf7-form-control-wrap\" data-name=\"your-email\"><input size=\"40\" maxlength=\"400\" class=\"wpcf7-form-control wpcf7-email wpcf7-validates-as-required wpcf7-text wpcf7-validates-as-email\" aria-required=\"true\" aria-invalid=\"false\" value=\"\" type=\"email\" name=\"your-email\" \/><\/span> <\/label>\n<\/p>\n<p><label> Your Phone (required)<br \/>\n<span class=\"wpcf7-form-control-wrap\" data-name=\"your-phone\"><input size=\"40\" maxlength=\"400\" class=\"wpcf7-form-control wpcf7-text wpcf7-validates-as-required\" aria-required=\"true\" aria-invalid=\"false\" placeholder=\"\" value=\"\" type=\"text\" name=\"your-phone\" \/><\/span> <\/label>\n<\/p>\n<p><label> Il tuo messaggio<br \/>\n<span class=\"wpcf7-form-control-wrap\" data-name=\"your-message\"><textarea cols=\"40\" rows=\"10\" maxlength=\"2000\" class=\"wpcf7-form-control wpcf7-textarea\" aria-invalid=\"false\" name=\"your-message\"><\/textarea><\/span> <\/label>\n<\/p>\n<p><button class=\"wpcf7-form-control wpcf7-submit has-spinner et_pb_button et_pb_bg_layout_light\" type=\"submit\" value=\"Send\">Spedire<\/button>\n<\/p><p style=\"display: none !important;\" class=\"akismet-fields-container\" data-prefix=\"_wpcf7_ak_\"><label>&#916;<textarea name=\"_wpcf7_ak_hp_textarea\" cols=\"45\" rows=\"8\" maxlength=\"100\"><\/textarea><\/label><input type=\"hidden\" id=\"ak_js_1\" name=\"_wpcf7_ak_js\" value=\"19\"\/><script>document.getElementById( \"ak_js_1\" ).setAttribute( \"value\", ( new Date() ).getTime() );<\/script><\/p><div class=\"wpcf7-response-output\" aria-hidden=\"true\"><\/div>\n<input type=\"hidden\" name=\"trp-form-language\" value=\"it\"\/><\/form>\n<\/div>","protected":false},"excerpt":{"rendered":"<p>#1 CBD Gummy Machine Wholesaler &#8211; Find The Perfect CBD Gummy Machine For Your Need. No Middle Man &#8211; Buy CBD Gummy Machine From Trusted Factory Directly. Industry Warranties For CBD Gummy Machine &#8211; 24\/7 Support &#8211; Quote In 5 Min or Less. Best CBD Gummy Machine For Sale &#8211; CBD Gummy Machine Factory -OEM\/ODM [&hellip;]<\/p>\n","protected":false},"featured_media":5774,"comment_status":"closed","ping_status":"closed","template":"","meta":{"_et_pb_use_builder":"","_et_pb_old_content":"","_et_gb_content_width":"","_lmt_disableupdate":"","_lmt_disable":""},"product_brand":[],"product_cat":[22,114],"product_tag":[222,168,167,169,172],"class_list":{"0":"post-3210","1":"product","2":"type-product","3":"status-publish","4":"has-post-thumbnail","6":"product_cat-candy-making-machine","7":"product_cat-gummy-candy-production-line","8":"product_tag-cbd-gummy","9":"product_tag-gummy-machine","10":"product_tag-gummy-making-machine","11":"product_tag-gummy-making-machine-factory","12":"product_tag-gummy-making-machine-topic","14":"first","15":"instock","16":"shipping-taxable","17":"product-type-simple"},"_links":{"self":[{"href":"https:\/\/www.qhbake.com\/it\/wp-json\/wp\/v2\/product\/3210","targetHints":{"allow":["GET"]}}],"collection":[{"href":"https:\/\/www.qhbake.com\/it\/wp-json\/wp\/v2\/product"}],"about":[{"href":"https:\/\/www.qhbake.com\/it\/wp-json\/wp\/v2\/types\/product"}],"replies":[{"embeddable":true,"href":"https:\/\/www.qhbake.com\/it\/wp-json\/wp\/v2\/comments?post=3210"}],"wp:featuredmedia":[{"embeddable":true,"href":"https:\/\/www.qhbake.com\/it\/wp-json\/wp\/v2\/media\/5774"}],"wp:attachment":[{"href":"https:\/\/www.qhbake.com\/it\/wp-json\/wp\/v2\/media?parent=3210"}],"wp:term":[{"taxonomy":"product_brand","embeddable":true,"href":"https:\/\/www.qhbake.com\/it\/wp-json\/wp\/v2\/product_brand?post=3210"},{"taxonomy":"product_cat","embeddable":true,"href":"https:\/\/www.qhbake.com\/it\/wp-json\/wp\/v2\/product_cat?post=3210"},{"taxonomy":"product_tag","embeddable":true,"href":"https:\/\/www.qhbake.com\/it\/wp-json\/wp\/v2\/product_tag?post=3210"}],"curies":[{"name":"wp","href":"https:\/\/api.w.org\/{rel}","templated":true}]}}