{"id":739,"date":"2021-05-19T07:11:46","date_gmt":"2021-05-19T07:11:46","guid":{"rendered":"https:\/\/qhbake.com\/?post_type=product&#038;p=739"},"modified":"2024-05-23T14:31:38","modified_gmt":"2024-05-23T14:31:38","slug":"dough-feeder","status":"publish","type":"product","link":"https:\/\/www.qhbake.com\/fr\/produit\/dough-feeder","title":{"rendered":"Acheter Mangeoire \u00e0 p\u00e2te pour Biscuit Dur Biscuit Cracker Biscuit Factory"},"content":{"rendered":"<div>\n<p>Un alimentateur de p\u00e2te est utilis\u00e9 pour alimenter la p\u00e2te dans la tr\u00e9mie et pr\u00e9-rouler la p\u00e2te ou les feuilles de p\u00e2te en morceaux de p\u00e2te appropri\u00e9s, qui sont ensuite transport\u00e9s vers les rouleaux de calibre 1\/2\/3 pour un laminage suppl\u00e9mentaire. C&#039;est une machine indispensable dans tous types de lignes de production de biscuits durs.<\/p>\n<p>Habituellement, le chargeur sera suffisant pour le type de base de biscuit dur, mais si pour le biscuit soda, sugg\u00e9rez de rejouer \u00e0 Laminator (que nous avons \u00e9galement cette machine)<\/p>\n<\/div>\n<p>&nbsp;<\/p>\n<h2><strong>Avantages du chargeur de p\u00e2te<\/strong><\/h2>\n<p>1. Contr\u00f4le de fr\u00e9quence de la vitesse du moteur, \u00e0 l&#039;aide d&#039;un capteur de d\u00e9placement pour inspecter l&#039;\u00e9paisseur de la p\u00e2te<br \/>\n2. L&#039;\u00e9cran tactile PLC ajuste l&#039;\u00e9paisseur de la p\u00e2te, ce qui la rend plus pr\u00e9cise<br \/>\n3. Le diam\u00e8tre du rouleau en alliage plus fort<br \/>\n4. Le prot\u00e8ge-rouleau est install\u00e9 sur le rouleau sup\u00e9rieur pour r\u00e9duire le risque de couper les feuilles de p\u00e2te<br \/>\n5. Le joint int\u00e9rieur en nylon blanc non toxique de qualit\u00e9 alimentaire emp\u00eache les feuilles de p\u00e2te d&#039;\u00eatre aliment\u00e9es<br \/>\n6. Le rouleau en caoutchouc \u00e0 l&#039;int\u00e9rieur prot\u00e8ge efficacement le rouleau en alliage<br \/>\n7. Acier inoxydable<br \/>\n8. Rev\u00eatement de sablage imperm\u00e9able pour une utilisation plus longue<\/p>","protected":false},"excerpt":{"rendered":"<ul>\n<li>1.2-1.9 Vitesse (m\/min)<\/li>\n<li>\u00c9paisseur de feuille r\u00e9glable<\/li>\n<li>Vitesse de coupe r\u00e9glable<\/li>\n<li>Vitesse du convoyeur r\u00e9glable<\/li>\n<\/ul>","protected":false},"featured_media":3373,"comment_status":"closed","ping_status":"closed","template":"","meta":{"_et_pb_use_builder":"","_et_pb_old_content":"","_et_gb_content_width":"","_lmt_disableupdate":"","_lmt_disable":""},"product_brand":[],"product_cat":[133,90,135],"product_tag":[98,99,95,100,96,101,97],"class_list":{"0":"post-739","1":"product","2":"type-product","3":"status-publish","4":"has-post-thumbnail","6":"product_cat-dough-mixer","7":"product_cat-hard-biscuit-machine","8":"product_cat-laminator","9":"product_tag-adjustable","10":"product_tag-dough-feeder","11":"product_tag-food-grade","12":"product_tag-hard-biscuit","13":"product_tag-nontoxic","14":"product_tag-production-line","15":"product_tag-waterproof","17":"first","18":"instock","19":"shipping-taxable","20":"product-type-simple"},"_links":{"self":[{"href":"https:\/\/www.qhbake.com\/fr\/wp-json\/wp\/v2\/product\/739","targetHints":{"allow":["GET"]}}],"collection":[{"href":"https:\/\/www.qhbake.com\/fr\/wp-json\/wp\/v2\/product"}],"about":[{"href":"https:\/\/www.qhbake.com\/fr\/wp-json\/wp\/v2\/types\/product"}],"replies":[{"embeddable":true,"href":"https:\/\/www.qhbake.com\/fr\/wp-json\/wp\/v2\/comments?post=739"}],"wp:featuredmedia":[{"embeddable":true,"href":"https:\/\/www.qhbake.com\/fr\/wp-json\/wp\/v2\/media\/3373"}],"wp:attachment":[{"href":"https:\/\/www.qhbake.com\/fr\/wp-json\/wp\/v2\/media?parent=739"}],"wp:term":[{"taxonomy":"product_brand","embeddable":true,"href":"https:\/\/www.qhbake.com\/fr\/wp-json\/wp\/v2\/product_brand?post=739"},{"taxonomy":"product_cat","embeddable":true,"href":"https:\/\/www.qhbake.com\/fr\/wp-json\/wp\/v2\/product_cat?post=739"},{"taxonomy":"product_tag","embeddable":true,"href":"https:\/\/www.qhbake.com\/fr\/wp-json\/wp\/v2\/product_tag?post=739"}],"curies":[{"name":"wp","href":"https:\/\/api.w.org\/{rel}","templated":true}]}}