{"id":733,"date":"2021-05-19T07:09:08","date_gmt":"2021-05-19T07:09:08","guid":{"rendered":"https:\/\/qhbake.com\/?post_type=product&#038;p=733"},"modified":"2024-05-23T14:31:39","modified_gmt":"2024-05-23T14:31:39","slug":"laminator","status":"publish","type":"product","link":"https:\/\/www.qhbake.com\/fr\/produit\/laminator","title":{"rendered":"Laminateur pour p\u00e2te dure \u00e0 vendre \u2013 Acheter un laminateur en ligne"},"content":{"rendered":"<div>\n<ul>\n<li>Diam\u00e8tre du rouleau en alliage de 400 mm<\/li>\n<li>Mat\u00e9riau du convoyeur PU<\/li>\n<li>5 ans de garantie<\/li>\n<li>5-12 couches de plastifieuse<\/li>\n<\/ul>\n<\/div>\n<p>Le laminoir de p\u00e2te travaille avec la machine de formage de feuilles \u00e0 rouleaux habituellement utilis\u00e9e pour le biscuit dur.<\/p>\n<p>Feuilles de p\u00e2te pr\u00e9fabriqu\u00e9es, laminage et piste de poudre d&#039;arrosage directement sur le chemin de roulement du biscuit afin qu&#039;il soit avantageux pour le biscuit dur d&#039;am\u00e9liorer la qualit\u00e9 et la qualit\u00e9, ce qui en fait un dispositif n\u00e9cessaire pour produire du crack ferment\u00e9.<\/p>\n<p>Il existe deux types courants de laminateurs\u00a0: le type \u00e0 feuilles coup\u00e9es ou le type \u00e0 mouvement alternatif. selon diff\u00e9rents types de biscuits et configurations particuli\u00e8res de machines.<\/p>\n<p>Est con\u00e7u pour donner au produit une structure en couches. La qualit\u00e9 du produit final, sa fragilit\u00e9 et son croustillant, laminage de feuille de p\u00e2te pr\u00e9fabriqu\u00e9e et saupoudrer de poudre directement sur le chemin du biscuit afin qu&#039;il soit avantageux pour le biscuit dur d&#039;am\u00e9liorer la qualit\u00e9 et la qualit\u00e9, ce qui en fait un dispositif n\u00e9cessaire \u00e0 la production de crack ferment\u00e9.<\/p>\n<p><img loading=\"lazy\" decoding=\"async\" title=\"plastifieuse pour p\u00e2te dure \u00e0 vendre - acheter plastifieuse en ligne\" class=\"alignnone wp-image-3383 size-medium\" src=\"https:\/\/qhbake.com\/wp-content\/uploads\/2021\/05\/Laminator-1-300x300.jpg\" alt=\"plastifieuse pour p\u00e2te dure \u00e0 vendre - acheter plastifieuse en ligne\" width=\"300\" height=\"300\" srcset=\"https:\/\/www.qhbake.com\/wp-content\/uploads\/2021\/05\/Laminator-1-300x300.jpg 300w, https:\/\/www.qhbake.com\/wp-content\/uploads\/2021\/05\/Laminator-1-100x100.jpg 100w, https:\/\/www.qhbake.com\/wp-content\/uploads\/2021\/05\/Laminator-1-600x600.jpg 600w, https:\/\/www.qhbake.com\/wp-content\/uploads\/2021\/05\/Laminator-1-150x150.jpg 150w, https:\/\/www.qhbake.com\/wp-content\/uploads\/2021\/05\/Laminator-1-768x768.jpg 768w, https:\/\/www.qhbake.com\/wp-content\/uploads\/2021\/05\/Laminator-1-285x285.jpg 285w, https:\/\/www.qhbake.com\/wp-content\/uploads\/2021\/05\/Laminator-1-270x270.jpg 270w, https:\/\/www.qhbake.com\/wp-content\/uploads\/2021\/05\/Laminator-1-540x540.jpg 540w, https:\/\/www.qhbake.com\/wp-content\/uploads\/2021\/05\/Laminator-1-660x660.jpg 660w, https:\/\/www.qhbake.com\/wp-content\/uploads\/2021\/05\/Laminator-1.jpg 800w\" sizes=\"(max-width: 300px) 100vw, 300px\" \/>\u00a0 <img loading=\"lazy\" decoding=\"async\" title=\"plastifieuse pour p\u00e2te dure \u00e0 vendre - acheter plastifieuse en ligne\" class=\"alignnone wp-image-3385\" src=\"https:\/\/qhbake.com\/wp-content\/uploads\/2021\/05\/Laminator-3-300x300.jpg\" alt=\"plastifieuse pour p\u00e2te dure \u00e0 vendre - acheter plastifieuse en ligne\" width=\"297\" height=\"297\" srcset=\"https:\/\/www.qhbake.com\/wp-content\/uploads\/2021\/05\/Laminator-3-300x300.jpg 300w, https:\/\/www.qhbake.com\/wp-content\/uploads\/2021\/05\/Laminator-3-100x100.jpg 100w, https:\/\/www.qhbake.com\/wp-content\/uploads\/2021\/05\/Laminator-3-600x600.jpg 600w, https:\/\/www.qhbake.com\/wp-content\/uploads\/2021\/05\/Laminator-3-150x150.jpg 150w, https:\/\/www.qhbake.com\/wp-content\/uploads\/2021\/05\/Laminator-3-768x768.jpg 768w, https:\/\/www.qhbake.com\/wp-content\/uploads\/2021\/05\/Laminator-3-285x285.jpg 285w, https:\/\/www.qhbake.com\/wp-content\/uploads\/2021\/05\/Laminator-3-270x270.jpg 270w, https:\/\/www.qhbake.com\/wp-content\/uploads\/2021\/05\/Laminator-3-540x540.jpg 540w, https:\/\/www.qhbake.com\/wp-content\/uploads\/2021\/05\/Laminator-3-660x660.jpg 660w, https:\/\/www.qhbake.com\/wp-content\/uploads\/2021\/05\/Laminator-3.jpg 800w\" sizes=\"(max-width: 297px) 100vw, 297px\" \/><\/p>\n<p><strong>Avantage:<\/strong><br \/>\n1. 3 rouleaux par feuille et 4 rouleaux pour ajuster l&#039;\u00e9paisseur de la p\u00e2te plus uniform\u00e9ment<br \/>\n2. Contr\u00f4le \u00e9lectrique, automatisation avanc\u00e9e, structure simple, op\u00e9ration facile<br \/>\n3. Le nombre de couches de p\u00e2te est r\u00e9glable de 9 \u00e0 16 couches ou m\u00eame plus<br \/>\n4. Affichage num\u00e9rique de l&#039;\u00e9paisseur de la p\u00e2te, ajustement automatique de l&#039;\u00e9paisseur de la p\u00e2te<br \/>\n5. Racloir type T9 pour p\u00e2te laiss\u00e9e sur le rouleau<br \/>\n6. Tension pneumatique, dispositif de redressement pneumatique<br \/>\n7. Bande transporteuse en PU, rouleau en alliage<br \/>\n8. Dispositif de sparring vibrant saupoudrer la poudre uniform\u00e9ment<\/p>\n<p>&nbsp;<\/p>\n<div>Laminateur de feuille coup\u00e9e\uff09 (Plastifieuse de type alternatif)<\/div>\n<div>\n<div class=\"editor_table_wrap\"><\/div>\n<\/div>\n<p>&nbsp;<\/p>\n<p>&nbsp;<\/p>","protected":false},"excerpt":{"rendered":"<p>Plastifieuse pour biscuit dur biscuit biscuit soda<\/p>","protected":false},"featured_media":3384,"comment_status":"closed","ping_status":"closed","template":"","meta":{"_et_pb_use_builder":"","_et_pb_old_content":"","_et_gb_content_width":"","_lmt_disableupdate":"","_lmt_disable":""},"product_brand":[],"product_cat":[90,135],"product_tag":[],"class_list":{"0":"post-733","1":"product","2":"type-product","3":"status-publish","4":"has-post-thumbnail","6":"product_cat-hard-biscuit-machine","7":"product_cat-laminator","9":"first","10":"instock","11":"shipping-taxable","12":"product-type-simple"},"_links":{"self":[{"href":"https:\/\/www.qhbake.com\/fr\/wp-json\/wp\/v2\/product\/733","targetHints":{"allow":["GET"]}}],"collection":[{"href":"https:\/\/www.qhbake.com\/fr\/wp-json\/wp\/v2\/product"}],"about":[{"href":"https:\/\/www.qhbake.com\/fr\/wp-json\/wp\/v2\/types\/product"}],"replies":[{"embeddable":true,"href":"https:\/\/www.qhbake.com\/fr\/wp-json\/wp\/v2\/comments?post=733"}],"wp:featuredmedia":[{"embeddable":true,"href":"https:\/\/www.qhbake.com\/fr\/wp-json\/wp\/v2\/media\/3384"}],"wp:attachment":[{"href":"https:\/\/www.qhbake.com\/fr\/wp-json\/wp\/v2\/media?parent=733"}],"wp:term":[{"taxonomy":"product_brand","embeddable":true,"href":"https:\/\/www.qhbake.com\/fr\/wp-json\/wp\/v2\/product_brand?post=733"},{"taxonomy":"product_cat","embeddable":true,"href":"https:\/\/www.qhbake.com\/fr\/wp-json\/wp\/v2\/product_cat?post=733"},{"taxonomy":"product_tag","embeddable":true,"href":"https:\/\/www.qhbake.com\/fr\/wp-json\/wp\/v2\/product_tag?post=733"}],"curies":[{"name":"wp","href":"https:\/\/api.w.org\/{rel}","templated":true}]}}