{"id":725,"date":"2021-05-19T07:01:42","date_gmt":"2021-05-19T07:01:42","guid":{"rendered":"https:\/\/qhbake.com\/?post_type=product&#038;p=725"},"modified":"2024-05-23T14:31:41","modified_gmt":"2024-05-23T14:31:41","slug":"dough-mixer","status":"publish","type":"product","link":"https:\/\/www.qhbake.com\/fr\/produit\/dough-mixer","title":{"rendered":"M\u00e9langeur de p\u00e2te de type horizontal \u00e0 vendre - Usine et fabricant"},"content":{"rendered":"<div>\n<p>#1 Grossiste de m\u00e9langeurs de p\u00e2te - Trouvez le m\u00e9langeur de p\u00e2te parfait pour vos besoins. Pas d&#039;interm\u00e9diaire - Achetez directement un m\u00e9langeur de p\u00e2te aupr\u00e8s d&#039;une usine de confiance. Garanties de l&#039;industrie pour le m\u00e9langeur de p\u00e2te - Assistance 24h\/24 et 7j\/7 - Devis en 5 minutes ou moins. Meilleur m\u00e9langeur de p\u00e2te \u00e0 vendre - Usine de m\u00e9langeur de p\u00e2te -OEM \/ ODM avec les prix les plus bas<\/p>\n<p><img loading=\"lazy\" decoding=\"async\" title=\"m\u00e9langeur de p\u00e2te de type horizontal \u00e0 vendre - usine et fabricant\" class=\"aligncenter wp-image-456 size-large\" src=\"https:\/\/qhbake.com\/wp-content\/uploads\/2021\/04\/\u56fe\u72471-4-1024x689.png\" alt=\"m\u00e9langeur de p\u00e2te de type horizontal \u00e0 vendre - usine et fabricant\" width=\"1024\" height=\"689\" srcset=\"https:\/\/www.qhbake.com\/wp-content\/uploads\/2021\/04\/\u56fe\u72471-4-1024x689.png 1024w, https:\/\/www.qhbake.com\/wp-content\/uploads\/2021\/04\/\u56fe\u72471-4-600x404.png 600w, https:\/\/www.qhbake.com\/wp-content\/uploads\/2021\/04\/\u56fe\u72471-4-300x202.png 300w, https:\/\/www.qhbake.com\/wp-content\/uploads\/2021\/04\/\u56fe\u72471-4-768x517.png 768w, https:\/\/www.qhbake.com\/wp-content\/uploads\/2021\/04\/\u56fe\u72471-4-1080x727.png 1080w, https:\/\/www.qhbake.com\/wp-content\/uploads\/2021\/04\/\u56fe\u72471-4-980x659.png 980w, https:\/\/www.qhbake.com\/wp-content\/uploads\/2021\/04\/\u56fe\u72471-4-480x323.png 480w, https:\/\/www.qhbake.com\/wp-content\/uploads\/2021\/04\/\u56fe\u72471-4.png 1171w\" sizes=\"(max-width: 1024px) 100vw, 1024px\" \/><\/p>\n<\/div>\n<div>\n<ul>\n<li>Capacit\u00e9 50-1500<\/li>\n<li>3 \u00e9quipe de conception personnalis\u00e9e<\/li>\n<li>\u00a0 40+ Exp\u00e9rience de production<\/li>\n<li>25+ ans d&#039;entretien<\/li>\n<\/ul>\n<\/div>\n<p><img loading=\"lazy\" decoding=\"async\" title=\"m\u00e9langeur de p\u00e2te de type horizontal \u00e0 vendre - usine et fabricant\" class=\"alignnone wp-image-3397 size-full\" src=\"https:\/\/qhbake.com\/wp-content\/uploads\/2021\/05\/mixer.png\" alt=\"m\u00e9langeur de p\u00e2te de type horizontal \u00e0 vendre - usine et fabricant\" width=\"637\" height=\"322\" srcset=\"https:\/\/www.qhbake.com\/wp-content\/uploads\/2021\/05\/mixer.png 637w, https:\/\/www.qhbake.com\/wp-content\/uploads\/2021\/05\/mixer-600x303.png 600w, https:\/\/www.qhbake.com\/wp-content\/uploads\/2021\/05\/mixer-300x152.png 300w, https:\/\/www.qhbake.com\/wp-content\/uploads\/2021\/05\/mixer-585x295.png 585w, https:\/\/www.qhbake.com\/wp-content\/uploads\/2021\/05\/mixer-285x144.png 285w, https:\/\/www.qhbake.com\/wp-content\/uploads\/2021\/05\/mixer-150x76.png 150w\" sizes=\"(max-width: 637px) 100vw, 637px\" \/><\/p>\n<p>Ce m\u00e9langeur a une lame de m\u00e9lange de conception unique \u00ab $ \u00bb qui assure une bonne dispersion des ingr\u00e9dients et un d\u00e9veloppement rapide de la p\u00e2te, il est essentiel pour d\u00e9velopper la p\u00e2te extensible douce.<\/p>\n<p>Cette action de malaxage qui p\u00e9trit, roule et replie la p\u00e2te sans trop la d\u00e9chirer et l&#039;extruder est id\u00e9ale.<\/p>\n<p>Le temps de m\u00e9lange sur un m\u00e9langeur \u00e0 basse vitesse sera de 20 \u00e0 25 minutes.<\/p>\n<p>Le temps de m\u00e9lange \u00e0 grande vitesse pour la p\u00e2te d&#039;amidon sp\u00e9ciale sera de 10 \u00e0 12 minutes.<\/p>\n<p>&nbsp;<\/p>\n<h2><strong>Avantages du p\u00e9trin<\/strong><\/h2>\n<p>1. 50-500 kg\/lot pour la production petite et mufti<\/p>\n<ul>\n<li>Mun ti-fonction pour p\u00e2tes dures et molles<\/li>\n<li>Gain de place<\/li>\n<li>Un coup de vent qui s&#039;ajuste<\/li>\n<li>En avant et en avant\u00a0:\u00a090-120<sup>o<\/sup><\/li>\n<li>Lame inox type $<\/li>\n<li>Directement connect\u00e9 au syst\u00e8me de silo pour obtenir l&#039;effet de m\u00e9lange en ligne<\/li>\n<\/ul>\n<h2><strong>500-1500 kg\/lot pour une production importante ou continue<\/strong><\/h2>\n<ul>\n<li>Syst\u00e8me de contr\u00f4le PLC et cri tactile<\/li>\n<li>SEW moteur<\/li>\n<li>Connectez-vous avec un coupe-p\u00e2te et un convoyeur automatiques<\/li>\n<li>Ceinture PU antiadh\u00e9sive<\/li>\n<\/ul>\n<ul>\n<li>Acier inoxydable et type lame<\/li>\n<li>\u00a0Inversez l&#039;entra\u00eenement pour offrir des plages de vitesse maximales, un d\u00e9marrage en douceur et une consommation d&#039;\u00e9nergie minimale.<\/li>\n<\/ul>","protected":false},"excerpt":{"rendered":"<p>P\u00e9trin \u00e0 fonction mufti pour biscuit dur et biscuit moelleux<\/p>","protected":false},"featured_media":3389,"comment_status":"closed","ping_status":"closed","template":"","meta":{"_et_pb_use_builder":"","_et_pb_old_content":"","_et_gb_content_width":"","_lmt_disableupdate":"","_lmt_disable":""},"product_brand":[],"product_cat":[133,91],"product_tag":[],"class_list":{"0":"post-725","1":"product","2":"type-product","3":"status-publish","4":"has-post-thumbnail","6":"product_cat-dough-mixer","7":"product_cat-soft-biscuit-machine","9":"first","10":"instock","11":"shipping-taxable","12":"product-type-simple"},"_links":{"self":[{"href":"https:\/\/www.qhbake.com\/fr\/wp-json\/wp\/v2\/product\/725","targetHints":{"allow":["GET"]}}],"collection":[{"href":"https:\/\/www.qhbake.com\/fr\/wp-json\/wp\/v2\/product"}],"about":[{"href":"https:\/\/www.qhbake.com\/fr\/wp-json\/wp\/v2\/types\/product"}],"replies":[{"embeddable":true,"href":"https:\/\/www.qhbake.com\/fr\/wp-json\/wp\/v2\/comments?post=725"}],"wp:featuredmedia":[{"embeddable":true,"href":"https:\/\/www.qhbake.com\/fr\/wp-json\/wp\/v2\/media\/3389"}],"wp:attachment":[{"href":"https:\/\/www.qhbake.com\/fr\/wp-json\/wp\/v2\/media?parent=725"}],"wp:term":[{"taxonomy":"product_brand","embeddable":true,"href":"https:\/\/www.qhbake.com\/fr\/wp-json\/wp\/v2\/product_brand?post=725"},{"taxonomy":"product_cat","embeddable":true,"href":"https:\/\/www.qhbake.com\/fr\/wp-json\/wp\/v2\/product_cat?post=725"},{"taxonomy":"product_tag","embeddable":true,"href":"https:\/\/www.qhbake.com\/fr\/wp-json\/wp\/v2\/product_tag?post=725"}],"curies":[{"name":"wp","href":"https:\/\/api.w.org\/{rel}","templated":true}]}}