{"id":724,"date":"2021-05-19T06:55:15","date_gmt":"2021-05-19T06:55:15","guid":{"rendered":"https:\/\/qhbake.com\/?post_type=product&#038;p=724"},"modified":"2024-05-23T14:31:17","modified_gmt":"2024-05-23T14:31:17","slug":"baking-oven","status":"publish","type":"product","link":"https:\/\/www.qhbake.com\/fr\/produit\/baking-oven","title":{"rendered":"Four de boulangerie industriel \u00e0 vendre - Meilleurs fours de boulangerie \u00e9lectriques commerciaux"},"content":{"rendered":"<p>Les fours \u00e0 tunnel de cuisson automatique ont g\u00e9n\u00e9ralement trois types principaux\uff1a<br \/>\nFour \u00e0 gaz : le four \u00e9lectrique et le four \u00e0 circulation d&#039;air chaud d\u00e9pendent des ressources naturelles des diff\u00e9rents besoins et pays.<\/p>\n<div>\n<h3><\/h3>\n<h3>FOUR ELECTRIQUE CHAUFFAGE INFRAROUGE LOINTAIN<\/h3>\n<h3><strong><img loading=\"lazy\" decoding=\"async\" title=\"four de cuisson industriel \u00e0 vendre - meilleurs fours de boulangerie \u00e9lectriques commerciaux\" class=\"alignleft wp-image-3395 size-full\" src=\"https:\/\/qhbake.com\/wp-content\/uploads\/2021\/05\/electrical-oven-e1666170604106.png\" alt=\"four de cuisson industriel \u00e0 vendre - meilleurs fours de boulangerie \u00e9lectriques commerciaux\" width=\"777\" height=\"593\" srcset=\"https:\/\/www.qhbake.com\/wp-content\/uploads\/2021\/05\/electrical-oven-e1666170604106.png 777w, https:\/\/www.qhbake.com\/wp-content\/uploads\/2021\/05\/electrical-oven-e1666170604106-600x458.png 600w, https:\/\/www.qhbake.com\/wp-content\/uploads\/2021\/05\/electrical-oven-e1666170604106-300x229.png 300w, https:\/\/www.qhbake.com\/wp-content\/uploads\/2021\/05\/electrical-oven-e1666170604106-768x586.png 768w, https:\/\/www.qhbake.com\/wp-content\/uploads\/2021\/05\/electrical-oven-e1666170604106-285x218.png 285w, https:\/\/www.qhbake.com\/wp-content\/uploads\/2021\/05\/electrical-oven-e1666170604106-16x12.png 16w\" sizes=\"(max-width: 777px) 100vw, 777px\" \/><\/strong><\/h3>\n<p>Le principe de fonctionnement est que gr\u00e2ce \u00e0 l&#039;\u00e9l\u00e9ment chauffant \u00e0 infrarouge lointain, leur disposition et leur contr\u00f4le rendent le chauffage uniforme, il existe un syst\u00e8me d&#039;\u00e9chappement pour collecter la vapeur et l&#039;\u00e9chappement.<\/p>\n<\/div>\n<h2>FOUR \u00c0 GAZ FOUR \u00c0 CHAUFFAGE DIRECT<\/h2>\n<div>\n<p><img loading=\"lazy\" decoding=\"async\" title=\"four de cuisson industriel \u00e0 vendre - meilleurs fours de boulangerie \u00e9lectriques commerciaux\" class=\"alignleft wp-image-3396 size-full\" src=\"https:\/\/qhbake.com\/wp-content\/uploads\/2021\/05\/gas-oven-e1666170661915.png\" alt=\"four de cuisson industriel \u00e0 vendre - meilleurs fours de boulangerie \u00e9lectriques commerciaux\" width=\"800\" height=\"494\" srcset=\"https:\/\/www.qhbake.com\/wp-content\/uploads\/2021\/05\/gas-oven-e1666170661915.png 800w, https:\/\/www.qhbake.com\/wp-content\/uploads\/2021\/05\/gas-oven-e1666170661915-600x371.png 600w, https:\/\/www.qhbake.com\/wp-content\/uploads\/2021\/05\/gas-oven-e1666170661915-300x185.png 300w, https:\/\/www.qhbake.com\/wp-content\/uploads\/2021\/05\/gas-oven-e1666170661915-768x474.png 768w, https:\/\/www.qhbake.com\/wp-content\/uploads\/2021\/05\/gas-oven-e1666170661915-285x176.png 285w, https:\/\/www.qhbake.com\/wp-content\/uploads\/2021\/05\/gas-oven-e1666170661915-18x12.png 18w\" sizes=\"(max-width: 800px) 100vw, 800px\" \/><\/p>\n<p>Le principe de fonctionnement est des br\u00fbleurs \u00e0 ruban \u00e0 gaz install\u00e9s directement dans la chambre de cuisson. Diff\u00e9rents types de br\u00fbleurs permettent de cr\u00e9er un profil de cuisson unique pour chaque produit.<br \/>\nLes commandes du br\u00fbleur sont divis\u00e9es en chaleur sup\u00e9rieure et inf\u00e9rieure et en plusieurs zones.<\/p>\n<p>&nbsp;<\/p>\n<\/div>\n<div>\n<h3>FOUR \u00c0 CIRCULATION D&#039;AIR - TYPE \u00c0 CONVECTION (DIRECT)<\/h3>\n<\/div>\n<div>\n<p>Le principe de fonctionnement est l&#039;injection d&#039;air indirecte et l&#039;optimisation du principe de convection bien connu. La chaleur du br\u00fbleur \u00e0 gaz est \u00e9chang\u00e9e dans l&#039;\u00e9change thermique au-dessus de la chambre de cuisson. L&#039;air de cuisson n&#039;est pas m\u00e9lang\u00e9 \u00e0 l&#039;air de combustion. Des fours \u00e0 impact direct sont \u00e9galement disponibles, o\u00f9 l&#039;air de combustion circule dans la chambre de cuisson.<\/p>\n<p>&nbsp;<\/p>\n<p><img loading=\"lazy\" decoding=\"async\" title=\"four de cuisson industriel \u00e0 vendre - meilleurs fours de boulangerie \u00e9lectriques commerciaux\" class=\"alignleft wp-image-3394 size-full\" src=\"https:\/\/qhbake.com\/wp-content\/uploads\/2021\/05\/oven.png\" alt=\"four de cuisson industriel \u00e0 vendre - meilleurs fours de boulangerie \u00e9lectriques commerciaux\" width=\"683\" height=\"566\" srcset=\"https:\/\/www.qhbake.com\/wp-content\/uploads\/2021\/05\/oven.png 683w, https:\/\/www.qhbake.com\/wp-content\/uploads\/2021\/05\/oven-600x497.png 600w, https:\/\/www.qhbake.com\/wp-content\/uploads\/2021\/05\/oven-300x249.png 300w, https:\/\/www.qhbake.com\/wp-content\/uploads\/2021\/05\/oven-285x236.png 285w, https:\/\/www.qhbake.com\/wp-content\/uploads\/2021\/05\/oven-660x547.png 660w, https:\/\/www.qhbake.com\/wp-content\/uploads\/2021\/05\/oven-150x124.png 150w\" sizes=\"(max-width: 683px) 100vw, 683px\" \/><\/p>\n<\/div>","protected":false},"excerpt":{"rendered":"<p>#1 Grossiste de fours de cuisson - Trouvez le four de cuisson parfait pour vos besoins. Pas d&#039;interm\u00e9diaire - Achetez directement un four de cuisson aupr\u00e8s d&#039;une usine de confiance. Garanties de l&#039;industrie pour le four de cuisson - Assistance 24h\/24 et 7j\/7 - Devis en 5 minutes ou moins. Meilleur four de cuisson \u00e0 vendre - Usine de four de cuisson -OEM \/ ODM avec les prix les plus bas<\/p>\n<p>&nbsp;<\/p>","protected":false},"featured_media":3315,"comment_status":"closed","ping_status":"closed","template":"","meta":{"_et_pb_use_builder":"","_et_pb_old_content":"","_et_gb_content_width":"","_lmt_disableupdate":"","_lmt_disable":""},"product_brand":[],"product_cat":[93],"product_tag":[],"class_list":{"0":"post-724","1":"product","2":"type-product","3":"status-publish","4":"has-post-thumbnail","6":"product_cat-other-bakery-equipment","8":"first","9":"instock","10":"shipping-taxable","11":"product-type-simple"},"_links":{"self":[{"href":"https:\/\/www.qhbake.com\/fr\/wp-json\/wp\/v2\/product\/724","targetHints":{"allow":["GET"]}}],"collection":[{"href":"https:\/\/www.qhbake.com\/fr\/wp-json\/wp\/v2\/product"}],"about":[{"href":"https:\/\/www.qhbake.com\/fr\/wp-json\/wp\/v2\/types\/product"}],"replies":[{"embeddable":true,"href":"https:\/\/www.qhbake.com\/fr\/wp-json\/wp\/v2\/comments?post=724"}],"wp:featuredmedia":[{"embeddable":true,"href":"https:\/\/www.qhbake.com\/fr\/wp-json\/wp\/v2\/media\/3315"}],"wp:attachment":[{"href":"https:\/\/www.qhbake.com\/fr\/wp-json\/wp\/v2\/media?parent=724"}],"wp:term":[{"taxonomy":"product_brand","embeddable":true,"href":"https:\/\/www.qhbake.com\/fr\/wp-json\/wp\/v2\/product_brand?post=724"},{"taxonomy":"product_cat","embeddable":true,"href":"https:\/\/www.qhbake.com\/fr\/wp-json\/wp\/v2\/product_cat?post=724"},{"taxonomy":"product_tag","embeddable":true,"href":"https:\/\/www.qhbake.com\/fr\/wp-json\/wp\/v2\/product_tag?post=724"}],"curies":[{"name":"wp","href":"https:\/\/api.w.org\/{rel}","templated":true}]}}