{"id":715,"date":"2021-05-19T06:47:05","date_gmt":"2021-05-19T06:47:05","guid":{"rendered":"https:\/\/qhbake.com\/?post_type=product&#038;p=715"},"modified":"2024-05-23T14:38:52","modified_gmt":"2024-05-23T14:38:52","slug":"automatic-lollipop-production-line","status":"publish","type":"product","link":"https:\/\/www.qhbake.com\/fr\/produit\/automatic-lollipop-production-line","title":{"rendered":"Ligne de production automatique de sucettes \u00e0 vendre - Candy Machine Factory"},"content":{"rendered":"<div>\n<h2>Ligne de production automatique de sucettes<\/h2>\n<\/div>\n<div>\n<ul>\n<li>46Exp\u00e9rience de production<\/li>\n<li>5 ans de garantie<\/li>\n<li>Plus de 2600 entretiens de machines<\/li>\n<li>Capacit\u00e9 de production 150-2000<\/li>\n<\/ul>\n<\/div>\n<p>La ligne de d\u00e9p\u00f4t de sucettes de la s\u00e9rie QHB est un \u00e9quipement avantageux pour produire des sucettes. L&#039;op\u00e9ration est contr\u00f4l\u00e9e par un PLC\/programme pour la cuisson sous vide, l&#039;alimentation et le d\u00e9p\u00f4t.<\/p>\n<p>Il peut s&#039;agir d&#039;une injection en ligne, dosant le pr\u00e9-m\u00e9lange pour l&#039;ajout proportionnel de colorants liquides, d&#039;ar\u00f4mes et d&#039;acides,<\/p>\n<p>La ligne est compos\u00e9e de cuiseurs, de r\u00e9servoirs de stockage, de cuiseurs \u00e0 micro-films, de d\u00e9poses, de moules et d&#039;un tunnel de refroidissement industriel.<\/p>\n<p>Il peut produire des rayures bicolores, des couches bicolores, une couleur et une sucette centrale. La ligne est un \u00e9quipement d&#039;usine enti\u00e8rement automatique avec un syst\u00e8me d&#039;insertion automatique de b\u00e2tons.<\/p>\n<div class=\"editor_table_wrap\"><\/div>\n<h2><strong>Avantage de la ligne de production QHBAKE Lollipop<\/strong><\/h2>\n<p><strong>A : Le cuiseur continu de microfilm pour le sirop dur de sucrerie sera<\/strong><\/p>\n<ul>\n<li>Plus de transparence et de douceur<\/li>\n<li>Moins affect\u00e9 par la temp\u00e9rature ambiante<\/li>\n<li>Moins de sucre r\u00e9ducteur et moins de couleur de combustion<\/li>\n<li>Moins d&#039;humidit\u00e9 et dur\u00e9e de vie de la coque de stockage plus longue<\/li>\n<li>Temps de cuisson r\u00e9duit et meilleur aspect du cristal<\/li>\n<li>Un syst\u00e8me de contr\u00f4le pr\u00e9cis de la temp\u00e9rature pr\u00e9serve l&#039;activit\u00e9 des additifs.<\/li>\n<\/ul>\n<p><strong>B: ligne de d\u00e9p\u00f4t automatique<\/strong><\/p>\n<ul>\n<li>Nouveau d\u00e9p\u00f4t de haute pr\u00e9cision avec plus de pr\u00e9cision, moins de d\u00e9chets, un rendement plus \u00e9lev\u00e9<\/li>\n<li>Sablage enti\u00e8rement en acier inoxydable et imperm\u00e9able \u00e0 l&#039;eau sur la surface<\/li>\n<li>Remplissage central, couche par couche et fonctions de torsion double couleur<\/li>\n<li>Diversit\u00e9 des types de moules tels que plat ou 2D ou 3D<\/li>\n<li>Syst\u00e8me d&#039;ajout de b\u00e2ton de sucette plat (2D) et en forme de boule (3D)<\/li>\n<li>Pi\u00e8ces \u00e9lectriques de marques internationales pour une dur\u00e9e de vie plus longue<\/li>\n<li>Signes d&#039;avertissement de pi\u00e8ces cach\u00e9es et protection pour une utilisation en toute s\u00e9curit\u00e9<\/li>\n<li>Syst\u00e8me de maintien de la temp\u00e9rature d&#039;isolation \u00e0 double couche<\/li>\n<\/ul>","protected":false},"excerpt":{"rendered":"<p>Ligne de production automatique de sucettes pour sucettes \u00e0 billes et sucettes plates, une seule couleur et plusieurs couleurs pour vous.<\/p>","protected":false},"featured_media":5571,"comment_status":"closed","ping_status":"closed","template":"","meta":{"_et_pb_use_builder":"","_et_pb_old_content":"","_et_gb_content_width":"","_lmt_disableupdate":"","_lmt_disable":""},"product_brand":[],"product_cat":[92,119],"product_tag":[],"class_list":{"0":"post-715","1":"product","2":"type-product","3":"status-publish","4":"has-post-thumbnail","6":"product_cat-candy-depositing-machine","7":"product_cat-lollipop-production-line","9":"first","10":"instock","11":"shipping-taxable","12":"product-type-simple"},"_links":{"self":[{"href":"https:\/\/www.qhbake.com\/fr\/wp-json\/wp\/v2\/product\/715","targetHints":{"allow":["GET"]}}],"collection":[{"href":"https:\/\/www.qhbake.com\/fr\/wp-json\/wp\/v2\/product"}],"about":[{"href":"https:\/\/www.qhbake.com\/fr\/wp-json\/wp\/v2\/types\/product"}],"replies":[{"embeddable":true,"href":"https:\/\/www.qhbake.com\/fr\/wp-json\/wp\/v2\/comments?post=715"}],"wp:featuredmedia":[{"embeddable":true,"href":"https:\/\/www.qhbake.com\/fr\/wp-json\/wp\/v2\/media\/5571"}],"wp:attachment":[{"href":"https:\/\/www.qhbake.com\/fr\/wp-json\/wp\/v2\/media?parent=715"}],"wp:term":[{"taxonomy":"product_brand","embeddable":true,"href":"https:\/\/www.qhbake.com\/fr\/wp-json\/wp\/v2\/product_brand?post=715"},{"taxonomy":"product_cat","embeddable":true,"href":"https:\/\/www.qhbake.com\/fr\/wp-json\/wp\/v2\/product_cat?post=715"},{"taxonomy":"product_tag","embeddable":true,"href":"https:\/\/www.qhbake.com\/fr\/wp-json\/wp\/v2\/product_tag?post=715"}],"curies":[{"name":"wp","href":"https:\/\/api.w.org\/{rel}","templated":true}]}}