{"id":704,"date":"2021-05-19T06:35:58","date_gmt":"2021-05-19T06:35:58","guid":{"rendered":"https:\/\/qhbake.com\/?post_type=product&#038;p=704"},"modified":"2024-05-23T14:31:44","modified_gmt":"2024-05-23T14:31:44","slug":"automatic-biscuit-production-line","status":"publish","type":"product","link":"https:\/\/www.qhbake.com\/fr\/produit\/automatic-biscuit-production-line","title":{"rendered":"Acheter une ligne de production de biscuits automatique - Machine \u00e0 biscuits industrielle"},"content":{"rendered":"<div class=\"product-detail wrap-module\">\n<div class=\"wrap\">\n<div class=\"ueeshop_responsive_products_detail\">\n<div class=\"description\">\n<div class=\"contents\">\n<div id=\"global_editor_contents\">\n<div>\n<p><img loading=\"lazy\" decoding=\"async\" alt=\"acheter une ligne de production automatique de biscuits - machine \u00e0 biscuits industrielle\" title=\"acheter une ligne de production automatique de biscuits - machine \u00e0 biscuits industrielle\" class=\"\" src=\"https:\/\/ueeshop-cn.ly200-cdn.com\/u_file\/UPAQ\/UPAQ082\/2101\/photo\/99e704fe5c.png\" width=\"613\" height=\"109\" \/><\/p>\n<div>\n<h2><strong>Avantage de la ligne de production de biscuits QHBake<\/strong><\/h2>\n<\/div>\n<ul>\n<li>Multi-fonction pour le type de production de biscuits<\/li>\n<li>Four : Laine de roche pour l&#039;isolation, norme GMP<\/li>\n<li>\u00a0Rouleau d&#039;alliage plus fort<\/li>\n<li>Temp\u00e9rature de cuisson avec pr\u00e9cision, r\u00e9glable.<\/li>\n<li>Maille de convoyeur en acier inoxydable<\/li>\n<li>Fonction d&#039;enregistrement automatique du processus<\/li>\n<li>Ext\u00e9rieur sans angles vifs<\/li>\n<li>Surface de rev\u00eatement de sablage imperm\u00e9able<\/li>\n<li>\u00c9conomie d&#039;\u00e9nergie, entretien annuel<\/li>\n<\/ul>\n<p>La ligne de production de biscuits de la s\u00e9rie QH est le premier choix pour la production de types de biscuits durs et mous. L&#039;\u00e9quipement de la biscuiterie peut \u00eatre combin\u00e9 et affich\u00e9 en fonction de l&#039;espace local du client ou des exigences techniques de la biscuiterie.<\/p>\n<p>En changeant les moules et les recettes, cette plan\u00e8te est capable de produire divers types de biscuits de haute qualit\u00e9. tels que biscuit \u00e0 la cr\u00e8me, biscuit sandwich, biscuit soda, biscuit animal, biscuit v\u00e9g\u00e9tal, etc. Il existe une source de chauffage diversifi\u00e9e pour votre op\u00e9ration (\u00e9lectrique, gaz, mazout)<\/p>\n<\/div>\n<div class=\"editor_table_wrap\"><\/div>\n<div>\n<div>\n<hr \/>\n<h2><strong><u>Fours de cuisson<\/u><\/strong><\/h2>\n<div><strong>Le four tunnel de cuisson automatique a g\u00e9n\u00e9ralement trois types principaux\uff1a<\/strong><\/div>\n<\/div>\n<div><strong>Fours \u00e0 gaz \uff0cLes fours \u00e9lectriques et les fours \u00e0 circulation d&#039;air chaud d\u00e9pendent des ressources naturelles des diff\u00e9rents besoins et pays.\u00a0<\/strong><\/div>\n<div><\/div>\n<h2><u><strong>Four \u00e9lectrique<\/strong><\/u><strong>-Chauffage infrarouge lointain<\/strong><\/h2>\n<div>Le principe de fonctionnement est que gr\u00e2ce \u00e0 l&#039;\u00e9l\u00e9ment chauffant \u00e0 infrarouge lointain, leur disposition et leur contr\u00f4le rendent le chauffage uniforme, il existe un syst\u00e8me d&#039;\u00e9chappement pour collecter la vapeur et l&#039;\u00e9chappement.<\/div>\n<div><\/div>\n<h2><u><strong>Four \u00e0 gaz<\/strong><\/u><strong>-Four \u00e0 feu direct<\/strong><\/h2>\n<div>Le principe de fonctionnement est des br\u00fbleurs \u00e0 ruban \u00e0 gaz install\u00e9s directement dans la chambre de cuisson. Diff\u00e9rents types de br\u00fbleurs permettent de cr\u00e9er un profil de cuisson unique pour chaque produit.<br \/>\nLes commandes du br\u00fbleur sont divis\u00e9es en chaleur sup\u00e9rieure et inf\u00e9rieure et en plusieurs zones.<\/div>\n<div><\/div>\n<h2><u><strong>Four \u00e0 circulation d&#039;air chaud<\/strong><\/u><strong>\u2013 Type \u00e0 convection (indirecte)<\/strong><\/h2>\n<div>Le principe de fonctionnement est le choc d&#039;air indirect et l&#039;optimisation du principe de convection bien connu. La chaleur du br\u00fbleur \u00e0 gaz est \u00e9chang\u00e9e dans l&#039;\u00e9change thermique au-dessus de la chambre de cuisson. L&#039;air de cuisson n&#039;est pas m\u00e9lang\u00e9 \u00e0 l&#039;air de combustion. Des fours \u00e0 impact direct sont \u00e9galement disponibles, o\u00f9 l&#039;air de combustion circule dans la chambre de cuisson.<\/div>\n<div><\/div>\n<h2><strong>Meilleur biscuit de vente sur le march\u00e9<\/strong><\/h2>\n<div><\/div>\n<div><strong>\u00a0 \u00a0<\/strong><strong>\u00a0 \u00a0 \u00a0 \u00a0 \u00a0 \u00a0 \u00a0 \u00a0Biscuit dur Biscuit moelleux Biscuit soda cracker<\/strong><br \/>\n<img decoding=\"async\" alt=\"acheter une ligne de production automatique de biscuits - machine \u00e0 biscuits industrielle\" title=\"acheter une ligne de production automatique de biscuits - machine \u00e0 biscuits industrielle\" src=\"https:\/\/ueeshop-cn.ly200-cdn.com\/u_file\/UPAQ\/UPAQ082\/2101\/photo\/4591733b29.png\" \/><br \/>\n<strong>\u00a0 \u00a0 \u00a0 \u00a0 \u00a0 \u00a0 \u00a0<\/strong><strong>\u00a0\u00a0 Biscuit sandwich Biscuit d&#039;enrobage chocolat Biscuit g\u00e2teau aux noix\u00a0<\/strong><br \/>\n<img decoding=\"async\" alt=\"acheter une ligne de production automatique de biscuits - machine \u00e0 biscuits industrielle\" title=\"acheter une ligne de production automatique de biscuits - machine \u00e0 biscuits industrielle\" src=\"https:\/\/ueeshop-cn.ly200-cdn.com\/u_file\/UPAQ\/UPAQ082\/2101\/photo\/ac84990450.png\" \/><br \/>\n<strong>\u00a0 \u00a0 \u00a0 \u00a0 \u00a0 \u00a0 \u00a0 \u00a0 \u00a0 \u00a0Biscuit fourrage confiture Biscuit doigt Biscuit pilote<\/strong><br \/>\n<img decoding=\"async\" alt=\"acheter une ligne de production automatique de biscuits - machine \u00e0 biscuits industrielle\" title=\"acheter une ligne de production automatique de biscuits - machine \u00e0 biscuits industrielle\" src=\"https:\/\/ueeshop-cn.ly200-cdn.com\/u_file\/UPAQ\/UPAQ082\/2101\/photo\/e842b7bfd7.png\" \/><\/div>\n<\/div>\n<\/div>\n<\/div>\n<div class=\"clear\"><\/div>\n<\/div>\n<\/div>\n<\/div>\n<\/div>\n<div id=\"footer\">\n<div class=\"f_list cont\">\n<div class=\"f_left fl\">\n<div class=\"f_logo\"><\/div>\n<div class=\"f_share\">\n<div class=\"share foot_share foot_share_type_0\"><\/div>\n<\/div>\n<\/div>\n<div class=\"f_item fl\">\n<div class=\"list\"><\/div>\n<\/div>\n<div class=\"f_item fl\">\n<div class=\"index_feedback\"><\/div>\n<\/div>\n<\/div>\n<\/div>","protected":false},"excerpt":{"rendered":"<p>Achetez une ligne de production automatique de biscuits pour biscuits durs et mous. La grande production peut atteindre 1500 kg\/h. Biscuit formant une temp\u00e9rature de cuisson stable et pr\u00e9cise, tous les processus contr\u00f4l\u00e9s par PLC pour une utilisation facile.<\/p>","protected":false},"featured_media":3420,"comment_status":"closed","ping_status":"closed","template":"","meta":{"_et_pb_use_builder":"","_et_pb_old_content":"","_et_gb_content_width":"","_lmt_disableupdate":"","_lmt_disable":""},"product_brand":[],"product_cat":[90,91],"product_tag":[192,189,190,191,187,188,97],"class_list":{"0":"post-704","1":"product","2":"type-product","3":"status-publish","4":"has-post-thumbnail","6":"product_cat-hard-biscuit-machine","7":"product_cat-soft-biscuit-machine","8":"product_tag-automatic","9":"product_tag-baking-ovens","10":"product_tag-biscuit-machine","11":"product_tag-biscuit-production-line","12":"product_tag-electrical-oven","13":"product_tag-gas-oven","14":"product_tag-waterproof","16":"first","17":"instock","18":"shipping-taxable","19":"product-type-simple"},"_links":{"self":[{"href":"https:\/\/www.qhbake.com\/fr\/wp-json\/wp\/v2\/product\/704","targetHints":{"allow":["GET"]}}],"collection":[{"href":"https:\/\/www.qhbake.com\/fr\/wp-json\/wp\/v2\/product"}],"about":[{"href":"https:\/\/www.qhbake.com\/fr\/wp-json\/wp\/v2\/types\/product"}],"replies":[{"embeddable":true,"href":"https:\/\/www.qhbake.com\/fr\/wp-json\/wp\/v2\/comments?post=704"}],"wp:featuredmedia":[{"embeddable":true,"href":"https:\/\/www.qhbake.com\/fr\/wp-json\/wp\/v2\/media\/3420"}],"wp:attachment":[{"href":"https:\/\/www.qhbake.com\/fr\/wp-json\/wp\/v2\/media?parent=704"}],"wp:term":[{"taxonomy":"product_brand","embeddable":true,"href":"https:\/\/www.qhbake.com\/fr\/wp-json\/wp\/v2\/product_brand?post=704"},{"taxonomy":"product_cat","embeddable":true,"href":"https:\/\/www.qhbake.com\/fr\/wp-json\/wp\/v2\/product_cat?post=704"},{"taxonomy":"product_tag","embeddable":true,"href":"https:\/\/www.qhbake.com\/fr\/wp-json\/wp\/v2\/product_tag?post=704"}],"curies":[{"name":"wp","href":"https:\/\/api.w.org\/{rel}","templated":true}]}}