{"id":693,"date":"2021-05-17T09:47:37","date_gmt":"2021-05-17T09:47:37","guid":{"rendered":"https:\/\/qhbake.com\/?post_type=product&#038;p=693"},"modified":"2024-05-23T14:31:46","modified_gmt":"2024-05-23T14:31:46","slug":"rotary-molder","status":"publish","type":"product","link":"https:\/\/www.qhbake.com\/fr\/produit\/rotary-molder","title":{"rendered":"Mouleur rotatif \u00e0 vendre - Machines \u00e0 biscuits de mouleur rotatif de boulangerie"},"content":{"rendered":"<div class=\"title\">#1 Grossiste de mouleuse rotative - Trouvez la mouleuse rotative parfaite pour vos besoins. Pas d&#039;interm\u00e9diaire - Achetez directement une mouleuse rotative aupr\u00e8s d&#039;une usine de confiance. Garanties de l&#039;industrie pour le mouleur rotatif - Assistance 24h \/ 24 et 7j \/ 7 - Devis en 5 minutes ou moins. Meilleur mouleur rotatif \u00e0 vendre - Usine de moulage rotatif -OEM \/ ODM avec les prix les plus bas<\/div>\n<div class=\"contents\">\n<div id=\"global_editor_contents\">\n<div>\n<ul>\n<li>Capacit\u00e9 de production 100-1500<\/li>\n<li>\u00a05+ ans de garantie<\/li>\n<li>3+ \u00e9quipe de conception personnalis\u00e9e<\/li>\n<li>Mat\u00e9riau du convoyeur PU<\/li>\n<\/ul>\n<\/div>\n<h2><strong>Caract\u00e9ristique de moulage rotatif<\/strong><\/h2>\n<p>Cette machine est tr\u00e8s facile \u00e0 utiliser, pour mettre la p\u00e2te de farine agit\u00e9e dans la tr\u00e9mie de la machine. Il est form\u00e9 en une seule fois dans n&#039;importe quelle forme de biscuit que vous voulez.<\/p>\n<p>La vitesse de formage peut \u00eatre r\u00e9glable et de petite taille pour \u00e9conomiser de l&#039;espace.<\/p>\n<p>Suit les nouvelles qui veulent d\u00e9marrer la production de biscuits avec un petit budget et une petite usine<\/p>\n<h2><strong>Avantage du mouleur rotatif<\/strong><\/h2>\n<p>Contr\u00f4le \u00e9lectrique, automatisation de haut degr\u00e9, structure simple, op\u00e9ration facile<br \/>\nAffichage num\u00e9rique de l&#039;\u00e9paisseur de la p\u00e2te, ajuste automatiquement l&#039;\u00e9paisseur de la p\u00e2te<br \/>\nGrattoir de type T9, tranchant et durable<br \/>\nTension pneumatique, dispositif de redressement pneumatique<br \/>\nBande transporteuse en PU, rouleau en alliage beaucoup plus r\u00e9sistant<br \/>\nLes formes en R se plient pour \u00e9viter les blessures au travail<br \/>\nRev\u00eatement de sablage imperm\u00e9able pour une longue dur\u00e9e de vie<\/p>\n<\/div>\n<\/div>","protected":false},"excerpt":{"rendered":"<p>Mouleuse rotative pour la fabrication de biscuits moelleux<\/p>","protected":false},"featured_media":3417,"comment_status":"closed","ping_status":"closed","template":"","meta":{"_et_pb_use_builder":"","_et_pb_old_content":"","_et_gb_content_width":"","_lmt_disableupdate":"","_lmt_disable":""},"product_brand":[],"product_cat":[91],"product_tag":[],"class_list":{"0":"post-693","1":"product","2":"type-product","3":"status-publish","4":"has-post-thumbnail","6":"product_cat-soft-biscuit-machine","8":"first","9":"instock","10":"shipping-taxable","11":"product-type-simple"},"_links":{"self":[{"href":"https:\/\/www.qhbake.com\/fr\/wp-json\/wp\/v2\/product\/693","targetHints":{"allow":["GET"]}}],"collection":[{"href":"https:\/\/www.qhbake.com\/fr\/wp-json\/wp\/v2\/product"}],"about":[{"href":"https:\/\/www.qhbake.com\/fr\/wp-json\/wp\/v2\/types\/product"}],"replies":[{"embeddable":true,"href":"https:\/\/www.qhbake.com\/fr\/wp-json\/wp\/v2\/comments?post=693"}],"wp:featuredmedia":[{"embeddable":true,"href":"https:\/\/www.qhbake.com\/fr\/wp-json\/wp\/v2\/media\/3417"}],"wp:attachment":[{"href":"https:\/\/www.qhbake.com\/fr\/wp-json\/wp\/v2\/media?parent=693"}],"wp:term":[{"taxonomy":"product_brand","embeddable":true,"href":"https:\/\/www.qhbake.com\/fr\/wp-json\/wp\/v2\/product_brand?post=693"},{"taxonomy":"product_cat","embeddable":true,"href":"https:\/\/www.qhbake.com\/fr\/wp-json\/wp\/v2\/product_cat?post=693"},{"taxonomy":"product_tag","embeddable":true,"href":"https:\/\/www.qhbake.com\/fr\/wp-json\/wp\/v2\/product_tag?post=693"}],"curies":[{"name":"wp","href":"https:\/\/api.w.org\/{rel}","templated":true}]}}