{"id":690,"date":"2021-05-17T09:39:33","date_gmt":"2021-05-17T09:39:33","guid":{"rendered":"https:\/\/qhbake.com\/?post_type=product&#038;p=690"},"modified":"2024-05-23T14:31:40","modified_gmt":"2024-05-23T14:31:40","slug":"double-blades-dough-mixer-vertical","status":"publish","type":"product","link":"https:\/\/www.qhbake.com\/fr\/produit\/double-blades-dough-mixer-vertical","title":{"rendered":"P\u00e9trin \u00e0 double pales (vertical) \u00e0 vendre \u2013 Usine et fournisseur"},"content":{"rendered":"<p>#1 Grossiste en m\u00e9langeur de p\u00e2te \u00e0 double lame - Trouvez le m\u00e9langeur de p\u00e2te \u00e0 double lame parfait pour vos besoins. Pas d&#039;homme du milieu - Achetez directement un m\u00e9langeur de p\u00e2te \u00e0 double lames aupr\u00e8s d&#039;une usine de confiance. Garanties de l&#039;industrie pour le m\u00e9langeur de p\u00e2te \u00e0 double lames - Assistance 24h\/24 et 7j\/7 - Devis en 5 minutes ou moins. Meilleur m\u00e9langeur de p\u00e2te \u00e0 double lames \u00e0 vendre - Usine de m\u00e9langeur de p\u00e2te \u00e0 double lames - OEM \/ ODM avec les prix les plus bas<\/p>\n<div class=\"contents\">\n<div id=\"global_editor_contents\">\n<div>\n<p>&nbsp;<\/p>\n<ul>\n<li>Vitesse du batteur 25 tr\/min<\/li>\n<li>Mat\u00e9riel de machine SUS304<\/li>\n<li>\u00a0 5+ ans de garantie<\/li>\n<li>Contr\u00f4le PLC par<\/li>\n<\/ul>\n<\/div>\n<h2><strong>M\u00e9langeur de p\u00e2te \u00e0 double lames<\/strong><\/h2>\n<p>Ce m\u00e9langeur a des lames \u00e0 double broche verticale pour un m\u00e9lange parfaitement \u00e9lev\u00e9.<\/p>\n<p>L&#039;action de m\u00e9lange \u00e9lev\u00e9e mais douce m\u00e9lange bien les ingr\u00e9dients sans apport d&#039;\u00e9nergie \u00e9lev\u00e9 au stade des prot\u00e9ines de gluten.<\/p>\n<p>Les cuves de m\u00e9lange \u00e0 roulettes sont charg\u00e9es d&#039;ingr\u00e9dients, soit \u00e0 la main, soit par un syst\u00e8me de remplissage semi-automatique des cuves, ce qui permet de gagner du temps lors du changement entre la p\u00e9riode de fermentation et les diff\u00e9rents types de p\u00e2te.<\/p>\n<h2><strong>P\u00e9trin \u00e0 double pales Avantages<\/strong><\/h2>\n<p>1. Temps de fermentation des biscuits 4-8H<br \/>\n2, taille de lot : 300\/500\/800kg<br \/>\n3. Vitesse du batteur : 25 tr\/min<br \/>\n4. Fonctionnement simple et s\u00fbr<br \/>\n5. Minuterie pour un contr\u00f4le optimal apr\u00e8s le m\u00e9lange final des lames \u00e0 double broche verticale en acier inoxydable<br \/>\n6. Tubes de m\u00e9lange \u00e0 roues pour la r\u00e9paration et le gain de temps<br \/>\n7. Hygi\u00e9nique et facile \u00e0 entretenir<\/p>\n<\/div>\n<\/div>","protected":false},"excerpt":{"rendered":"<p>#1 Grossiste en m\u00e9langeur de p\u00e2te \u00e0 double lame - Trouvez le m\u00e9langeur de p\u00e2te \u00e0 double lame parfait pour vos besoins. Pas d&#039;homme du milieu - Achetez directement un m\u00e9langeur de p\u00e2te \u00e0 double lames aupr\u00e8s d&#039;une usine de confiance. Garanties de l&#039;industrie pour le m\u00e9langeur de p\u00e2te \u00e0 double lames - Assistance 24h\/24 et 7j\/7 - Devis en 5 minutes ou moins. Meilleur m\u00e9langeur de p\u00e2te \u00e0 double lames \u00e0 vendre - Usine de m\u00e9langeur de p\u00e2te \u00e0 double lames - OEM \/ ODM avec les prix les plus bas<\/p>","protected":false},"featured_media":3415,"comment_status":"closed","ping_status":"closed","template":"","meta":{"_et_pb_use_builder":"","_et_pb_old_content":"","_et_gb_content_width":"","_lmt_disableupdate":"","_lmt_disable":""},"product_brand":[],"product_cat":[133],"product_tag":[],"class_list":{"0":"post-690","1":"product","2":"type-product","3":"status-publish","4":"has-post-thumbnail","6":"product_cat-dough-mixer","8":"first","9":"instock","10":"shipping-taxable","11":"product-type-simple"},"_links":{"self":[{"href":"https:\/\/www.qhbake.com\/fr\/wp-json\/wp\/v2\/product\/690","targetHints":{"allow":["GET"]}}],"collection":[{"href":"https:\/\/www.qhbake.com\/fr\/wp-json\/wp\/v2\/product"}],"about":[{"href":"https:\/\/www.qhbake.com\/fr\/wp-json\/wp\/v2\/types\/product"}],"replies":[{"embeddable":true,"href":"https:\/\/www.qhbake.com\/fr\/wp-json\/wp\/v2\/comments?post=690"}],"wp:featuredmedia":[{"embeddable":true,"href":"https:\/\/www.qhbake.com\/fr\/wp-json\/wp\/v2\/media\/3415"}],"wp:attachment":[{"href":"https:\/\/www.qhbake.com\/fr\/wp-json\/wp\/v2\/media?parent=690"}],"wp:term":[{"taxonomy":"product_brand","embeddable":true,"href":"https:\/\/www.qhbake.com\/fr\/wp-json\/wp\/v2\/product_brand?post=690"},{"taxonomy":"product_cat","embeddable":true,"href":"https:\/\/www.qhbake.com\/fr\/wp-json\/wp\/v2\/product_cat?post=690"},{"taxonomy":"product_tag","embeddable":true,"href":"https:\/\/www.qhbake.com\/fr\/wp-json\/wp\/v2\/product_tag?post=690"}],"curies":[{"name":"wp","href":"https:\/\/api.w.org\/{rel}","templated":true}]}}