{"id":686,"date":"2021-05-17T09:33:49","date_gmt":"2021-05-17T09:33:49","guid":{"rendered":"https:\/\/qhbake.com\/?post_type=product&#038;p=686"},"modified":"2024-05-23T14:39:05","modified_gmt":"2024-05-23T14:39:05","slug":"planetary-mixer","status":"publish","type":"product","link":"https:\/\/www.qhbake.com\/fr\/produit\/planetary-mixer","title":{"rendered":"M\u00e9langeur plan\u00e9taire"},"content":{"rendered":"<div class=\"title\"><strong style=\"color: #333333;font-size: 22px\">M\u00e9langeur plan\u00e9taire<\/strong><\/div>\n<div class=\"contents\">\n<div id=\"global_editor_contents\">\n<div>\n<ul>\n<li>40+<br \/>\nExp\u00e9rience de production<\/li>\n<li>SUS<br \/>\nUtilisation du mat\u00e9riel<\/li>\n<li>3 jours<br \/>\nHeure de livraison<\/li>\n<li>137-475r\/m<br \/>\nPlage de vitesse de m\u00e9lange<\/li>\n<\/ul>\n<\/div>\n<p><strong>Fonctionnalit\u00e9:<\/strong><br \/>\nLe m\u00e9langeur plan\u00e9taire a de nombreuses fonctions, telles que le m\u00e9lange, le p\u00e9trissage pour m\u00e9langer le lait, les \u0153ufs, etc. Les machines sont compl\u00e8tes avec 3 types d&#039;agitateurs et ont 3 niveaux de vitesse pour diff\u00e9rents buts de m\u00e9lange comme le m\u00e9lange de farine, le m\u00e9lange de trucs, le chauffage d&#039;\u0153ufs, etc. Toutes les pi\u00e8ces en contact avec les aliments sont en acier inoxydable.<\/p>\n<p><strong>S\u00e9lection de l&#039;agitateur et de la vitesse<\/strong><br \/>\nBras \u00e0 p\u00e2te :<br \/>\nConvient pour la p\u00e2te \u00e0 pain \u00e9paisse ou d&#039;autres produits alimentaires \u00e0 haute viscosit\u00e9.<br \/>\n\u2013 R\u00e9glez la machine sur BASSE VITESSE.<\/p>\n<p>Batteur:<br \/>\nConvient aux baigneurs minces, aux g\u00e2teaux, \u00e0 la pur\u00e9e de pommes de terre et aux aliments \u00e9cras\u00e9s, en poudre et p\u00e2teux comme la farce.<br \/>\n\u2013 Mettre la machine en VITESSE MOYENNE<\/p>\n<p>Fouet de fil :<br \/>\nConvient pour m\u00e9langer des aliments liquides, fouetter de la cr\u00e8me et battre des \u0153ufs.<br \/>\n\u2013 Mettre la machine en HAUTE VITESSE<br \/>\n<img decoding=\"async\" alt=\"m\u00e9langeur plan\u00e9taire\" title=\"m\u00e9langeur plan\u00e9taire\" src=\"https:\/\/ueeshop-cn.ly200-cdn.com\/u_file\/UPAQ\/UPAQ082\/2102\/photo\/0c826b800a.jpg\" \/><\/p>\n<div class=\"editor_table_wrap\"><\/div>\n<p><strong>\u00a0Avantages :<\/strong><br \/>\n1. Bol en acier inoxydable de qualit\u00e9 alimentaire<br \/>\n2. Protection contre les surcharges du moteur<br \/>\n3. Verrou de s\u00e9curit\u00e9 du bol<br \/>\n4. Le moteur en cuivre pur \u00e0 faible bruit<br \/>\n5. Mouvement plan\u00e9taire se m\u00e9langeant compl\u00e8tement<br \/>\n6. Dissipation thermique \u00e0 multiples facettes<br \/>\n7. Vitesse r\u00e9glable en vitesse rapide, moyenne et lente<\/p>\n<\/div>\n<\/div>","protected":false},"excerpt":{"rendered":"<p>Le m\u00e9langeur plan\u00e9taire a de nombreuses fonctions, telles que le m\u00e9lange, le p\u00e9trissage pour m\u00e9langer le lait, les \u0153ufs, etc.<\/p>","protected":false},"featured_media":5627,"comment_status":"closed","ping_status":"closed","template":"","meta":{"_et_pb_use_builder":"","_et_pb_old_content":"","_et_gb_content_width":"","_lmt_disableupdate":"","_lmt_disable":""},"product_brand":[],"product_cat":[93],"product_tag":[],"class_list":{"0":"post-686","1":"product","2":"type-product","3":"status-publish","4":"has-post-thumbnail","6":"product_cat-other-bakery-equipment","8":"first","9":"instock","10":"shipping-taxable","11":"product-type-simple"},"_links":{"self":[{"href":"https:\/\/www.qhbake.com\/fr\/wp-json\/wp\/v2\/product\/686","targetHints":{"allow":["GET"]}}],"collection":[{"href":"https:\/\/www.qhbake.com\/fr\/wp-json\/wp\/v2\/product"}],"about":[{"href":"https:\/\/www.qhbake.com\/fr\/wp-json\/wp\/v2\/types\/product"}],"replies":[{"embeddable":true,"href":"https:\/\/www.qhbake.com\/fr\/wp-json\/wp\/v2\/comments?post=686"}],"wp:featuredmedia":[{"embeddable":true,"href":"https:\/\/www.qhbake.com\/fr\/wp-json\/wp\/v2\/media\/5627"}],"wp:attachment":[{"href":"https:\/\/www.qhbake.com\/fr\/wp-json\/wp\/v2\/media?parent=686"}],"wp:term":[{"taxonomy":"product_brand","embeddable":true,"href":"https:\/\/www.qhbake.com\/fr\/wp-json\/wp\/v2\/product_brand?post=686"},{"taxonomy":"product_cat","embeddable":true,"href":"https:\/\/www.qhbake.com\/fr\/wp-json\/wp\/v2\/product_cat?post=686"},{"taxonomy":"product_tag","embeddable":true,"href":"https:\/\/www.qhbake.com\/fr\/wp-json\/wp\/v2\/product_tag?post=686"}],"curies":[{"name":"wp","href":"https:\/\/api.w.org\/{rel}","templated":true}]}}