{"id":630,"date":"2021-04-27T06:53:23","date_gmt":"2021-04-27T06:53:23","guid":{"rendered":"https:\/\/qhbake.com\/?post_type=product&#038;p=630"},"modified":"2024-05-23T14:31:44","modified_gmt":"2024-05-23T14:31:44","slug":"hard-biscuit-machine","status":"publish","type":"product","link":"https:\/\/www.qhbake.com\/fr\/produit\/hard-biscuit-machine","title":{"rendered":"Coupeur rotatif pour biscuits durs | Machines \u00e0 biscuits durs \u00e0 vendre"},"content":{"rendered":"<div class=\"title\"><strong style=\"color: #333333;font-size: 22px\">Coupeuse rotative pour biscuits durs<\/strong><\/div>\n<div class=\"contents\">\n<div id=\"global_editor_contents\">\n<div>\n<ul>\n<li>40+<br \/>\nExp\u00e9rience de production<\/li>\n<li>UE<br \/>\nTapis roulant<\/li>\n<li>5+<br \/>\n\u00c9quipe de design<\/li>\n<\/ul>\n<\/div>\n<p><strong>Fonctionnalit\u00e9:<\/strong><\/p>\n<p>Le moule a un bloc de p\u00e2te de taille, de forme et de motif sp\u00e9cifi\u00e9s afin d&#039;assurer le traitement fin de la p\u00e2te, la conservation de sa structure et la production continue de bandes de p\u00e2te.<br \/>\nLes rouleaux extrud\u00e9s, selon la p\u00e2te utilis\u00e9e, peuvent \u00eatre lisses ou ondul\u00e9s.<br \/>\nChangement rapide du rotor de formage lors du changement de produit fabriqu\u00e9.<br \/>\nLa vitesse des rouleaux est contr\u00f4l\u00e9e par un convertisseur de fr\u00e9quence et est r\u00e9gul\u00e9e dans de larges limites.<br \/>\nLa conception permet une int\u00e9gration facile dans les lignes existantes.<br \/>\nDimensions stables et qualit\u00e9 de la pi\u00e8ce gr\u00e2ce \u00e0 l&#039;utilisation du serrage pneumatique du rotor et du ruban de p\u00e2te.<br \/>\nLa bande transporteuse se compose d&#039;un cadre en acier au carbone. Surfaces de glissement en acier inoxydable et rouleau de remorquage en caoutchouc. L&#039;entr\u00e9e et la sortie sont \u00e9quip\u00e9es de nez de diam\u00e8tre r\u00e9duit qui permettent un meilleur passage de la feuille de p\u00e2te. Contr\u00f4le automatique de la vitesse du convoyeur \u00e0 travers le panneau \u00e9lectrique de la ligne de laminage.<\/p>\n<div class=\"editor_table_wrap\"><\/div>\n<p><strong>Avantage:<\/strong><\/p>\n<ul>\n<li>Dispositif d&#039;alignement de la distance du centre du moule\u00a0;<\/li>\n<li>Affichage num\u00e9rique individuel pour deux rouleaux rotatifs ;<\/li>\n<li>La structure de pression de formage est entra\u00een\u00e9e par le moteur qui peut \u00eatre ajust\u00e9 \u00e0 volont\u00e9. Op\u00e9ration facile et d\u00e9moulage fiable;<\/li>\n<li>Il adopte un r\u00e9ducteur \u00e0 engrenages h\u00e9lico\u00efdaux comme transmission de puissance et par courroie synchrone. Transmission stable, petites vibrations et faible bruit;<\/li>\n<li>Le haut degr\u00e9 d&#039;automatisation par commande \u00e9lectrique;<\/li>\n<li>La bande transporteuse - automatiquement tendue et ajust\u00e9e\u00a0;<\/li>\n<li>Dispositif de r\u00e9cup\u00e9ration des mati\u00e8res r\u00e9siduelles\u00a0;<\/li>\n<\/ul>\n<\/div>\n<\/div>\n<p>&nbsp;<\/p>","protected":false},"excerpt":{"rendered":"<p>Mouleuse rotative pour la formation de biscuits durs,Con\u00e7ue pour couper la p\u00e2te afin de former la forme et les motifs de biscuits durs.<\/p>","protected":false},"featured_media":3420,"comment_status":"closed","ping_status":"closed","template":"","meta":{"_et_pb_use_builder":"","_et_pb_old_content":"","_et_gb_content_width":"","_lmt_disableupdate":"","_lmt_disable":""},"product_brand":[],"product_cat":[90],"product_tag":[],"class_list":{"0":"post-630","1":"product","2":"type-product","3":"status-publish","4":"has-post-thumbnail","6":"product_cat-hard-biscuit-machine","8":"first","9":"instock","10":"shipping-taxable","11":"product-type-simple"},"_links":{"self":[{"href":"https:\/\/www.qhbake.com\/fr\/wp-json\/wp\/v2\/product\/630","targetHints":{"allow":["GET"]}}],"collection":[{"href":"https:\/\/www.qhbake.com\/fr\/wp-json\/wp\/v2\/product"}],"about":[{"href":"https:\/\/www.qhbake.com\/fr\/wp-json\/wp\/v2\/types\/product"}],"replies":[{"embeddable":true,"href":"https:\/\/www.qhbake.com\/fr\/wp-json\/wp\/v2\/comments?post=630"}],"wp:featuredmedia":[{"embeddable":true,"href":"https:\/\/www.qhbake.com\/fr\/wp-json\/wp\/v2\/media\/3420"}],"wp:attachment":[{"href":"https:\/\/www.qhbake.com\/fr\/wp-json\/wp\/v2\/media?parent=630"}],"wp:term":[{"taxonomy":"product_brand","embeddable":true,"href":"https:\/\/www.qhbake.com\/fr\/wp-json\/wp\/v2\/product_brand?post=630"},{"taxonomy":"product_cat","embeddable":true,"href":"https:\/\/www.qhbake.com\/fr\/wp-json\/wp\/v2\/product_cat?post=630"},{"taxonomy":"product_tag","embeddable":true,"href":"https:\/\/www.qhbake.com\/fr\/wp-json\/wp\/v2\/product_tag?post=630"}],"curies":[{"name":"wp","href":"https:\/\/api.w.org\/{rel}","templated":true}]}}