{"id":5980,"date":"2022-12-02T07:22:54","date_gmt":"2022-12-02T07:22:54","guid":{"rendered":"https:\/\/qhbake.com\/?post_type=product&#038;p=5980"},"modified":"2024-05-23T14:40:15","modified_gmt":"2024-05-23T14:40:15","slug":"multi-functional-cookie-machine","status":"publish","type":"product","link":"https:\/\/www.qhbake.com\/fr\/produit\/multi-functional-cookie-machine","title":{"rendered":"Machine \u00e0 biscuits multifonctionnelle"},"content":{"rendered":"<p>Machine \u00e0 biscuits multifonctionnelle, qui peut produire des dizaines de formes de biscuits, telles que des biscuits en forme de fleur, des biscuits au s\u00e9same, des biscuits aux graines de tournesol, etc. Les clients peuvent ajuster la machine en fonction de leurs besoins. Les biscuits form\u00e9s, avec diff\u00e9rentes formes, motif clair, belle surface. Les biscuits form\u00e9s peuvent \u00eatre cuits dans le four rotatif ou dans le four tunnel.<\/p>\n<p>La machine \u00e0 biscuits est entra\u00een\u00e9e par le gaz du rouleau d&#039;alimentation\u00a0; extrudez la p\u00e2te par toutes les formes de buse dans divers aliments uniques pour biscuits et desserts aux fleurs non m\u00fbres.<\/p>\n<p>En outre, avec nos plus de 30 ans d&#039;exp\u00e9rience dans les machines de recherche et la haute technologie \u00e9trang\u00e8re absorb\u00e9e, nous avons adopt\u00e9 le contr\u00f4le programm\u00e9 par ordinateur, il est donc tr\u00e8s populaire parmi les usines alimentaires.<\/p>\n<div id=\"attachment_5991\" style=\"width: 942px\" class=\"wp-caption alignnone\"><img loading=\"lazy\" decoding=\"async\" aria-describedby=\"caption-attachment-5991\" title=\"machine \u00e0 biscuits multifonctionnelle\" class=\"wp-image-5991\" src=\"https:\/\/qhbake.com\/wp-content\/uploads\/2022\/12\/1669952266720-1024x768.jpg\" alt=\"machine \u00e0 biscuits multifonctionnelle\" width=\"932\" height=\"699\" srcset=\"https:\/\/www.qhbake.com\/wp-content\/uploads\/2022\/12\/1669952266720-1024x768.jpg 1024w, https:\/\/www.qhbake.com\/wp-content\/uploads\/2022\/12\/1669952266720-scaled-600x450.jpg 600w, https:\/\/www.qhbake.com\/wp-content\/uploads\/2022\/12\/1669952266720-300x225.jpg 300w, https:\/\/www.qhbake.com\/wp-content\/uploads\/2022\/12\/1669952266720-768x576.jpg 768w, https:\/\/www.qhbake.com\/wp-content\/uploads\/2022\/12\/1669952266720-1536x1152.jpg 1536w, https:\/\/www.qhbake.com\/wp-content\/uploads\/2022\/12\/1669952266720-2048x1536.jpg 2048w, https:\/\/www.qhbake.com\/wp-content\/uploads\/2022\/12\/1669952266720-16x12.jpg 16w, https:\/\/www.qhbake.com\/wp-content\/uploads\/2022\/12\/1669952266720-285x214.jpg 285w, https:\/\/www.qhbake.com\/wp-content\/uploads\/2022\/12\/1669952266720-1600x1200.jpg 1600w, https:\/\/www.qhbake.com\/wp-content\/uploads\/2022\/12\/1669952266720-800x600.jpg 800w, https:\/\/www.qhbake.com\/wp-content\/uploads\/2022\/12\/1669952266720-scaled.jpg 1920w\" sizes=\"(max-width: 932px) 100vw, 932px\" \/><p id=\"caption-attachment-5991\" class=\"wp-caption-text\">Machines \u00e0 biscuits<\/p><\/div>\n<p>La machine \u00e0 biscuits \u00e0 contr\u00f4le PLC est un nouveau type de machine \u00e0 fa\u00e7onner les biscuits avec syst\u00e8me de contr\u00f4le automatique. Vous pouvez d\u00e9finir les types de formation de biscuits (d\u00e9p\u00f4t ou fil coup\u00e9), la vitesse de travail, l&#039;espace entre les biscuits, etc. sur l&#039;\u00e9cran tactile. Nous avons des dizaines de buses diff\u00e9rentes pour votre choix. Nous pouvons \u00e9galement personnaliser les buses sp\u00e9ciales en fonction de vos besoins. Un servomoteur est utilis\u00e9 sur cette machine. Pour la cuisson, vous pouvez choisir d&#039;utiliser un four rotatif, un four \u00e0 \u00e9tages ou un four tunnel.<\/p>\n<div id=\"attachment_5988\" style=\"width: 943px\" class=\"wp-caption alignnone\"><img loading=\"lazy\" decoding=\"async\" aria-describedby=\"caption-attachment-5988\" title=\"machine \u00e0 biscuits multifonctionnelle\" class=\"wp-image-5988\" src=\"https:\/\/qhbake.com\/wp-content\/uploads\/2022\/12\/1669952266672-1024x768.jpg\" alt=\"machine \u00e0 biscuits multifonctionnelle\" width=\"933\" height=\"700\" srcset=\"https:\/\/www.qhbake.com\/wp-content\/uploads\/2022\/12\/1669952266672-1024x768.jpg 1024w, https:\/\/www.qhbake.com\/wp-content\/uploads\/2022\/12\/1669952266672-scaled-600x450.jpg 600w, https:\/\/www.qhbake.com\/wp-content\/uploads\/2022\/12\/1669952266672-300x225.jpg 300w, https:\/\/www.qhbake.com\/wp-content\/uploads\/2022\/12\/1669952266672-768x576.jpg 768w, https:\/\/www.qhbake.com\/wp-content\/uploads\/2022\/12\/1669952266672-1536x1152.jpg 1536w, https:\/\/www.qhbake.com\/wp-content\/uploads\/2022\/12\/1669952266672-2048x1536.jpg 2048w, https:\/\/www.qhbake.com\/wp-content\/uploads\/2022\/12\/1669952266672-16x12.jpg 16w, https:\/\/www.qhbake.com\/wp-content\/uploads\/2022\/12\/1669952266672-285x214.jpg 285w, https:\/\/www.qhbake.com\/wp-content\/uploads\/2022\/12\/1669952266672-1600x1200.jpg 1600w, https:\/\/www.qhbake.com\/wp-content\/uploads\/2022\/12\/1669952266672-800x600.jpg 800w, https:\/\/www.qhbake.com\/wp-content\/uploads\/2022\/12\/1669952266672-scaled.jpg 1920w\" sizes=\"(max-width: 933px) 100vw, 933px\" \/><p id=\"caption-attachment-5988\" class=\"wp-caption-text\">D\u00e9p\u00f4t de cookies<\/p><\/div>\n<div id=\"attachment_5993\" style=\"width: 942px\" class=\"wp-caption alignnone\"><img loading=\"lazy\" decoding=\"async\" aria-describedby=\"caption-attachment-5993\" title=\"machine \u00e0 biscuits multifonctionnelle\" class=\"wp-image-5993\" src=\"https:\/\/qhbake.com\/wp-content\/uploads\/2022\/12\/1669952266812-1024x768.jpg\" alt=\"machine \u00e0 biscuits multifonctionnelle\" width=\"932\" height=\"699\" srcset=\"https:\/\/www.qhbake.com\/wp-content\/uploads\/2022\/12\/1669952266812-1024x768.jpg 1024w, https:\/\/www.qhbake.com\/wp-content\/uploads\/2022\/12\/1669952266812-scaled-600x450.jpg 600w, https:\/\/www.qhbake.com\/wp-content\/uploads\/2022\/12\/1669952266812-300x225.jpg 300w, https:\/\/www.qhbake.com\/wp-content\/uploads\/2022\/12\/1669952266812-768x576.jpg 768w, https:\/\/www.qhbake.com\/wp-content\/uploads\/2022\/12\/1669952266812-1536x1152.jpg 1536w, https:\/\/www.qhbake.com\/wp-content\/uploads\/2022\/12\/1669952266812-2048x1536.jpg 2048w, https:\/\/www.qhbake.com\/wp-content\/uploads\/2022\/12\/1669952266812-16x12.jpg 16w, https:\/\/www.qhbake.com\/wp-content\/uploads\/2022\/12\/1669952266812-285x214.jpg 285w, https:\/\/www.qhbake.com\/wp-content\/uploads\/2022\/12\/1669952266812-1600x1200.jpg 1600w, https:\/\/www.qhbake.com\/wp-content\/uploads\/2022\/12\/1669952266812-800x600.jpg 800w, https:\/\/www.qhbake.com\/wp-content\/uploads\/2022\/12\/1669952266812-scaled.jpg 1920w\" sizes=\"(max-width: 932px) 100vw, 932px\" \/><p id=\"caption-attachment-5993\" class=\"wp-caption-text\">Biscuit fil coup\u00e9<\/p><\/div>\n<p>Diff\u00e9rents biscuits peuvent \u00eatre fabriqu\u00e9s sur la m\u00eame machine, il suffit de changer le moule pour atteindre ce qui peut \u00e9galement produire des biscuits de couleurs diff\u00e9rentes en <a class=\"color_pc_blue_text\" data-keyword=\"several\">plusieurs<\/a> tr\u00e9mie \u00e0 p\u00e2te.<\/p>\n<div id=\"attachment_5986\" style=\"width: 950px\" class=\"wp-caption alignnone\"><img loading=\"lazy\" decoding=\"async\" aria-describedby=\"caption-attachment-5986\" title=\"machine \u00e0 biscuits multifonctionnelle\" class=\"size-large wp-image-5986\" src=\"https:\/\/qhbake.com\/wp-content\/uploads\/2022\/12\/1669952266644-1024x768.jpg\" alt=\"machine \u00e0 biscuits multifonctionnelle\" width=\"940\" height=\"705\" srcset=\"https:\/\/www.qhbake.com\/wp-content\/uploads\/2022\/12\/1669952266644-1024x768.jpg 1024w, https:\/\/www.qhbake.com\/wp-content\/uploads\/2022\/12\/1669952266644-scaled-600x450.jpg 600w, https:\/\/www.qhbake.com\/wp-content\/uploads\/2022\/12\/1669952266644-300x225.jpg 300w, https:\/\/www.qhbake.com\/wp-content\/uploads\/2022\/12\/1669952266644-768x576.jpg 768w, https:\/\/www.qhbake.com\/wp-content\/uploads\/2022\/12\/1669952266644-1536x1152.jpg 1536w, https:\/\/www.qhbake.com\/wp-content\/uploads\/2022\/12\/1669952266644-2048x1536.jpg 2048w, https:\/\/www.qhbake.com\/wp-content\/uploads\/2022\/12\/1669952266644-16x12.jpg 16w, https:\/\/www.qhbake.com\/wp-content\/uploads\/2022\/12\/1669952266644-285x214.jpg 285w, https:\/\/www.qhbake.com\/wp-content\/uploads\/2022\/12\/1669952266644-1600x1200.jpg 1600w, https:\/\/www.qhbake.com\/wp-content\/uploads\/2022\/12\/1669952266644-800x600.jpg 800w, https:\/\/www.qhbake.com\/wp-content\/uploads\/2022\/12\/1669952266644-scaled.jpg 1920w\" sizes=\"(max-width: 940px) 100vw, 940px\" \/><p id=\"caption-attachment-5986\" class=\"wp-caption-text\">Biscuit fil coup\u00e9<\/p><\/div>\n<div id=\"attachment_5985\" style=\"width: 950px\" class=\"wp-caption alignnone\"><img loading=\"lazy\" decoding=\"async\" aria-describedby=\"caption-attachment-5985\" title=\"machine \u00e0 biscuits multifonctionnelle\" class=\"size-large wp-image-5985\" src=\"https:\/\/qhbake.com\/wp-content\/uploads\/2022\/12\/1669952266632-1024x768.jpg\" alt=\"machine \u00e0 biscuits multifonctionnelle\" width=\"940\" height=\"705\" srcset=\"https:\/\/www.qhbake.com\/wp-content\/uploads\/2022\/12\/1669952266632-1024x768.jpg 1024w, https:\/\/www.qhbake.com\/wp-content\/uploads\/2022\/12\/1669952266632-scaled-600x450.jpg 600w, https:\/\/www.qhbake.com\/wp-content\/uploads\/2022\/12\/1669952266632-300x225.jpg 300w, https:\/\/www.qhbake.com\/wp-content\/uploads\/2022\/12\/1669952266632-768x576.jpg 768w, https:\/\/www.qhbake.com\/wp-content\/uploads\/2022\/12\/1669952266632-1536x1152.jpg 1536w, https:\/\/www.qhbake.com\/wp-content\/uploads\/2022\/12\/1669952266632-2048x1536.jpg 2048w, https:\/\/www.qhbake.com\/wp-content\/uploads\/2022\/12\/1669952266632-16x12.jpg 16w, https:\/\/www.qhbake.com\/wp-content\/uploads\/2022\/12\/1669952266632-285x214.jpg 285w, https:\/\/www.qhbake.com\/wp-content\/uploads\/2022\/12\/1669952266632-1600x1200.jpg 1600w, https:\/\/www.qhbake.com\/wp-content\/uploads\/2022\/12\/1669952266632-800x600.jpg 800w, https:\/\/www.qhbake.com\/wp-content\/uploads\/2022\/12\/1669952266632-scaled.jpg 1920w\" sizes=\"(max-width: 940px) 100vw, 940px\" \/><p id=\"caption-attachment-5985\" class=\"wp-caption-text\">Machine \u00e0 biscuits<\/p><\/div>\n<p>Chaque machine comprend un ensemble de moules pour la fabrication de formes diff\u00e9rentes.<\/p>\n<div id=\"attachment_5995\" style=\"width: 926px\" class=\"wp-caption alignnone\"><img loading=\"lazy\" decoding=\"async\" aria-describedby=\"caption-attachment-5995\" title=\"machine \u00e0 biscuits multifonctionnelle\" class=\"size-full wp-image-5995\" src=\"https:\/\/qhbake.com\/wp-content\/uploads\/2022\/12\/1669965607.png\" alt=\"machine \u00e0 biscuits multifonctionnelle\" width=\"916\" height=\"540\" srcset=\"https:\/\/www.qhbake.com\/wp-content\/uploads\/2022\/12\/1669965607.png 916w, https:\/\/www.qhbake.com\/wp-content\/uploads\/2022\/12\/1669965607-600x354.png 600w, https:\/\/www.qhbake.com\/wp-content\/uploads\/2022\/12\/1669965607-300x177.png 300w, https:\/\/www.qhbake.com\/wp-content\/uploads\/2022\/12\/1669965607-768x453.png 768w, https:\/\/www.qhbake.com\/wp-content\/uploads\/2022\/12\/1669965607-18x12.png 18w, https:\/\/www.qhbake.com\/wp-content\/uploads\/2022\/12\/1669965607-285x168.png 285w\" sizes=\"(max-width: 916px) 100vw, 916px\" \/><p id=\"caption-attachment-5995\" class=\"wp-caption-text\">Biscuit fil coup\u00e9<\/p><\/div>","protected":false},"excerpt":{"rendered":"<p>Mu;ti-functional cookie machine, which can produce dozens of cookie shapes, such as flower-shape cookies, Sesame cookies, sunflower seeds cookies, etc.. Clients can adjusted the machine according to their needs. The formed cookies, with different shapes ,clear pattern, beautiful surface. The formed cookies can be baked in the rotary oven or in the tunnel oven. The [&hellip;]<\/p>\n","protected":false},"featured_media":5994,"comment_status":"open","ping_status":"closed","template":"","meta":{"_et_pb_use_builder":"","_et_pb_old_content":"","_et_gb_content_width":"","_lmt_disableupdate":"","_lmt_disable":""},"product_brand":[],"product_cat":[108,91],"product_tag":[],"class_list":{"0":"post-5980","1":"product","2":"type-product","3":"status-publish","4":"has-post-thumbnail","6":"product_cat-cookie-biscuit-production-line","7":"product_cat-soft-biscuit-machine","9":"first","10":"instock","11":"shipping-taxable","12":"product-type-simple"},"_links":{"self":[{"href":"https:\/\/www.qhbake.com\/fr\/wp-json\/wp\/v2\/product\/5980","targetHints":{"allow":["GET"]}}],"collection":[{"href":"https:\/\/www.qhbake.com\/fr\/wp-json\/wp\/v2\/product"}],"about":[{"href":"https:\/\/www.qhbake.com\/fr\/wp-json\/wp\/v2\/types\/product"}],"replies":[{"embeddable":true,"href":"https:\/\/www.qhbake.com\/fr\/wp-json\/wp\/v2\/comments?post=5980"}],"wp:featuredmedia":[{"embeddable":true,"href":"https:\/\/www.qhbake.com\/fr\/wp-json\/wp\/v2\/media\/5994"}],"wp:attachment":[{"href":"https:\/\/www.qhbake.com\/fr\/wp-json\/wp\/v2\/media?parent=5980"}],"wp:term":[{"taxonomy":"product_brand","embeddable":true,"href":"https:\/\/www.qhbake.com\/fr\/wp-json\/wp\/v2\/product_brand?post=5980"},{"taxonomy":"product_cat","embeddable":true,"href":"https:\/\/www.qhbake.com\/fr\/wp-json\/wp\/v2\/product_cat?post=5980"},{"taxonomy":"product_tag","embeddable":true,"href":"https:\/\/www.qhbake.com\/fr\/wp-json\/wp\/v2\/product_tag?post=5980"}],"curies":[{"name":"wp","href":"https:\/\/api.w.org\/{rel}","templated":true}]}}