{"id":3244,"date":"2021-06-07T03:03:14","date_gmt":"2021-06-07T03:03:14","guid":{"rendered":"https:\/\/qhbake.com\/?post_type=product&#038;p=3244"},"modified":"2024-05-23T14:31:27","modified_gmt":"2024-05-23T14:31:27","slug":"super-mini-auto-biscuit-production-line","status":"publish","type":"product","link":"https:\/\/www.qhbake.com\/fr\/produit\/super-mini-auto-biscuit-production-line","title":{"rendered":"Super mini ligne de production automatique de biscuits - Usine de machines \u00e0 biscuits"},"content":{"rendered":"<p>La ligne de production automatique de biscuits QH280, avec un design original, une structure compacte et une haute automatique, est d\u00e9velopp\u00e9e sur la base de la technologie allemande absorbante.<\/p>\n<p>Toutes les proc\u00e9dures de travail, depuis l&#039;alimentation de la p\u00e2te, le laminage, le moulage, le recyclage des d\u00e9chets, la cuisson jusqu&#039;au refroidissement, peuvent \u00eatre effectu\u00e9es automatiquement sur une seule ligne.<\/p>\n<p>Des centaines de moules et des dizaines de recettes technologiques permettent de produire toutes sortes de biscuits populaires, tels que le biscuit \u00e0 la cr\u00e8me, le biscuit en couches, le soda cracker, le biscuit au calcium, le biscuit multivitamin\u00e9, le biscuit aux l\u00e9gumes, etc.<\/p>\n<h2><strong>Disposition de la ligne de production automatique de biscuits<\/strong><\/h2>\n<p><img loading=\"lazy\" decoding=\"async\" title=\"super mini automatic biscuit production line - biscuit machine factory\" class=\"alignnone wp-image-3434\" src=\"https:\/\/qhbake.com\/wp-content\/uploads\/2021\/06\/word-image.jpeg\" alt=\"super mini automatic biscuit production line - biscuit machine factory\" width=\"1232\" height=\"501\" srcset=\"https:\/\/www.qhbake.com\/wp-content\/uploads\/2021\/06\/word-image.jpeg 1232w, https:\/\/www.qhbake.com\/wp-content\/uploads\/2021\/06\/word-image-600x244.jpeg 600w, https:\/\/www.qhbake.com\/wp-content\/uploads\/2021\/06\/word-image-300x122.jpeg 300w, https:\/\/www.qhbake.com\/wp-content\/uploads\/2021\/06\/word-image-1024x416.jpeg 1024w, https:\/\/www.qhbake.com\/wp-content\/uploads\/2021\/06\/word-image-768x312.jpeg 768w, https:\/\/www.qhbake.com\/wp-content\/uploads\/2021\/06\/word-image-285x116.jpeg 285w, https:\/\/www.qhbake.com\/wp-content\/uploads\/2021\/06\/word-image-660x268.jpeg 660w, https:\/\/www.qhbake.com\/wp-content\/uploads\/2021\/06\/word-image-150x61.jpeg 150w\" sizes=\"(max-width: 1232px) 100vw, 1232px\" \/><\/p>\n<h2><strong>L&#039;avantage de la cha\u00eene de production automatique de biscuits QH-280<\/strong><\/h2>\n<ul>\n<li>Toutes les machines en SUS304, \u00e9lectrique avec certificat UL<\/li>\n<li>Structure de machine compacte, haute performance.<\/li>\n<li>Toutes les pi\u00e8ces et la machine manipulent le rev\u00eatement de surface de sablage standard allemand.<\/li>\n<li>Avec la fonction de recyclage de la p\u00e2te<\/li>\n<li>Le four adopte un tube chauffant de marque bien connu, \u00e9conomiseur d&#039;\u00e9nergie.<\/li>\n<li>Le four dispose d&#039;un syst\u00e8me sp\u00e9cial de contr\u00f4le de la temp\u00e9rature et d&#039;une fonction de d\u00e9tection de s\u00e9curit\u00e9.<\/li>\n<li>Le mat\u00e9riau isolant est la laine de roche, qui est extraite de l&#039;amiante. Il est sans pollution et r\u00e9pond aux normes internationales.<\/li>\n<li>La machine d&#039;injection de carburant peut \u00eatre une injection et une r\u00e9cup\u00e9ration automatiques d&#039;huile, le moteur \u00e0 l&#039;ext\u00e9rieur conform\u00e9ment aux normes de sant\u00e9<\/li>\n<\/ul>\n<h2><strong>Le processus de la ligne de biscuits QH-280<\/strong><\/h2>\n<h2>M\u00e9lange de p\u00e2te<\/h2>\n<p><img loading=\"lazy\" decoding=\"async\" title=\"super mini automatic biscuit production line - biscuit machine factory\" class=\"alignnone wp-image-3435 size-full\" src=\"https:\/\/qhbake.com\/wp-content\/uploads\/2021\/06\/application20data-tencent-users-1033154961-.jpeg\" alt=\"super mini automatic biscuit production line - biscuit machine factory\" width=\"554\" height=\"557\" srcset=\"https:\/\/www.qhbake.com\/wp-content\/uploads\/2021\/06\/application20data-tencent-users-1033154961-.jpeg 554w, https:\/\/www.qhbake.com\/wp-content\/uploads\/2021\/06\/application20data-tencent-users-1033154961--100x100.jpeg 100w, https:\/\/www.qhbake.com\/wp-content\/uploads\/2021\/06\/application20data-tencent-users-1033154961--298x300.jpeg 298w, https:\/\/www.qhbake.com\/wp-content\/uploads\/2021\/06\/application20data-tencent-users-1033154961--150x150.jpeg 150w, https:\/\/www.qhbake.com\/wp-content\/uploads\/2021\/06\/application20data-tencent-users-1033154961--285x287.jpeg 285w, https:\/\/www.qhbake.com\/wp-content\/uploads\/2021\/06\/application20data-tencent-users-1033154961--270x270.jpeg 270w\" sizes=\"(max-width: 554px) 100vw, 554px\" \/><\/p>\n<p>La principale mati\u00e8re premi\u00e8re des biscuits est la farine de bl\u00e9, et des mat\u00e9riaux suppl\u00e9mentaires tels que le sucre, l&#039;huile, les \u0153ufs et les produits laitiers sont ajout\u00e9s. Selon diff\u00e9rentes recettes et processus de production, chaque lot doit \u00eatre m\u00e9lang\u00e9 30 minutes<\/p>\n<h2>Mangeoire \u00e0 p\u00e2te<\/h2>\n<p><img loading=\"lazy\" decoding=\"async\" title=\"super mini automatic biscuit production line - biscuit machine factory\" class=\"alignnone wp-image-3436 size-full\" src=\"https:\/\/qhbake.com\/wp-content\/uploads\/2021\/06\/16233172121.png\" alt=\"super mini automatic biscuit production line - biscuit machine factory\" width=\"471\" height=\"263\" srcset=\"https:\/\/www.qhbake.com\/wp-content\/uploads\/2021\/06\/16233172121.png 471w, https:\/\/www.qhbake.com\/wp-content\/uploads\/2021\/06\/16233172121-300x168.png 300w, https:\/\/www.qhbake.com\/wp-content\/uploads\/2021\/06\/16233172121-285x159.png 285w, https:\/\/www.qhbake.com\/wp-content\/uploads\/2021\/06\/16233172121-150x84.png 150w\" sizes=\"(max-width: 471px) 100vw, 471px\" \/><\/p>\n<p>Une fois que la p\u00e2te finie sera vers\u00e9e dans la tr\u00e9mie d&#039;alimentation, le rouleau rendra la p\u00e2te plate et r\u00e9guli\u00e8re.<\/p>\n<p>&nbsp;<\/p>\n<h2>Feuille de roulement double<\/h2>\n<p><img loading=\"lazy\" decoding=\"async\" title=\"super mini automatic biscuit production line - biscuit machine factory\" class=\"alignnone wp-image-3437 size-full\" src=\"https:\/\/qhbake.com\/wp-content\/uploads\/2021\/06\/544c69f0703cb904bd41624ef74a17e.jpeg\" alt=\"super mini automatic biscuit production line - biscuit machine factory\" width=\"1440\" height=\"1080\" srcset=\"https:\/\/www.qhbake.com\/wp-content\/uploads\/2021\/06\/544c69f0703cb904bd41624ef74a17e.jpeg 1440w, https:\/\/www.qhbake.com\/wp-content\/uploads\/2021\/06\/544c69f0703cb904bd41624ef74a17e-600x450.jpeg 600w, https:\/\/www.qhbake.com\/wp-content\/uploads\/2021\/06\/544c69f0703cb904bd41624ef74a17e-300x225.jpeg 300w, https:\/\/www.qhbake.com\/wp-content\/uploads\/2021\/06\/544c69f0703cb904bd41624ef74a17e-1024x768.jpeg 1024w, https:\/\/www.qhbake.com\/wp-content\/uploads\/2021\/06\/544c69f0703cb904bd41624ef74a17e-768x576.jpeg 768w, https:\/\/www.qhbake.com\/wp-content\/uploads\/2021\/06\/544c69f0703cb904bd41624ef74a17e-285x214.jpeg 285w, https:\/\/www.qhbake.com\/wp-content\/uploads\/2021\/06\/544c69f0703cb904bd41624ef74a17e-800x600.jpeg 800w, https:\/\/www.qhbake.com\/wp-content\/uploads\/2021\/06\/544c69f0703cb904bd41624ef74a17e-660x495.jpeg 660w, https:\/\/www.qhbake.com\/wp-content\/uploads\/2021\/06\/544c69f0703cb904bd41624ef74a17e-150x113.jpeg 150w\" sizes=\"(max-width: 1440px) 100vw, 1440px\" \/><\/p>\n<p>Adopte une coupe \u00e0 double rouleau en caoutchouc, facile \u00e0 utiliser. De plus, peut \u00eatre une coupe \u00e0 un seul rouleau, peut \u00eatre une coupe \u00e0 double rouleau, peut produire toutes sortes de biscuits durs et de biscuits au soda, l&#039;\u00e9paisseur de la p\u00e2te est ajust\u00e9e par l&#039;ascenseur de la turbine, le r\u00e9glage sera pr\u00e9cis et facile.<\/p>\n<h2>Machine \u00e0 d\u00e9tendre la p\u00e2te<\/h2>\n<p><img loading=\"lazy\" decoding=\"async\" title=\"super mini automatic biscuit production line - biscuit machine factory\" class=\"alignnone wp-image-3438 size-full\" src=\"https:\/\/qhbake.com\/wp-content\/uploads\/2021\/06\/d9729dea6c16c1c1c8a48fb91d65c87.jpeg\" alt=\"super mini automatic biscuit production line - biscuit machine factory\" width=\"1440\" height=\"1080\" srcset=\"https:\/\/www.qhbake.com\/wp-content\/uploads\/2021\/06\/d9729dea6c16c1c1c8a48fb91d65c87.jpeg 1440w, https:\/\/www.qhbake.com\/wp-content\/uploads\/2021\/06\/d9729dea6c16c1c1c8a48fb91d65c87-600x450.jpeg 600w, https:\/\/www.qhbake.com\/wp-content\/uploads\/2021\/06\/d9729dea6c16c1c1c8a48fb91d65c87-300x225.jpeg 300w, https:\/\/www.qhbake.com\/wp-content\/uploads\/2021\/06\/d9729dea6c16c1c1c8a48fb91d65c87-1024x768.jpeg 1024w, https:\/\/www.qhbake.com\/wp-content\/uploads\/2021\/06\/d9729dea6c16c1c1c8a48fb91d65c87-768x576.jpeg 768w, https:\/\/www.qhbake.com\/wp-content\/uploads\/2021\/06\/d9729dea6c16c1c1c8a48fb91d65c87-285x214.jpeg 285w, https:\/\/www.qhbake.com\/wp-content\/uploads\/2021\/06\/d9729dea6c16c1c1c8a48fb91d65c87-800x600.jpeg 800w, https:\/\/www.qhbake.com\/wp-content\/uploads\/2021\/06\/d9729dea6c16c1c1c8a48fb91d65c87-660x495.jpeg 660w, https:\/\/www.qhbake.com\/wp-content\/uploads\/2021\/06\/d9729dea6c16c1c1c8a48fb91d65c87-150x113.jpeg 150w\" sizes=\"(max-width: 1440px) 100vw, 1440px\" \/><\/p>\n<p>La p\u00e2te un peu tendue apr\u00e8s laminage, la machine de d\u00e9tente rend la p\u00e2te fine relaxante<\/p>\n<h2>Coupeur rotatif de p\u00e2te<\/h2>\n<p><img loading=\"lazy\" decoding=\"async\" title=\"super mini automatic biscuit production line - biscuit machine factory\" class=\"alignnone wp-image-3439 size-full\" src=\"https:\/\/qhbake.com\/wp-content\/uploads\/2021\/06\/2cf659c8308f0ee9815b3c5577abeaf.jpeg\" alt=\"super mini automatic biscuit production line - biscuit machine factory\" width=\"540\" height=\"405\" srcset=\"https:\/\/www.qhbake.com\/wp-content\/uploads\/2021\/06\/2cf659c8308f0ee9815b3c5577abeaf.jpeg 540w, https:\/\/www.qhbake.com\/wp-content\/uploads\/2021\/06\/2cf659c8308f0ee9815b3c5577abeaf-300x225.jpeg 300w, https:\/\/www.qhbake.com\/wp-content\/uploads\/2021\/06\/2cf659c8308f0ee9815b3c5577abeaf-285x214.jpeg 285w, https:\/\/www.qhbake.com\/wp-content\/uploads\/2021\/06\/2cf659c8308f0ee9815b3c5577abeaf-150x113.jpeg 150w\" sizes=\"(max-width: 540px) 100vw, 540px\" \/><\/p>\n<p>Les populaires ont 2 types, l&#039;un est pour la forme d&#039;impression, l&#039;autre est coup\u00e9 la p\u00e2te, chaque forme peut faire, comme ronde, carr\u00e9e, etc., les deux peuvent \u00eatre personnalis\u00e9es<\/p>\n<h2>Machine \u00e0 s\u00e9parer et \u00e0 recycler la p\u00e2te<\/h2>\n<p><img loading=\"lazy\" decoding=\"async\" title=\"super mini automatic biscuit production line - biscuit machine factory\" class=\"alignnone wp-image-3440 size-large\" src=\"https:\/\/qhbake.com\/wp-content\/uploads\/2021\/06\/word-image-1024x740.png\" alt=\"super mini automatic biscuit production line - biscuit machine factory\" width=\"1024\" height=\"740\" srcset=\"https:\/\/www.qhbake.com\/wp-content\/uploads\/2021\/06\/word-image-1024x740.png 1024w, https:\/\/www.qhbake.com\/wp-content\/uploads\/2021\/06\/word-image-600x434.png 600w, https:\/\/www.qhbake.com\/wp-content\/uploads\/2021\/06\/word-image-300x217.png 300w, https:\/\/www.qhbake.com\/wp-content\/uploads\/2021\/06\/word-image-768x555.png 768w, https:\/\/www.qhbake.com\/wp-content\/uploads\/2021\/06\/word-image-285x206.png 285w, https:\/\/www.qhbake.com\/wp-content\/uploads\/2021\/06\/word-image-660x477.png 660w, https:\/\/www.qhbake.com\/wp-content\/uploads\/2021\/06\/word-image-150x108.png 150w, https:\/\/www.qhbake.com\/wp-content\/uploads\/2021\/06\/word-image.png 1417w\" sizes=\"(max-width: 1024px) 100vw, 1024px\" \/><\/p>\n<p>Apr\u00e8s la formation des biscuits, la p\u00e2te restante sera renvoy\u00e9e \u00e0 la machine d&#039;alimentation, \u00e9galement utilis\u00e9e pour l&#039;alimentation de la p\u00e2te \u00e0 biscuits.<\/p>\n<h2>Four \u00e0 biscuits<\/h2>\n<p><img loading=\"lazy\" decoding=\"async\" title=\"super mini automatic biscuit production line - biscuit machine factory\" class=\"alignnone wp-image-3444 size-full\" src=\"https:\/\/qhbake.com\/wp-content\/uploads\/2021\/06\/img_1937.jpeg\" alt=\"super mini automatic biscuit production line - biscuit machine factory\" width=\"951\" height=\"634\" srcset=\"https:\/\/www.qhbake.com\/wp-content\/uploads\/2021\/06\/img_1937.jpeg 951w, https:\/\/www.qhbake.com\/wp-content\/uploads\/2021\/06\/img_1937-600x400.jpeg 600w, https:\/\/www.qhbake.com\/wp-content\/uploads\/2021\/06\/img_1937-300x200.jpeg 300w, https:\/\/www.qhbake.com\/wp-content\/uploads\/2021\/06\/img_1937-768x512.jpeg 768w, https:\/\/www.qhbake.com\/wp-content\/uploads\/2021\/06\/img_1937-285x190.jpeg 285w, https:\/\/www.qhbake.com\/wp-content\/uploads\/2021\/06\/img_1937-660x440.jpeg 660w, https:\/\/www.qhbake.com\/wp-content\/uploads\/2021\/06\/img_1937-150x100.jpeg 150w\" sizes=\"(max-width: 951px) 100vw, 951px\" \/><\/p>\n<p>Les biscuits doivent passer 4 \u00e9tapes, le four de soufflage comprend 3 types, gaz\/\u00e9lectrique\/diesel, le four standard comprend 3 \u00e0 5 zones, selon le type de biscuit, comme l&#039;alimentation est bon march\u00e9, vous pouvez choisir \u00e9lectrique,<\/p>\n<h2>Pulv\u00e9risateur d&#039;huile<\/h2>\n<p><img loading=\"lazy\" decoding=\"async\" title=\"super mini automatic biscuit production line - biscuit machine factory\" class=\"alignnone wp-image-3445 size-full\" src=\"https:\/\/qhbake.com\/wp-content\/uploads\/2021\/06\/img_1932.jpeg\" alt=\"super mini automatic biscuit production line - biscuit machine factory\" width=\"757\" height=\"505\" srcset=\"https:\/\/www.qhbake.com\/wp-content\/uploads\/2021\/06\/img_1932.jpeg 757w, https:\/\/www.qhbake.com\/wp-content\/uploads\/2021\/06\/img_1932-600x400.jpeg 600w, https:\/\/www.qhbake.com\/wp-content\/uploads\/2021\/06\/img_1932-300x200.jpeg 300w, https:\/\/www.qhbake.com\/wp-content\/uploads\/2021\/06\/img_1932-285x190.jpeg 285w, https:\/\/www.qhbake.com\/wp-content\/uploads\/2021\/06\/img_1932-660x440.jpeg 660w, https:\/\/www.qhbake.com\/wp-content\/uploads\/2021\/06\/img_1932-150x100.jpeg 150w\" sizes=\"(max-width: 757px) 100vw, 757px\" \/><\/p>\n<p>C&#039;est une machine en option, si vous voulez rendre le biscuit beau et avoir un go\u00fbt fantastique, l&#039;huile de pulv\u00e9risation rendra le biscuit de haute qualit\u00e9<\/p>\n<h2>Tunnel de refroidissement<\/h2>\n<p><img loading=\"lazy\" decoding=\"async\" title=\"super mini automatic biscuit production line - biscuit machine factory\" class=\"alignnone wp-image-3446 size-full\" src=\"https:\/\/qhbake.com\/wp-content\/uploads\/2021\/06\/mmexport1469580546588.jpeg\" alt=\"super mini automatic biscuit production line - biscuit machine factory\" width=\"549\" height=\"732\" srcset=\"https:\/\/www.qhbake.com\/wp-content\/uploads\/2021\/06\/mmexport1469580546588.jpeg 549w, https:\/\/www.qhbake.com\/wp-content\/uploads\/2021\/06\/mmexport1469580546588-225x300.jpeg 225w, https:\/\/www.qhbake.com\/wp-content\/uploads\/2021\/06\/mmexport1469580546588-285x380.jpeg 285w, https:\/\/www.qhbake.com\/wp-content\/uploads\/2021\/06\/mmexport1469580546588-495x660.jpeg 495w, https:\/\/www.qhbake.com\/wp-content\/uploads\/2021\/06\/mmexport1469580546588-113x150.jpeg 113w\" sizes=\"(max-width: 549px) 100vw, 549px\" \/><\/p>\n<p>Apr\u00e8s la cuisson des biscuits, il y aura un tunnel de refroidissement de 10 m pour le refroidissement naturel des biscuits<\/p>\n<h2>Empilage d&#039;\u00e9toiles<\/h2>\n<p><img loading=\"lazy\" decoding=\"async\" title=\"super mini automatic biscuit production line - biscuit machine factory\" class=\"alignnone wp-image-3448 size-full\" src=\"https:\/\/qhbake.com\/wp-content\/uploads\/2021\/06\/1000.jpeg\" alt=\"super mini automatic biscuit production line - biscuit machine factory\" width=\"618\" height=\"849\" srcset=\"https:\/\/www.qhbake.com\/wp-content\/uploads\/2021\/06\/1000.jpeg 618w, https:\/\/www.qhbake.com\/wp-content\/uploads\/2021\/06\/1000-600x824.jpeg 600w, https:\/\/www.qhbake.com\/wp-content\/uploads\/2021\/06\/1000-218x300.jpeg 218w, https:\/\/www.qhbake.com\/wp-content\/uploads\/2021\/06\/1000-285x392.jpeg 285w, https:\/\/www.qhbake.com\/wp-content\/uploads\/2021\/06\/1000-480x660.jpeg 480w, https:\/\/www.qhbake.com\/wp-content\/uploads\/2021\/06\/1000-109x150.jpeg 109w\" sizes=\"(max-width: 618px) 100vw, 618px\" \/><\/p>\n<p>Avant l&#039;emballage ou le biscuit sandwich, vous devez r\u00e9cup\u00e9rer le biscuit de la table de refroidissement<\/p>\n<h2>tableau d&#039;emballage<\/h2>\n<p><img loading=\"lazy\" decoding=\"async\" title=\"super mini automatic biscuit production line - biscuit machine factory\" class=\"alignnone wp-image-3450 size-full\" src=\"https:\/\/qhbake.com\/wp-content\/uploads\/2021\/06\/16140483151.png\" alt=\"super mini automatic biscuit production line - biscuit machine factory\" width=\"365\" height=\"364\" srcset=\"https:\/\/www.qhbake.com\/wp-content\/uploads\/2021\/06\/16140483151.png 365w, https:\/\/www.qhbake.com\/wp-content\/uploads\/2021\/06\/16140483151-300x300.png 300w, https:\/\/www.qhbake.com\/wp-content\/uploads\/2021\/06\/16140483151-100x100.png 100w, https:\/\/www.qhbake.com\/wp-content\/uploads\/2021\/06\/16140483151-150x150.png 150w, https:\/\/www.qhbake.com\/wp-content\/uploads\/2021\/06\/16140483151-285x284.png 285w, https:\/\/www.qhbake.com\/wp-content\/uploads\/2021\/06\/16140483151-270x270.png 270w\" sizes=\"(max-width: 365px) 100vw, 365px\" \/><\/p>\n<p>L&#039;emballage populaire est un oreiller ou un emballage sans plateau, selon les diff\u00e9rentes demandes, ce qui fait la diff\u00e9rence.<\/p>\n<h2><strong>Plus de RFQ sur la machine \u00e0 biscuits automatique<\/strong><\/h2>\n<p>Combien de types de biscuits pouvez-vous pr\u00e9parer\u00a0?<\/p>\n<p>Quelle capacit\u00e9 pouvez-vous faire en une heure?<\/p>\n<p>Quelle est la forme et la taille de biscuit que vous voulez ?<\/p>\n<p>Niveau d&#039;automatisation qui peut \u00eatre une machine semi-automatique ou enti\u00e8rement automatique\u00a0?<\/p>\n<p>Quel mode de cuisson ? Chauffage \u00e9lectrique ou chauffage au gaz ?<\/p>\n<p>Quelle est votre configuration d&#039;usine<\/p>\n<h2><strong>Pourquoi acheter une machine chez nous - Fabricant<\/strong><\/h2>\n<ol>\n<li><strong>V\u00e9ritable usine pas entreprise commerciale<\/strong><\/li>\n<li><strong>Professionnel<\/strong><\/li>\n<\/ol>\n<p>Notre usine a plus de 40 ans d&#039;exp\u00e9rience dans la fabrication de machines. Il y a 12 dessinateurs et 20 ing\u00e9nieurs professionnels qui peuvent offrir votre soutien \u00e0 tout moment et n&#039;importe o\u00f9.<\/p>\n<ol>\n<li><strong>Fiabilit\u00e9<\/strong><\/li>\n<\/ol>\n<p>L&#039;usine moderne compte plus de 200 travailleurs. Syst\u00e8me de contr\u00f4le de qualit\u00e9 strict. Le centre CNC d&#039;usinage standard de l&#039;Allemagne avance fournit un processus technologique pr\u00e9cis pour g\u00e9rer chaque d\u00e9tail de chaque machine. L&#039;\u00e9quipe d&#039;ing\u00e9nieurs professionnels vous offre le meilleur plan selon vos besoins.<\/p>\n<ol>\n<li><strong>Machines de haute qualit\u00e9<\/strong><\/li>\n<\/ol>\n<p>Toutes les machines fabriqu\u00e9es en usine standard GMP<\/p>\n<p>Nous avons le centre CNC pour garder la machine pr\u00e9cieuse<\/p>\n<p>Toutes les machines utilisent SUS304 et la manipulation de rev\u00eatement de surface de sablage<\/p>\n<h2><strong>Nos normes et certifications de qualit\u00e9 des machines<\/strong><\/h2>\n<p>Normes de qualit\u00e9 et certifications actuelles des bonnes pratiques de fabrication (BPF)<\/p>\n<p>Normes et certifications de qualit\u00e9 de l&#039;Organisation internationale de normalisation (ISO)<\/p>\n<p>Normes et certifications de qualit\u00e9 de la Food and Drug Administration (FDA)<\/p>\n<p>Nous avons non seulement des normes et des certifications de qualit\u00e9 \u00e9lectrique CE, mais \u00e9galement la certification UL (US)<\/p>\n<p>&nbsp;<\/p>\n<p><img loading=\"lazy\" decoding=\"async\" title=\"super mini automatic biscuit production line - biscuit machine factory\" class=\"alignnone wp-image-3530 size-medium\" src=\"https:\/\/qhbake.com\/wp-content\/uploads\/2021\/06\/\u56fe\u72478-1-300x75.png\" alt=\"super mini automatic biscuit production line - biscuit machine factory\" width=\"300\" height=\"75\" srcset=\"https:\/\/www.qhbake.com\/wp-content\/uploads\/2021\/06\/\u56fe\u72478-1-300x75.png 300w, https:\/\/www.qhbake.com\/wp-content\/uploads\/2021\/06\/\u56fe\u72478-1-285x71.png 285w, https:\/\/www.qhbake.com\/wp-content\/uploads\/2021\/06\/\u56fe\u72478-1-150x37.png 150w, https:\/\/www.qhbake.com\/wp-content\/uploads\/2021\/06\/\u56fe\u72478-1.png 577w\" sizes=\"(max-width: 300px) 100vw, 300px\" \/><\/p>\n<p><img loading=\"lazy\" decoding=\"async\" title=\"super mini automatic biscuit production line - biscuit machine factory\" class=\"alignnone wp-image-3531 size-medium\" src=\"https:\/\/qhbake.com\/wp-content\/uploads\/2021\/06\/\u56fe\u72479-1-300x85.png\" alt=\"super mini automatic biscuit production line - biscuit machine factory\" width=\"300\" height=\"85\" srcset=\"https:\/\/www.qhbake.com\/wp-content\/uploads\/2021\/06\/\u56fe\u72479-1-300x85.png 300w, https:\/\/www.qhbake.com\/wp-content\/uploads\/2021\/06\/\u56fe\u72479-1-285x80.png 285w, https:\/\/www.qhbake.com\/wp-content\/uploads\/2021\/06\/\u56fe\u72479-1-150x42.png 150w, https:\/\/www.qhbake.com\/wp-content\/uploads\/2021\/06\/\u56fe\u72479-1.png 511w\" sizes=\"(max-width: 300px) 100vw, 300px\" \/><\/p>\n<h2><strong>Pr\u00eat \u00e0 ajouter une machine \u00e0 biscuits \u00e0 vos op\u00e9rations\u00a0? Laissez-nous vous aider<\/strong><\/h2>\n<p>Maximiser votre retour sur investissement signifie s\u00e9lectionner la bonne machine qui correspondra \u00e0 la taille de votre installation, \u00e0 l&#039;\u00e9tendue des travaux et \u00e0 la croissance pr\u00e9vue. Vous ne voulez pas une unit\u00e9 trop grande ou trop petite pour les op\u00e9rations actuelles et futures. Dans la plupart des cas, il est toujours pr\u00e9f\u00e9rable d&#039;en acheter un avec le potentiel d&#039;augmenter votre production pour r\u00e9pondre \u00e0 tous les niveaux de demande des clients.<\/p>\n<p>Pour aider les fabricants \u00e0 fournir la meilleure qualit\u00e9 de produit possible, Shanghai QHBake Machine Group propose une grande vari\u00e9t\u00e9 d&#039;options d&#039;\u00e9quipement pour r\u00e9pondre aux besoins de votre installation et aux op\u00e9rations de votre entreprise. Si vous souhaitez ajouter la production de biscuits \u00e0 vos offres, remplacer votre \u00e9quipement existant ou si vous souhaitez discuter de tout autre sujet li\u00e9 aux machines \u00e0 biscuits, contactez-nous \u00e0 tout moment.<\/p>","protected":false},"excerpt":{"rendered":"<p>QH280 automatic biscuit production line, with original design, compact structure and high automatic, is developed on the base of absorbing German technology. All working procedures from dough feeding, sheeting, molding, waste recycling, baking to cooling can be completed automatically in one line. Hundreds of moulds and dozens of technology recipes make it possible to produce [&hellip;]<\/p>\n","protected":false},"featured_media":3352,"comment_status":"closed","ping_status":"closed","template":"","meta":{"_et_pb_use_builder":"","_et_pb_old_content":"","_et_gb_content_width":"","_lmt_disableupdate":"","_lmt_disable":""},"product_brand":[],"product_cat":[159],"product_tag":[218,194],"class_list":{"0":"post-3244","1":"product","2":"type-product","3":"status-publish","4":"has-post-thumbnail","6":"product_cat-biscuit-machine","7":"product_tag-biscuit-making-machine","8":"product_tag-commercial-biscuit-machine","10":"first","11":"instock","12":"shipping-taxable","13":"product-type-simple"},"_links":{"self":[{"href":"https:\/\/www.qhbake.com\/fr\/wp-json\/wp\/v2\/product\/3244","targetHints":{"allow":["GET"]}}],"collection":[{"href":"https:\/\/www.qhbake.com\/fr\/wp-json\/wp\/v2\/product"}],"about":[{"href":"https:\/\/www.qhbake.com\/fr\/wp-json\/wp\/v2\/types\/product"}],"replies":[{"embeddable":true,"href":"https:\/\/www.qhbake.com\/fr\/wp-json\/wp\/v2\/comments?post=3244"}],"wp:featuredmedia":[{"embeddable":true,"href":"https:\/\/www.qhbake.com\/fr\/wp-json\/wp\/v2\/media\/3352"}],"wp:attachment":[{"href":"https:\/\/www.qhbake.com\/fr\/wp-json\/wp\/v2\/media?parent=3244"}],"wp:term":[{"taxonomy":"product_brand","embeddable":true,"href":"https:\/\/www.qhbake.com\/fr\/wp-json\/wp\/v2\/product_brand?post=3244"},{"taxonomy":"product_cat","embeddable":true,"href":"https:\/\/www.qhbake.com\/fr\/wp-json\/wp\/v2\/product_cat?post=3244"},{"taxonomy":"product_tag","embeddable":true,"href":"https:\/\/www.qhbake.com\/fr\/wp-json\/wp\/v2\/product_tag?post=3244"}],"curies":[{"name":"wp","href":"https:\/\/api.w.org\/{rel}","templated":true}]}}