{"id":739,"date":"2021-05-19T07:11:46","date_gmt":"2021-05-19T07:11:46","guid":{"rendered":"https:\/\/qhbake.com\/?post_type=product&#038;p=739"},"modified":"2024-05-23T14:31:38","modified_gmt":"2024-05-23T14:31:38","slug":"dough-feeder","status":"publish","type":"product","link":"https:\/\/www.qhbake.com\/es\/producto\/dough-feeder","title":{"rendered":"Compre el alimentador de masa para la f\u00e1brica de galletas Hard Biscuit Cracker"},"content":{"rendered":"<div>\n<p>Se utiliza un alimentador de masa para introducir la masa en la tolva y enrollar previamente la masa o las l\u00e1minas de masa en piezas de masa adecuadas, que luego se transportan a los rodillos de calibre 1\/2\/3 para seguir laminando. Es una m\u00e1quina indispensable en todos tipos de l\u00edneas de producci\u00f3n de galletas duras.<\/p>\n<p>Por lo general, el alimentador ser\u00e1 suficiente para el tipo base de galletas duras, pero si se trata de galletas de soda, sugiera volver a jugar a Laminator (que tambi\u00e9n tenemos en esta m\u00e1quina)<\/p>\n<\/div>\n<p>&nbsp;<\/p>\n<h2><strong>Ventajas del alimentador de masa<\/strong><\/h2>\n<p>1. Control de frecuencia de la velocidad del motor, utilizando un transductor de desplazamiento para inspeccionar el espesor de la masa<br \/>\n2. La pantalla t\u00e1ctil PLC ajusta el grosor de la masa, haci\u00e9ndola m\u00e1s precisa<br \/>\n3. El di\u00e1metro del rodillo de aleaci\u00f3n es m\u00e1s fuerte.<br \/>\n4. La protecci\u00f3n del rodillo est\u00e1 instalada en el rodillo superior para reducir la posibilidad de cortar las hojas de masa.<br \/>\n5. La junta interior de nailon no t\u00f3xico de calidad alimentaria blanca evita que las hojas de masa se alimenten<br \/>\n6. El interior del rodillo de goma protege eficazmente el rodillo de aleaci\u00f3n.<br \/>\n7. Acero inoxidable<br \/>\n8. Revestimiento de chorro de arena impermeable para una mayor edad de uso<\/p>","protected":false},"excerpt":{"rendered":"<ul>\n<li>1.2-1.9 Velocidad (m \/ min)<\/li>\n<li>Espesor de l\u00e1minas ajustable<\/li>\n<li>Velocidad de corte ajustable<\/li>\n<li>Velocidad del transportador ajustable<\/li>\n<\/ul>","protected":false},"featured_media":3373,"comment_status":"closed","ping_status":"closed","template":"","meta":{"_et_pb_use_builder":"","_et_pb_old_content":"","_et_gb_content_width":"","_lmt_disableupdate":"","_lmt_disable":""},"product_brand":[],"product_cat":[133,90,135],"product_tag":[98,99,95,100,96,101,97],"class_list":{"0":"post-739","1":"product","2":"type-product","3":"status-publish","4":"has-post-thumbnail","6":"product_cat-dough-mixer","7":"product_cat-hard-biscuit-machine","8":"product_cat-laminator","9":"product_tag-adjustable","10":"product_tag-dough-feeder","11":"product_tag-food-grade","12":"product_tag-hard-biscuit","13":"product_tag-nontoxic","14":"product_tag-production-line","15":"product_tag-waterproof","17":"first","18":"instock","19":"shipping-taxable","20":"product-type-simple"},"_links":{"self":[{"href":"https:\/\/www.qhbake.com\/es\/wp-json\/wp\/v2\/product\/739","targetHints":{"allow":["GET"]}}],"collection":[{"href":"https:\/\/www.qhbake.com\/es\/wp-json\/wp\/v2\/product"}],"about":[{"href":"https:\/\/www.qhbake.com\/es\/wp-json\/wp\/v2\/types\/product"}],"replies":[{"embeddable":true,"href":"https:\/\/www.qhbake.com\/es\/wp-json\/wp\/v2\/comments?post=739"}],"wp:featuredmedia":[{"embeddable":true,"href":"https:\/\/www.qhbake.com\/es\/wp-json\/wp\/v2\/media\/3373"}],"wp:attachment":[{"href":"https:\/\/www.qhbake.com\/es\/wp-json\/wp\/v2\/media?parent=739"}],"wp:term":[{"taxonomy":"product_brand","embeddable":true,"href":"https:\/\/www.qhbake.com\/es\/wp-json\/wp\/v2\/product_brand?post=739"},{"taxonomy":"product_cat","embeddable":true,"href":"https:\/\/www.qhbake.com\/es\/wp-json\/wp\/v2\/product_cat?post=739"},{"taxonomy":"product_tag","embeddable":true,"href":"https:\/\/www.qhbake.com\/es\/wp-json\/wp\/v2\/product_tag?post=739"}],"curies":[{"name":"wp","href":"https:\/\/api.w.org\/{rel}","templated":true}]}}