{"id":733,"date":"2021-05-19T07:09:08","date_gmt":"2021-05-19T07:09:08","guid":{"rendered":"https:\/\/qhbake.com\/?post_type=product&#038;p=733"},"modified":"2024-05-23T14:31:39","modified_gmt":"2024-05-23T14:31:39","slug":"laminator","status":"publish","type":"product","link":"https:\/\/www.qhbake.com\/es\/producto\/laminator","title":{"rendered":"Venta de Laminadora para masa dura \u2013 Comprar Laminadora Online"},"content":{"rendered":"<div>\n<ul>\n<li>Di\u00e1metro del rodillo de aleaci\u00f3n de 400 mm<\/li>\n<li>Material transportador de PU<\/li>\n<li>5 a\u00f1os de garant\u00eda<\/li>\n<li>5-12 capas de laminador<\/li>\n<\/ul>\n<\/div>\n<p>La plastificadora de masa trabaja junto con la m\u00e1quina formadora de l\u00e1minas de rodillo que se utiliza normalmente para galletas duras.<\/p>\n<p>Hojas de masa prefabricadas, laminado y pista de polvo rociador directamente a la ruta de la galleta para que sea ventajoso que la galleta dura mejore la calidad y el grado, lo que la convierte en un dispositivo necesario para producir grietas fermentadas.<\/p>\n<p>Hay dos tipos comunes de laminadoras: hoja cortada o tipo alternativo. seg\u00fan diferentes tipos de galletas y configuraciones particulares de la m\u00e1quina.<\/p>\n<p>Est\u00e1 dise\u00f1ado para darle al producto una estructura en capas. La calidad del producto final, su fragilidad y crujiente, laminado de l\u00e1minas de masa prefabricadas y espolvoreado en polvo directamente a la galleta, por lo que es ventajoso que la galleta resistente mejore la calidad y el grado, lo que la convierte en una dispositivo necesario para producir crack fermentado.<\/p>\n<p><img loading=\"lazy\" decoding=\"async\" title=\"Laminadora para masa dura en venta - comprar laminadora online\" class=\"alignnone wp-image-3383 size-medium\" src=\"https:\/\/qhbake.com\/wp-content\/uploads\/2021\/05\/Laminator-1-300x300.jpg\" alt=\"Laminadora para masa dura en venta - comprar laminadora online\" width=\"300\" height=\"300\" srcset=\"https:\/\/www.qhbake.com\/wp-content\/uploads\/2021\/05\/Laminator-1-300x300.jpg 300w, https:\/\/www.qhbake.com\/wp-content\/uploads\/2021\/05\/Laminator-1-100x100.jpg 100w, https:\/\/www.qhbake.com\/wp-content\/uploads\/2021\/05\/Laminator-1-600x600.jpg 600w, https:\/\/www.qhbake.com\/wp-content\/uploads\/2021\/05\/Laminator-1-150x150.jpg 150w, https:\/\/www.qhbake.com\/wp-content\/uploads\/2021\/05\/Laminator-1-768x768.jpg 768w, https:\/\/www.qhbake.com\/wp-content\/uploads\/2021\/05\/Laminator-1-285x285.jpg 285w, https:\/\/www.qhbake.com\/wp-content\/uploads\/2021\/05\/Laminator-1-270x270.jpg 270w, https:\/\/www.qhbake.com\/wp-content\/uploads\/2021\/05\/Laminator-1-540x540.jpg 540w, https:\/\/www.qhbake.com\/wp-content\/uploads\/2021\/05\/Laminator-1-660x660.jpg 660w, https:\/\/www.qhbake.com\/wp-content\/uploads\/2021\/05\/Laminator-1.jpg 800w\" sizes=\"(max-width: 300px) 100vw, 300px\" \/>\u00a0 <img loading=\"lazy\" decoding=\"async\" title=\"Laminadora para masa dura en venta - comprar laminadora online\" class=\"alignnone wp-image-3385\" src=\"https:\/\/qhbake.com\/wp-content\/uploads\/2021\/05\/Laminator-3-300x300.jpg\" alt=\"Laminadora para masa dura en venta - comprar laminadora online\" width=\"297\" height=\"297\" srcset=\"https:\/\/www.qhbake.com\/wp-content\/uploads\/2021\/05\/Laminator-3-300x300.jpg 300w, https:\/\/www.qhbake.com\/wp-content\/uploads\/2021\/05\/Laminator-3-100x100.jpg 100w, https:\/\/www.qhbake.com\/wp-content\/uploads\/2021\/05\/Laminator-3-600x600.jpg 600w, https:\/\/www.qhbake.com\/wp-content\/uploads\/2021\/05\/Laminator-3-150x150.jpg 150w, https:\/\/www.qhbake.com\/wp-content\/uploads\/2021\/05\/Laminator-3-768x768.jpg 768w, https:\/\/www.qhbake.com\/wp-content\/uploads\/2021\/05\/Laminator-3-285x285.jpg 285w, https:\/\/www.qhbake.com\/wp-content\/uploads\/2021\/05\/Laminator-3-270x270.jpg 270w, https:\/\/www.qhbake.com\/wp-content\/uploads\/2021\/05\/Laminator-3-540x540.jpg 540w, https:\/\/www.qhbake.com\/wp-content\/uploads\/2021\/05\/Laminator-3-660x660.jpg 660w, https:\/\/www.qhbake.com\/wp-content\/uploads\/2021\/05\/Laminator-3.jpg 800w\" sizes=\"(max-width: 297px) 100vw, 297px\" \/><\/p>\n<p><strong>Ventaja:<\/strong><br \/>\n1. 3 rodillos por hoja y 4 rodillos para ajustar el grosor de la masa de manera m\u00e1s uniforme<br \/>\n2. Control el\u00e9ctrico, automatizaci\u00f3n avanzada, estructura simple, f\u00e1cil operaci\u00f3n<br \/>\n3. El n\u00famero de capas de masa se puede ajustar de 9 a 16 capas o incluso m\u00e1s.<br \/>\n4. Pantalla digital del grosor de la masa, ajuste autom\u00e1tico del grosor de la masa<br \/>\n5. Raspador tipo T9 para masa izquierda en el rodillo<br \/>\n6. Tensi\u00f3n neum\u00e1tica, dispositivo rectificador neum\u00e1tico<br \/>\n7. Cinta transportadora de PU, rodillo de aleaci\u00f3n<br \/>\n8. Dispositivo de entrenamiento vibratorio que espolvorea el polvo de manera uniforme<\/p>\n<p>&nbsp;<\/p>\n<div>\uff08Laminador de hojas sueltas\uff09 (Laminador de tipo alternativo)<\/div>\n<div>\n<div class=\"editor_table_wrap\"><\/div>\n<\/div>\n<p>&nbsp;<\/p>\n<p>&nbsp;<\/p>","protected":false},"excerpt":{"rendered":"<p>Plastificadora para galleta dura galleta galleta galleta de soda<\/p>","protected":false},"featured_media":3384,"comment_status":"closed","ping_status":"closed","template":"","meta":{"_et_pb_use_builder":"","_et_pb_old_content":"","_et_gb_content_width":"","_lmt_disableupdate":"","_lmt_disable":""},"product_brand":[],"product_cat":[90,135],"product_tag":[],"class_list":{"0":"post-733","1":"product","2":"type-product","3":"status-publish","4":"has-post-thumbnail","6":"product_cat-hard-biscuit-machine","7":"product_cat-laminator","9":"first","10":"instock","11":"shipping-taxable","12":"product-type-simple"},"_links":{"self":[{"href":"https:\/\/www.qhbake.com\/es\/wp-json\/wp\/v2\/product\/733","targetHints":{"allow":["GET"]}}],"collection":[{"href":"https:\/\/www.qhbake.com\/es\/wp-json\/wp\/v2\/product"}],"about":[{"href":"https:\/\/www.qhbake.com\/es\/wp-json\/wp\/v2\/types\/product"}],"replies":[{"embeddable":true,"href":"https:\/\/www.qhbake.com\/es\/wp-json\/wp\/v2\/comments?post=733"}],"wp:featuredmedia":[{"embeddable":true,"href":"https:\/\/www.qhbake.com\/es\/wp-json\/wp\/v2\/media\/3384"}],"wp:attachment":[{"href":"https:\/\/www.qhbake.com\/es\/wp-json\/wp\/v2\/media?parent=733"}],"wp:term":[{"taxonomy":"product_brand","embeddable":true,"href":"https:\/\/www.qhbake.com\/es\/wp-json\/wp\/v2\/product_brand?post=733"},{"taxonomy":"product_cat","embeddable":true,"href":"https:\/\/www.qhbake.com\/es\/wp-json\/wp\/v2\/product_cat?post=733"},{"taxonomy":"product_tag","embeddable":true,"href":"https:\/\/www.qhbake.com\/es\/wp-json\/wp\/v2\/product_tag?post=733"}],"curies":[{"name":"wp","href":"https:\/\/api.w.org\/{rel}","templated":true}]}}