{"id":725,"date":"2021-05-19T07:01:42","date_gmt":"2021-05-19T07:01:42","guid":{"rendered":"https:\/\/qhbake.com\/?post_type=product&#038;p=725"},"modified":"2024-05-23T14:31:41","modified_gmt":"2024-05-23T14:31:41","slug":"dough-mixer","status":"publish","type":"product","link":"https:\/\/www.qhbake.com\/es\/producto\/dough-mixer","title":{"rendered":"Mezclador de masa tipo horizontal en venta - F\u00e1brica y fabricante"},"content":{"rendered":"<div>\n<p>Mayorista de amasadoras #1: encuentre la amasadora perfecta para sus necesidades. Sin intermediarios: compre la batidora de masa de Trusted Factory directamente. Garant\u00edas de la industria para amasadoras - Soporte 24\/7 - Cotizaci\u00f3n en 5 minutos o menos. La mejor mezcladora de masa en venta - F\u00e1brica de mezcladoras de masa -OEM \/ ODM con los precios m\u00e1s bajos<\/p>\n<p><img loading=\"lazy\" decoding=\"async\" title=\"Mezcladora de masa horizontal en venta - f\u00e1brica y fabricante\" class=\"aligncenter wp-image-456 size-large\" src=\"https:\/\/qhbake.com\/wp-content\/uploads\/2021\/04\/\u56fe\u72471-4-1024x689.png\" alt=\"Mezcladora de masa horizontal en venta - f\u00e1brica y fabricante\" width=\"1024\" height=\"689\" srcset=\"https:\/\/www.qhbake.com\/wp-content\/uploads\/2021\/04\/\u56fe\u72471-4-1024x689.png 1024w, https:\/\/www.qhbake.com\/wp-content\/uploads\/2021\/04\/\u56fe\u72471-4-600x404.png 600w, https:\/\/www.qhbake.com\/wp-content\/uploads\/2021\/04\/\u56fe\u72471-4-300x202.png 300w, https:\/\/www.qhbake.com\/wp-content\/uploads\/2021\/04\/\u56fe\u72471-4-768x517.png 768w, https:\/\/www.qhbake.com\/wp-content\/uploads\/2021\/04\/\u56fe\u72471-4-1080x727.png 1080w, https:\/\/www.qhbake.com\/wp-content\/uploads\/2021\/04\/\u56fe\u72471-4-980x659.png 980w, https:\/\/www.qhbake.com\/wp-content\/uploads\/2021\/04\/\u56fe\u72471-4-480x323.png 480w, https:\/\/www.qhbake.com\/wp-content\/uploads\/2021\/04\/\u56fe\u72471-4.png 1171w\" sizes=\"(max-width: 1024px) 100vw, 1024px\" \/><\/p>\n<\/div>\n<div>\n<ul>\n<li>50-1500 Capacidad<\/li>\n<li>3 equipo de dise\u00f1o personalizado<\/li>\n<li>\u00a0 M\u00e1s de 40 experiencia en producci\u00f3n<\/li>\n<li>25+ A\u00f1os de mantenimiento<\/li>\n<\/ul>\n<\/div>\n<p><img loading=\"lazy\" decoding=\"async\" title=\"Mezcladora de masa horizontal en venta - f\u00e1brica y fabricante\" class=\"alignnone wp-image-3397 size-full\" src=\"https:\/\/qhbake.com\/wp-content\/uploads\/2021\/05\/mixer.png\" alt=\"Mezcladora de masa horizontal en venta - f\u00e1brica y fabricante\" width=\"637\" height=\"322\" srcset=\"https:\/\/www.qhbake.com\/wp-content\/uploads\/2021\/05\/mixer.png 637w, https:\/\/www.qhbake.com\/wp-content\/uploads\/2021\/05\/mixer-600x303.png 600w, https:\/\/www.qhbake.com\/wp-content\/uploads\/2021\/05\/mixer-300x152.png 300w, https:\/\/www.qhbake.com\/wp-content\/uploads\/2021\/05\/mixer-585x295.png 585w, https:\/\/www.qhbake.com\/wp-content\/uploads\/2021\/05\/mixer-285x144.png 285w, https:\/\/www.qhbake.com\/wp-content\/uploads\/2021\/05\/mixer-150x76.png 150w\" sizes=\"(max-width: 637px) 100vw, 637px\" \/><\/p>\n<p>Esta batidora tiene una paleta mezcladora de dise\u00f1o \u00fanico &#039;$&#039; que asegura una buena dispersi\u00f3n de los ingredientes y un r\u00e1pido desarrollo de la masa, es fundamental para desarrollar la masa suave extensible.<\/p>\n<p>Esta acci\u00f3n de mezcla que amasa enrollando y doblando la masa sin desgarrar y extruir demasiado es ideal.<\/p>\n<p>El tiempo de mezcla en una batidora de baja velocidad ser\u00e1 de 20-25 minutos.<\/p>\n<p>El tiempo de mezcla a alta velocidad para la masa especial de almid\u00f3n ser\u00e1 de 10-12 minutos.<\/p>\n<p>&nbsp;<\/p>\n<h2><strong>Ventajas de la batidora de masa<\/strong><\/h2>\n<p>1. 50-500 kg \/ lote para producci\u00f3n peque\u00f1a y mufti<\/p>\n<ul>\n<li>Funci\u00f3n mun ti para masas blandas y duras<\/li>\n<li>Ahorra espacio<\/li>\n<li>Un vendaval ajustando<\/li>\n<li>Adelante y adelante: 90-120<sup>o<\/sup><\/li>\n<li>Hoja de acero inoxidable tipo $<\/li>\n<li>Conectado directamente con el sistema de silo para lograr el efecto de mezcla en l\u00ednea<\/li>\n<\/ul>\n<h2><strong>500-1500 kg\/lote para producci\u00f3n grande o continua<\/strong><\/h2>\n<ul>\n<li>Sistema de control PLC y grito t\u00e1ctil<\/li>\n<li>Motor de coser<\/li>\n<li>Conectar con cortador y transportador de masa autom\u00e1tico<\/li>\n<li>Cintur\u00f3n de PU antiadherente<\/li>\n<\/ul>\n<ul>\n<li>Hoja de acero inoxidable y tipo<\/li>\n<li>\u00a0Invierta la transmisi\u00f3n para obtener rangos de velocidad m\u00e1ximos, un arranque suave y un uso m\u00ednimo de energ\u00eda.<\/li>\n<\/ul>","protected":false},"excerpt":{"rendered":"<p>Amasadora multifunci\u00f3n para bizcocho duro y blando<\/p>","protected":false},"featured_media":3389,"comment_status":"closed","ping_status":"closed","template":"","meta":{"_et_pb_use_builder":"","_et_pb_old_content":"","_et_gb_content_width":"","_lmt_disableupdate":"","_lmt_disable":""},"product_brand":[],"product_cat":[133,91],"product_tag":[],"class_list":{"0":"post-725","1":"product","2":"type-product","3":"status-publish","4":"has-post-thumbnail","6":"product_cat-dough-mixer","7":"product_cat-soft-biscuit-machine","9":"first","10":"instock","11":"shipping-taxable","12":"product-type-simple"},"_links":{"self":[{"href":"https:\/\/www.qhbake.com\/es\/wp-json\/wp\/v2\/product\/725","targetHints":{"allow":["GET"]}}],"collection":[{"href":"https:\/\/www.qhbake.com\/es\/wp-json\/wp\/v2\/product"}],"about":[{"href":"https:\/\/www.qhbake.com\/es\/wp-json\/wp\/v2\/types\/product"}],"replies":[{"embeddable":true,"href":"https:\/\/www.qhbake.com\/es\/wp-json\/wp\/v2\/comments?post=725"}],"wp:featuredmedia":[{"embeddable":true,"href":"https:\/\/www.qhbake.com\/es\/wp-json\/wp\/v2\/media\/3389"}],"wp:attachment":[{"href":"https:\/\/www.qhbake.com\/es\/wp-json\/wp\/v2\/media?parent=725"}],"wp:term":[{"taxonomy":"product_brand","embeddable":true,"href":"https:\/\/www.qhbake.com\/es\/wp-json\/wp\/v2\/product_brand?post=725"},{"taxonomy":"product_cat","embeddable":true,"href":"https:\/\/www.qhbake.com\/es\/wp-json\/wp\/v2\/product_cat?post=725"},{"taxonomy":"product_tag","embeddable":true,"href":"https:\/\/www.qhbake.com\/es\/wp-json\/wp\/v2\/product_tag?post=725"}],"curies":[{"name":"wp","href":"https:\/\/api.w.org\/{rel}","templated":true}]}}