{"id":724,"date":"2021-05-19T06:55:15","date_gmt":"2021-05-19T06:55:15","guid":{"rendered":"https:\/\/qhbake.com\/?post_type=product&#038;p=724"},"modified":"2024-05-23T14:31:17","modified_gmt":"2024-05-23T14:31:17","slug":"baking-oven","status":"publish","type":"product","link":"https:\/\/www.qhbake.com\/es\/producto\/baking-oven","title":{"rendered":"Horno de panader\u00eda industrial a la venta: los mejores hornos de panader\u00eda EL\u00c9CTRICOS comerciales"},"content":{"rendered":"<p>El horno de t\u00fanel de horneado autom\u00e1tico generalmente tiene tres tipos principales:<br \/>\nHorno de gas, horno el\u00e9ctrico y horno de circulaci\u00f3n de aire caliente depende de los recursos naturales de diferentes necesidades y pa\u00edses.<\/p>\n<div>\n<h3><\/h3>\n<h3>HORNO EL\u00c9CTRICO-CALOR INFRARROJO LEJANO<\/h3>\n<h3><strong><img loading=\"lazy\" decoding=\"async\" title=\"industrial baking oven for sale - best commercial electrical bakery ovens\" class=\"alignleft wp-image-3395 size-full\" src=\"https:\/\/qhbake.com\/wp-content\/uploads\/2021\/05\/electrical-oven-e1666170604106.png\" alt=\"industrial baking oven for sale - best commercial electrical bakery ovens\" width=\"777\" height=\"593\" srcset=\"https:\/\/www.qhbake.com\/wp-content\/uploads\/2021\/05\/electrical-oven-e1666170604106.png 777w, https:\/\/www.qhbake.com\/wp-content\/uploads\/2021\/05\/electrical-oven-e1666170604106-600x458.png 600w, https:\/\/www.qhbake.com\/wp-content\/uploads\/2021\/05\/electrical-oven-e1666170604106-300x229.png 300w, https:\/\/www.qhbake.com\/wp-content\/uploads\/2021\/05\/electrical-oven-e1666170604106-768x586.png 768w, https:\/\/www.qhbake.com\/wp-content\/uploads\/2021\/05\/electrical-oven-e1666170604106-285x218.png 285w, https:\/\/www.qhbake.com\/wp-content\/uploads\/2021\/05\/electrical-oven-e1666170604106-16x12.png 16w\" sizes=\"(max-width: 777px) 100vw, 777px\" \/><\/strong><\/h3>\n<p>El principio de funcionamiento es que, mediante el elemento calefactor de infrarrojo lejano, su disposici\u00f3n y control hacen que el calentamiento sea uniforme, hay un sistema de escape para recolectar el vapor y el escape.<\/p>\n<\/div>\n<h2>HORNO GAS-HORNO DIRECTO<\/h2>\n<div>\n<p><img loading=\"lazy\" decoding=\"async\" title=\"industrial baking oven for sale - best commercial electrical bakery ovens\" class=\"alignleft wp-image-3396 size-full\" src=\"https:\/\/qhbake.com\/wp-content\/uploads\/2021\/05\/gas-oven-e1666170661915.png\" alt=\"industrial baking oven for sale - best commercial electrical bakery ovens\" width=\"800\" height=\"494\" srcset=\"https:\/\/www.qhbake.com\/wp-content\/uploads\/2021\/05\/gas-oven-e1666170661915.png 800w, https:\/\/www.qhbake.com\/wp-content\/uploads\/2021\/05\/gas-oven-e1666170661915-600x371.png 600w, https:\/\/www.qhbake.com\/wp-content\/uploads\/2021\/05\/gas-oven-e1666170661915-300x185.png 300w, https:\/\/www.qhbake.com\/wp-content\/uploads\/2021\/05\/gas-oven-e1666170661915-768x474.png 768w, https:\/\/www.qhbake.com\/wp-content\/uploads\/2021\/05\/gas-oven-e1666170661915-285x176.png 285w, https:\/\/www.qhbake.com\/wp-content\/uploads\/2021\/05\/gas-oven-e1666170661915-18x12.png 18w\" sizes=\"(max-width: 800px) 100vw, 800px\" \/><\/p>\n<p>El principio de funcionamiento son los quemadores de cinta de gas instalados directamente en la c\u00e1mara de cocci\u00f3n. Varios tipos de quemadores permiten crear un perfil de horneado \u00fanico para cada producto.<br \/>\nLos controles del quemador se dividen en calor superior e inferior y en m\u00e1s zonas.<\/p>\n<p>&nbsp;<\/p>\n<\/div>\n<div>\n<h3>TIPO HORNO DE CIRCULACI\u00d3N DE AIRE-CONVECCI\u00d3N (DIRECTA)<\/h3>\n<\/div>\n<div>\n<p>El principio de funcionamiento es el impacto indirecto del aire y la optimizaci\u00f3n del conocido principio de convecci\u00f3n. El calor del quemador de gas se intercambia en el intercambiador de calor sobre la c\u00e1mara de cocci\u00f3n. El aire de horneado no se mezcla con el aire de combusti\u00f3n. Los hornos de impacto directo tambi\u00e9n est\u00e1n disponibles, donde el aire de combusti\u00f3n circula en la c\u00e1mara de horneado.<\/p>\n<p>&nbsp;<\/p>\n<p><img loading=\"lazy\" decoding=\"async\" title=\"industrial baking oven for sale - best commercial electrical bakery ovens\" class=\"alignleft wp-image-3394 size-full\" src=\"https:\/\/qhbake.com\/wp-content\/uploads\/2021\/05\/oven.png\" alt=\"industrial baking oven for sale - best commercial electrical bakery ovens\" width=\"683\" height=\"566\" srcset=\"https:\/\/www.qhbake.com\/wp-content\/uploads\/2021\/05\/oven.png 683w, https:\/\/www.qhbake.com\/wp-content\/uploads\/2021\/05\/oven-600x497.png 600w, https:\/\/www.qhbake.com\/wp-content\/uploads\/2021\/05\/oven-300x249.png 300w, https:\/\/www.qhbake.com\/wp-content\/uploads\/2021\/05\/oven-285x236.png 285w, https:\/\/www.qhbake.com\/wp-content\/uploads\/2021\/05\/oven-660x547.png 660w, https:\/\/www.qhbake.com\/wp-content\/uploads\/2021\/05\/oven-150x124.png 150w\" sizes=\"(max-width: 683px) 100vw, 683px\" \/><\/p>\n<\/div>","protected":false},"excerpt":{"rendered":"<p>Mayorista de hornos para hornear #1: encuentre el horno para hornear perfecto para sus necesidades. Sin intermediarios: compre el horno para hornear de Trusted Factory directamente. Garant\u00edas de la industria para hornos de cocci\u00f3n - Soporte 24\/7 - Cotizaci\u00f3n en 5 minutos o menos. El mejor horno para hornear en venta - F\u00e1brica de hornos para hornear -OEM \/ ODM con los precios m\u00e1s bajos<\/p>\n<p>&nbsp;<\/p>","protected":false},"featured_media":3315,"comment_status":"closed","ping_status":"closed","template":"","meta":{"_et_pb_use_builder":"","_et_pb_old_content":"","_et_gb_content_width":"","_lmt_disableupdate":"","_lmt_disable":""},"product_brand":[],"product_cat":[93],"product_tag":[],"class_list":{"0":"post-724","1":"product","2":"type-product","3":"status-publish","4":"has-post-thumbnail","6":"product_cat-other-bakery-equipment","8":"first","9":"instock","10":"shipping-taxable","11":"product-type-simple"},"_links":{"self":[{"href":"https:\/\/www.qhbake.com\/es\/wp-json\/wp\/v2\/product\/724","targetHints":{"allow":["GET"]}}],"collection":[{"href":"https:\/\/www.qhbake.com\/es\/wp-json\/wp\/v2\/product"}],"about":[{"href":"https:\/\/www.qhbake.com\/es\/wp-json\/wp\/v2\/types\/product"}],"replies":[{"embeddable":true,"href":"https:\/\/www.qhbake.com\/es\/wp-json\/wp\/v2\/comments?post=724"}],"wp:featuredmedia":[{"embeddable":true,"href":"https:\/\/www.qhbake.com\/es\/wp-json\/wp\/v2\/media\/3315"}],"wp:attachment":[{"href":"https:\/\/www.qhbake.com\/es\/wp-json\/wp\/v2\/media?parent=724"}],"wp:term":[{"taxonomy":"product_brand","embeddable":true,"href":"https:\/\/www.qhbake.com\/es\/wp-json\/wp\/v2\/product_brand?post=724"},{"taxonomy":"product_cat","embeddable":true,"href":"https:\/\/www.qhbake.com\/es\/wp-json\/wp\/v2\/product_cat?post=724"},{"taxonomy":"product_tag","embeddable":true,"href":"https:\/\/www.qhbake.com\/es\/wp-json\/wp\/v2\/product_tag?post=724"}],"curies":[{"name":"wp","href":"https:\/\/api.w.org\/{rel}","templated":true}]}}