{"id":715,"date":"2021-05-19T06:47:05","date_gmt":"2021-05-19T06:47:05","guid":{"rendered":"https:\/\/qhbake.com\/?post_type=product&#038;p=715"},"modified":"2024-05-23T14:38:52","modified_gmt":"2024-05-23T14:38:52","slug":"automatic-lollipop-production-line","status":"publish","type":"product","link":"https:\/\/www.qhbake.com\/es\/producto\/automatic-lollipop-production-line","title":{"rendered":"L\u00ednea de producci\u00f3n autom\u00e1tica de piruletas para la venta - F\u00e1brica de m\u00e1quinas de dulces"},"content":{"rendered":"<div>\n<h2>L\u00ednea de producci\u00f3n autom\u00e1tica de piruletas<\/h2>\n<\/div>\n<div>\n<ul>\n<li>46Experiencia en Producci\u00f3n<\/li>\n<li>5 a\u00f1os de garant\u00eda<\/li>\n<li>M\u00e1s de 2600 mantenimiento de m\u00e1quinas<\/li>\n<li>Capacidad de producci\u00f3n 150-2000<\/li>\n<\/ul>\n<\/div>\n<p>La l\u00ednea de dep\u00f3sito de piruletas de la serie QHB es un equipo ventajoso para producir piruletas. La operaci\u00f3n es controlada por un programa\/PLC para cocci\u00f3n al vac\u00edo, alimentaci\u00f3n y dep\u00f3sito.<\/p>\n<p>Puede ser una inyecci\u00f3n en l\u00ednea, dosificando el premezclado para la adici\u00f3n proporcional de colorantes l\u00edquidos, sabor y \u00e1cidos,<\/p>\n<p>La l\u00ednea est\u00e1 compuesta por cocedores, tanques de almacenamiento, cocedores de microfilm, depositadores, moldes y t\u00fanel de enfriamiento industrial.<\/p>\n<p>Puede producir rayas de dos colores, capas de dos colores, un color y una piruleta llena en el centro. La l\u00ednea es un equipo de planta completamente autom\u00e1tico con un sistema autom\u00e1tico de inserci\u00f3n de palos.<\/p>\n<div class=\"editor_table_wrap\"><\/div>\n<h2><strong>Ventaja de la l\u00ednea de producci\u00f3n de piruletas QHBAKE<\/strong><\/h2>\n<p><strong>R: La olla de microfilm continua para jarabe de caramelo duro ser\u00e1<\/strong><\/p>\n<ul>\n<li>M\u00e1s transparencia y suavidad<\/li>\n<li>Menos afectado por la temperatura ambiente<\/li>\n<li>Menor az\u00facar reductor y menos color de combusti\u00f3n<\/li>\n<li>Menos humedad y mayor vida \u00fatil de la carcasa de almacenamiento<\/li>\n<li>Menor tiempo de cocci\u00f3n y mejor apariencia del cristal.<\/li>\n<li>Un sistema de control de temperatura preciso preserva la actividad de los aditivos.<\/li>\n<\/ul>\n<p><strong>B: l\u00ednea de dep\u00f3sito autom\u00e1tico<\/strong><\/p>\n<ul>\n<li>Nuevo dep\u00f3sito de alta precisi\u00f3n con m\u00e1s precisi\u00f3n, menos desperdicio y mayor rendimiento<\/li>\n<li>Totalmente de acero inoxidable e impermeable con chorro de arena en la superficie.<\/li>\n<li>Relleno central, capa por capa y funciones de torsi\u00f3n de doble color<\/li>\n<li>Diversidad de tipos de moldes como planos o 2D o 3D<\/li>\n<li>Sistema de adici\u00f3n de palitos de paleta plana (2D) y con forma de bola (3D)<\/li>\n<li>Piezas el\u00e9ctricas con marcas internacionales para una vida \u00fatil m\u00e1s larga<\/li>\n<li>Se\u00f1ales de advertencia de piezas ocultas y protecci\u00f3n para un uso seguro.<\/li>\n<li>Sistema de mantenimiento de temperatura de aislamiento de doble capa<\/li>\n<\/ul>","protected":false},"excerpt":{"rendered":"<p>L\u00ednea de producci\u00f3n autom\u00e1tica de piruletas para piruletas de bolas y piruletas planas, de un solo color y multicolor para que usted elija.<\/p>","protected":false},"featured_media":5571,"comment_status":"closed","ping_status":"closed","template":"","meta":{"_et_pb_use_builder":"","_et_pb_old_content":"","_et_gb_content_width":"","_lmt_disableupdate":"","_lmt_disable":""},"product_brand":[],"product_cat":[92,119],"product_tag":[],"class_list":{"0":"post-715","1":"product","2":"type-product","3":"status-publish","4":"has-post-thumbnail","6":"product_cat-candy-depositing-machine","7":"product_cat-lollipop-production-line","9":"first","10":"instock","11":"shipping-taxable","12":"product-type-simple"},"_links":{"self":[{"href":"https:\/\/www.qhbake.com\/es\/wp-json\/wp\/v2\/product\/715","targetHints":{"allow":["GET"]}}],"collection":[{"href":"https:\/\/www.qhbake.com\/es\/wp-json\/wp\/v2\/product"}],"about":[{"href":"https:\/\/www.qhbake.com\/es\/wp-json\/wp\/v2\/types\/product"}],"replies":[{"embeddable":true,"href":"https:\/\/www.qhbake.com\/es\/wp-json\/wp\/v2\/comments?post=715"}],"wp:featuredmedia":[{"embeddable":true,"href":"https:\/\/www.qhbake.com\/es\/wp-json\/wp\/v2\/media\/5571"}],"wp:attachment":[{"href":"https:\/\/www.qhbake.com\/es\/wp-json\/wp\/v2\/media?parent=715"}],"wp:term":[{"taxonomy":"product_brand","embeddable":true,"href":"https:\/\/www.qhbake.com\/es\/wp-json\/wp\/v2\/product_brand?post=715"},{"taxonomy":"product_cat","embeddable":true,"href":"https:\/\/www.qhbake.com\/es\/wp-json\/wp\/v2\/product_cat?post=715"},{"taxonomy":"product_tag","embeddable":true,"href":"https:\/\/www.qhbake.com\/es\/wp-json\/wp\/v2\/product_tag?post=715"}],"curies":[{"name":"wp","href":"https:\/\/api.w.org\/{rel}","templated":true}]}}