{"id":710,"date":"2021-05-19T06:42:46","date_gmt":"2021-05-19T06:42:46","guid":{"rendered":"https:\/\/qhbake.com\/?post_type=product&#038;p=710"},"modified":"2024-05-23T14:38:09","modified_gmt":"2024-05-23T14:38:09","slug":"mini-candy-depositing-machine","status":"publish","type":"product","link":"https:\/\/www.qhbake.com\/es\/producto\/mini-candy-depositing-machine","title":{"rendered":"Mini m\u00e1quina depositadora de dulces QH-20s 8000-12000pcs\/h"},"content":{"rendered":"<div>#1 Mayorista de m\u00e1quinas depositadoras de mini caramelos: encuentre la m\u00e1quina depositadora de caramelos mini perfecta para sus necesidades. Sin intermediarios: compre una minim\u00e1quina depositadora de caramelos de Trusted Factory directamente. Garant\u00edas de la industria para la mini m\u00e1quina depositadora de caramelos - Soporte 24\/7 - Cotizaci\u00f3n en 5 minutos o menos. La mejor mini m\u00e1quina depositadora de caramelos a la venta - Mini f\u00e1brica de m\u00e1quinas depositadoras de caramelos -OEM\/ODM con los precios m\u00e1s bajos<\/div>\n<div><\/div>\n<h2 class=\"title\"><strong>Mini depositante de caramelos<\/strong><\/h2>\n<div class=\"contents\">\n<div id=\"global_editor_contents\">\n<div>\n<ul>\n<li>46 Experiencia en Producci\u00f3n<\/li>\n<li>9000 piezas por hora<\/li>\n<li>5 <span style=\"color: #666666;\">A\u00f1os de garant\u00eda<\/span><\/li>\n<li>M\u00e1s de 2600 mantenimiento de m\u00e1quinas<\/li>\n<\/ul>\n<\/div>\n<h2><strong>Ventaja<\/strong><strong>s<\/strong><\/h2>\n<ul>\n<li>Apto para la mayor\u00eda de los caramelos.<\/li>\n<li>Panel de pie o pantalla t\u00e1ctil para la selecci\u00f3n<\/li>\n<li>F\u00e1cil de limpiar y descargar.<\/li>\n<li>M\u00e1ximo 24 piezas por disparo<\/li>\n<li>Rellenos o color simple o doble<\/li>\n<li>Estructura compacta, rendimiento estable, f\u00e1cil control.<\/li>\n<li>ser\u00e1 la mejor opci\u00f3n para peque\u00f1as f\u00e1bricas o pruebas de muestras.<\/li>\n<\/ul>\n<div>Esta mini depositadora puede producir todo tipo de golosinas. Ya sean caramelos blandos o duros, piruletas,<\/div>\n<div>cualquiera que sea un color o varios colores, cualquier caramelo en 2D o 3D. Se pueden cumplir todos los requisitos.<br \/>\nTama\u00f1o peque\u00f1o, la operaci\u00f3n simple.<\/div>\n<h2><strong>Venta superior en el mercado<\/strong><\/h2>\n<div>Caramelos de goma \/ gelatina<\/div>\n<div>\n<p><img loading=\"lazy\" decoding=\"async\" title=\"Mini m\u00e1quina depositadora de dulces qh-20s 8000-12000 piezas\/h\" class=\"alignnone wp-image-5018 size-large\" src=\"https:\/\/qhbake.com\/wp-content\/uploads\/2021\/11\/gummy-bears-1-1024x682.jpg\" alt=\"Mini m\u00e1quina depositadora de dulces qh-20s 8000-12000 piezas\/h\" width=\"1024\" height=\"682\" srcset=\"https:\/\/www.qhbake.com\/wp-content\/uploads\/2021\/11\/gummy-bears-1-1024x682.jpg 1024w, https:\/\/www.qhbake.com\/wp-content\/uploads\/2021\/11\/gummy-bears-1-600x400.jpg 600w, https:\/\/www.qhbake.com\/wp-content\/uploads\/2021\/11\/gummy-bears-1-300x200.jpg 300w, https:\/\/www.qhbake.com\/wp-content\/uploads\/2021\/11\/gummy-bears-1-768x512.jpg 768w, https:\/\/www.qhbake.com\/wp-content\/uploads\/2021\/11\/gummy-bears-1-1536x1024.jpg 1536w, https:\/\/www.qhbake.com\/wp-content\/uploads\/2021\/11\/gummy-bears-1-18x12.jpg 18w, https:\/\/www.qhbake.com\/wp-content\/uploads\/2021\/11\/gummy-bears-1-285x190.jpg 285w, https:\/\/www.qhbake.com\/wp-content\/uploads\/2021\/11\/gummy-bears-1-1600x1066.jpg 1600w, https:\/\/www.qhbake.com\/wp-content\/uploads\/2021\/11\/gummy-bears-1-660x440.jpg 660w, https:\/\/www.qhbake.com\/wp-content\/uploads\/2021\/11\/gummy-bears-1-150x100.jpg 150w, https:\/\/www.qhbake.com\/wp-content\/uploads\/2021\/11\/gummy-bears-1.jpg 2000w\" sizes=\"(max-width: 1024px) 100vw, 1024px\" \/><\/p>\n<p>Caramelo duro<\/p>\n<\/div>\n<div>\n<p><img loading=\"lazy\" decoding=\"async\" title=\"Mini m\u00e1quina depositadora de dulces qh-20s 8000-12000 piezas\/h\" class=\"alignnone wp-image-5186 size-full\" src=\"https:\/\/qhbake.com\/wp-content\/uploads\/2021\/12\/Gummy-making-machine-6.png\" alt=\"Mini m\u00e1quina depositadora de dulces qh-20s 8000-12000 piezas\/h\" width=\"860\" height=\"228\" srcset=\"https:\/\/www.qhbake.com\/wp-content\/uploads\/2021\/12\/Gummy-making-machine-6.png 860w, https:\/\/www.qhbake.com\/wp-content\/uploads\/2021\/12\/Gummy-making-machine-6-600x159.png 600w, https:\/\/www.qhbake.com\/wp-content\/uploads\/2021\/12\/Gummy-making-machine-6-300x80.png 300w, https:\/\/www.qhbake.com\/wp-content\/uploads\/2021\/12\/Gummy-making-machine-6-768x204.png 768w, https:\/\/www.qhbake.com\/wp-content\/uploads\/2021\/12\/Gummy-making-machine-6-18x5.png 18w, https:\/\/www.qhbake.com\/wp-content\/uploads\/2021\/12\/Gummy-making-machine-6-285x76.png 285w, https:\/\/www.qhbake.com\/wp-content\/uploads\/2021\/12\/Gummy-making-machine-6-660x175.png 660w, https:\/\/www.qhbake.com\/wp-content\/uploads\/2021\/12\/Gummy-making-machine-6-150x40.png 150w\" sizes=\"(max-width: 860px) 100vw, 860px\" \/><\/p>\n<p>Chupete<\/p>\n<\/div>\n<div>\n<p><img loading=\"lazy\" decoding=\"async\" title=\"Mini m\u00e1quina depositadora de dulces qh-20s 8000-12000 piezas\/h\" class=\"alignnone wp-image-4972 size-large\" src=\"https:\/\/qhbake.com\/wp-content\/uploads\/2021\/11\/closeup-of-different-flavored-lollipop-1024x621.jpg\" alt=\"Mini m\u00e1quina depositadora de dulces qh-20s 8000-12000 piezas\/h\" width=\"1024\" height=\"621\" srcset=\"https:\/\/www.qhbake.com\/wp-content\/uploads\/2021\/11\/closeup-of-different-flavored-lollipop-1024x621.jpg 1024w, https:\/\/www.qhbake.com\/wp-content\/uploads\/2021\/11\/closeup-of-different-flavored-lollipop-600x364.jpg 600w, https:\/\/www.qhbake.com\/wp-content\/uploads\/2021\/11\/closeup-of-different-flavored-lollipop-300x182.jpg 300w, https:\/\/www.qhbake.com\/wp-content\/uploads\/2021\/11\/closeup-of-different-flavored-lollipop-768x466.jpg 768w, https:\/\/www.qhbake.com\/wp-content\/uploads\/2021\/11\/closeup-of-different-flavored-lollipop-1536x932.jpg 1536w, https:\/\/www.qhbake.com\/wp-content\/uploads\/2021\/11\/closeup-of-different-flavored-lollipop-18x12.jpg 18w, https:\/\/www.qhbake.com\/wp-content\/uploads\/2021\/11\/closeup-of-different-flavored-lollipop-285x173.jpg 285w, https:\/\/www.qhbake.com\/wp-content\/uploads\/2021\/11\/closeup-of-different-flavored-lollipop-1600x970.jpg 1600w, https:\/\/www.qhbake.com\/wp-content\/uploads\/2021\/11\/closeup-of-different-flavored-lollipop-660x400.jpg 660w, https:\/\/www.qhbake.com\/wp-content\/uploads\/2021\/11\/closeup-of-different-flavored-lollipop-150x91.jpg 150w, https:\/\/www.qhbake.com\/wp-content\/uploads\/2021\/11\/closeup-of-different-flavored-lollipop.jpg 2000w\" sizes=\"(max-width: 1024px) 100vw, 1024px\" \/><\/p>\n<\/div>\n<div>\n<p>tofe y caramelo<\/p>\n<p><img loading=\"lazy\" decoding=\"async\" title=\"Mini m\u00e1quina depositadora de dulces qh-20s 8000-12000 piezas\/h\" class=\"alignnone wp-image-5187 size-full\" src=\"https:\/\/qhbake.com\/wp-content\/uploads\/2021\/12\/Gummy-making-machine-7.png\" alt=\"Mini m\u00e1quina depositadora de dulces qh-20s 8000-12000 piezas\/h\" width=\"850\" height=\"185\" srcset=\"https:\/\/www.qhbake.com\/wp-content\/uploads\/2021\/12\/Gummy-making-machine-7.png 850w, https:\/\/www.qhbake.com\/wp-content\/uploads\/2021\/12\/Gummy-making-machine-7-600x131.png 600w, https:\/\/www.qhbake.com\/wp-content\/uploads\/2021\/12\/Gummy-making-machine-7-300x65.png 300w, https:\/\/www.qhbake.com\/wp-content\/uploads\/2021\/12\/Gummy-making-machine-7-768x167.png 768w, https:\/\/www.qhbake.com\/wp-content\/uploads\/2021\/12\/Gummy-making-machine-7-18x4.png 18w, https:\/\/www.qhbake.com\/wp-content\/uploads\/2021\/12\/Gummy-making-machine-7-285x62.png 285w, https:\/\/www.qhbake.com\/wp-content\/uploads\/2021\/12\/Gummy-making-machine-7-660x144.png 660w, https:\/\/www.qhbake.com\/wp-content\/uploads\/2021\/12\/Gummy-making-machine-7-150x33.png 150w\" sizes=\"(max-width: 850px) 100vw, 850px\" \/><\/p>\n<\/div>\n<\/div>\n<\/div>","protected":false},"excerpt":{"rendered":"<p>#1 Mayorista de m\u00e1quinas depositadoras de mini caramelos: encuentre la m\u00e1quina depositadora de caramelos mini perfecta para sus necesidades. Sin intermediarios: compre una minim\u00e1quina depositadora de caramelos de Trusted Factory directamente. Garant\u00edas de la industria para la mini m\u00e1quina depositadora de caramelos - Soporte 24\/7 - Cotizaci\u00f3n en 5 minutos o menos. La mejor mini m\u00e1quina depositadora de caramelos a la venta - Mini f\u00e1brica de m\u00e1quinas depositadoras de caramelos -OEM\/ODM con los precios m\u00e1s bajos<\/p>\n<p>Mini depositante de caramelos para caramelos gomosos \/ caramelos de gelatina \/ caramelos duros \/ caramelos blandos \/ caramelos de piruleta<\/p>","protected":false},"featured_media":5159,"comment_status":"closed","ping_status":"closed","template":"","meta":{"_et_pb_use_builder":"","_et_pb_old_content":"","_et_gb_content_width":"","_lmt_disableupdate":"","_lmt_disable":""},"product_brand":[],"product_cat":[92,94],"product_tag":[172],"class_list":{"0":"post-710","1":"product","2":"type-product","3":"status-publish","4":"has-post-thumbnail","6":"product_cat-candy-depositing-machine","7":"product_cat-small-making-machine","8":"product_tag-gummy-making-machine-topic","10":"first","11":"instock","12":"shipping-taxable","13":"product-type-simple"},"_links":{"self":[{"href":"https:\/\/www.qhbake.com\/es\/wp-json\/wp\/v2\/product\/710","targetHints":{"allow":["GET"]}}],"collection":[{"href":"https:\/\/www.qhbake.com\/es\/wp-json\/wp\/v2\/product"}],"about":[{"href":"https:\/\/www.qhbake.com\/es\/wp-json\/wp\/v2\/types\/product"}],"replies":[{"embeddable":true,"href":"https:\/\/www.qhbake.com\/es\/wp-json\/wp\/v2\/comments?post=710"}],"wp:featuredmedia":[{"embeddable":true,"href":"https:\/\/www.qhbake.com\/es\/wp-json\/wp\/v2\/media\/5159"}],"wp:attachment":[{"href":"https:\/\/www.qhbake.com\/es\/wp-json\/wp\/v2\/media?parent=710"}],"wp:term":[{"taxonomy":"product_brand","embeddable":true,"href":"https:\/\/www.qhbake.com\/es\/wp-json\/wp\/v2\/product_brand?post=710"},{"taxonomy":"product_cat","embeddable":true,"href":"https:\/\/www.qhbake.com\/es\/wp-json\/wp\/v2\/product_cat?post=710"},{"taxonomy":"product_tag","embeddable":true,"href":"https:\/\/www.qhbake.com\/es\/wp-json\/wp\/v2\/product_tag?post=710"}],"curies":[{"name":"wp","href":"https:\/\/api.w.org\/{rel}","templated":true}]}}