{"id":704,"date":"2021-05-19T06:35:58","date_gmt":"2021-05-19T06:35:58","guid":{"rendered":"https:\/\/qhbake.com\/?post_type=product&#038;p=704"},"modified":"2024-05-23T14:31:44","modified_gmt":"2024-05-23T14:31:44","slug":"automatic-biscuit-production-line","status":"publish","type":"product","link":"https:\/\/www.qhbake.com\/es\/producto\/automatic-biscuit-production-line","title":{"rendered":"Compre la l\u00ednea de producci\u00f3n autom\u00e1tica de galletas - M\u00e1quina industrial de galletas"},"content":{"rendered":"<div class=\"product-detail wrap-module\">\n<div class=\"wrap\">\n<div class=\"ueeshop_responsive_products_detail\">\n<div class=\"description\">\n<div class=\"contents\">\n<div id=\"global_editor_contents\">\n<div>\n<p><img loading=\"lazy\" decoding=\"async\" alt=\"comprar l\u00ednea autom\u00e1tica de producci\u00f3n de galletas - m\u00e1quina industrial de galletas\" title=\"comprar l\u00ednea autom\u00e1tica de producci\u00f3n de galletas - m\u00e1quina industrial de galletas\" class=\"\" src=\"https:\/\/ueeshop-cn.ly200-cdn.com\/u_file\/UPAQ\/UPAQ082\/2101\/photo\/99e704fe5c.png\" width=\"613\" height=\"109\" \/><\/p>\n<div>\n<h2><strong>Ventaja de la l\u00ednea de producci\u00f3n de galletas QHBake<\/strong><\/h2>\n<\/div>\n<ul>\n<li>Multifunci\u00f3n para el tipo de producci\u00f3n de galletas.<\/li>\n<li>Horno: lana de roca para aislamiento, est\u00e1ndar GMP<\/li>\n<li>\u00a0Rodillo de aleaci\u00f3n m\u00e1s fuerte<\/li>\n<li>Temperatura de cocci\u00f3n con precisi\u00f3n, ajustable.<\/li>\n<li>Malla transportadora de acero inoxidable<\/li>\n<li>Funci\u00f3n de grabaci\u00f3n autom\u00e1tica de procesos<\/li>\n<li>Exterior sin \u00e1ngulos agudos<\/li>\n<li>Superficie de revestimiento impermeable con chorro de arena<\/li>\n<li>Mantenimiento anual que ahorra energ\u00eda<\/li>\n<\/ul>\n<p>La l\u00ednea de producci\u00f3n de galletas de la serie QH es la opci\u00f3n principal para la producci\u00f3n de tipos de galletas duras y blandas. El equipo de la planta de galletas se puede combinar y exhibir de acuerdo con el espacio local del cliente o los requisitos t\u00e9cnicos de las galletas.<\/p>\n<p>Al cambiar los moldes y las recetas, este planeta puede producir varios tipos de galletas de alta calidad. tales como galleta de crema, galleta de emparedado, galleta de galleta de soda, galleta de animal, galleta de vegetales, etc. Hay la fuente de calefacci\u00f3n diversificada para su operaci\u00f3n (el\u00e9ctrica, gas, fuel oil)<\/p>\n<\/div>\n<div class=\"editor_table_wrap\"><\/div>\n<div>\n<div>\n<hr \/>\n<h2><strong><u>Hornos de cocci\u00f3n<\/u><\/strong><\/h2>\n<div><strong>El horno de t\u00fanel de horneado autom\u00e1tico generalmente tiene tres tipos principales:<\/strong><\/div>\n<\/div>\n<div><strong>Los hornos de gas, los hornos el\u00e9ctricos y los hornos de circulaci\u00f3n de aire caliente dependen de los recursos naturales de diferentes necesidades y pa\u00edses.\u00a0<\/strong><\/div>\n<div><\/div>\n<h2><u><strong>Horno electrico<\/strong><\/u><strong>-Calefacci\u00f3n por infrarrojos lejanos<\/strong><\/h2>\n<div>El principio de funcionamiento es que, mediante el elemento calefactor de infrarrojo lejano, su disposici\u00f3n y control hacen que el calentamiento sea uniforme, hay un sistema de escape para recolectar el vapor y el escape.<\/div>\n<div><\/div>\n<h2><u><strong>Horno de gas<\/strong><\/u><strong>-Horno a fuego directo<\/strong><\/h2>\n<div>El principio de funcionamiento son los quemadores de cinta de gas instalados directamente en la c\u00e1mara de cocci\u00f3n. Varios tipos de quemadores permiten crear un perfil de horneado \u00fanico para cada producto.<br \/>\nLos controles del quemador se dividen en calor superior e inferior y en m\u00e1s zonas.<\/div>\n<div><\/div>\n<h2><u><strong>Horno de circulaci\u00f3n de aire caliente<\/strong><\/u><strong>- Tipo de convecci\u00f3n (indirecta)<\/strong><\/h2>\n<div>El principio de funcionamiento es el impacto indirecto del aire y la optimizaci\u00f3n del conocido principio de convecci\u00f3n. El calor del quemador de gas se intercambia en el intercambiador de calor sobre la c\u00e1mara de cocci\u00f3n. El aire de horneado no se mezcla con el aire de combusti\u00f3n. Los hornos de impacto directo tambi\u00e9n est\u00e1n disponibles, donde el aire de combusti\u00f3n circula en la c\u00e1mara de horneado.<\/div>\n<div><\/div>\n<h2><strong>Galleta de mayor venta en el mercado<\/strong><\/h2>\n<div><\/div>\n<div><strong>\u00a0 \u00a0<\/strong><strong>\u00a0 \u00a0 \u00a0 \u00a0 \u00a0 \u00a0 \u00a0 \u00a0Galleta dura Galleta blanda Galleta de galleta de soda<\/strong><br \/>\n<img decoding=\"async\" alt=\"comprar l\u00ednea autom\u00e1tica de producci\u00f3n de galletas - m\u00e1quina industrial de galletas\" title=\"comprar l\u00ednea autom\u00e1tica de producci\u00f3n de galletas - m\u00e1quina industrial de galletas\" src=\"https:\/\/ueeshop-cn.ly200-cdn.com\/u_file\/UPAQ\/UPAQ082\/2101\/photo\/4591733b29.png\" \/><br \/>\n<strong>\u00a0 \u00a0 \u00a0 \u00a0 \u00a0 \u00a0 \u00a0<\/strong><strong>\u00a0\u00a0 Galleta s\u00e1ndwich Galleta ba\u00f1ada en chocolate Galleta de tarta de nueces\u00a0<\/strong><br \/>\n<img decoding=\"async\" alt=\"comprar l\u00ednea autom\u00e1tica de producci\u00f3n de galletas - m\u00e1quina industrial de galletas\" title=\"comprar l\u00ednea autom\u00e1tica de producci\u00f3n de galletas - m\u00e1quina industrial de galletas\" src=\"https:\/\/ueeshop-cn.ly200-cdn.com\/u_file\/UPAQ\/UPAQ082\/2101\/photo\/ac84990450.png\" \/><br \/>\n<strong>\u00a0 \u00a0 \u00a0 \u00a0 \u00a0 \u00a0 \u00a0 \u00a0 \u00a0 \u00a0Galleta de relleno de mermelada Galleta de dedo Galleta piloto<\/strong><br \/>\n<img decoding=\"async\" alt=\"comprar l\u00ednea autom\u00e1tica de producci\u00f3n de galletas - m\u00e1quina industrial de galletas\" title=\"comprar l\u00ednea autom\u00e1tica de producci\u00f3n de galletas - m\u00e1quina industrial de galletas\" src=\"https:\/\/ueeshop-cn.ly200-cdn.com\/u_file\/UPAQ\/UPAQ082\/2101\/photo\/e842b7bfd7.png\" \/><\/div>\n<\/div>\n<\/div>\n<\/div>\n<div class=\"clear\"><\/div>\n<\/div>\n<\/div>\n<\/div>\n<\/div>\n<div id=\"footer\">\n<div class=\"f_list cont\">\n<div class=\"f_left fl\">\n<div class=\"f_logo\"><\/div>\n<div class=\"f_share\">\n<div class=\"share foot_share foot_share_type_0\"><\/div>\n<\/div>\n<\/div>\n<div class=\"f_item fl\">\n<div class=\"list\"><\/div>\n<\/div>\n<div class=\"f_item fl\">\n<div class=\"index_feedback\"><\/div>\n<\/div>\n<\/div>\n<\/div>","protected":false},"excerpt":{"rendered":"<p>Compre una l\u00ednea autom\u00e1tica de producci\u00f3n de galletas para galletas duras y blandas. La producci\u00f3n grande puede alcanzar los 1500 kg \/ h. Formaci\u00f3n de galletas estable, temperatura de horneado precisa, todo el proceso controlado por PLC para una f\u00e1cil operaci\u00f3n.<\/p>","protected":false},"featured_media":3420,"comment_status":"closed","ping_status":"closed","template":"","meta":{"_et_pb_use_builder":"","_et_pb_old_content":"","_et_gb_content_width":"","_lmt_disableupdate":"","_lmt_disable":""},"product_brand":[],"product_cat":[90,91],"product_tag":[192,189,190,191,187,188,97],"class_list":{"0":"post-704","1":"product","2":"type-product","3":"status-publish","4":"has-post-thumbnail","6":"product_cat-hard-biscuit-machine","7":"product_cat-soft-biscuit-machine","8":"product_tag-automatic","9":"product_tag-baking-ovens","10":"product_tag-biscuit-machine","11":"product_tag-biscuit-production-line","12":"product_tag-electrical-oven","13":"product_tag-gas-oven","14":"product_tag-waterproof","16":"first","17":"instock","18":"shipping-taxable","19":"product-type-simple"},"_links":{"self":[{"href":"https:\/\/www.qhbake.com\/es\/wp-json\/wp\/v2\/product\/704","targetHints":{"allow":["GET"]}}],"collection":[{"href":"https:\/\/www.qhbake.com\/es\/wp-json\/wp\/v2\/product"}],"about":[{"href":"https:\/\/www.qhbake.com\/es\/wp-json\/wp\/v2\/types\/product"}],"replies":[{"embeddable":true,"href":"https:\/\/www.qhbake.com\/es\/wp-json\/wp\/v2\/comments?post=704"}],"wp:featuredmedia":[{"embeddable":true,"href":"https:\/\/www.qhbake.com\/es\/wp-json\/wp\/v2\/media\/3420"}],"wp:attachment":[{"href":"https:\/\/www.qhbake.com\/es\/wp-json\/wp\/v2\/media?parent=704"}],"wp:term":[{"taxonomy":"product_brand","embeddable":true,"href":"https:\/\/www.qhbake.com\/es\/wp-json\/wp\/v2\/product_brand?post=704"},{"taxonomy":"product_cat","embeddable":true,"href":"https:\/\/www.qhbake.com\/es\/wp-json\/wp\/v2\/product_cat?post=704"},{"taxonomy":"product_tag","embeddable":true,"href":"https:\/\/www.qhbake.com\/es\/wp-json\/wp\/v2\/product_tag?post=704"}],"curies":[{"name":"wp","href":"https:\/\/api.w.org\/{rel}","templated":true}]}}