{"id":693,"date":"2021-05-17T09:47:37","date_gmt":"2021-05-17T09:47:37","guid":{"rendered":"https:\/\/qhbake.com\/?post_type=product&#038;p=693"},"modified":"2024-05-23T14:31:46","modified_gmt":"2024-05-23T14:31:46","slug":"rotary-molder","status":"publish","type":"product","link":"https:\/\/www.qhbake.com\/es\/producto\/rotary-molder","title":{"rendered":"Moldeadora rotativa a la venta - M\u00e1quinas de galletas con moldeadora rotativa de panader\u00eda"},"content":{"rendered":"<div class=\"title\">Mayorista de moldeadora rotativa #1: encuentre la moldeadora rotativa perfecta para sus necesidades. Sin intermediarios: compre la moldeadora rotativa de Trusted Factory directamente. Garant\u00edas de la industria para moldeadoras rotativas - Soporte 24\/7 - Cotizaci\u00f3n en 5 minutos o menos. La mejor moldeadora rotativa a la venta: f\u00e1brica de moldeadora rotativa -OEM\/ODM con los precios m\u00e1s bajos<\/div>\n<div class=\"contents\">\n<div id=\"global_editor_contents\">\n<div>\n<ul>\n<li>Capacidad de producci\u00f3n 100-1500<\/li>\n<li>\u00a05+ a\u00f1os de garant\u00eda<\/li>\n<li>3+ Equipo de dise\u00f1o personalizado<\/li>\n<li>Material transportador de PU<\/li>\n<\/ul>\n<\/div>\n<h2><strong>Caracter\u00edstica de moldeadora rotativa<\/strong><\/h2>\n<p>Esta m\u00e1quina es muy f\u00e1cil de operar, para poner la masa de harina batida en la tolva de la m\u00e1quina. Se forma a la vez en cualquier forma de galleta que desee.<\/p>\n<p>La velocidad de formaci\u00f3n puede ser ajustable y de tama\u00f1o peque\u00f1o para ahorrar espacio.<\/p>\n<p>Se adapta a las noticias que desean comenzar la producci\u00f3n de galletas con un presupuesto bajo y una f\u00e1brica peque\u00f1a<\/p>\n<h2><strong>Ventaja del moldeador rotativo<\/strong><\/h2>\n<p>Control el\u00e9ctrico, automatizaci\u00f3n de alto grado, estructura simple, operaci\u00f3n f\u00e1cil<br \/>\nPantalla digital del grosor de la masa, ajusta autom\u00e1ticamente el grosor de la masa<br \/>\nRaspador tipo T9, afilado y duradero<br \/>\nTensi\u00f3n neum\u00e1tica, dispositivo rectificador neum\u00e1tico<br \/>\nCinta transportadora de PU, rodillo de aleaci\u00f3n mucho m\u00e1s resistente.<br \/>\nDoblado en forma de R para evitar lesiones laborales<br \/>\nRecubrimiento de chorro de arena impermeable para una larga vida \u00fatil<\/p>\n<\/div>\n<\/div>","protected":false},"excerpt":{"rendered":"<p>Moldeadora rotativa para galletas blandas<\/p>","protected":false},"featured_media":3417,"comment_status":"closed","ping_status":"closed","template":"","meta":{"_et_pb_use_builder":"","_et_pb_old_content":"","_et_gb_content_width":"","_lmt_disableupdate":"","_lmt_disable":""},"product_brand":[],"product_cat":[91],"product_tag":[],"class_list":{"0":"post-693","1":"product","2":"type-product","3":"status-publish","4":"has-post-thumbnail","6":"product_cat-soft-biscuit-machine","8":"first","9":"instock","10":"shipping-taxable","11":"product-type-simple"},"_links":{"self":[{"href":"https:\/\/www.qhbake.com\/es\/wp-json\/wp\/v2\/product\/693","targetHints":{"allow":["GET"]}}],"collection":[{"href":"https:\/\/www.qhbake.com\/es\/wp-json\/wp\/v2\/product"}],"about":[{"href":"https:\/\/www.qhbake.com\/es\/wp-json\/wp\/v2\/types\/product"}],"replies":[{"embeddable":true,"href":"https:\/\/www.qhbake.com\/es\/wp-json\/wp\/v2\/comments?post=693"}],"wp:featuredmedia":[{"embeddable":true,"href":"https:\/\/www.qhbake.com\/es\/wp-json\/wp\/v2\/media\/3417"}],"wp:attachment":[{"href":"https:\/\/www.qhbake.com\/es\/wp-json\/wp\/v2\/media?parent=693"}],"wp:term":[{"taxonomy":"product_brand","embeddable":true,"href":"https:\/\/www.qhbake.com\/es\/wp-json\/wp\/v2\/product_brand?post=693"},{"taxonomy":"product_cat","embeddable":true,"href":"https:\/\/www.qhbake.com\/es\/wp-json\/wp\/v2\/product_cat?post=693"},{"taxonomy":"product_tag","embeddable":true,"href":"https:\/\/www.qhbake.com\/es\/wp-json\/wp\/v2\/product_tag?post=693"}],"curies":[{"name":"wp","href":"https:\/\/api.w.org\/{rel}","templated":true}]}}