{"id":690,"date":"2021-05-17T09:39:33","date_gmt":"2021-05-17T09:39:33","guid":{"rendered":"https:\/\/qhbake.com\/?post_type=product&#038;p=690"},"modified":"2024-05-23T14:31:40","modified_gmt":"2024-05-23T14:31:40","slug":"double-blades-dough-mixer-vertical","status":"publish","type":"product","link":"https:\/\/www.qhbake.com\/es\/producto\/double-blades-dough-mixer-vertical","title":{"rendered":"Mezcladora de masa de doble hoja (vertical) a la venta - F\u00e1brica y proveedor"},"content":{"rendered":"<p>#1 Mayorista de batidoras de masa de doble hoja: encuentre la batidora de masa de doble hoja perfecta para sus necesidades. Sin intermediarios: compre la batidora de masa de doble hoja directamente de Trusted Factory. Garant\u00edas de la industria para amasadoras de doble hoja - Soporte 24\/7 - Cotizaci\u00f3n en 5 minutos o menos. El mejor mezclador de masa de cuchillas dobles en venta - F\u00e1brica de mezcladores de masa de cuchillas dobles -OEM \/ ODM con los precios m\u00e1s bajos<\/p>\n<div class=\"contents\">\n<div id=\"global_editor_contents\">\n<div>\n<p>&nbsp;<\/p>\n<ul>\n<li>Velocidad del batidor de 25 rpm<\/li>\n<li>Material de la m\u00e1quina SUS304<\/li>\n<li>\u00a0 5+ a\u00f1os de garant\u00eda<\/li>\n<li>Control del PLC por<\/li>\n<\/ul>\n<\/div>\n<h2><strong>Mezclador de masa de doble hoja<\/strong><\/h2>\n<p>Esta batidora tiene palas de husillo vertical doble para una mezcla a fondo alta.<\/p>\n<p>La acci\u00f3n de mezcla alta pero suave revuelve bien los ingredientes sin un alto aporte de energ\u00eda en la etapa de prote\u00ednas del gluten.<\/p>\n<p>Las tinas de mezcla con ruedas se cargan con los ingredientes, ya sea a mano o mediante un sistema de llenado de tina semiautom\u00e1tico, lo que puede ahorrar tiempo durante el cambio entre el per\u00edodo de fermentaci\u00f3n y los diferentes tipos de masa.<\/p>\n<h2><strong>Mezclador de masa de doble hoja Ventajas<\/strong><\/h2>\n<p>1. Tiempo de fermentaci\u00f3n de la galleta 4-8H<br \/>\n2, tama\u00f1o del lote: 300\/500\/800 kg<br \/>\n3. Velocidad del batidor: 25 rpm<br \/>\n4. Funcionamiento sencillo y seguro<br \/>\n5. Temporizador para un control \u00f3ptimo despu\u00e9s de la mezcla final de cuchillas de doble husillo vertical de acero inoxidable<br \/>\n6. Tinas de mezcla con ruedas para reparar y ahorrar tiempo<br \/>\n7. Higi\u00e9nico y de f\u00e1cil mantenimiento.<\/p>\n<\/div>\n<\/div>","protected":false},"excerpt":{"rendered":"<p>#1 Mayorista de batidoras de masa de doble hoja: encuentre la batidora de masa de doble hoja perfecta para sus necesidades. Sin intermediarios: compre la batidora de masa de doble hoja directamente de Trusted Factory. Garant\u00edas de la industria para amasadoras de doble hoja - Soporte 24\/7 - Cotizaci\u00f3n en 5 minutos o menos. El mejor mezclador de masa de cuchillas dobles en venta - F\u00e1brica de mezcladores de masa de cuchillas dobles -OEM \/ ODM con los precios m\u00e1s bajos<\/p>","protected":false},"featured_media":3415,"comment_status":"closed","ping_status":"closed","template":"","meta":{"_et_pb_use_builder":"","_et_pb_old_content":"","_et_gb_content_width":"","_lmt_disableupdate":"","_lmt_disable":""},"product_brand":[],"product_cat":[133],"product_tag":[],"class_list":{"0":"post-690","1":"product","2":"type-product","3":"status-publish","4":"has-post-thumbnail","6":"product_cat-dough-mixer","8":"first","9":"instock","10":"shipping-taxable","11":"product-type-simple"},"_links":{"self":[{"href":"https:\/\/www.qhbake.com\/es\/wp-json\/wp\/v2\/product\/690","targetHints":{"allow":["GET"]}}],"collection":[{"href":"https:\/\/www.qhbake.com\/es\/wp-json\/wp\/v2\/product"}],"about":[{"href":"https:\/\/www.qhbake.com\/es\/wp-json\/wp\/v2\/types\/product"}],"replies":[{"embeddable":true,"href":"https:\/\/www.qhbake.com\/es\/wp-json\/wp\/v2\/comments?post=690"}],"wp:featuredmedia":[{"embeddable":true,"href":"https:\/\/www.qhbake.com\/es\/wp-json\/wp\/v2\/media\/3415"}],"wp:attachment":[{"href":"https:\/\/www.qhbake.com\/es\/wp-json\/wp\/v2\/media?parent=690"}],"wp:term":[{"taxonomy":"product_brand","embeddable":true,"href":"https:\/\/www.qhbake.com\/es\/wp-json\/wp\/v2\/product_brand?post=690"},{"taxonomy":"product_cat","embeddable":true,"href":"https:\/\/www.qhbake.com\/es\/wp-json\/wp\/v2\/product_cat?post=690"},{"taxonomy":"product_tag","embeddable":true,"href":"https:\/\/www.qhbake.com\/es\/wp-json\/wp\/v2\/product_tag?post=690"}],"curies":[{"name":"wp","href":"https:\/\/api.w.org\/{rel}","templated":true}]}}