{"id":630,"date":"2021-04-27T06:53:23","date_gmt":"2021-04-27T06:53:23","guid":{"rendered":"https:\/\/qhbake.com\/?post_type=product&#038;p=630"},"modified":"2024-05-23T14:31:44","modified_gmt":"2024-05-23T14:31:44","slug":"hard-biscuit-machine","status":"publish","type":"product","link":"https:\/\/www.qhbake.com\/es\/producto\/hard-biscuit-machine","title":{"rendered":"Cortador rotatorio de galletas duras | Venta de Maquinaria para Galletas Duras"},"content":{"rendered":"<div class=\"title\"><strong style=\"color: #333333;font-size: 22px\">Cortador rotatorio de galletas duras<\/strong><\/div>\n<div class=\"contents\">\n<div id=\"global_editor_contents\">\n<div>\n<ul>\n<li>40+<br \/>\nExperiencia de producci\u00f3n<\/li>\n<li>PU<br \/>\nCinta transportadora<\/li>\n<li>5+<br \/>\nEquipo de dise\u00f1o<\/li>\n<\/ul>\n<\/div>\n<p><strong>Caracter\u00edstica:<\/strong><\/p>\n<p>El molde tiene un bloque de masa de tama\u00f1o, forma y patr\u00f3n espec\u00edficos para garantizar el procesamiento fino de la masa, la retenci\u00f3n de su estructura y la producci\u00f3n continua de tiras de masa.<br \/>\nLos rollos de extrusi\u00f3n, dependiendo de la masa utilizada, pueden ser lisos u ondulados.<br \/>\nCambio r\u00e1pido del rotor de formaci\u00f3n al cambiar el producto fabricado.<br \/>\nLa velocidad de los rollos est\u00e1 controlada por un convertidor de frecuencia y est\u00e1 regulada dentro de amplios l\u00edmites.<br \/>\nEl dise\u00f1o proporciona una f\u00e1cil integraci\u00f3n en las l\u00edneas existentes.<br \/>\nTama\u00f1os estables y calidad de la pieza de trabajo debido al uso de sujeci\u00f3n neum\u00e1tica del rotor y la cinta de masa.<br \/>\nLa cinta transportadora consta de un marco de acero al carbono. Superficies de deslizamiento de acero inoxidable y rodillo de goma de remolque. La entrada y salida est\u00e1n equipadas con nariz de di\u00e1metro reducido que permiten un mejor paso de la hoja de masa. Control autom\u00e1tico de la velocidad del transportador mediante cuadro el\u00e9ctrico de la l\u00ednea de laminaci\u00f3n.<\/p>\n<div class=\"editor_table_wrap\"><\/div>\n<p><strong>Ventaja:<\/strong><\/p>\n<ul>\n<li>Dispositivo de alineaci\u00f3n de la distancia al centro del molde;<\/li>\n<li>Display digital individual para dos rodillos rotativos;<\/li>\n<li>La estructura de presi\u00f3n de formaci\u00f3n es impulsada por el motor que se puede ajustar a voluntad. F\u00e1cil manejo y desmoldeo confiable;<\/li>\n<li>Adopta un reductor de engranajes helicoidales como potencia y transmisi\u00f3n por correa s\u00edncrona. Transmisi\u00f3n estable, peque\u00f1a vibraci\u00f3n y bajo nivel de ruido;<\/li>\n<li>El alto grado de automatizaci\u00f3n por control el\u00e9ctrico;<\/li>\n<li>La cinta transportadora se tens\u00f3 y se ajust\u00f3 autom\u00e1ticamente;<\/li>\n<li>Dispositivo de recuperaci\u00f3n de material restante;<\/li>\n<\/ul>\n<\/div>\n<\/div>\n<p>&nbsp;<\/p>","protected":false},"excerpt":{"rendered":"<p>Moldeadora rotativa para la formaci\u00f3n de galletas duras, dise\u00f1ada para cortar la masa para formar la forma y patrones de galletas duras.<\/p>","protected":false},"featured_media":3420,"comment_status":"closed","ping_status":"closed","template":"","meta":{"_et_pb_use_builder":"","_et_pb_old_content":"","_et_gb_content_width":"","_lmt_disableupdate":"","_lmt_disable":""},"product_brand":[],"product_cat":[90],"product_tag":[],"class_list":{"0":"post-630","1":"product","2":"type-product","3":"status-publish","4":"has-post-thumbnail","6":"product_cat-hard-biscuit-machine","8":"first","9":"instock","10":"shipping-taxable","11":"product-type-simple"},"_links":{"self":[{"href":"https:\/\/www.qhbake.com\/es\/wp-json\/wp\/v2\/product\/630","targetHints":{"allow":["GET"]}}],"collection":[{"href":"https:\/\/www.qhbake.com\/es\/wp-json\/wp\/v2\/product"}],"about":[{"href":"https:\/\/www.qhbake.com\/es\/wp-json\/wp\/v2\/types\/product"}],"replies":[{"embeddable":true,"href":"https:\/\/www.qhbake.com\/es\/wp-json\/wp\/v2\/comments?post=630"}],"wp:featuredmedia":[{"embeddable":true,"href":"https:\/\/www.qhbake.com\/es\/wp-json\/wp\/v2\/media\/3420"}],"wp:attachment":[{"href":"https:\/\/www.qhbake.com\/es\/wp-json\/wp\/v2\/media?parent=630"}],"wp:term":[{"taxonomy":"product_brand","embeddable":true,"href":"https:\/\/www.qhbake.com\/es\/wp-json\/wp\/v2\/product_brand?post=630"},{"taxonomy":"product_cat","embeddable":true,"href":"https:\/\/www.qhbake.com\/es\/wp-json\/wp\/v2\/product_cat?post=630"},{"taxonomy":"product_tag","embeddable":true,"href":"https:\/\/www.qhbake.com\/es\/wp-json\/wp\/v2\/product_tag?post=630"}],"curies":[{"name":"wp","href":"https:\/\/api.w.org\/{rel}","templated":true}]}}