{"id":5980,"date":"2022-12-02T07:22:54","date_gmt":"2022-12-02T07:22:54","guid":{"rendered":"https:\/\/qhbake.com\/?post_type=product&#038;p=5980"},"modified":"2024-05-23T14:40:15","modified_gmt":"2024-05-23T14:40:15","slug":"multi-functional-cookie-machine","status":"publish","type":"product","link":"https:\/\/www.qhbake.com\/es\/producto\/multi-functional-cookie-machine","title":{"rendered":"M\u00e1quina de galletas multifuncional"},"content":{"rendered":"<p>M\u00e1quina de galletas multifuncional, que puede producir docenas de formas de galletas, como galletas en forma de flor, galletas de s\u00e9samo, galletas de semillas de girasol, etc. Los clientes pueden ajustar la m\u00e1quina seg\u00fan sus necesidades. Las galletas formadas, con diferentes formas, patr\u00f3n claro, hermosa superficie. Las galletas formadas se pueden hornear en el horno rotatorio o en el horno t\u00fanel.<\/p>\n<p>La m\u00e1quina de galletas es impulsada por gas del rodillo de alimentaci\u00f3n; extruya la masa por todas las formas de la boquilla en varias galletas de flores inmaduras \u00fanicas y postres.<\/p>\n<p>Adem\u00e1s, con nuestros m\u00e1s de 30 a\u00f1os de experiencia en maquinaria investigada y absorci\u00f3n de alta tecnolog\u00eda extranjera, adoptamos el control programado por computadora, por lo que es muy popular entre las f\u00e1bricas de alimentos.<\/p>\n<div id=\"attachment_5991\" style=\"width: 942px\" class=\"wp-caption alignnone\"><img loading=\"lazy\" decoding=\"async\" aria-describedby=\"caption-attachment-5991\" title=\"m\u00e1quina de galletas multifuncional\" class=\"wp-image-5991\" src=\"https:\/\/qhbake.com\/wp-content\/uploads\/2022\/12\/1669952266720-1024x768.jpg\" alt=\"m\u00e1quina de galletas multifuncional\" width=\"932\" height=\"699\" srcset=\"https:\/\/www.qhbake.com\/wp-content\/uploads\/2022\/12\/1669952266720-1024x768.jpg 1024w, https:\/\/www.qhbake.com\/wp-content\/uploads\/2022\/12\/1669952266720-scaled-600x450.jpg 600w, https:\/\/www.qhbake.com\/wp-content\/uploads\/2022\/12\/1669952266720-300x225.jpg 300w, https:\/\/www.qhbake.com\/wp-content\/uploads\/2022\/12\/1669952266720-768x576.jpg 768w, https:\/\/www.qhbake.com\/wp-content\/uploads\/2022\/12\/1669952266720-1536x1152.jpg 1536w, https:\/\/www.qhbake.com\/wp-content\/uploads\/2022\/12\/1669952266720-2048x1536.jpg 2048w, https:\/\/www.qhbake.com\/wp-content\/uploads\/2022\/12\/1669952266720-16x12.jpg 16w, https:\/\/www.qhbake.com\/wp-content\/uploads\/2022\/12\/1669952266720-285x214.jpg 285w, https:\/\/www.qhbake.com\/wp-content\/uploads\/2022\/12\/1669952266720-1600x1200.jpg 1600w, https:\/\/www.qhbake.com\/wp-content\/uploads\/2022\/12\/1669952266720-800x600.jpg 800w, https:\/\/www.qhbake.com\/wp-content\/uploads\/2022\/12\/1669952266720-scaled.jpg 1920w\" sizes=\"(max-width: 932px) 100vw, 932px\" \/><p id=\"caption-attachment-5991\" class=\"wp-caption-text\">Maquinaria de galletas<\/p><\/div>\n<p>La m\u00e1quina de galletas con control PLC es un nuevo tipo de m\u00e1quina formadora de galletas con sistema de control autom\u00e1tico. Puede configurar los tipos de formaci\u00f3n de cookies (dep\u00f3sito o corte de alambre), velocidad de trabajo, espacio entre cookies, etc. en el panel t\u00e1ctil. Tenemos docenas de boquillas diferentes para su elecci\u00f3n. Tambi\u00e9n podemos personalizar las boquillas especiales seg\u00fan sus requisitos. En esta m\u00e1quina se utiliza un servomotor. Para hornear, puede optar por utilizar el horno rotatorio, el horno de pisos o el horno de t\u00fanel.<\/p>\n<div id=\"attachment_5988\" style=\"width: 943px\" class=\"wp-caption alignnone\"><img loading=\"lazy\" decoding=\"async\" aria-describedby=\"caption-attachment-5988\" title=\"m\u00e1quina de galletas multifuncional\" class=\"wp-image-5988\" src=\"https:\/\/qhbake.com\/wp-content\/uploads\/2022\/12\/1669952266672-1024x768.jpg\" alt=\"m\u00e1quina de galletas multifuncional\" width=\"933\" height=\"700\" srcset=\"https:\/\/www.qhbake.com\/wp-content\/uploads\/2022\/12\/1669952266672-1024x768.jpg 1024w, https:\/\/www.qhbake.com\/wp-content\/uploads\/2022\/12\/1669952266672-scaled-600x450.jpg 600w, https:\/\/www.qhbake.com\/wp-content\/uploads\/2022\/12\/1669952266672-300x225.jpg 300w, https:\/\/www.qhbake.com\/wp-content\/uploads\/2022\/12\/1669952266672-768x576.jpg 768w, https:\/\/www.qhbake.com\/wp-content\/uploads\/2022\/12\/1669952266672-1536x1152.jpg 1536w, https:\/\/www.qhbake.com\/wp-content\/uploads\/2022\/12\/1669952266672-2048x1536.jpg 2048w, https:\/\/www.qhbake.com\/wp-content\/uploads\/2022\/12\/1669952266672-16x12.jpg 16w, https:\/\/www.qhbake.com\/wp-content\/uploads\/2022\/12\/1669952266672-285x214.jpg 285w, https:\/\/www.qhbake.com\/wp-content\/uploads\/2022\/12\/1669952266672-1600x1200.jpg 1600w, https:\/\/www.qhbake.com\/wp-content\/uploads\/2022\/12\/1669952266672-800x600.jpg 800w, https:\/\/www.qhbake.com\/wp-content\/uploads\/2022\/12\/1669952266672-scaled.jpg 1920w\" sizes=\"(max-width: 933px) 100vw, 933px\" \/><p id=\"caption-attachment-5988\" class=\"wp-caption-text\">Dep\u00f3sito de cookies<\/p><\/div>\n<div id=\"attachment_5993\" style=\"width: 942px\" class=\"wp-caption alignnone\"><img loading=\"lazy\" decoding=\"async\" aria-describedby=\"caption-attachment-5993\" title=\"m\u00e1quina de galletas multifuncional\" class=\"wp-image-5993\" src=\"https:\/\/qhbake.com\/wp-content\/uploads\/2022\/12\/1669952266812-1024x768.jpg\" alt=\"m\u00e1quina de galletas multifuncional\" width=\"932\" height=\"699\" srcset=\"https:\/\/www.qhbake.com\/wp-content\/uploads\/2022\/12\/1669952266812-1024x768.jpg 1024w, https:\/\/www.qhbake.com\/wp-content\/uploads\/2022\/12\/1669952266812-scaled-600x450.jpg 600w, https:\/\/www.qhbake.com\/wp-content\/uploads\/2022\/12\/1669952266812-300x225.jpg 300w, https:\/\/www.qhbake.com\/wp-content\/uploads\/2022\/12\/1669952266812-768x576.jpg 768w, https:\/\/www.qhbake.com\/wp-content\/uploads\/2022\/12\/1669952266812-1536x1152.jpg 1536w, https:\/\/www.qhbake.com\/wp-content\/uploads\/2022\/12\/1669952266812-2048x1536.jpg 2048w, https:\/\/www.qhbake.com\/wp-content\/uploads\/2022\/12\/1669952266812-16x12.jpg 16w, https:\/\/www.qhbake.com\/wp-content\/uploads\/2022\/12\/1669952266812-285x214.jpg 285w, https:\/\/www.qhbake.com\/wp-content\/uploads\/2022\/12\/1669952266812-1600x1200.jpg 1600w, https:\/\/www.qhbake.com\/wp-content\/uploads\/2022\/12\/1669952266812-800x600.jpg 800w, https:\/\/www.qhbake.com\/wp-content\/uploads\/2022\/12\/1669952266812-scaled.jpg 1920w\" sizes=\"(max-width: 932px) 100vw, 932px\" \/><p id=\"caption-attachment-5993\" class=\"wp-caption-text\">Galleta cortada con alambre<\/p><\/div>\n<p>Se pueden fabricar diferentes galletas en la misma m\u00e1quina, solo se puede cambiar el molde que tambi\u00e9n puede producir galletas de diferentes colores por <a class=\"color_pc_blue_text\" data-keyword=\"several\">varios<\/a> tolva de masa.<\/p>\n<div id=\"attachment_5986\" style=\"width: 950px\" class=\"wp-caption alignnone\"><img loading=\"lazy\" decoding=\"async\" aria-describedby=\"caption-attachment-5986\" title=\"m\u00e1quina de galletas multifuncional\" class=\"size-large wp-image-5986\" src=\"https:\/\/qhbake.com\/wp-content\/uploads\/2022\/12\/1669952266644-1024x768.jpg\" alt=\"m\u00e1quina de galletas multifuncional\" width=\"940\" height=\"705\" srcset=\"https:\/\/www.qhbake.com\/wp-content\/uploads\/2022\/12\/1669952266644-1024x768.jpg 1024w, https:\/\/www.qhbake.com\/wp-content\/uploads\/2022\/12\/1669952266644-scaled-600x450.jpg 600w, https:\/\/www.qhbake.com\/wp-content\/uploads\/2022\/12\/1669952266644-300x225.jpg 300w, https:\/\/www.qhbake.com\/wp-content\/uploads\/2022\/12\/1669952266644-768x576.jpg 768w, https:\/\/www.qhbake.com\/wp-content\/uploads\/2022\/12\/1669952266644-1536x1152.jpg 1536w, https:\/\/www.qhbake.com\/wp-content\/uploads\/2022\/12\/1669952266644-2048x1536.jpg 2048w, https:\/\/www.qhbake.com\/wp-content\/uploads\/2022\/12\/1669952266644-16x12.jpg 16w, https:\/\/www.qhbake.com\/wp-content\/uploads\/2022\/12\/1669952266644-285x214.jpg 285w, https:\/\/www.qhbake.com\/wp-content\/uploads\/2022\/12\/1669952266644-1600x1200.jpg 1600w, https:\/\/www.qhbake.com\/wp-content\/uploads\/2022\/12\/1669952266644-800x600.jpg 800w, https:\/\/www.qhbake.com\/wp-content\/uploads\/2022\/12\/1669952266644-scaled.jpg 1920w\" sizes=\"(max-width: 940px) 100vw, 940px\" \/><p id=\"caption-attachment-5986\" class=\"wp-caption-text\">Galleta cortada con alambre<\/p><\/div>\n<div id=\"attachment_5985\" style=\"width: 950px\" class=\"wp-caption alignnone\"><img loading=\"lazy\" decoding=\"async\" aria-describedby=\"caption-attachment-5985\" title=\"m\u00e1quina de galletas multifuncional\" class=\"size-large wp-image-5985\" src=\"https:\/\/qhbake.com\/wp-content\/uploads\/2022\/12\/1669952266632-1024x768.jpg\" alt=\"m\u00e1quina de galletas multifuncional\" width=\"940\" height=\"705\" srcset=\"https:\/\/www.qhbake.com\/wp-content\/uploads\/2022\/12\/1669952266632-1024x768.jpg 1024w, https:\/\/www.qhbake.com\/wp-content\/uploads\/2022\/12\/1669952266632-scaled-600x450.jpg 600w, https:\/\/www.qhbake.com\/wp-content\/uploads\/2022\/12\/1669952266632-300x225.jpg 300w, https:\/\/www.qhbake.com\/wp-content\/uploads\/2022\/12\/1669952266632-768x576.jpg 768w, https:\/\/www.qhbake.com\/wp-content\/uploads\/2022\/12\/1669952266632-1536x1152.jpg 1536w, https:\/\/www.qhbake.com\/wp-content\/uploads\/2022\/12\/1669952266632-2048x1536.jpg 2048w, https:\/\/www.qhbake.com\/wp-content\/uploads\/2022\/12\/1669952266632-16x12.jpg 16w, https:\/\/www.qhbake.com\/wp-content\/uploads\/2022\/12\/1669952266632-285x214.jpg 285w, https:\/\/www.qhbake.com\/wp-content\/uploads\/2022\/12\/1669952266632-1600x1200.jpg 1600w, https:\/\/www.qhbake.com\/wp-content\/uploads\/2022\/12\/1669952266632-800x600.jpg 800w, https:\/\/www.qhbake.com\/wp-content\/uploads\/2022\/12\/1669952266632-scaled.jpg 1920w\" sizes=\"(max-width: 940px) 100vw, 940px\" \/><p id=\"caption-attachment-5985\" class=\"wp-caption-text\">M\u00e1quina para hacer galletas<\/p><\/div>\n<p>Cada m\u00e1quina incluye un juego de moldes para hacer cooke de diferentes formas.<\/p>\n<div id=\"attachment_5995\" style=\"width: 926px\" class=\"wp-caption alignnone\"><img loading=\"lazy\" decoding=\"async\" aria-describedby=\"caption-attachment-5995\" title=\"m\u00e1quina de galletas multifuncional\" class=\"size-full wp-image-5995\" src=\"https:\/\/qhbake.com\/wp-content\/uploads\/2022\/12\/1669965607.png\" alt=\"m\u00e1quina de galletas multifuncional\" width=\"916\" height=\"540\" srcset=\"https:\/\/www.qhbake.com\/wp-content\/uploads\/2022\/12\/1669965607.png 916w, https:\/\/www.qhbake.com\/wp-content\/uploads\/2022\/12\/1669965607-600x354.png 600w, https:\/\/www.qhbake.com\/wp-content\/uploads\/2022\/12\/1669965607-300x177.png 300w, https:\/\/www.qhbake.com\/wp-content\/uploads\/2022\/12\/1669965607-768x453.png 768w, https:\/\/www.qhbake.com\/wp-content\/uploads\/2022\/12\/1669965607-18x12.png 18w, https:\/\/www.qhbake.com\/wp-content\/uploads\/2022\/12\/1669965607-285x168.png 285w\" sizes=\"(max-width: 916px) 100vw, 916px\" \/><p id=\"caption-attachment-5995\" class=\"wp-caption-text\">Galleta cortada con alambre<\/p><\/div>","protected":false},"excerpt":{"rendered":"<p>Mu;ti-functional cookie machine, which can produce dozens of cookie shapes, such as flower-shape cookies, Sesame cookies, sunflower seeds cookies, etc.. Clients can adjusted the machine according to their needs. The formed cookies, with different shapes ,clear pattern, beautiful surface. The formed cookies can be baked in the rotary oven or in the tunnel oven. The [&hellip;]<\/p>\n","protected":false},"featured_media":5994,"comment_status":"open","ping_status":"closed","template":"","meta":{"_et_pb_use_builder":"","_et_pb_old_content":"","_et_gb_content_width":"","_lmt_disableupdate":"","_lmt_disable":""},"product_brand":[],"product_cat":[108,91],"product_tag":[],"class_list":{"0":"post-5980","1":"product","2":"type-product","3":"status-publish","4":"has-post-thumbnail","6":"product_cat-cookie-biscuit-production-line","7":"product_cat-soft-biscuit-machine","9":"first","10":"instock","11":"shipping-taxable","12":"product-type-simple"},"_links":{"self":[{"href":"https:\/\/www.qhbake.com\/es\/wp-json\/wp\/v2\/product\/5980","targetHints":{"allow":["GET"]}}],"collection":[{"href":"https:\/\/www.qhbake.com\/es\/wp-json\/wp\/v2\/product"}],"about":[{"href":"https:\/\/www.qhbake.com\/es\/wp-json\/wp\/v2\/types\/product"}],"replies":[{"embeddable":true,"href":"https:\/\/www.qhbake.com\/es\/wp-json\/wp\/v2\/comments?post=5980"}],"wp:featuredmedia":[{"embeddable":true,"href":"https:\/\/www.qhbake.com\/es\/wp-json\/wp\/v2\/media\/5994"}],"wp:attachment":[{"href":"https:\/\/www.qhbake.com\/es\/wp-json\/wp\/v2\/media?parent=5980"}],"wp:term":[{"taxonomy":"product_brand","embeddable":true,"href":"https:\/\/www.qhbake.com\/es\/wp-json\/wp\/v2\/product_brand?post=5980"},{"taxonomy":"product_cat","embeddable":true,"href":"https:\/\/www.qhbake.com\/es\/wp-json\/wp\/v2\/product_cat?post=5980"},{"taxonomy":"product_tag","embeddable":true,"href":"https:\/\/www.qhbake.com\/es\/wp-json\/wp\/v2\/product_tag?post=5980"}],"curies":[{"name":"wp","href":"https:\/\/api.w.org\/{rel}","templated":true}]}}