{"id":3958,"date":"2021-07-19T04:14:14","date_gmt":"2021-07-19T04:14:14","guid":{"rendered":"https:\/\/qhbake.com\/?post_type=product&#038;p=3958"},"modified":"2024-05-23T14:36:19","modified_gmt":"2024-05-23T14:36:19","slug":"qhs-50-semi-boba-machine","status":"publish","type":"product","link":"https:\/\/www.qhbake.com\/es\/producto\/qhs-50-semi-boba-machine","title":{"rendered":"Precio de la m\u00e1quina Boba de estallido semiautom\u00e1tica QHS-50"},"content":{"rendered":"<p>La nueva m\u00e1quina formadora de dep\u00f3sito QHP-50S Popping boba es desarrollada exclusivamente por la f\u00e1brica de maquinaria Shanghai QHBake.<\/p>\n<p>Toda la m\u00e1quina est\u00e1 hecha de acero inoxidable 304 y cumple totalmente con las normas de higiene alimentaria. La boba que hace estallar que hace esta m\u00e1quina tiene una hermosa forma redonda, un color brillante y muy poco material de desecho.<\/p>\n<p>La nueva m\u00e1quina para hacer estallar boba QHP-50S incluye el sistema de ciclo de l\u00edquido de alginato de sodio, sistema de dep\u00f3sito autom\u00e1tico, filtro y tanque de almacenamiento de producto. La operaci\u00f3n es m\u00e1s conveniente que QH50.<\/p>\n<p><strong><img loading=\"lazy\" decoding=\"async\" width=\"697\" height=\"543\" alt=\"qhs-50 semi automatic popping boba machine price\" title=\"qhs-50 semi automatic popping boba machine price\" class=\"wp-image-3959\" src=\"https:\/\/qhbake.com\/wp-content\/uploads\/2021\/07\/word-image-10.png\" srcset=\"https:\/\/www.qhbake.com\/wp-content\/uploads\/2021\/07\/word-image-10.png 697w, https:\/\/www.qhbake.com\/wp-content\/uploads\/2021\/07\/word-image-10-600x467.png 600w, https:\/\/www.qhbake.com\/wp-content\/uploads\/2021\/07\/word-image-10-300x234.png 300w, https:\/\/www.qhbake.com\/wp-content\/uploads\/2021\/07\/word-image-10-16x12.png 16w, https:\/\/www.qhbake.com\/wp-content\/uploads\/2021\/07\/word-image-10-285x222.png 285w, https:\/\/www.qhbake.com\/wp-content\/uploads\/2021\/07\/word-image-10-360x280.png 360w, https:\/\/www.qhbake.com\/wp-content\/uploads\/2021\/07\/word-image-10-660x514.png 660w, https:\/\/www.qhbake.com\/wp-content\/uploads\/2021\/07\/word-image-10-150x117.png 150w\" sizes=\"(max-width: 697px) 100vw, 697px\" \/>Dise\u00f1o:<\/strong><\/p>\n<p><strong><img loading=\"lazy\" decoding=\"async\" width=\"593\" height=\"515\" alt=\"qhs-50 semi automatic popping boba machine price\" title=\"qhs-50 semi automatic popping boba machine price\" class=\"wp-image-3960\" src=\"https:\/\/qhbake.com\/wp-content\/uploads\/2021\/07\/word-image-11.png\" srcset=\"https:\/\/www.qhbake.com\/wp-content\/uploads\/2021\/07\/word-image-11.png 593w, https:\/\/www.qhbake.com\/wp-content\/uploads\/2021\/07\/word-image-11-300x261.png 300w, https:\/\/www.qhbake.com\/wp-content\/uploads\/2021\/07\/word-image-11-14x12.png 14w, https:\/\/www.qhbake.com\/wp-content\/uploads\/2021\/07\/word-image-11-285x248.png 285w, https:\/\/www.qhbake.com\/wp-content\/uploads\/2021\/07\/word-image-11-150x130.png 150w\" sizes=\"(max-width: 593px) 100vw, 593px\" \/><\/strong><\/p>\n<p><strong>Tecnolog\u00eda:<\/strong><\/p>\n<table>\n<tbody>\n<tr>\n<td><strong>Modelo<\/strong><\/td>\n<td><strong>QHP-50S<\/strong><\/td>\n<td><strong>QHP-50N<\/strong><\/td>\n<\/tr>\n<tr>\n<td><strong>Capacidad (kg \/ hora)<\/strong><\/td>\n<td>30-50KG \/ H<\/td>\n<td>50-80 kg \/ h<\/td>\n<\/tr>\n<tr>\n<td><strong>El\u00e9ctrico <\/strong><\/td>\n<td>4.5KW<\/td>\n<td>5.5KW<\/td>\n<\/tr>\n<tr>\n<td><strong>Longitud de la m\u00e1quina<\/strong><\/td>\n<td>1,5 m<\/td>\n<td>2m<\/td>\n<\/tr>\n<\/tbody>\n<\/table>\n<p><strong>Cu\u00e1l es la ventaja de QHP-50S:<\/strong><\/p>\n<ul>\n<li>Toda la m\u00e1quina hecha de SUS304, el\u00e9ctrica solicita el certificado UL<\/li>\n<li>Estructura de la m\u00e1quina de muestra, rendimiento estable.<\/li>\n<li>Todas las piezas y la m\u00e1quina manejan el revestimiento de superficie con chorro de arena est\u00e1ndar de Alemania.<\/li>\n<li>Con la funci\u00f3n de sistema de reciclaje de l\u00edquidos sanitarios.<\/li>\n<li>El tama\u00f1o de Boba puede ser ajustable.<\/li>\n<li>sistema de dep\u00f3sito \/ filtrado autom\u00e1tico<\/li>\n<li>Toda la parte de la m\u00e1quina completamente soldada y lavable<\/li>\n<\/ul>\n<p><strong>El proceso de QHP-200S Popping boba line<\/strong><\/p>\n<ol>\n<li>molino coloide:<\/li>\n<\/ol>\n<p><img loading=\"lazy\" decoding=\"async\" width=\"263\" height=\"371\" title=\"qhs-50 semi automatic popping boba machine price\" class=\"wp-image-3961\" src=\"https:\/\/qhbake.com\/wp-content\/uploads\/2021\/07\/c-documents-and-settings-administrator-applicatio-1.jpeg\" alt=\"qhs-50 semi automatic popping boba machine price\" srcset=\"https:\/\/www.qhbake.com\/wp-content\/uploads\/2021\/07\/c-documents-and-settings-administrator-applicatio-1.jpeg 263w, https:\/\/www.qhbake.com\/wp-content\/uploads\/2021\/07\/c-documents-and-settings-administrator-applicatio-1-213x300.jpeg 213w, https:\/\/www.qhbake.com\/wp-content\/uploads\/2021\/07\/c-documents-and-settings-administrator-applicatio-1-9x12.jpeg 9w, https:\/\/www.qhbake.com\/wp-content\/uploads\/2021\/07\/c-documents-and-settings-administrator-applicatio-1-106x150.jpeg 106w\" sizes=\"(max-width: 263px) 100vw, 263px\" \/><\/p>\n<p>Molino coloidal principio de trabajo sonido completo de algo mientras muele el perfil del diente de la sart\u00e9n se inclina en movimiento relativo pero se vuelve, la alta velocidad gira, otra est\u00e1tica hace que el material reciba la enorme fuerza de cizallamiento y la fuerza de fricci\u00f3n a trav\u00e9s de la inclinaci\u00f3n del perfil del diente entre el material, al mismo tiempo y as\u00ed sucesivamente bajo la funci\u00f3n de resistencia compleja hace que el material para el aplastamiento ultramicr\u00f3nico del fluido, la emulsificaci\u00f3n, el dispersor, isotr\u00f3picamente en la vibraci\u00f3n de alta frecuencia y el remolino de alta velocidad, se agite y as\u00ed sucesivamente la funci\u00f3n.<\/p>\n<ol>\n<li>Cocci\u00f3n y almacenamiento de jarabe de n\u00facleo \/ l\u00edquido sanitario:<\/li>\n<\/ol>\n<p><img loading=\"lazy\" decoding=\"async\" width=\"393\" height=\"316\" title=\"qhs-50 semi automatic popping boba machine price\" class=\"wp-image-3962\" src=\"https:\/\/qhbake.com\/wp-content\/uploads\/2021\/07\/macusershouxiadownloads1-shenmin.jpeg\" alt=\"qhs-50 semi automatic popping boba machine price\" srcset=\"https:\/\/www.qhbake.com\/wp-content\/uploads\/2021\/07\/macusershouxiadownloads1-shenmin.jpeg 393w, https:\/\/www.qhbake.com\/wp-content\/uploads\/2021\/07\/macusershouxiadownloads1-shenmin-300x241.jpeg 300w, https:\/\/www.qhbake.com\/wp-content\/uploads\/2021\/07\/macusershouxiadownloads1-shenmin-16x12.jpeg 16w, https:\/\/www.qhbake.com\/wp-content\/uploads\/2021\/07\/macusershouxiadownloads1-shenmin-285x229.jpeg 285w, https:\/\/www.qhbake.com\/wp-content\/uploads\/2021\/07\/macusershouxiadownloads1-shenmin-150x121.jpeg 150w\" sizes=\"(max-width: 393px) 100vw, 393px\" \/><\/p>\n<p><img loading=\"lazy\" decoding=\"async\" width=\"410\" height=\"320\" alt=\"qhs-50 semi automatic popping boba machine price\" title=\"qhs-50 semi automatic popping boba machine price\" class=\"wp-image-3963\" src=\"https:\/\/qhbake.com\/wp-content\/uploads\/2021\/07\/word-image-12.png\" srcset=\"https:\/\/www.qhbake.com\/wp-content\/uploads\/2021\/07\/word-image-12.png 410w, https:\/\/www.qhbake.com\/wp-content\/uploads\/2021\/07\/word-image-12-300x234.png 300w, https:\/\/www.qhbake.com\/wp-content\/uploads\/2021\/07\/word-image-12-16x12.png 16w, https:\/\/www.qhbake.com\/wp-content\/uploads\/2021\/07\/word-image-12-285x222.png 285w, https:\/\/www.qhbake.com\/wp-content\/uploads\/2021\/07\/word-image-12-360x280.png 360w, https:\/\/www.qhbake.com\/wp-content\/uploads\/2021\/07\/word-image-12-150x117.png 150w\" sizes=\"(max-width: 410px) 100vw, 410px\" \/><\/p>\n<p>All\u00ed se necesitan dos cocinas para calentar el material del n\u00facleo y el l\u00edquido sanitario al mismo tiempo. Despu\u00e9s de calentar, colocar por separado y enfriar a 20-30 grados cent\u00edgrados.<\/p>\n<ol>\n<li>M\u00e1quina de dep\u00f3sito de bolas de burbujas:<\/li>\n<\/ol>\n<p><strong><img loading=\"lazy\" decoding=\"async\" width=\"446\" height=\"600\" alt=\"qhs-50 semi automatic popping boba machine price\" title=\"qhs-50 semi automatic popping boba machine price\" class=\"wp-image-3964\" src=\"https:\/\/qhbake.com\/wp-content\/uploads\/2021\/07\/word-image-13.png\" srcset=\"https:\/\/www.qhbake.com\/wp-content\/uploads\/2021\/07\/word-image-13.png 446w, https:\/\/www.qhbake.com\/wp-content\/uploads\/2021\/07\/word-image-13-223x300.png 223w, https:\/\/www.qhbake.com\/wp-content\/uploads\/2021\/07\/word-image-13-9x12.png 9w, https:\/\/www.qhbake.com\/wp-content\/uploads\/2021\/07\/word-image-13-285x383.png 285w, https:\/\/www.qhbake.com\/wp-content\/uploads\/2021\/07\/word-image-13-112x150.png 112w\" sizes=\"(max-width: 446px) 100vw, 446px\" \/><\/strong> <img loading=\"lazy\" decoding=\"async\" width=\"647\" height=\"486\" alt=\"qhs-50 semi automatic popping boba machine price\" title=\"qhs-50 semi automatic popping boba machine price\" class=\"wp-image-3965\" src=\"https:\/\/qhbake.com\/wp-content\/uploads\/2021\/07\/word-image-14.png\" srcset=\"https:\/\/www.qhbake.com\/wp-content\/uploads\/2021\/07\/word-image-14.png 647w, https:\/\/www.qhbake.com\/wp-content\/uploads\/2021\/07\/word-image-14-600x451.png 600w, https:\/\/www.qhbake.com\/wp-content\/uploads\/2021\/07\/word-image-14-300x225.png 300w, https:\/\/www.qhbake.com\/wp-content\/uploads\/2021\/07\/word-image-14-16x12.png 16w, https:\/\/www.qhbake.com\/wp-content\/uploads\/2021\/07\/word-image-14-285x214.png 285w, https:\/\/www.qhbake.com\/wp-content\/uploads\/2021\/07\/word-image-14-150x113.png 150w\" sizes=\"(max-width: 647px) 100vw, 647px\" \/><\/p>\n<p>&nbsp;<\/p>\n<p>El material del n\u00facleo se transferir\u00e1 a la tolva de dep\u00f3sito, el l\u00edquido sanitario se verter\u00e1 en el tanque de recolecci\u00f3n y se transferir\u00e1 al tanque de dep\u00f3sito mediante la bomba de circulaci\u00f3n, el jugo del n\u00facleo se depositar\u00e1 en el l\u00edquido sanitario y luego la superficie del jugo del n\u00facleo se calcificar\u00e1. reacci\u00f3n con l\u00edquido sanitario. Entonces se est\u00e1 formando la boba que hace estallar.<\/p>\n<p><strong>M\u00e1s RFQ sobre la m\u00e1quina boba<\/strong><\/p>\n<p>\u00bfCu\u00e1l es el tama\u00f1o de boba que har\u00e1s?<\/p>\n<p>\u00bfQu\u00e9 capacidad necesitas hacer en una hora?<\/p>\n<p>\u00bfNivel de automatizaci\u00f3n que puede ser una m\u00e1quina semiautom\u00e1tica o completamente autom\u00e1tica?<\/p>\n<p>\u00bfC\u00f3mo calentar el jarabe? \u00bfCalefacci\u00f3n el\u00e9ctrica o calefacci\u00f3n a vapor?<\/p>\n<p>\u00bfCu\u00e1l es el dise\u00f1o de su f\u00e1brica?<\/p>\n<p><strong>Por qu\u00e9 comprarnos la m\u00e1quina - Fabricante<\/strong><\/p>\n<ol>\n<li><strong>F\u00e1brica real no empresa comercial<\/strong><\/li>\n<li><strong>Profesional<\/strong><\/li>\n<\/ol>\n<p>Nuestra f\u00e1brica tiene m\u00e1s de 40 a\u00f1os de experiencia en la fabricaci\u00f3n de m\u00e1quinas, hay 12 dise\u00f1adores de dibujos y 20 ingenieros profesionales que pueden ofrecer su apoyo en cualquier momento y en cualquier lugar.<\/p>\n<ol>\n<li><strong>Fiabilidad<\/strong><\/li>\n<\/ol>\n<p>La f\u00e1brica moderna tiene m\u00e1s de 200 trabajadores. Estricto sistema de control de calidad. Avanzado est\u00e1ndar de Alemania El centro de mecanizado CNC proporciona un proceso tecnol\u00f3gico preciso para manejar cada detalle de cada m\u00e1quina. El equipo de ingenieros profesionales le ofrece el mejor plan seg\u00fan sus necesidades.<\/p>\n<ol>\n<li><strong>M\u00e1quinas de alta calidad<\/strong><\/li>\n<\/ol>\n<p>Toda la m\u00e1quina fabricada en f\u00e1brica est\u00e1ndar GMP<\/p>\n<p>Tenemos el centro CNC para mantener la m\u00e1quina preciosa<\/p>\n<p>Toda la m\u00e1quina utiliza SUS304 y manipulaci\u00f3n de revestimiento de superficie de pulido<\/p>\n<p><strong>Nuestras certificaciones y est\u00e1ndares de calidad de la m\u00e1quina<\/strong><\/p>\n<p>Certificaciones y est\u00e1ndares de calidad actuales de buenas pr\u00e1cticas de fabricaci\u00f3n (GMP)<\/p>\n<p>Est\u00e1ndares y certificaciones de calidad de la Organizaci\u00f3n Internacional de Normalizaci\u00f3n (ISO)<\/p>\n<p>Est\u00e1ndares y certificaciones de calidad de la Administraci\u00f3n de Alimentos y Medicamentos (FDA)<\/p>\n<p>No solo tenemos certificaciones y est\u00e1ndares de calidad el\u00e9ctrica CE, sino tambi\u00e9n Certificaci\u00f3n UL (EE. UU.)<\/p>\n<p><img loading=\"lazy\" decoding=\"async\" width=\"1079\" height=\"144\" title=\"qhs-50 semi automatic popping boba machine price\" class=\"wp-image-3966\" src=\"https:\/\/qhbake.com\/wp-content\/uploads\/2021\/07\/gummy-machine-2.png\" alt=\"qhs-50 semi automatic popping boba machine price\" srcset=\"https:\/\/www.qhbake.com\/wp-content\/uploads\/2021\/07\/gummy-machine-2.png 1079w, https:\/\/www.qhbake.com\/wp-content\/uploads\/2021\/07\/gummy-machine-2-600x80.png 600w, https:\/\/www.qhbake.com\/wp-content\/uploads\/2021\/07\/gummy-machine-2-300x40.png 300w, https:\/\/www.qhbake.com\/wp-content\/uploads\/2021\/07\/gummy-machine-2-1024x137.png 1024w, https:\/\/www.qhbake.com\/wp-content\/uploads\/2021\/07\/gummy-machine-2-768x102.png 768w, https:\/\/www.qhbake.com\/wp-content\/uploads\/2021\/07\/gummy-machine-2-16x2.png 16w, https:\/\/www.qhbake.com\/wp-content\/uploads\/2021\/07\/gummy-machine-2-285x38.png 285w, https:\/\/www.qhbake.com\/wp-content\/uploads\/2021\/07\/gummy-machine-2-660x88.png 660w, https:\/\/www.qhbake.com\/wp-content\/uploads\/2021\/07\/gummy-machine-2-150x20.png 150w\" sizes=\"(max-width: 1079px) 100vw, 1079px\" \/><\/p>\n<p><strong>\u00bfListo para agregar una m\u00e1quina boba a sus operaciones? Perm\u00edtanos ayudar<\/strong><\/p>\n<p>Maximizar el retorno de la inversi\u00f3n significa seleccionar la m\u00e1quina adecuada que se adapte al tama\u00f1o de su instalaci\u00f3n, el alcance del trabajo y el crecimiento proyectado. No desea una unidad demasiado grande o demasiado peque\u00f1a para las operaciones actuales y futuras. En la mayor\u00eda de los casos, siempre es mejor comprar uno con el potencial de escalar su producci\u00f3n para satisfacer todos los niveles de demanda de los clientes.<\/p>\n<p>Para ayudar a los fabricantes a proporcionar productos de la m\u00e1s alta calidad posible, Shanghai QHBake Machine Group ofrece una amplia variedad de opciones de equipos para satisfacer las necesidades de sus instalaciones y las operaciones de su empresa. Si desea agregar producci\u00f3n de boba a sus ofertas, reemplazar su equipo existente o desea discutir cualquier otra cosa relacionada con las m\u00e1quinas de galletas, comun\u00edquese con nosotros en cualquier momento.<\/p>","protected":false},"excerpt":{"rendered":"<p>Compre la m\u00e1quina Popping Boba de nuestra f\u00e1brica. Obtenga una cotizaci\u00f3n gratuita para la m\u00e1quina Popping Boba semiautom\u00e1tica ahora.<\/p>","protected":false},"featured_media":4611,"comment_status":"closed","ping_status":"closed","template":"","meta":{"_et_pb_use_builder":"","_et_pb_old_content":"","_et_gb_content_width":"","_lmt_disableupdate":"","_lmt_disable":""},"product_brand":[],"product_cat":[22],"product_tag":[],"class_list":{"0":"post-3958","1":"product","2":"type-product","3":"status-publish","4":"has-post-thumbnail","6":"product_cat-candy-making-machine","8":"first","9":"instock","10":"shipping-taxable","11":"product-type-simple"},"_links":{"self":[{"href":"https:\/\/www.qhbake.com\/es\/wp-json\/wp\/v2\/product\/3958","targetHints":{"allow":["GET"]}}],"collection":[{"href":"https:\/\/www.qhbake.com\/es\/wp-json\/wp\/v2\/product"}],"about":[{"href":"https:\/\/www.qhbake.com\/es\/wp-json\/wp\/v2\/types\/product"}],"replies":[{"embeddable":true,"href":"https:\/\/www.qhbake.com\/es\/wp-json\/wp\/v2\/comments?post=3958"}],"wp:featuredmedia":[{"embeddable":true,"href":"https:\/\/www.qhbake.com\/es\/wp-json\/wp\/v2\/media\/4611"}],"wp:attachment":[{"href":"https:\/\/www.qhbake.com\/es\/wp-json\/wp\/v2\/media?parent=3958"}],"wp:term":[{"taxonomy":"product_brand","embeddable":true,"href":"https:\/\/www.qhbake.com\/es\/wp-json\/wp\/v2\/product_brand?post=3958"},{"taxonomy":"product_cat","embeddable":true,"href":"https:\/\/www.qhbake.com\/es\/wp-json\/wp\/v2\/product_cat?post=3958"},{"taxonomy":"product_tag","embeddable":true,"href":"https:\/\/www.qhbake.com\/es\/wp-json\/wp\/v2\/product_tag?post=3958"}],"curies":[{"name":"wp","href":"https:\/\/api.w.org\/{rel}","templated":true}]}}