{"id":3210,"date":"2021-06-04T01:55:16","date_gmt":"2021-06-04T01:55:16","guid":{"rendered":"https:\/\/qhbake.com\/?post_type=product&#038;p=3210"},"modified":"2024-05-23T14:38:54","modified_gmt":"2024-05-23T14:38:54","slug":"automactic-gummy-making-machine","status":"publish","type":"product","link":"https:\/\/www.qhbake.com\/es\/producto\/automactic-gummy-making-machine","title":{"rendered":"M\u00e1quina de gominolas de CBD y comprar equipos de fabricaci\u00f3n de dulces industriales comerciales"},"content":{"rendered":"<p>Mayorista de m\u00e1quinas de gominolas de CBD #1: encuentre la m\u00e1quina de gominolas de CBD perfecta para sus necesidades. Sin intermediarios: compre CBD Gummy Machine de Trusted Factory directamente. Garant\u00edas de la industria para CBD Gummy Machine - Soporte 24\/7 - Cotizaci\u00f3n en 5 minutos o menos. La mejor m\u00e1quina de gominolas de CBD a la venta - F\u00e1brica de m\u00e1quinas de gominolas de CBD -OEM \/ ODM con los precios m\u00e1s bajos.<\/p>\n<p>Si est\u00e1 buscando una m\u00e1quina para hacer gomitas a la venta, cont\u00e1ctenos ahora, \u00a1tambi\u00e9n tenemos equipos para hacer gomitas a peque\u00f1a escala!<\/p>\n<h2><strong>Introducci\u00f3n a la m\u00e1quina industrial para hacer gominolas de CBD<\/strong><\/h2>\n<p>Con el desarrollo del mercado de las gomitas, cada vez m\u00e1s personas est\u00e1n listas para ingresar a esta industria.<\/p>\n<p>Esta m\u00e1quina de gomitas autom\u00e1tica supermini (QH-80s) es el \u00faltimo equipo desarrollado por nosotros, no solo tiene una estructura en tama\u00f1o, sino tambi\u00e9n una gran producci\u00f3n. Es la mejor opci\u00f3n para los inversores con un presupuesto bajo.<\/p>\n<p>Principalmente para laboratorio para grandes farmac\u00e9uticas, nutrac\u00e9uticas y para producci\u00f3n para dispensarios de cannabis y clientes de CBD.<\/p>\n<p><img loading=\"lazy\" decoding=\"async\" title=\"m\u00e1quina de gomitas de cbd y compre equipos industriales comerciales de fabricaci\u00f3n de dulces\" class=\"alignnone wp-image-5577 size-full\" src=\"https:\/\/qhbake.com\/wp-content\/uploads\/2021\/06\/80-gummy-line...jpg\" alt=\"m\u00e1quina de gomitas de cbd y compre equipos industriales comerciales de fabricaci\u00f3n de dulces\" width=\"794\" height=\"794\" srcset=\"https:\/\/www.qhbake.com\/wp-content\/uploads\/2021\/06\/80-gummy-line...jpg 794w, https:\/\/www.qhbake.com\/wp-content\/uploads\/2021\/06\/80-gummy-line..-300x300.jpg 300w, https:\/\/www.qhbake.com\/wp-content\/uploads\/2021\/06\/80-gummy-line..-100x100.jpg 100w, https:\/\/www.qhbake.com\/wp-content\/uploads\/2021\/06\/80-gummy-line..-600x600.jpg 600w, https:\/\/www.qhbake.com\/wp-content\/uploads\/2021\/06\/80-gummy-line..-150x150.jpg 150w, https:\/\/www.qhbake.com\/wp-content\/uploads\/2021\/06\/80-gummy-line..-768x768.jpg 768w, https:\/\/www.qhbake.com\/wp-content\/uploads\/2021\/06\/80-gummy-line..-12x12.jpg 12w, https:\/\/www.qhbake.com\/wp-content\/uploads\/2021\/06\/80-gummy-line..-285x285.jpg 285w, https:\/\/www.qhbake.com\/wp-content\/uploads\/2021\/06\/80-gummy-line..-270x270.jpg 270w, https:\/\/www.qhbake.com\/wp-content\/uploads\/2021\/06\/80-gummy-line..-540x540.jpg 540w, https:\/\/www.qhbake.com\/wp-content\/uploads\/2021\/06\/80-gummy-line..-660x660.jpg 660w\" sizes=\"(max-width: 794px) 100vw, 794px\" \/><\/p>\n<p>Todas nuestras m\u00e1quinas de gominolas comerciales est\u00e1n hechas de SUS304, el\u00e9ctricas con certificado UL, est\u00e1ndar GMP.<\/p>\n<p>&nbsp;<\/p>\n<h2><strong>\u00bfCu\u00e1l es la ventaja de nuestra m\u00e1quina comercial para hacer gominolas de CBD?<\/strong><\/h2>\n<ul>\n<li>Puede hacer gomitas de relleno de un solo color \/ doble color, incluso el centro.<\/li>\n<li>Sistema de adici\u00f3n de \u00e1cido y sabor de color \u00fanico para agregar: vitamina CBD, THC, etc.<\/li>\n<li>El dep\u00f3sito de servo hace m\u00e1s preciso<\/li>\n<li>controlado por un sistema de programaci\u00f3n PLC para diferentes lenguajes.<\/li>\n<li>El t\u00fanel de enfriamiento se integra con el enfriador de aire<\/li>\n<li>formas de flexi\u00f3n y revestimiento de chorro de arena impermeable para una mayor edad de uso<\/li>\n<li>Funci\u00f3n de limpieza y tubos de drenaje para una f\u00e1cil operaci\u00f3n.<\/li>\n<li>Ahorre espacio de laboratorio en toda la l\u00ednea de solo 4 m de longitud<\/li>\n<\/ul>\n<h2><strong>El proceso de la l\u00ednea QH-80s Gummy Manufacturing Machine<\/strong><\/h2>\n<h3>Cocci\u00f3n de alm\u00edbar: para hervir y enfriar el alm\u00edbar<\/h3>\n<p><img loading=\"lazy\" decoding=\"async\" title=\"m\u00e1quina de gomitas de cbd y compre equipos industriales comerciales de fabricaci\u00f3n de dulces\" class=\"alignnone wp-image-5583 size-full\" src=\"https:\/\/qhbake.com\/wp-content\/uploads\/2021\/06\/Gummy-making-machine-5.png\" alt=\"m\u00e1quina de gomitas de cbd y compre equipos industriales comerciales de fabricaci\u00f3n de dulces\" width=\"635\" height=\"473\" srcset=\"https:\/\/www.qhbake.com\/wp-content\/uploads\/2021\/06\/Gummy-making-machine-5.png 635w, https:\/\/www.qhbake.com\/wp-content\/uploads\/2021\/06\/Gummy-making-machine-5-600x447.png 600w, https:\/\/www.qhbake.com\/wp-content\/uploads\/2021\/06\/Gummy-making-machine-5-300x223.png 300w, https:\/\/www.qhbake.com\/wp-content\/uploads\/2021\/06\/Gummy-making-machine-5-16x12.png 16w, https:\/\/www.qhbake.com\/wp-content\/uploads\/2021\/06\/Gummy-making-machine-5-285x212.png 285w, https:\/\/www.qhbake.com\/wp-content\/uploads\/2021\/06\/Gummy-making-machine-5-150x112.png 150w\" sizes=\"(max-width: 635px) 100vw, 635px\" \/><\/p>\n<h3>Almacenamiento de jarabe: para almacenamiento de jarabe<\/h3>\n<p><img loading=\"lazy\" decoding=\"async\" title=\"m\u00e1quina de gomitas de cbd y compre equipos industriales comerciales de fabricaci\u00f3n de dulces\" class=\"alignnone wp-image-5582 size-full\" src=\"https:\/\/qhbake.com\/wp-content\/uploads\/2021\/06\/Gummy-making-machine-4.png\" alt=\"m\u00e1quina de gomitas de cbd y compre equipos industriales comerciales de fabricaci\u00f3n de dulces\" width=\"651\" height=\"482\" srcset=\"https:\/\/www.qhbake.com\/wp-content\/uploads\/2021\/06\/Gummy-making-machine-4.png 651w, https:\/\/www.qhbake.com\/wp-content\/uploads\/2021\/06\/Gummy-making-machine-4-600x444.png 600w, https:\/\/www.qhbake.com\/wp-content\/uploads\/2021\/06\/Gummy-making-machine-4-300x222.png 300w, https:\/\/www.qhbake.com\/wp-content\/uploads\/2021\/06\/Gummy-making-machine-4-16x12.png 16w, https:\/\/www.qhbake.com\/wp-content\/uploads\/2021\/06\/Gummy-making-machine-4-285x211.png 285w, https:\/\/www.qhbake.com\/wp-content\/uploads\/2021\/06\/Gummy-making-machine-4-150x111.png 150w\" sizes=\"(max-width: 651px) 100vw, 651px\" \/><\/p>\n<h3>Transferencia de jarabe: transfiera el jarabe al siguiente equipo<\/h3>\n<p><img loading=\"lazy\" decoding=\"async\" title=\"m\u00e1quina de gomitas de cbd y compre equipos industriales comerciales de fabricaci\u00f3n de dulces\" class=\"alignnone wp-image-5585 size-full\" src=\"https:\/\/qhbake.com\/wp-content\/uploads\/2021\/06\/Gummy-machine-4.png\" alt=\"m\u00e1quina de gomitas de cbd y compre equipos industriales comerciales de fabricaci\u00f3n de dulces\" width=\"534\" height=\"383\" srcset=\"https:\/\/www.qhbake.com\/wp-content\/uploads\/2021\/06\/Gummy-machine-4.png 534w, https:\/\/www.qhbake.com\/wp-content\/uploads\/2021\/06\/Gummy-machine-4-300x215.png 300w, https:\/\/www.qhbake.com\/wp-content\/uploads\/2021\/06\/Gummy-machine-4-18x12.png 18w, https:\/\/www.qhbake.com\/wp-content\/uploads\/2021\/06\/Gummy-machine-4-285x204.png 285w, https:\/\/www.qhbake.com\/wp-content\/uploads\/2021\/06\/Gummy-machine-4-150x108.png 150w\" sizes=\"(max-width: 534px) 100vw, 534px\" \/><\/p>\n<h3>Dep\u00f3sito de gomitas<\/h3>\n<p><img loading=\"lazy\" decoding=\"async\" title=\"m\u00e1quina de gomitas de cbd y compre equipos industriales comerciales de fabricaci\u00f3n de dulces\" class=\"alignnone wp-image-5579 size-full\" src=\"https:\/\/qhbake.com\/wp-content\/uploads\/2021\/06\/Gummy-making-machine-1.png\" alt=\"m\u00e1quina de gomitas de cbd y compre equipos industriales comerciales de fabricaci\u00f3n de dulces\" width=\"644\" height=\"480\" srcset=\"https:\/\/www.qhbake.com\/wp-content\/uploads\/2021\/06\/Gummy-making-machine-1.png 644w, https:\/\/www.qhbake.com\/wp-content\/uploads\/2021\/06\/Gummy-making-machine-1-600x447.png 600w, https:\/\/www.qhbake.com\/wp-content\/uploads\/2021\/06\/Gummy-making-machine-1-300x224.png 300w, https:\/\/www.qhbake.com\/wp-content\/uploads\/2021\/06\/Gummy-making-machine-1-16x12.png 16w, https:\/\/www.qhbake.com\/wp-content\/uploads\/2021\/06\/Gummy-making-machine-1-285x212.png 285w, https:\/\/www.qhbake.com\/wp-content\/uploads\/2021\/06\/Gummy-making-machine-1-150x112.png 150w\" sizes=\"(max-width: 644px) 100vw, 644px\" \/><\/p>\n<h3>Enfriamiento<\/h3>\n<p><img loading=\"lazy\" decoding=\"async\" title=\"m\u00e1quina de gomitas de cbd y compre equipos industriales comerciales de fabricaci\u00f3n de dulces\" class=\"alignnone wp-image-5580 size-full\" src=\"https:\/\/qhbake.com\/wp-content\/uploads\/2021\/06\/Gummy-making-machine-2.png\" alt=\"m\u00e1quina de gomitas de cbd y compre equipos industriales comerciales de fabricaci\u00f3n de dulces\" width=\"664\" height=\"497\" srcset=\"https:\/\/www.qhbake.com\/wp-content\/uploads\/2021\/06\/Gummy-making-machine-2.png 664w, https:\/\/www.qhbake.com\/wp-content\/uploads\/2021\/06\/Gummy-making-machine-2-600x449.png 600w, https:\/\/www.qhbake.com\/wp-content\/uploads\/2021\/06\/Gummy-making-machine-2-300x225.png 300w, https:\/\/www.qhbake.com\/wp-content\/uploads\/2021\/06\/Gummy-making-machine-2-16x12.png 16w, https:\/\/www.qhbake.com\/wp-content\/uploads\/2021\/06\/Gummy-making-machine-2-285x213.png 285w, https:\/\/www.qhbake.com\/wp-content\/uploads\/2021\/06\/Gummy-making-machine-2-660x494.png 660w, https:\/\/www.qhbake.com\/wp-content\/uploads\/2021\/06\/Gummy-making-machine-2-150x112.png 150w\" sizes=\"(max-width: 664px) 100vw, 664px\" \/><\/p>\n<h3>Desmoldar<\/h3>\n<p><img loading=\"lazy\" decoding=\"async\" title=\"m\u00e1quina de gomitas de cbd y compre equipos industriales comerciales de fabricaci\u00f3n de dulces\" class=\"alignnone wp-image-5581 size-full\" src=\"https:\/\/qhbake.com\/wp-content\/uploads\/2021\/06\/Gummy-making-machine-3.png\" alt=\"m\u00e1quina de gomitas de cbd y compre equipos industriales comerciales de fabricaci\u00f3n de dulces\" width=\"648\" height=\"483\" srcset=\"https:\/\/www.qhbake.com\/wp-content\/uploads\/2021\/06\/Gummy-making-machine-3.png 648w, https:\/\/www.qhbake.com\/wp-content\/uploads\/2021\/06\/Gummy-making-machine-3-600x447.png 600w, https:\/\/www.qhbake.com\/wp-content\/uploads\/2021\/06\/Gummy-making-machine-3-300x224.png 300w, https:\/\/www.qhbake.com\/wp-content\/uploads\/2021\/06\/Gummy-making-machine-3-16x12.png 16w, https:\/\/www.qhbake.com\/wp-content\/uploads\/2021\/06\/Gummy-making-machine-3-285x212.png 285w, https:\/\/www.qhbake.com\/wp-content\/uploads\/2021\/06\/Gummy-making-machine-3-150x112.png 150w\" sizes=\"(max-width: 648px) 100vw, 648px\" \/><\/p>\n<h3>Transporte: el transportador debajo de la placa de desmoldeo transferir\u00e1 el acabado a las bandejas secas<\/h3>\n<p><img loading=\"lazy\" decoding=\"async\" title=\"m\u00e1quina de gomitas de cbd y compre equipos industriales comerciales de fabricaci\u00f3n de dulces\" class=\"alignnone wp-image-5584 size-full\" src=\"https:\/\/qhbake.com\/wp-content\/uploads\/2021\/06\/Gummy-production-line.png\" alt=\"m\u00e1quina de gomitas de cbd y compre equipos industriales comerciales de fabricaci\u00f3n de dulces\" width=\"683\" height=\"506\" srcset=\"https:\/\/www.qhbake.com\/wp-content\/uploads\/2021\/06\/Gummy-production-line.png 683w, https:\/\/www.qhbake.com\/wp-content\/uploads\/2021\/06\/Gummy-production-line-600x445.png 600w, https:\/\/www.qhbake.com\/wp-content\/uploads\/2021\/06\/Gummy-production-line-300x222.png 300w, https:\/\/www.qhbake.com\/wp-content\/uploads\/2021\/06\/Gummy-production-line-16x12.png 16w, https:\/\/www.qhbake.com\/wp-content\/uploads\/2021\/06\/Gummy-production-line-285x211.png 285w, https:\/\/www.qhbake.com\/wp-content\/uploads\/2021\/06\/Gummy-production-line-660x489.png 660w, https:\/\/www.qhbake.com\/wp-content\/uploads\/2021\/06\/Gummy-production-line-150x111.png 150w\" sizes=\"(max-width: 683px) 100vw, 683px\" \/><\/p>\n<h4>Seco: la gomita de pectina se secar\u00e1 en una habitaci\u00f3n con temperatura constante, presi\u00f3n constante y humedad. luego paquete despu\u00e9s de este proceso.<\/h4>\n<p>&nbsp;<\/p>\n<h2><strong>Nuestras certificaciones y est\u00e1ndares de calidad de la m\u00e1quina<\/strong><\/h2>\n<ul>\n<li>Certificaciones y est\u00e1ndares de calidad actuales de buenas pr\u00e1cticas de fabricaci\u00f3n (GMP)<\/li>\n<li>Est\u00e1ndares y certificaciones de calidad de la Organizaci\u00f3n Internacional de Normalizaci\u00f3n (ISO)<\/li>\n<li>Est\u00e1ndares y certificaciones de calidad de la Administraci\u00f3n de Alimentos y Medicamentos (FDA)<\/li>\n<li>No solo contamos con est\u00e1ndares y certificaciones de calidad el\u00e9ctrica CE, sino tambi\u00e9n con Certificaci\u00f3n UL (EE. UU.)<\/li>\n<\/ul>\n<p><img loading=\"lazy\" decoding=\"async\" title=\"m\u00e1quina de gomitas de cbd y compre equipos industriales comerciales de fabricaci\u00f3n de dulces\" class=\"alignnone wp-image-3529 size-large\" src=\"https:\/\/qhbake.com\/wp-content\/uploads\/2021\/06\/gummy-machine-3-1024x137.png\" alt=\"m\u00e1quina de gomitas de cbd y compre equipos industriales comerciales de fabricaci\u00f3n de dulces\" width=\"1024\" height=\"137\" srcset=\"https:\/\/www.qhbake.com\/wp-content\/uploads\/2021\/06\/gummy-machine-3-1024x137.png 1024w, https:\/\/www.qhbake.com\/wp-content\/uploads\/2021\/06\/gummy-machine-3-600x80.png 600w, https:\/\/www.qhbake.com\/wp-content\/uploads\/2021\/06\/gummy-machine-3-300x40.png 300w, https:\/\/www.qhbake.com\/wp-content\/uploads\/2021\/06\/gummy-machine-3-768x102.png 768w, https:\/\/www.qhbake.com\/wp-content\/uploads\/2021\/06\/gummy-machine-3-285x38.png 285w, https:\/\/www.qhbake.com\/wp-content\/uploads\/2021\/06\/gummy-machine-3-660x88.png 660w, https:\/\/www.qhbake.com\/wp-content\/uploads\/2021\/06\/gummy-machine-3-150x20.png 150w, https:\/\/www.qhbake.com\/wp-content\/uploads\/2021\/06\/gummy-machine-3.png 1079w\" sizes=\"(max-width: 1024px) 100vw, 1024px\" \/><\/p>\n<h2>Obtenga una cotizaci\u00f3n gratis para nuestra m\u00e1quina de gomitas<\/h2>\n\n<div class=\"wpcf7 no-js\" id=\"wpcf7-f3152-o1\" lang=\"en-US\" dir=\"ltr\" data-wpcf7-id=\"3152\">\n<div class=\"screen-reader-response\"><p role=\"status\" aria-live=\"polite\" aria-atomic=\"true\"><\/p> <ul><\/ul><\/div>\n<form action=\"\/es\/wp-json\/wp\/v2\/product\/3210#wpcf7-f3152-o1\" method=\"post\" class=\"wpcf7-form init\" aria-label=\"Contact form\" novalidate=\"novalidate\" data-status=\"init\" data-trp-original-action=\"\/es\/wp-json\/wp\/v2\/product\/3210#wpcf7-f3152-o1\">\n<fieldset class=\"hidden-fields-container\"><input type=\"hidden\" name=\"_wpcf7\" value=\"3152\" \/><input type=\"hidden\" name=\"_wpcf7_version\" value=\"6.1.5\" \/><input type=\"hidden\" name=\"_wpcf7_locale\" value=\"en_US\" \/><input type=\"hidden\" name=\"_wpcf7_unit_tag\" value=\"wpcf7-f3152-o1\" \/><input type=\"hidden\" name=\"_wpcf7_container_post\" value=\"0\" \/><input type=\"hidden\" name=\"_wpcf7_posted_data_hash\" value=\"\" \/>\n<\/fieldset>\n<p><label> Tu nombre (requerido)<br \/>\n<span class=\"wpcf7-form-control-wrap\" data-name=\"your-name\"><input size=\"40\" maxlength=\"400\" class=\"wpcf7-form-control wpcf7-text wpcf7-validates-as-required\" aria-required=\"true\" aria-invalid=\"false\" value=\"\" type=\"text\" name=\"your-name\" \/><\/span> <\/label>\n<\/p>\n<p><label> Tu Email (requerido)<br \/>\n<span class=\"wpcf7-form-control-wrap\" data-name=\"your-email\"><input size=\"40\" maxlength=\"400\" class=\"wpcf7-form-control wpcf7-email wpcf7-validates-as-required wpcf7-text wpcf7-validates-as-email\" aria-required=\"true\" aria-invalid=\"false\" value=\"\" type=\"email\" name=\"your-email\" \/><\/span> <\/label>\n<\/p>\n<p><label> Your Phone (required)<br \/>\n<span class=\"wpcf7-form-control-wrap\" data-name=\"your-phone\"><input size=\"40\" maxlength=\"400\" class=\"wpcf7-form-control wpcf7-text wpcf7-validates-as-required\" aria-required=\"true\" aria-invalid=\"false\" placeholder=\"\" value=\"\" type=\"text\" name=\"your-phone\" \/><\/span> <\/label>\n<\/p>\n<p><label> Tu mensaje<br \/>\n<span class=\"wpcf7-form-control-wrap\" data-name=\"your-message\"><textarea cols=\"40\" rows=\"10\" maxlength=\"2000\" class=\"wpcf7-form-control wpcf7-textarea\" aria-invalid=\"false\" name=\"your-message\"><\/textarea><\/span> <\/label>\n<\/p>\n<p><button class=\"wpcf7-form-control wpcf7-submit has-spinner et_pb_button et_pb_bg_layout_light\" type=\"submit\" value=\"Send\">Enviar<\/button>\n<\/p><p style=\"display: none !important;\" class=\"akismet-fields-container\" data-prefix=\"_wpcf7_ak_\"><label>&#916;<textarea name=\"_wpcf7_ak_hp_textarea\" cols=\"45\" rows=\"8\" maxlength=\"100\"><\/textarea><\/label><input type=\"hidden\" id=\"ak_js_1\" name=\"_wpcf7_ak_js\" value=\"245\"\/><script>document.getElementById( \"ak_js_1\" ).setAttribute( \"value\", ( new Date() ).getTime() );<\/script><\/p><div class=\"wpcf7-response-output\" aria-hidden=\"true\"><\/div>\n<input type=\"hidden\" name=\"trp-form-language\" value=\"es\"\/><\/form>\n<\/div>","protected":false},"excerpt":{"rendered":"<p>#1 CBD Gummy Machine Wholesaler &#8211; Find The Perfect CBD Gummy Machine For Your Need. No Middle Man &#8211; Buy CBD Gummy Machine From Trusted Factory Directly. Industry Warranties For CBD Gummy Machine &#8211; 24\/7 Support &#8211; Quote In 5 Min or Less. Best CBD Gummy Machine For Sale &#8211; CBD Gummy Machine Factory -OEM\/ODM [&hellip;]<\/p>\n","protected":false},"featured_media":5774,"comment_status":"closed","ping_status":"closed","template":"","meta":{"_et_pb_use_builder":"","_et_pb_old_content":"","_et_gb_content_width":"","_lmt_disableupdate":"","_lmt_disable":""},"product_brand":[],"product_cat":[22,114],"product_tag":[222,168,167,169,172],"class_list":{"0":"post-3210","1":"product","2":"type-product","3":"status-publish","4":"has-post-thumbnail","6":"product_cat-candy-making-machine","7":"product_cat-gummy-candy-production-line","8":"product_tag-cbd-gummy","9":"product_tag-gummy-machine","10":"product_tag-gummy-making-machine","11":"product_tag-gummy-making-machine-factory","12":"product_tag-gummy-making-machine-topic","14":"first","15":"instock","16":"shipping-taxable","17":"product-type-simple"},"_links":{"self":[{"href":"https:\/\/www.qhbake.com\/es\/wp-json\/wp\/v2\/product\/3210","targetHints":{"allow":["GET"]}}],"collection":[{"href":"https:\/\/www.qhbake.com\/es\/wp-json\/wp\/v2\/product"}],"about":[{"href":"https:\/\/www.qhbake.com\/es\/wp-json\/wp\/v2\/types\/product"}],"replies":[{"embeddable":true,"href":"https:\/\/www.qhbake.com\/es\/wp-json\/wp\/v2\/comments?post=3210"}],"wp:featuredmedia":[{"embeddable":true,"href":"https:\/\/www.qhbake.com\/es\/wp-json\/wp\/v2\/media\/5774"}],"wp:attachment":[{"href":"https:\/\/www.qhbake.com\/es\/wp-json\/wp\/v2\/media?parent=3210"}],"wp:term":[{"taxonomy":"product_brand","embeddable":true,"href":"https:\/\/www.qhbake.com\/es\/wp-json\/wp\/v2\/product_brand?post=3210"},{"taxonomy":"product_cat","embeddable":true,"href":"https:\/\/www.qhbake.com\/es\/wp-json\/wp\/v2\/product_cat?post=3210"},{"taxonomy":"product_tag","embeddable":true,"href":"https:\/\/www.qhbake.com\/es\/wp-json\/wp\/v2\/product_tag?post=3210"}],"curies":[{"name":"wp","href":"https:\/\/api.w.org\/{rel}","templated":true}]}}